{"id":14645,"date":"2026-05-13T15:15:47","date_gmt":"2026-05-13T12:15:47","guid":{"rendered":"https:\/\/www.dertour-reiseleitung.com\/rhodos\/?post_type=product&#038;p=14645"},"modified":"2026-05-13T15:16:26","modified_gmt":"2026-05-13T12:16:26","slug":"hippo-u-boot-dds-020-1","status":"publish","type":"product","link":"https:\/\/www.dertour-reiseleitung.com\/rhodos\/aktivitaeten\/hippo-u-boot-dds-020-1\/","title":{"rendered":"Hippo U-Boot (ohne Transfer)"},"content":{"rendered":"<h3>Erleben Sie Lindos von der Meerseite aus mit dem Hippo U Boot<\/h3>\n<p>Genie\u00dfen Sie entspannt vom Sonnendeck aus die warmen Strahlen, das glasklare Meer und faszinierende Unterwasserblicke in der klimatisierten Kabine. Vom Wasser aus er\u00f6ffnen sich traumhafte Ausblicke auf die Akropolis von Lindos und die malerischen wei\u00dfen H\u00e4user.<\/p>\n<p>Erfrischende Badestopps im t\u00fcrkisblauen Wasser laden zum Schwimmen und Entspannen ein.<br \/>\nIn der beeindruckenden Navarone Bay erleben Sie das azurblaue Meer hautnah.<\/p>\n<p>Entdecken Sie Rhodos vom Wasser aus und halten Sie die sch\u00f6nsten Momente auf Foto oder Video fest.<br \/>\nAn Bord sorgen Sonnendeck, freundliche Crew und ein kostenloses Getr\u00e4nk f\u00fcr echtes Urlaubsfeeling.<\/p>\n<p>Perfekt f\u00fcr Familien, Paare und alle, die besondere Erlebnisse im Urlaub suchen. Buchen Sie direkt bei uns und machen Sie Ihren Lindos Urlaub unvergesslich!<\/p>\n<p>Dieser Ausflug ist <strong>ohne Transfer<\/strong>. Sie wollten Rhodos mit dem Mietwagen erkunden?<br \/>\nWir reservieren Ihnen den Wagen und Sie verbinden beides ganz bequem.<\/p>\n<p><strong>Ausflugsveranstalter:\u202f<\/strong>Destination\u202fTouristic\u202fService<\/p>\n","protected":false},"excerpt":{"rendered":"<p>Erleben Sie Lindos von der Meerseite aus mit dem Hippo U Boot Genie\u00dfen Sie entspannt vom Sonnendeck aus die warmen Strahlen, das glasklare Meer und faszinierende Unterwasserblicke in der klimatisierten Kabine. Vom Wasser aus er\u00f6ffnen sich traumhafte Ausblicke auf die Akropolis von Lindos und die malerischen wei\u00dfen H\u00e4user. Erfrischende Badestopps im t\u00fcrkisblauen Wasser laden zum [&hellip;]<\/p>\n","protected":false},"featured_media":14608,"template":"","meta":{"_acf_changed":false,"ocean_post_layout":"","ocean_both_sidebars_style":"","ocean_both_sidebars_content_width":0,"ocean_both_sidebars_sidebars_width":0,"ocean_sidebar":"0","ocean_second_sidebar":"0","ocean_disable_margins":"enable","ocean_add_body_class":"","ocean_shortcode_before_top_bar":"","ocean_shortcode_after_top_bar":"","ocean_shortcode_before_header":"","ocean_shortcode_after_header":"","ocean_has_shortcode":"","ocean_shortcode_after_title":"","ocean_shortcode_before_footer_widgets":"","ocean_shortcode_after_footer_widgets":"","ocean_shortcode_before_footer_bottom":"","ocean_shortcode_after_footer_bottom":"","ocean_display_top_bar":"default","ocean_display_header":"default","ocean_header_style":"","ocean_center_header_left_menu":"0","ocean_custom_header_template":"0","ocean_custom_logo":0,"ocean_custom_retina_logo":0,"ocean_custom_logo_max_width":0,"ocean_custom_logo_tablet_max_width":0,"ocean_custom_logo_mobile_max_width":0,"ocean_custom_logo_max_height":0,"ocean_custom_logo_tablet_max_height":0,"ocean_custom_logo_mobile_max_height":0,"ocean_header_custom_menu":"0","ocean_menu_typo_font_family":"0","ocean_menu_typo_font_subset":"","ocean_menu_typo_font_size":0,"ocean_menu_typo_font_size_tablet":0,"ocean_menu_typo_font_size_mobile":0,"ocean_menu_typo_font_size_unit":"px","ocean_menu_typo_font_weight":"","ocean_menu_typo_font_weight_tablet":"","ocean_menu_typo_font_weight_mobile":"","ocean_menu_typo_transform":"","ocean_menu_typo_transform_tablet":"","ocean_menu_typo_transform_mobile":"","ocean_menu_typo_line_height":0,"ocean_menu_typo_line_height_tablet":0,"ocean_menu_typo_line_height_mobile":0,"ocean_menu_typo_line_height_unit":"","ocean_menu_typo_spacing":0,"ocean_menu_typo_spacing_tablet":0,"ocean_menu_typo_spacing_mobile":0,"ocean_menu_typo_spacing_unit":"","ocean_menu_link_color":"","ocean_menu_link_color_hover":"","ocean_menu_link_color_active":"","ocean_menu_link_background":"","ocean_menu_link_hover_background":"","ocean_menu_link_active_background":"","ocean_menu_social_links_bg":"","ocean_menu_social_hover_links_bg":"","ocean_menu_social_links_color":"","ocean_menu_social_hover_links_color":"","ocean_disable_title":"default","ocean_disable_heading":"default","ocean_post_title":"","ocean_post_subheading":"","ocean_post_title_style":"background-image","ocean_post_title_background_color":"","ocean_post_title_background":14611,"ocean_post_title_bg_image_position":"","ocean_post_title_bg_image_attachment":"","ocean_post_title_bg_image_repeat":"","ocean_post_title_bg_image_size":"","ocean_post_title_height":0,"ocean_post_title_bg_overlay":0.5,"ocean_post_title_bg_overlay_color":"","ocean_disable_breadcrumbs":"default","ocean_breadcrumbs_color":"","ocean_breadcrumbs_separator_color":"","ocean_breadcrumbs_links_color":"","ocean_breadcrumbs_links_hover_color":"","ocean_display_footer_widgets":"default","ocean_display_footer_bottom":"default","ocean_custom_footer_template":"0","omw_enable_modal_window":"enable","osh_disable_topbar_sticky":"default","osh_disable_header_sticky":"default","osh_sticky_header_style":"default","osh_sticky_header_effect":"","osh_custom_sticky_logo":0,"osh_custom_retina_sticky_logo":0,"osh_custom_sticky_logo_height":0,"osh_background_color":"","osh_links_color":"","osh_links_hover_color":"","osh_links_active_color":"","osh_links_bg_color":"","osh_links_hover_bg_color":"","osh_links_active_bg_color":"","osh_menu_social_links_color":"","osh_menu_social_hover_links_color":""},"ort":[459,458,497,467,471,470,463,472,462,460,498,468,461,466,465,499,473,512,469,501,464],"sichtbarkeit":[55],"templateoption":[179],"product_brand":[],"product_cat":[182],"product_tag":[552],"class_list":{"0":"post-14645","1":"product","2":"type-product","3":"status-publish","4":"has-post-thumbnail","6":"ort-afandou","7":"ort-faliraki","8":"ort-fanes","9":"ort-gennadi","10":"ort-ialysos","11":"ort-ixia","12":"ort-kalathos","13":"ort-kalithea","14":"ort-kiotari","15":"ort-kolymbia","16":"ort-kremasti","17":"ort-lachania","18":"ort-ladiko","19":"ort-lardos","20":"ort-lindos","21":"ort-paradisi","22":"ort-pefkos","23":"ort-plimiri","24":"ort-rhodos-stadt","25":"ort-theologos","26":"ort-vlicha-bay","27":"sichtbarkeit-aktiv","28":"templateoption-dertrip-bc","29":"product_cat-ausfluege","30":"product_tag-552","32":"entry","33":"has-media","35":"first","36":"instock","37":"shipping-taxable","38":"purchasable","39":"product-type-simple","40":"has-product-nav","41":"col","42":"span_1_of_3","43":"owp-content-center","44":"owp-thumbs-layout-horizontal","45":"owp-btn-normal","46":"owp-tabs-layout-section"},"acf":[],"_links":{"self":[{"href":"https:\/\/www.dertour-reiseleitung.com\/rhodos\/wp-json\/wp\/v2\/product\/14645","targetHints":{"allow":["GET"]}}],"collection":[{"href":"https:\/\/www.dertour-reiseleitung.com\/rhodos\/wp-json\/wp\/v2\/product"}],"about":[{"href":"https:\/\/www.dertour-reiseleitung.com\/rhodos\/wp-json\/wp\/v2\/types\/product"}],"version-history":[{"count":2,"href":"https:\/\/www.dertour-reiseleitung.com\/rhodos\/wp-json\/wp\/v2\/product\/14645\/revisions"}],"predecessor-version":[{"id":14647,"href":"https:\/\/www.dertour-reiseleitung.com\/rhodos\/wp-json\/wp\/v2\/product\/14645\/revisions\/14647"}],"wp:featuredmedia":[{"embeddable":true,"href":"https:\/\/www.dertour-reiseleitung.com\/rhodos\/wp-json\/wp\/v2\/media\/14608"}],"wp:attachment":[{"href":"https:\/\/www.dertour-reiseleitung.com\/rhodos\/wp-json\/wp\/v2\/media?parent=14645"}],"wp:term":[{"taxonomy":"ort","embeddable":true,"href":"https:\/\/www.dertour-reiseleitung.com\/rhodos\/wp-json\/wp\/v2\/ort?post=14645"},{"taxonomy":"sichtbarkeit","embeddable":true,"href":"https:\/\/www.dertour-reiseleitung.com\/rhodos\/wp-json\/wp\/v2\/sichtbarkeit?post=14645"},{"taxonomy":"templateoption","embeddable":true,"href":"https:\/\/www.dertour-reiseleitung.com\/rhodos\/wp-json\/wp\/v2\/templateoption?post=14645"},{"taxonomy":"product_brand","embeddable":true,"href":"https:\/\/www.dertour-reiseleitung.com\/rhodos\/wp-json\/wp\/v2\/product_brand?post=14645"},{"taxonomy":"product_cat","embeddable":true,"href":"https:\/\/www.dertour-reiseleitung.com\/rhodos\/wp-json\/wp\/v2\/product_cat?post=14645"},{"taxonomy":"product_tag","embeddable":true,"href":"https:\/\/www.dertour-reiseleitung.com\/rhodos\/wp-json\/wp\/v2\/product_tag?post=14645"}],"curies":[{"name":"wp","href":"https:\/\/api.w.org\/{rel}","templated":true}]}}