{"id":9681,"date":"2025-03-23T16:22:27","date_gmt":"2025-03-23T15:22:27","guid":{"rendered":"https:\/\/www.dertour-reiseleitung.com\/rhodos\/aktivitaeten\/insel-chalki-n\/"},"modified":"2026-04-09T12:17:36","modified_gmt":"2026-04-09T09:17:36","slug":"insel-chalki-dds-003-1","status":"publish","type":"product","link":"https:\/\/www.dertour-reiseleitung.com\/rhodos\/aktivitaeten\/insel-chalki-dds-003-1\/","title":{"rendered":"Insel Chalki"},"content":{"rendered":"<h3>Die kleine, gem\u00fctliche Nachbarinsel<\/h3>\n<p>Sie suchen Erholung und Ruhe und wollen dem Trubel mal richtig entfliehen? Dann fahren Sie zur Nachbarinsel Chalki!<\/p>\n<p>Sie starten ab Hafen Kamiros Skala und fahren entlang der Westk\u00fcste und einigen vorgelagerten Inseln nach Chalki. Zwischen den Fischfarmen entdecken Sie mit etwas Gl\u00fcck Delfine, die das Boot ein St\u00fcck begleiten. In der Antike lebten auf der damals noch bewaldeten Insel bis zu 8.000 Menschen \u2013 heute sind es nur noch 450. Der Name Chalki bedeutet \u00fcbersetzt Kupfer, das hier fr\u00fcher abgebaut wurde. Chalki war zusammen mit den beiden Inseln Symi und Kalymnos lange Zeit das Zentrum der Schwammtaucherei und kam zu dieser Zeit zu Reichtum. An diese Zeiten erinnern die pr\u00e4chtigen H\u00e4user im Hafenst\u00e4dtchen Emborio, die nach und nach renoviert wurden und werden. Der Ort l\u00e4dt zum Bummeln und Essen in den kleinen Tavernen ein. Hier entdecken Sie viele malerische Fotomotive.<\/p>\n<p>Der ehemalige Hauptort Chorio unterhalb der venezianischen Burg im Inselinnern ist schon lange verlassen. Auf dem Weg dorthin gelangen Sie zum Pondamos-Strand \u2013 ein sch\u00f6ner Sandstrand in einer ruhigen Bucht. Verbringen Sie hier den Tag, entspannen Sie und genie\u00dfen das k\u00fchle Nass. Liegen und Sonnenschirme gegen Geb\u00fchr sind vorhanden. Am sp\u00e4ten Nachmittag startet das Boot wieder Richtung Rhodos.<\/p>\n<p><strong>Ausflugsveranstalter: <\/strong>Destination Touristic Services<\/p>\n","protected":false},"excerpt":{"rendered":"<p>Die kleine, gem\u00fctliche Nachbarinsel Sie suchen Erholung und Ruhe und wollen dem Trubel mal richtig entfliehen? Dann fahren Sie zur Nachbarinsel Chalki! Sie starten ab Hafen Kamiros Skala und fahren entlang der Westk\u00fcste und einigen vorgelagerten Inseln nach Chalki. Zwischen den Fischfarmen entdecken Sie mit etwas Gl\u00fcck Delfine, die das Boot ein St\u00fcck begleiten. In [&hellip;]<\/p>\n","protected":false},"featured_media":9660,"template":"","meta":{"_acf_changed":false,"ocean_post_layout":"","ocean_both_sidebars_style":"","ocean_both_sidebars_content_width":0,"ocean_both_sidebars_sidebars_width":0,"ocean_sidebar":"0","ocean_second_sidebar":"0","ocean_disable_margins":"enable","ocean_add_body_class":"","ocean_shortcode_before_top_bar":"","ocean_shortcode_after_top_bar":"","ocean_shortcode_before_header":"","ocean_shortcode_after_header":"","ocean_has_shortcode":"","ocean_shortcode_after_title":"","ocean_shortcode_before_footer_widgets":"","ocean_shortcode_after_footer_widgets":"","ocean_shortcode_before_footer_bottom":"","ocean_shortcode_after_footer_bottom":"","ocean_display_top_bar":"default","ocean_display_header":"default","ocean_header_style":"","ocean_center_header_left_menu":"0","ocean_custom_header_template":"0","ocean_custom_logo":0,"ocean_custom_retina_logo":0,"ocean_custom_logo_max_width":0,"ocean_custom_logo_tablet_max_width":0,"ocean_custom_logo_mobile_max_width":0,"ocean_custom_logo_max_height":0,"ocean_custom_logo_tablet_max_height":0,"ocean_custom_logo_mobile_max_height":0,"ocean_header_custom_menu":"0","ocean_menu_typo_font_family":"0","ocean_menu_typo_font_subset":"","ocean_menu_typo_font_size":0,"ocean_menu_typo_font_size_tablet":0,"ocean_menu_typo_font_size_mobile":0,"ocean_menu_typo_font_size_unit":"px","ocean_menu_typo_font_weight":"","ocean_menu_typo_font_weight_tablet":"","ocean_menu_typo_font_weight_mobile":"","ocean_menu_typo_transform":"","ocean_menu_typo_transform_tablet":"","ocean_menu_typo_transform_mobile":"","ocean_menu_typo_line_height":0,"ocean_menu_typo_line_height_tablet":0,"ocean_menu_typo_line_height_mobile":0,"ocean_menu_typo_line_height_unit":"","ocean_menu_typo_spacing":0,"ocean_menu_typo_spacing_tablet":0,"ocean_menu_typo_spacing_mobile":0,"ocean_menu_typo_spacing_unit":"","ocean_menu_link_color":"","ocean_menu_link_color_hover":"","ocean_menu_link_color_active":"","ocean_menu_link_background":"","ocean_menu_link_hover_background":"","ocean_menu_link_active_background":"","ocean_menu_social_links_bg":"","ocean_menu_social_hover_links_bg":"","ocean_menu_social_links_color":"","ocean_menu_social_hover_links_color":"","ocean_disable_title":"default","ocean_disable_heading":"default","ocean_post_title":"","ocean_post_subheading":"","ocean_post_title_style":"background-image","ocean_post_title_background_color":"","ocean_post_title_background":9686,"ocean_post_title_bg_image_position":"","ocean_post_title_bg_image_attachment":"","ocean_post_title_bg_image_repeat":"","ocean_post_title_bg_image_size":"","ocean_post_title_height":0,"ocean_post_title_bg_overlay":0.5,"ocean_post_title_bg_overlay_color":"","ocean_disable_breadcrumbs":"default","ocean_breadcrumbs_color":"","ocean_breadcrumbs_separator_color":"","ocean_breadcrumbs_links_color":"","ocean_breadcrumbs_links_hover_color":"","ocean_display_footer_widgets":"default","ocean_display_footer_bottom":"default","ocean_custom_footer_template":"0","omw_enable_modal_window":"enable","osh_disable_topbar_sticky":"default","osh_disable_header_sticky":"default","osh_sticky_header_style":"default","osh_sticky_header_effect":"","osh_custom_sticky_logo":0,"osh_custom_retina_sticky_logo":0,"osh_custom_sticky_logo_height":0,"osh_background_color":"","osh_links_color":"","osh_links_hover_color":"","osh_links_active_color":"","osh_links_bg_color":"","osh_links_hover_bg_color":"","osh_links_active_bg_color":"","osh_menu_social_links_color":"","osh_menu_social_hover_links_color":""},"ort":[458,471,470,472,498,461,469],"sichtbarkeit":[],"templateoption":[179],"product_brand":[],"product_cat":[182],"product_tag":[],"class_list":{"0":"post-9681","1":"product","2":"type-product","3":"status-publish","4":"has-post-thumbnail","6":"ort-faliraki","7":"ort-ialysos","8":"ort-ixia","9":"ort-kalithea","10":"ort-kremasti","11":"ort-ladiko","12":"ort-rhodos-stadt","13":"templateoption-dertrip-bc","14":"product_cat-ausfluege","16":"entry","17":"has-media","19":"first","20":"instock","21":"virtual","22":"purchasable","23":"product-type-simple","24":"has-product-nav","25":"col","26":"span_1_of_3","27":"owp-content-center","28":"owp-thumbs-layout-horizontal","29":"owp-btn-normal","30":"owp-tabs-layout-section"},"acf":[],"_links":{"self":[{"href":"https:\/\/www.dertour-reiseleitung.com\/rhodos\/wp-json\/wp\/v2\/product\/9681","targetHints":{"allow":["GET"]}}],"collection":[{"href":"https:\/\/www.dertour-reiseleitung.com\/rhodos\/wp-json\/wp\/v2\/product"}],"about":[{"href":"https:\/\/www.dertour-reiseleitung.com\/rhodos\/wp-json\/wp\/v2\/types\/product"}],"version-history":[{"count":17,"href":"https:\/\/www.dertour-reiseleitung.com\/rhodos\/wp-json\/wp\/v2\/product\/9681\/revisions"}],"predecessor-version":[{"id":14124,"href":"https:\/\/www.dertour-reiseleitung.com\/rhodos\/wp-json\/wp\/v2\/product\/9681\/revisions\/14124"}],"wp:featuredmedia":[{"embeddable":true,"href":"https:\/\/www.dertour-reiseleitung.com\/rhodos\/wp-json\/wp\/v2\/media\/9660"}],"wp:attachment":[{"href":"https:\/\/www.dertour-reiseleitung.com\/rhodos\/wp-json\/wp\/v2\/media?parent=9681"}],"wp:term":[{"taxonomy":"ort","embeddable":true,"href":"https:\/\/www.dertour-reiseleitung.com\/rhodos\/wp-json\/wp\/v2\/ort?post=9681"},{"taxonomy":"sichtbarkeit","embeddable":true,"href":"https:\/\/www.dertour-reiseleitung.com\/rhodos\/wp-json\/wp\/v2\/sichtbarkeit?post=9681"},{"taxonomy":"templateoption","embeddable":true,"href":"https:\/\/www.dertour-reiseleitung.com\/rhodos\/wp-json\/wp\/v2\/templateoption?post=9681"},{"taxonomy":"product_brand","embeddable":true,"href":"https:\/\/www.dertour-reiseleitung.com\/rhodos\/wp-json\/wp\/v2\/product_brand?post=9681"},{"taxonomy":"product_cat","embeddable":true,"href":"https:\/\/www.dertour-reiseleitung.com\/rhodos\/wp-json\/wp\/v2\/product_cat?post=9681"},{"taxonomy":"product_tag","embeddable":true,"href":"https:\/\/www.dertour-reiseleitung.com\/rhodos\/wp-json\/wp\/v2\/product_tag?post=9681"}],"curies":[{"name":"wp","href":"https:\/\/api.w.org\/{rel}","templated":true}]}}