{"id":9723,"date":"2025-03-23T16:23:49","date_gmt":"2025-03-23T15:23:49","guid":{"rendered":"https:\/\/www.dertour-reiseleitung.com\/rhodos\/aktivitaeten\/rhodos-by-night-n\/"},"modified":"2026-04-08T16:33:50","modified_gmt":"2026-04-08T13:33:50","slug":"rhodos-by-night-dds-008-1","status":"publish","type":"product","link":"https:\/\/www.dertour-reiseleitung.com\/rhodos\/aktivitaeten\/rhodos-by-night-dds-008-1\/","title":{"rendered":"Rhodos by Night"},"content":{"rendered":"<h3>Erleben Sie die einmalige, quirlige Atmosph\u00e4re bei angenehmen abendlichen Temperaturen<\/h3>\n<p>Die Hauptstadt Rhodos bietet eine faszinierende Kombination aus Kultur und Urlaubsvergn\u00fcgen. Ein bekannter Treffpunkt der Reichen und Sch\u00f6nen, der Jungen und Alten ist der Mandraki-Hafen mit seinen unz\u00e4hligen Caf\u00e9s und den markanten Windm\u00fchlen. Die moderne Neustadt bietet ebenso wie die einzigartige Altstadt eine Vielzahl an Unterhaltungsm\u00f6glichkeiten.<\/p>\n<p>Durch die neue Stadt fahren Sie zum Monte Smith, wo Sie die \u00dcberreste der Akropolis, den Apollotempel und das Stadion des antiken Rhodos besichtigen. Anschlie\u00dfend fahren Sie \u00fcber die Panoramastra\u00dfe in Richtung Neustadt, vorbei an den \u00f6ffentlichen Geb\u00e4uden, bis zur Stadtmauer der mittelalterlichen Stadt. Zu Fu\u00df gehen Sie nun durch die eindrucksvolle Altstadt, die zu Recht von der UNESCO den Status Weltkulturerbe verliehen bekam. Hier besichtigen Sie von au\u00dfen den imposanten Gro\u00dfmeisterpalast des Johanniterordens, gehen weiter durch die einmalige, weltber\u00fchmte Ritterstra\u00dfe mit den Herbergen der sieben Nationen, der Suleiman-Moschee und bummeln durch die Basarstra\u00dfe mit den unz\u00e4hligen kleinen Gesch\u00e4ften.<\/p>\n<p>Anschlie\u00dfend haben Sie ca. 2,5 Stunden freie Zeit, um zu staunen, zu bummeln, zu genie\u00dfen und die gewonnenen Eindr\u00fccke zu vertiefen.<\/p>\n<p><strong>Ausflugsveranstalter: <\/strong>Destination Touristic Services<\/p>\n","protected":false},"excerpt":{"rendered":"<p>Erleben Sie die einmalige, quirlige Atmosph\u00e4re bei angenehmen abendlichen Temperaturen Die Hauptstadt Rhodos bietet eine faszinierende Kombination aus Kultur und Urlaubsvergn\u00fcgen. Ein bekannter Treffpunkt der Reichen und Sch\u00f6nen, der Jungen und Alten ist der Mandraki-Hafen mit seinen unz\u00e4hligen Caf\u00e9s und den markanten Windm\u00fchlen. Die moderne Neustadt bietet ebenso wie die einzigartige Altstadt eine Vielzahl an [&hellip;]<\/p>\n","protected":false},"featured_media":9725,"template":"","meta":{"_acf_changed":false,"ocean_post_layout":"","ocean_both_sidebars_style":"","ocean_both_sidebars_content_width":0,"ocean_both_sidebars_sidebars_width":0,"ocean_sidebar":"0","ocean_second_sidebar":"0","ocean_disable_margins":"enable","ocean_add_body_class":"","ocean_shortcode_before_top_bar":"","ocean_shortcode_after_top_bar":"","ocean_shortcode_before_header":"","ocean_shortcode_after_header":"","ocean_has_shortcode":"","ocean_shortcode_after_title":"","ocean_shortcode_before_footer_widgets":"","ocean_shortcode_after_footer_widgets":"","ocean_shortcode_before_footer_bottom":"","ocean_shortcode_after_footer_bottom":"","ocean_display_top_bar":"default","ocean_display_header":"default","ocean_header_style":"","ocean_center_header_left_menu":"0","ocean_custom_header_template":"0","ocean_custom_logo":0,"ocean_custom_retina_logo":0,"ocean_custom_logo_max_width":0,"ocean_custom_logo_tablet_max_width":0,"ocean_custom_logo_mobile_max_width":0,"ocean_custom_logo_max_height":0,"ocean_custom_logo_tablet_max_height":0,"ocean_custom_logo_mobile_max_height":0,"ocean_header_custom_menu":"0","ocean_menu_typo_font_family":"0","ocean_menu_typo_font_subset":"","ocean_menu_typo_font_size":0,"ocean_menu_typo_font_size_tablet":0,"ocean_menu_typo_font_size_mobile":0,"ocean_menu_typo_font_size_unit":"px","ocean_menu_typo_font_weight":"","ocean_menu_typo_font_weight_tablet":"","ocean_menu_typo_font_weight_mobile":"","ocean_menu_typo_transform":"","ocean_menu_typo_transform_tablet":"","ocean_menu_typo_transform_mobile":"","ocean_menu_typo_line_height":0,"ocean_menu_typo_line_height_tablet":0,"ocean_menu_typo_line_height_mobile":0,"ocean_menu_typo_line_height_unit":"","ocean_menu_typo_spacing":0,"ocean_menu_typo_spacing_tablet":0,"ocean_menu_typo_spacing_mobile":0,"ocean_menu_typo_spacing_unit":"","ocean_menu_link_color":"","ocean_menu_link_color_hover":"","ocean_menu_link_color_active":"","ocean_menu_link_background":"","ocean_menu_link_hover_background":"","ocean_menu_link_active_background":"","ocean_menu_social_links_bg":"","ocean_menu_social_hover_links_bg":"","ocean_menu_social_links_color":"","ocean_menu_social_hover_links_color":"","ocean_disable_title":"default","ocean_disable_heading":"default","ocean_post_title":"","ocean_post_subheading":"","ocean_post_title_style":"background-image","ocean_post_title_background_color":"","ocean_post_title_background":9652,"ocean_post_title_bg_image_position":"","ocean_post_title_bg_image_attachment":"","ocean_post_title_bg_image_repeat":"","ocean_post_title_bg_image_size":"","ocean_post_title_height":0,"ocean_post_title_bg_overlay":0.5,"ocean_post_title_bg_overlay_color":"","ocean_disable_breadcrumbs":"default","ocean_breadcrumbs_color":"","ocean_breadcrumbs_separator_color":"","ocean_breadcrumbs_links_color":"","ocean_breadcrumbs_links_hover_color":"","ocean_display_footer_widgets":"default","ocean_display_footer_bottom":"default","ocean_custom_footer_template":"0","omw_enable_modal_window":"enable","osh_disable_topbar_sticky":"default","osh_disable_header_sticky":"default","osh_sticky_header_style":"default","osh_sticky_header_effect":"","osh_custom_sticky_logo":0,"osh_custom_retina_sticky_logo":0,"osh_custom_sticky_logo_height":0,"osh_background_color":"","osh_links_color":"","osh_links_hover_color":"","osh_links_active_color":"","osh_links_bg_color":"","osh_links_hover_bg_color":"","osh_links_active_bg_color":"","osh_menu_social_links_color":"","osh_menu_social_hover_links_color":""},"ort":[459,458,471,470,472,460,498,461,469],"sichtbarkeit":[],"templateoption":[179],"product_brand":[],"product_cat":[182],"product_tag":[],"class_list":{"0":"post-9723","1":"product","2":"type-product","3":"status-publish","4":"has-post-thumbnail","6":"ort-afandou","7":"ort-faliraki","8":"ort-ialysos","9":"ort-ixia","10":"ort-kalithea","11":"ort-kolymbia","12":"ort-kremasti","13":"ort-ladiko","14":"ort-rhodos-stadt","15":"templateoption-dertrip-bc","16":"product_cat-ausfluege","18":"entry","19":"has-media","21":"first","22":"instock","23":"virtual","24":"purchasable","25":"product-type-simple","26":"has-product-nav","27":"col","28":"span_1_of_3","29":"owp-content-center","30":"owp-thumbs-layout-horizontal","31":"owp-btn-normal","32":"owp-tabs-layout-section"},"acf":[],"_links":{"self":[{"href":"https:\/\/www.dertour-reiseleitung.com\/rhodos\/wp-json\/wp\/v2\/product\/9723","targetHints":{"allow":["GET"]}}],"collection":[{"href":"https:\/\/www.dertour-reiseleitung.com\/rhodos\/wp-json\/wp\/v2\/product"}],"about":[{"href":"https:\/\/www.dertour-reiseleitung.com\/rhodos\/wp-json\/wp\/v2\/types\/product"}],"version-history":[{"count":12,"href":"https:\/\/www.dertour-reiseleitung.com\/rhodos\/wp-json\/wp\/v2\/product\/9723\/revisions"}],"predecessor-version":[{"id":13869,"href":"https:\/\/www.dertour-reiseleitung.com\/rhodos\/wp-json\/wp\/v2\/product\/9723\/revisions\/13869"}],"wp:featuredmedia":[{"embeddable":true,"href":"https:\/\/www.dertour-reiseleitung.com\/rhodos\/wp-json\/wp\/v2\/media\/9725"}],"wp:attachment":[{"href":"https:\/\/www.dertour-reiseleitung.com\/rhodos\/wp-json\/wp\/v2\/media?parent=9723"}],"wp:term":[{"taxonomy":"ort","embeddable":true,"href":"https:\/\/www.dertour-reiseleitung.com\/rhodos\/wp-json\/wp\/v2\/ort?post=9723"},{"taxonomy":"sichtbarkeit","embeddable":true,"href":"https:\/\/www.dertour-reiseleitung.com\/rhodos\/wp-json\/wp\/v2\/sichtbarkeit?post=9723"},{"taxonomy":"templateoption","embeddable":true,"href":"https:\/\/www.dertour-reiseleitung.com\/rhodos\/wp-json\/wp\/v2\/templateoption?post=9723"},{"taxonomy":"product_brand","embeddable":true,"href":"https:\/\/www.dertour-reiseleitung.com\/rhodos\/wp-json\/wp\/v2\/product_brand?post=9723"},{"taxonomy":"product_cat","embeddable":true,"href":"https:\/\/www.dertour-reiseleitung.com\/rhodos\/wp-json\/wp\/v2\/product_cat?post=9723"},{"taxonomy":"product_tag","embeddable":true,"href":"https:\/\/www.dertour-reiseleitung.com\/rhodos\/wp-json\/wp\/v2\/product_tag?post=9723"}],"curies":[{"name":"wp","href":"https:\/\/api.w.org\/{rel}","templated":true}]}}