{"id":9802,"date":"2025-03-23T16:26:35","date_gmt":"2025-03-23T15:26:35","guid":{"rendered":"https:\/\/www.dertour-reiseleitung.com\/rhodos\/aktivitaeten\/bucht-zu-bucht-n\/"},"modified":"2026-04-08T17:56:41","modified_gmt":"2026-04-08T14:56:41","slug":"bucht-zu-bucht-dds-005-1","status":"publish","type":"product","link":"https:\/\/www.dertour-reiseleitung.com\/rhodos\/aktivitaeten\/bucht-zu-bucht-dds-005-1\/","title":{"rendered":"Bucht zu Bucht"},"content":{"rendered":"<h3>Ein Tag auf dem Meer<\/h3>\n<p>Hier sind Erwachsene ab 16 Jahren unter sich und erleben einen entspannten Tag: Relaxen, die Sonne und den Wind \u00a0auf der Haut sp\u00fcren und Schwimmen im klaren, azurblauen Wasser.<\/p>\n<p>Sie fahren in einige der sch\u00f6nsten Buchten (welche und Anzahl ist wetterabh\u00e4ngig).<\/p>\n<p>Hier einige Beispiele:<\/p>\n<p>Stegna &#8211; eine wundersch\u00f6ne Sand\/Kiesbucht in der N\u00e4he des Dorfes Archangelos<\/p>\n<p>Traganou\/Afandou &#8211; der l\u00e4ngste Kieselstrand der Insel mit glasklarem Wasser<\/p>\n<p>Tsambika &#8211; der sch\u00f6nste Sandstrand der Insel, der von dem kleinen Kloster Tsambika \u00fcberragt wird.<\/p>\n<p>Antony Quinn &#8211; ein Juwel, so malerisch gelegen<\/p>\n<p>Ein typisch griechisches Mittagessen\/Buffet und ein Getr\u00e4nk zum Essen ist inklusive. Ansonsten gibt es eine Bar f\u00fcr Getr\u00e4nke gegen Bezahlung an Bord.<\/p>\n<p>Fahren Sie mit und genie\u00dfen Sie einen Tag in entspannter Atmosph\u00e4re auf dem Meer.<\/p>\n<p>Sie entdecken die K\u00fcste von Rhodos aus einer anderen Perspektive.<\/p>\n<p><strong>Ausflugsveranstalter:<\/strong> Destination Touristic Services<\/p>\n","protected":false},"excerpt":{"rendered":"<p>Ein Tag auf dem Meer Hier sind Erwachsene ab 16 Jahren unter sich und erleben einen entspannten Tag: Relaxen, die Sonne und den Wind \u00a0auf der Haut sp\u00fcren und Schwimmen im klaren, azurblauen Wasser. Sie fahren in einige der sch\u00f6nsten Buchten (welche und Anzahl ist wetterabh\u00e4ngig). Hier einige Beispiele: Stegna &#8211; eine wundersch\u00f6ne Sand\/Kiesbucht in [&hellip;]<\/p>\n","protected":false},"featured_media":9797,"template":"","meta":{"_acf_changed":false,"ocean_post_layout":"","ocean_both_sidebars_style":"","ocean_both_sidebars_content_width":0,"ocean_both_sidebars_sidebars_width":0,"ocean_sidebar":"0","ocean_second_sidebar":"0","ocean_disable_margins":"enable","ocean_add_body_class":"","ocean_shortcode_before_top_bar":"","ocean_shortcode_after_top_bar":"","ocean_shortcode_before_header":"","ocean_shortcode_after_header":"","ocean_has_shortcode":"","ocean_shortcode_after_title":"","ocean_shortcode_before_footer_widgets":"","ocean_shortcode_after_footer_widgets":"","ocean_shortcode_before_footer_bottom":"","ocean_shortcode_after_footer_bottom":"","ocean_display_top_bar":"default","ocean_display_header":"default","ocean_header_style":"","ocean_center_header_left_menu":"0","ocean_custom_header_template":"0","ocean_custom_logo":0,"ocean_custom_retina_logo":0,"ocean_custom_logo_max_width":0,"ocean_custom_logo_tablet_max_width":0,"ocean_custom_logo_mobile_max_width":0,"ocean_custom_logo_max_height":0,"ocean_custom_logo_tablet_max_height":0,"ocean_custom_logo_mobile_max_height":0,"ocean_header_custom_menu":"0","ocean_menu_typo_font_family":"0","ocean_menu_typo_font_subset":"","ocean_menu_typo_font_size":0,"ocean_menu_typo_font_size_tablet":0,"ocean_menu_typo_font_size_mobile":0,"ocean_menu_typo_font_size_unit":"px","ocean_menu_typo_font_weight":"","ocean_menu_typo_font_weight_tablet":"","ocean_menu_typo_font_weight_mobile":"","ocean_menu_typo_transform":"","ocean_menu_typo_transform_tablet":"","ocean_menu_typo_transform_mobile":"","ocean_menu_typo_line_height":0,"ocean_menu_typo_line_height_tablet":0,"ocean_menu_typo_line_height_mobile":0,"ocean_menu_typo_line_height_unit":"","ocean_menu_typo_spacing":0,"ocean_menu_typo_spacing_tablet":0,"ocean_menu_typo_spacing_mobile":0,"ocean_menu_typo_spacing_unit":"","ocean_menu_link_color":"","ocean_menu_link_color_hover":"","ocean_menu_link_color_active":"","ocean_menu_link_background":"","ocean_menu_link_hover_background":"","ocean_menu_link_active_background":"","ocean_menu_social_links_bg":"","ocean_menu_social_hover_links_bg":"","ocean_menu_social_links_color":"","ocean_menu_social_hover_links_color":"","ocean_disable_title":"default","ocean_disable_heading":"default","ocean_post_title":"","ocean_post_subheading":"","ocean_post_title_style":"background-image","ocean_post_title_background_color":"","ocean_post_title_background":9801,"ocean_post_title_bg_image_position":"","ocean_post_title_bg_image_attachment":"","ocean_post_title_bg_image_repeat":"","ocean_post_title_bg_image_size":"","ocean_post_title_height":0,"ocean_post_title_bg_overlay":0.5,"ocean_post_title_bg_overlay_color":"","ocean_disable_breadcrumbs":"default","ocean_breadcrumbs_color":"","ocean_breadcrumbs_separator_color":"","ocean_breadcrumbs_links_color":"","ocean_breadcrumbs_links_hover_color":"","ocean_display_footer_widgets":"default","ocean_display_footer_bottom":"default","ocean_custom_footer_template":"0","omw_enable_modal_window":"enable","osh_disable_topbar_sticky":"default","osh_disable_header_sticky":"default","osh_sticky_header_style":"default","osh_sticky_header_effect":"","osh_custom_sticky_logo":0,"osh_custom_retina_sticky_logo":0,"osh_custom_sticky_logo_height":0,"osh_background_color":"","osh_links_color":"","osh_links_hover_color":"","osh_links_active_color":"","osh_links_bg_color":"","osh_links_hover_bg_color":"","osh_links_active_bg_color":"","osh_menu_social_links_color":"","osh_menu_social_hover_links_color":""},"ort":[459,458,471,470,472,460,498,461,469],"sichtbarkeit":[],"templateoption":[179],"product_brand":[],"product_cat":[182],"product_tag":[],"class_list":{"0":"post-9802","1":"product","2":"type-product","3":"status-publish","4":"has-post-thumbnail","6":"ort-afandou","7":"ort-faliraki","8":"ort-ialysos","9":"ort-ixia","10":"ort-kalithea","11":"ort-kolymbia","12":"ort-kremasti","13":"ort-ladiko","14":"ort-rhodos-stadt","15":"templateoption-dertrip-bc","16":"product_cat-ausfluege","18":"entry","19":"has-media","21":"first","22":"instock","23":"virtual","24":"purchasable","25":"product-type-simple","26":"has-product-nav","27":"col","28":"span_1_of_3","29":"owp-content-center","30":"owp-thumbs-layout-horizontal","31":"owp-btn-normal","32":"owp-tabs-layout-section"},"acf":[],"_links":{"self":[{"href":"https:\/\/www.dertour-reiseleitung.com\/rhodos\/wp-json\/wp\/v2\/product\/9802","targetHints":{"allow":["GET"]}}],"collection":[{"href":"https:\/\/www.dertour-reiseleitung.com\/rhodos\/wp-json\/wp\/v2\/product"}],"about":[{"href":"https:\/\/www.dertour-reiseleitung.com\/rhodos\/wp-json\/wp\/v2\/types\/product"}],"version-history":[{"count":11,"href":"https:\/\/www.dertour-reiseleitung.com\/rhodos\/wp-json\/wp\/v2\/product\/9802\/revisions"}],"predecessor-version":[{"id":14123,"href":"https:\/\/www.dertour-reiseleitung.com\/rhodos\/wp-json\/wp\/v2\/product\/9802\/revisions\/14123"}],"wp:featuredmedia":[{"embeddable":true,"href":"https:\/\/www.dertour-reiseleitung.com\/rhodos\/wp-json\/wp\/v2\/media\/9797"}],"wp:attachment":[{"href":"https:\/\/www.dertour-reiseleitung.com\/rhodos\/wp-json\/wp\/v2\/media?parent=9802"}],"wp:term":[{"taxonomy":"ort","embeddable":true,"href":"https:\/\/www.dertour-reiseleitung.com\/rhodos\/wp-json\/wp\/v2\/ort?post=9802"},{"taxonomy":"sichtbarkeit","embeddable":true,"href":"https:\/\/www.dertour-reiseleitung.com\/rhodos\/wp-json\/wp\/v2\/sichtbarkeit?post=9802"},{"taxonomy":"templateoption","embeddable":true,"href":"https:\/\/www.dertour-reiseleitung.com\/rhodos\/wp-json\/wp\/v2\/templateoption?post=9802"},{"taxonomy":"product_brand","embeddable":true,"href":"https:\/\/www.dertour-reiseleitung.com\/rhodos\/wp-json\/wp\/v2\/product_brand?post=9802"},{"taxonomy":"product_cat","embeddable":true,"href":"https:\/\/www.dertour-reiseleitung.com\/rhodos\/wp-json\/wp\/v2\/product_cat?post=9802"},{"taxonomy":"product_tag","embeddable":true,"href":"https:\/\/www.dertour-reiseleitung.com\/rhodos\/wp-json\/wp\/v2\/product_tag?post=9802"}],"curies":[{"name":"wp","href":"https:\/\/api.w.org\/{rel}","templated":true}]}}