{"id":9814,"date":"2025-03-23T16:26:59","date_gmt":"2025-03-23T15:26:59","guid":{"rendered":"https:\/\/www.dertour-reiseleitung.com\/rhodos\/aktivitaeten\/marmaris-n\/"},"modified":"2026-04-08T17:17:22","modified_gmt":"2026-04-08T14:17:22","slug":"marmaris-dds-017-1","status":"publish","type":"product","link":"https:\/\/www.dertour-reiseleitung.com\/rhodos\/aktivitaeten\/marmaris-dds-017-1\/","title":{"rendered":"Marmaris"},"content":{"rendered":"<h3>Ein Kurztrip in die T\u00fcrkei<\/h3>\n<p>Genie\u00dfen Sie an Bord die \u00dcberfahrt von Rhodos nach Marmaris, einem beliebten Ferienort an der S\u00fcdwestk\u00fcste der T\u00fcrkei. Dort angelangt genie\u00dfen Sie den\u00a0wundervollen Ausblick \u00fcber Marmaris.<\/p>\n<p>Einen Blick auf das vielf\u00e4ltige und preislich interessante\u00a0Warenangebot sollten Sie auch werfen. Wer wei\u00df, vielleicht bleibt Ihr Auge ja an einem kleinen Souvenir h\u00e4ngen?<\/p>\n<p>Schlendern Sie durch das Basarviertel und beobachten\u00a0Sie das bunte Treiben! Die einheimischen Verk\u00e4ufer\u00a0werden Ihnen sicher einen s\u00fc\u00dfen Apfeltee anbieten,\u00a0w\u00e4hrend Sie mit ihnen um den Preis feilschen. Denken\u00a0Sie daran: Handeln ist hier noch immer erw\u00fcnscht.<\/p>\n<p>Oder Sie nutzen die M\u00f6glichkeit, auf eigene Faust die\u00a0Burg zu erkunden. Auch die vielf\u00e4ltigen, leckeren Spezialit\u00e4ten der t\u00fcrkischen K\u00fcche sollten Sie probieren.<\/p>\n<p>Marmaris \u2013 nicht weit entfernt von Rhodos, aber doch\u00a0eine ganz andere Welt!<\/p>\n<p><strong>Wichtiger Hinweis: <\/strong>Die Angabe der vollst\u00e4ndigen Passdaten ist bei Buchung obligatorisch (Vor- und Nachname, Pass- oder Personalausweis-Nummer, Geburtsdatum, Nationalit\u00e4t und Geschlecht). Wir empfehlen Ihnen, Ihren Pass\/Ausweis immer bei sich zu tragen und Ihr Geld sicher aufzubewahren. Kinder nur zusammen mit Eltern\/Erziehungsberechtigten.<\/p>\n<p><strong>Ausflugsveranstalter:<\/strong> Destination Touristic Services<\/p>\n<p>&nbsp;<\/p>\n","protected":false},"excerpt":{"rendered":"<p>Ein Kurztrip in die T\u00fcrkei Genie\u00dfen Sie an Bord die \u00dcberfahrt von Rhodos nach Marmaris, einem beliebten Ferienort an der S\u00fcdwestk\u00fcste der T\u00fcrkei. Dort angelangt genie\u00dfen Sie den\u00a0wundervollen Ausblick \u00fcber Marmaris. Einen Blick auf das vielf\u00e4ltige und preislich interessante\u00a0Warenangebot sollten Sie auch werfen. Wer wei\u00df, vielleicht bleibt Ihr Auge ja an einem kleinen Souvenir h\u00e4ngen? [&hellip;]<\/p>\n","protected":false},"featured_media":9806,"template":"","meta":{"_acf_changed":false,"ocean_post_layout":"","ocean_both_sidebars_style":"","ocean_both_sidebars_content_width":0,"ocean_both_sidebars_sidebars_width":0,"ocean_sidebar":"0","ocean_second_sidebar":"0","ocean_disable_margins":"enable","ocean_add_body_class":"","ocean_shortcode_before_top_bar":"","ocean_shortcode_after_top_bar":"","ocean_shortcode_before_header":"","ocean_shortcode_after_header":"","ocean_has_shortcode":"","ocean_shortcode_after_title":"","ocean_shortcode_before_footer_widgets":"","ocean_shortcode_after_footer_widgets":"","ocean_shortcode_before_footer_bottom":"","ocean_shortcode_after_footer_bottom":"","ocean_display_top_bar":"default","ocean_display_header":"default","ocean_header_style":"","ocean_center_header_left_menu":"0","ocean_custom_header_template":"0","ocean_custom_logo":0,"ocean_custom_retina_logo":0,"ocean_custom_logo_max_width":0,"ocean_custom_logo_tablet_max_width":0,"ocean_custom_logo_mobile_max_width":0,"ocean_custom_logo_max_height":0,"ocean_custom_logo_tablet_max_height":0,"ocean_custom_logo_mobile_max_height":0,"ocean_header_custom_menu":"0","ocean_menu_typo_font_family":"0","ocean_menu_typo_font_subset":"","ocean_menu_typo_font_size":0,"ocean_menu_typo_font_size_tablet":0,"ocean_menu_typo_font_size_mobile":0,"ocean_menu_typo_font_size_unit":"px","ocean_menu_typo_font_weight":"","ocean_menu_typo_font_weight_tablet":"","ocean_menu_typo_font_weight_mobile":"","ocean_menu_typo_transform":"","ocean_menu_typo_transform_tablet":"","ocean_menu_typo_transform_mobile":"","ocean_menu_typo_line_height":0,"ocean_menu_typo_line_height_tablet":0,"ocean_menu_typo_line_height_mobile":0,"ocean_menu_typo_line_height_unit":"","ocean_menu_typo_spacing":0,"ocean_menu_typo_spacing_tablet":0,"ocean_menu_typo_spacing_mobile":0,"ocean_menu_typo_spacing_unit":"","ocean_menu_link_color":"","ocean_menu_link_color_hover":"","ocean_menu_link_color_active":"","ocean_menu_link_background":"","ocean_menu_link_hover_background":"","ocean_menu_link_active_background":"","ocean_menu_social_links_bg":"","ocean_menu_social_hover_links_bg":"","ocean_menu_social_links_color":"","ocean_menu_social_hover_links_color":"","ocean_disable_title":"default","ocean_disable_heading":"default","ocean_post_title":"","ocean_post_subheading":"","ocean_post_title_style":"background-image","ocean_post_title_background_color":"","ocean_post_title_background":13916,"ocean_post_title_bg_image_position":"","ocean_post_title_bg_image_attachment":"","ocean_post_title_bg_image_repeat":"","ocean_post_title_bg_image_size":"","ocean_post_title_height":0,"ocean_post_title_bg_overlay":0.5,"ocean_post_title_bg_overlay_color":"","ocean_disable_breadcrumbs":"default","ocean_breadcrumbs_color":"","ocean_breadcrumbs_separator_color":"","ocean_breadcrumbs_links_color":"","ocean_breadcrumbs_links_hover_color":"","ocean_display_footer_widgets":"default","ocean_display_footer_bottom":"default","ocean_custom_footer_template":"0","omw_enable_modal_window":"enable","osh_disable_topbar_sticky":"default","osh_disable_header_sticky":"default","osh_sticky_header_style":"default","osh_sticky_header_effect":"","osh_custom_sticky_logo":0,"osh_custom_retina_sticky_logo":0,"osh_custom_sticky_logo_height":0,"osh_background_color":"","osh_links_color":"","osh_links_hover_color":"","osh_links_active_color":"","osh_links_bg_color":"","osh_links_hover_bg_color":"","osh_links_active_bg_color":"","osh_menu_social_links_color":"","osh_menu_social_hover_links_color":""},"ort":[458,471,470,472,498,461,469],"sichtbarkeit":[],"templateoption":[179],"product_brand":[],"product_cat":[182],"product_tag":[],"class_list":{"0":"post-9814","1":"product","2":"type-product","3":"status-publish","4":"has-post-thumbnail","6":"ort-faliraki","7":"ort-ialysos","8":"ort-ixia","9":"ort-kalithea","10":"ort-kremasti","11":"ort-ladiko","12":"ort-rhodos-stadt","13":"templateoption-dertrip-bc","14":"product_cat-ausfluege","16":"entry","17":"has-media","19":"first","20":"instock","21":"virtual","22":"purchasable","23":"product-type-simple","24":"has-product-nav","25":"col","26":"span_1_of_3","27":"owp-content-center","28":"owp-thumbs-layout-horizontal","29":"owp-btn-normal","30":"owp-tabs-layout-section"},"acf":[],"_links":{"self":[{"href":"https:\/\/www.dertour-reiseleitung.com\/rhodos\/wp-json\/wp\/v2\/product\/9814","targetHints":{"allow":["GET"]}}],"collection":[{"href":"https:\/\/www.dertour-reiseleitung.com\/rhodos\/wp-json\/wp\/v2\/product"}],"about":[{"href":"https:\/\/www.dertour-reiseleitung.com\/rhodos\/wp-json\/wp\/v2\/types\/product"}],"version-history":[{"count":14,"href":"https:\/\/www.dertour-reiseleitung.com\/rhodos\/wp-json\/wp\/v2\/product\/9814\/revisions"}],"predecessor-version":[{"id":14112,"href":"https:\/\/www.dertour-reiseleitung.com\/rhodos\/wp-json\/wp\/v2\/product\/9814\/revisions\/14112"}],"wp:featuredmedia":[{"embeddable":true,"href":"https:\/\/www.dertour-reiseleitung.com\/rhodos\/wp-json\/wp\/v2\/media\/9806"}],"wp:attachment":[{"href":"https:\/\/www.dertour-reiseleitung.com\/rhodos\/wp-json\/wp\/v2\/media?parent=9814"}],"wp:term":[{"taxonomy":"ort","embeddable":true,"href":"https:\/\/www.dertour-reiseleitung.com\/rhodos\/wp-json\/wp\/v2\/ort?post=9814"},{"taxonomy":"sichtbarkeit","embeddable":true,"href":"https:\/\/www.dertour-reiseleitung.com\/rhodos\/wp-json\/wp\/v2\/sichtbarkeit?post=9814"},{"taxonomy":"templateoption","embeddable":true,"href":"https:\/\/www.dertour-reiseleitung.com\/rhodos\/wp-json\/wp\/v2\/templateoption?post=9814"},{"taxonomy":"product_brand","embeddable":true,"href":"https:\/\/www.dertour-reiseleitung.com\/rhodos\/wp-json\/wp\/v2\/product_brand?post=9814"},{"taxonomy":"product_cat","embeddable":true,"href":"https:\/\/www.dertour-reiseleitung.com\/rhodos\/wp-json\/wp\/v2\/product_cat?post=9814"},{"taxonomy":"product_tag","embeddable":true,"href":"https:\/\/www.dertour-reiseleitung.com\/rhodos\/wp-json\/wp\/v2\/product_tag?post=9814"}],"curies":[{"name":"wp","href":"https:\/\/api.w.org\/{rel}","templated":true}]}}