{"id":9823,"date":"2025-03-23T16:27:38","date_gmt":"2025-03-23T15:27:38","guid":{"rendered":"https:\/\/www.dertour-reiseleitung.com\/rhodos\/aktivitaeten\/lindos-mit-dem-boot-discovery\/"},"modified":"2026-04-08T17:24:38","modified_gmt":"2026-04-08T14:24:38","slug":"lindos-mit-dem-boot-discovery-dds-002-1","status":"publish","type":"product","link":"https:\/\/www.dertour-reiseleitung.com\/rhodos\/aktivitaeten\/lindos-mit-dem-boot-discovery-dds-002-1\/","title":{"rendered":"Lindos mit dem Boot \u201eDiscovery\u201c"},"content":{"rendered":"<h3>Die wei\u00dfe Perle<\/h3>\n<p>Am Morgen gleiten Sie an Bord des sch\u00f6nes Schiffs Discovery von Rhodos Stadt aus entlang der malerischen Ostk\u00fcste hin\u00fcber nach Lindos, jener Perle in strahlendem Wei\u00df mit ihrer unvergleichlichen Akropolis, einem der bezauberndsten Anblicke der Insel Rhodos.<\/p>\n<p>W\u00e4hrend Sie behutsam Kurs auf Lindos nehmen, erf\u00fcllt die salzige Meeresbrise die Luft, w\u00e4hrend Sie auf einem der Decks die majest\u00e4tische Szenerie der vielf\u00e4ltigen Ostk\u00fcste bewundern k\u00f6nnen.<\/p>\n<p>Die gem\u00e4chliche Bootsfahrt erstreckt sich \u00fcber etwa 1 Stunde und 40 Minuten, wobei die Einfahrt in den nat\u00fcrlichen Hafen von Lindos eine bezaubernde Kulisse f\u00fcr unvergessliche Fotografien bietet. In Lindos angekommen, erwartet Sie etwa 3 Stunden Freizeit. Nutzen Sie diese Zeit, um durch die engen Gassen mit ihren historischen Kapit\u00e4nsh\u00e4usern zu schlendern oder erklimmen Sie die antiken Stufen zur Akropolis, dem strahlenden Wahrzeichen dieses malerischen St\u00e4dtchens. Alternativ lockt das kristallklare Wasser der Bucht von Lindos zu einem erfrischenden Bad. Und vergessen Sie nicht, sich in einer der charmanten Tavernen mit einem k\u00f6stlichen Mittagessen zu verw\u00f6hnen.<\/p>\n<p>Am Nachmittag hei\u00dft es Abschied nehmen von Lindos, doch auf dem R\u00fcckweg werden noch 1-2 Badestopps eingelegt. Das Schiff ankert vor dem feinen Sandstrand von Tsampika sowie in der weltber\u00fchmten Anthony Quinn Bucht, wo das azurblaue Wasser zum Tr\u00e4umen einl\u00e4dt. Ein Tag voller unvergesslicher Momente erwartet Sie und Ihre Familie \u2013 ein Erlebnis, das Sie keinesfalls vers\u00e4umen sollten. Tauchen Sie ein in eine Welt voller bleibender Erinnerungen, einzigartiger Fotomotive und vielem mehr.<\/p>\n<p><strong>Hinweis:<\/strong> \u00c4nderungen der angefahrenen Buchten je nach Wetter\/Wind m\u00f6glich.<\/p>\n<p><strong>Ausflugsveranstalter: <\/strong>Destination Touristic Services<\/p>\n","protected":false},"excerpt":{"rendered":"<p>Die wei\u00dfe Perle Am Morgen gleiten Sie an Bord des sch\u00f6nes Schiffs Discovery von Rhodos Stadt aus entlang der malerischen Ostk\u00fcste hin\u00fcber nach Lindos, jener Perle in strahlendem Wei\u00df mit ihrer unvergleichlichen Akropolis, einem der bezauberndsten Anblicke der Insel Rhodos. W\u00e4hrend Sie behutsam Kurs auf Lindos nehmen, erf\u00fcllt die salzige Meeresbrise die Luft, w\u00e4hrend Sie [&hellip;]<\/p>\n","protected":false},"featured_media":9825,"template":"","meta":{"_acf_changed":false,"ocean_post_layout":"","ocean_both_sidebars_style":"","ocean_both_sidebars_content_width":0,"ocean_both_sidebars_sidebars_width":0,"ocean_sidebar":"0","ocean_second_sidebar":"0","ocean_disable_margins":"enable","ocean_add_body_class":"","ocean_shortcode_before_top_bar":"","ocean_shortcode_after_top_bar":"","ocean_shortcode_before_header":"","ocean_shortcode_after_header":"","ocean_has_shortcode":"","ocean_shortcode_after_title":"","ocean_shortcode_before_footer_widgets":"","ocean_shortcode_after_footer_widgets":"","ocean_shortcode_before_footer_bottom":"","ocean_shortcode_after_footer_bottom":"","ocean_display_top_bar":"default","ocean_display_header":"default","ocean_header_style":"","ocean_center_header_left_menu":"0","ocean_custom_header_template":"0","ocean_custom_logo":0,"ocean_custom_retina_logo":0,"ocean_custom_logo_max_width":0,"ocean_custom_logo_tablet_max_width":0,"ocean_custom_logo_mobile_max_width":0,"ocean_custom_logo_max_height":0,"ocean_custom_logo_tablet_max_height":0,"ocean_custom_logo_mobile_max_height":0,"ocean_header_custom_menu":"0","ocean_menu_typo_font_family":"0","ocean_menu_typo_font_subset":"","ocean_menu_typo_font_size":0,"ocean_menu_typo_font_size_tablet":0,"ocean_menu_typo_font_size_mobile":0,"ocean_menu_typo_font_size_unit":"px","ocean_menu_typo_font_weight":"","ocean_menu_typo_font_weight_tablet":"","ocean_menu_typo_font_weight_mobile":"","ocean_menu_typo_transform":"","ocean_menu_typo_transform_tablet":"","ocean_menu_typo_transform_mobile":"","ocean_menu_typo_line_height":0,"ocean_menu_typo_line_height_tablet":0,"ocean_menu_typo_line_height_mobile":0,"ocean_menu_typo_line_height_unit":"","ocean_menu_typo_spacing":0,"ocean_menu_typo_spacing_tablet":0,"ocean_menu_typo_spacing_mobile":0,"ocean_menu_typo_spacing_unit":"","ocean_menu_link_color":"","ocean_menu_link_color_hover":"","ocean_menu_link_color_active":"","ocean_menu_link_background":"","ocean_menu_link_hover_background":"","ocean_menu_link_active_background":"","ocean_menu_social_links_bg":"","ocean_menu_social_hover_links_bg":"","ocean_menu_social_links_color":"","ocean_menu_social_hover_links_color":"","ocean_disable_title":"default","ocean_disable_heading":"default","ocean_post_title":"","ocean_post_subheading":"","ocean_post_title_style":"background-image","ocean_post_title_background_color":"","ocean_post_title_background":12224,"ocean_post_title_bg_image_position":"","ocean_post_title_bg_image_attachment":"","ocean_post_title_bg_image_repeat":"","ocean_post_title_bg_image_size":"","ocean_post_title_height":0,"ocean_post_title_bg_overlay":0.5,"ocean_post_title_bg_overlay_color":"","ocean_disable_breadcrumbs":"default","ocean_breadcrumbs_color":"","ocean_breadcrumbs_separator_color":"","ocean_breadcrumbs_links_color":"","ocean_breadcrumbs_links_hover_color":"","ocean_display_footer_widgets":"default","ocean_display_footer_bottom":"default","ocean_custom_footer_template":"0","omw_enable_modal_window":"enable","osh_disable_topbar_sticky":"default","osh_disable_header_sticky":"default","osh_sticky_header_style":"default","osh_sticky_header_effect":"","osh_custom_sticky_logo":0,"osh_custom_retina_sticky_logo":0,"osh_custom_sticky_logo_height":0,"osh_background_color":"","osh_links_color":"","osh_links_hover_color":"","osh_links_active_color":"","osh_links_bg_color":"","osh_links_hover_bg_color":"","osh_links_active_bg_color":"","osh_menu_social_links_color":"","osh_menu_social_hover_links_color":""},"ort":[471,470,498],"sichtbarkeit":[],"templateoption":[179],"product_brand":[],"product_cat":[182],"product_tag":[],"class_list":{"0":"post-9823","1":"product","2":"type-product","3":"status-publish","4":"has-post-thumbnail","6":"ort-ialysos","7":"ort-ixia","8":"ort-kremasti","9":"templateoption-dertrip-bc","10":"product_cat-ausfluege","12":"entry","13":"has-media","15":"first","16":"instock","17":"virtual","18":"purchasable","19":"product-type-simple","20":"has-product-nav","21":"col","22":"span_1_of_3","23":"owp-content-center","24":"owp-thumbs-layout-horizontal","25":"owp-btn-normal","26":"owp-tabs-layout-section"},"acf":[],"_links":{"self":[{"href":"https:\/\/www.dertour-reiseleitung.com\/rhodos\/wp-json\/wp\/v2\/product\/9823","targetHints":{"allow":["GET"]}}],"collection":[{"href":"https:\/\/www.dertour-reiseleitung.com\/rhodos\/wp-json\/wp\/v2\/product"}],"about":[{"href":"https:\/\/www.dertour-reiseleitung.com\/rhodos\/wp-json\/wp\/v2\/types\/product"}],"version-history":[{"count":13,"href":"https:\/\/www.dertour-reiseleitung.com\/rhodos\/wp-json\/wp\/v2\/product\/9823\/revisions"}],"predecessor-version":[{"id":14116,"href":"https:\/\/www.dertour-reiseleitung.com\/rhodos\/wp-json\/wp\/v2\/product\/9823\/revisions\/14116"}],"wp:featuredmedia":[{"embeddable":true,"href":"https:\/\/www.dertour-reiseleitung.com\/rhodos\/wp-json\/wp\/v2\/media\/9825"}],"wp:attachment":[{"href":"https:\/\/www.dertour-reiseleitung.com\/rhodos\/wp-json\/wp\/v2\/media?parent=9823"}],"wp:term":[{"taxonomy":"ort","embeddable":true,"href":"https:\/\/www.dertour-reiseleitung.com\/rhodos\/wp-json\/wp\/v2\/ort?post=9823"},{"taxonomy":"sichtbarkeit","embeddable":true,"href":"https:\/\/www.dertour-reiseleitung.com\/rhodos\/wp-json\/wp\/v2\/sichtbarkeit?post=9823"},{"taxonomy":"templateoption","embeddable":true,"href":"https:\/\/www.dertour-reiseleitung.com\/rhodos\/wp-json\/wp\/v2\/templateoption?post=9823"},{"taxonomy":"product_brand","embeddable":true,"href":"https:\/\/www.dertour-reiseleitung.com\/rhodos\/wp-json\/wp\/v2\/product_brand?post=9823"},{"taxonomy":"product_cat","embeddable":true,"href":"https:\/\/www.dertour-reiseleitung.com\/rhodos\/wp-json\/wp\/v2\/product_cat?post=9823"},{"taxonomy":"product_tag","embeddable":true,"href":"https:\/\/www.dertour-reiseleitung.com\/rhodos\/wp-json\/wp\/v2\/product_tag?post=9823"}],"curies":[{"name":"wp","href":"https:\/\/api.w.org\/{rel}","templated":true}]}}