{"id":9837,"date":"2025-03-23T16:28:04","date_gmt":"2025-03-23T15:28:04","guid":{"rendered":"https:\/\/www.dertour-reiseleitung.com\/rhodos\/aktivitaeten\/bucht-zu-bucht-mit-der-calypso-s\/"},"modified":"2026-04-08T17:29:07","modified_gmt":"2026-04-08T14:29:07","slug":"bucht-zu-bucht-mit-der-calypso-dds-014-1","status":"publish","type":"product","link":"https:\/\/www.dertour-reiseleitung.com\/rhodos\/aktivitaeten\/bucht-zu-bucht-mit-der-calypso-dds-014-1\/","title":{"rendered":"Bucht zu Bucht mit der &#8222;Calypso&#8220;"},"content":{"rendered":"<h3>Ein Tag auf dem Meer<\/h3>\n<p>Entdecken Sie die sch\u00f6nen Buchten und die abwechslungsreiche K\u00fcste im S\u00fcdosten der Sonneninsel Rhodos.<\/p>\n<p>Fantastische Ausblicke vom Meer aus warten auf Sie:<\/p>\n<p>Sie starten in der Saint Paul\u00b4s Bay, mit herrlichem Blick von der Meerseite aus auf Lindos, der wei\u00dfen Perle mit der unverwechselbaren Akropolis.<\/p>\n<p>Der Kapit\u00e4n steuert im Laufe des Tages die Navarone Bucht, die Haraki Bucht, die Agathi Bucht an und \u00fcberall erwartet Sie kristallklares Wasser. \u00a0W\u00e4hrend der Stopps bleibt gen\u00fcgend Zeit f\u00fcr ein erfrischendes Bad im Meer.<\/p>\n<p>Genie\u00dfen Sie die Meeresluft, den Seewind, die Sonne und lassen Sie einfach mal die Seele baumeln &#8211; entweder von einem der schattigeren Pl\u00e4tze an Bord oder vom Sonnendeck aus.<\/p>\n<p>Erleben Sie die griechische Gastfreundschaft an Bord, w\u00e4hrend Sie die K\u00fcste entlang schippern und den ein oder anderen Badestopp einlegen. Selbstverst\u00e4ndlich gibt es auch traditionelles Mittagessen an Bord.<\/p>\n<p>Im Preis ist auch entweder 1 Softgetr\u00e4nk oder 1 Bier\/Wein inkludiert.<\/p>\n<p>Ein toller Tag auf See, mit vielen unvergesslichen Eindr\u00fccken und Fotomotiven, den Sie auf keinen Fall verpassen sollten!<\/p>\n<p>Routen\u00e4nderung je nach Wetter m\u00f6glich.<\/p>\n<p><strong>Ausflugsveranstalter:<\/strong> Destination Touristic Services<\/p>\n","protected":false},"excerpt":{"rendered":"<p>Ein Tag auf dem Meer Entdecken Sie die sch\u00f6nen Buchten und die abwechslungsreiche K\u00fcste im S\u00fcdosten der Sonneninsel Rhodos. Fantastische Ausblicke vom Meer aus warten auf Sie: Sie starten in der Saint Paul\u00b4s Bay, mit herrlichem Blick von der Meerseite aus auf Lindos, der wei\u00dfen Perle mit der unverwechselbaren Akropolis. Der Kapit\u00e4n steuert im Laufe [&hellip;]<\/p>\n","protected":false},"featured_media":9839,"template":"","meta":{"_acf_changed":false,"ocean_post_layout":"","ocean_both_sidebars_style":"","ocean_both_sidebars_content_width":0,"ocean_both_sidebars_sidebars_width":0,"ocean_sidebar":"0","ocean_second_sidebar":"0","ocean_disable_margins":"enable","ocean_add_body_class":"","ocean_shortcode_before_top_bar":"","ocean_shortcode_after_top_bar":"","ocean_shortcode_before_header":"","ocean_shortcode_after_header":"","ocean_has_shortcode":"","ocean_shortcode_after_title":"","ocean_shortcode_before_footer_widgets":"","ocean_shortcode_after_footer_widgets":"","ocean_shortcode_before_footer_bottom":"","ocean_shortcode_after_footer_bottom":"","ocean_display_top_bar":"default","ocean_display_header":"default","ocean_header_style":"","ocean_center_header_left_menu":"0","ocean_custom_header_template":"0","ocean_custom_logo":0,"ocean_custom_retina_logo":0,"ocean_custom_logo_max_width":0,"ocean_custom_logo_tablet_max_width":0,"ocean_custom_logo_mobile_max_width":0,"ocean_custom_logo_max_height":0,"ocean_custom_logo_tablet_max_height":0,"ocean_custom_logo_mobile_max_height":0,"ocean_header_custom_menu":"0","ocean_menu_typo_font_family":"0","ocean_menu_typo_font_subset":"","ocean_menu_typo_font_size":0,"ocean_menu_typo_font_size_tablet":0,"ocean_menu_typo_font_size_mobile":0,"ocean_menu_typo_font_size_unit":"px","ocean_menu_typo_font_weight":"","ocean_menu_typo_font_weight_tablet":"","ocean_menu_typo_font_weight_mobile":"","ocean_menu_typo_transform":"","ocean_menu_typo_transform_tablet":"","ocean_menu_typo_transform_mobile":"","ocean_menu_typo_line_height":0,"ocean_menu_typo_line_height_tablet":0,"ocean_menu_typo_line_height_mobile":0,"ocean_menu_typo_line_height_unit":"","ocean_menu_typo_spacing":0,"ocean_menu_typo_spacing_tablet":0,"ocean_menu_typo_spacing_mobile":0,"ocean_menu_typo_spacing_unit":"","ocean_menu_link_color":"","ocean_menu_link_color_hover":"","ocean_menu_link_color_active":"","ocean_menu_link_background":"","ocean_menu_link_hover_background":"","ocean_menu_link_active_background":"","ocean_menu_social_links_bg":"","ocean_menu_social_hover_links_bg":"","ocean_menu_social_links_color":"","ocean_menu_social_hover_links_color":"","ocean_disable_title":"default","ocean_disable_heading":"default","ocean_post_title":"","ocean_post_subheading":"","ocean_post_title_style":"background-image","ocean_post_title_background_color":"","ocean_post_title_background":9843,"ocean_post_title_bg_image_position":"","ocean_post_title_bg_image_attachment":"","ocean_post_title_bg_image_repeat":"","ocean_post_title_bg_image_size":"","ocean_post_title_height":0,"ocean_post_title_bg_overlay":0.5,"ocean_post_title_bg_overlay_color":"","ocean_disable_breadcrumbs":"default","ocean_breadcrumbs_color":"","ocean_breadcrumbs_separator_color":"","ocean_breadcrumbs_links_color":"","ocean_breadcrumbs_links_hover_color":"","ocean_display_footer_widgets":"default","ocean_display_footer_bottom":"default","ocean_custom_footer_template":"0","omw_enable_modal_window":"enable","osh_disable_topbar_sticky":"default","osh_disable_header_sticky":"default","osh_sticky_header_style":"default","osh_sticky_header_effect":"","osh_custom_sticky_logo":0,"osh_custom_retina_sticky_logo":0,"osh_custom_sticky_logo_height":0,"osh_background_color":"","osh_links_color":"","osh_links_hover_color":"","osh_links_active_color":"","osh_links_bg_color":"","osh_links_hover_bg_color":"","osh_links_active_bg_color":"","osh_menu_social_links_color":"","osh_menu_social_hover_links_color":""},"ort":[467,463,462,468,466,465,473,512,464],"sichtbarkeit":[],"templateoption":[179],"product_brand":[],"product_cat":[182],"product_tag":[],"class_list":{"0":"post-9837","1":"product","2":"type-product","3":"status-publish","4":"has-post-thumbnail","6":"ort-gennadi","7":"ort-kalathos","8":"ort-kiotari","9":"ort-lachania","10":"ort-lardos","11":"ort-lindos","12":"ort-pefkos","13":"ort-plimiri","14":"ort-vlicha-bay","15":"templateoption-dertrip-bc","16":"product_cat-ausfluege","18":"entry","19":"has-media","21":"first","22":"instock","23":"virtual","24":"purchasable","25":"product-type-simple","26":"has-product-nav","27":"col","28":"span_1_of_3","29":"owp-content-center","30":"owp-thumbs-layout-horizontal","31":"owp-btn-normal","32":"owp-tabs-layout-section"},"acf":[],"_links":{"self":[{"href":"https:\/\/www.dertour-reiseleitung.com\/rhodos\/wp-json\/wp\/v2\/product\/9837","targetHints":{"allow":["GET"]}}],"collection":[{"href":"https:\/\/www.dertour-reiseleitung.com\/rhodos\/wp-json\/wp\/v2\/product"}],"about":[{"href":"https:\/\/www.dertour-reiseleitung.com\/rhodos\/wp-json\/wp\/v2\/types\/product"}],"version-history":[{"count":13,"href":"https:\/\/www.dertour-reiseleitung.com\/rhodos\/wp-json\/wp\/v2\/product\/9837\/revisions"}],"predecessor-version":[{"id":14118,"href":"https:\/\/www.dertour-reiseleitung.com\/rhodos\/wp-json\/wp\/v2\/product\/9837\/revisions\/14118"}],"wp:featuredmedia":[{"embeddable":true,"href":"https:\/\/www.dertour-reiseleitung.com\/rhodos\/wp-json\/wp\/v2\/media\/9839"}],"wp:attachment":[{"href":"https:\/\/www.dertour-reiseleitung.com\/rhodos\/wp-json\/wp\/v2\/media?parent=9837"}],"wp:term":[{"taxonomy":"ort","embeddable":true,"href":"https:\/\/www.dertour-reiseleitung.com\/rhodos\/wp-json\/wp\/v2\/ort?post=9837"},{"taxonomy":"sichtbarkeit","embeddable":true,"href":"https:\/\/www.dertour-reiseleitung.com\/rhodos\/wp-json\/wp\/v2\/sichtbarkeit?post=9837"},{"taxonomy":"templateoption","embeddable":true,"href":"https:\/\/www.dertour-reiseleitung.com\/rhodos\/wp-json\/wp\/v2\/templateoption?post=9837"},{"taxonomy":"product_brand","embeddable":true,"href":"https:\/\/www.dertour-reiseleitung.com\/rhodos\/wp-json\/wp\/v2\/product_brand?post=9837"},{"taxonomy":"product_cat","embeddable":true,"href":"https:\/\/www.dertour-reiseleitung.com\/rhodos\/wp-json\/wp\/v2\/product_cat?post=9837"},{"taxonomy":"product_tag","embeddable":true,"href":"https:\/\/www.dertour-reiseleitung.com\/rhodos\/wp-json\/wp\/v2\/product_tag?post=9837"}],"curies":[{"name":"wp","href":"https:\/\/api.w.org\/{rel}","templated":true}]}}