{"id":11814,"date":"2025-10-27T09:13:09","date_gmt":"2025-10-27T14:13:09","guid":{"rendered":"https:\/\/www.dertour-reiseleitung.com\/riviera-maya\/?post_type=product&#038;p=11814"},"modified":"2026-03-25T11:05:13","modified_gmt":"2026-03-25T16:05:13","slug":"chichen-itza-dds-015-2","status":"publish","type":"product","link":"https:\/\/www.dertour-reiseleitung.com\/riviera-maya\/aktivitaeten\/chichen-itza-dds-015-2\/","title":{"rendered":"Chichen Itza"},"content":{"rendered":"<h3>Eines der 7 neuen Weltwunder<\/h3>\n<p>Dieser Tagesausflug f\u00fchrt Sie in die geheimnisvolle Hauptstadt des Mayareiches, in der die Mysterien von Zauber, Zeremonie und Menschenopfer mit einer der fortschrittlichsten Zivilisationen ihrer Zeit verschmelzen. Vom 6. bis zum 10. Jh. wurde diese Tempelstadt mit ihrer majest\u00e4tischen und weltbekannten Pyramide des Gottes Kukulkan, dem monumentalen Ballspielplatz und dem bis heute r\u00e4tselhaften Observatorium im Urwald von Yukatan errichtet.<\/p>\n<p>Der Name Chichen Itza bedeutet \u00fcbersetzt so viel wie \u201eDer Mund des Brunnen der Itza\u201c und bezieht sich somit wohl auf den Cenote (= Brunnen), der in der N\u00e4he der Pyramide gefunden wurde. Eine der faszinierendsten Ausgrabungsst\u00e4tten der Erde wartet darauf, von Ihnen entdeckt zu werden.<\/p>\n<p>Nach der F\u00fchrung mit einem deutschsprachigen Reisef\u00fchrer geht es f\u00fcr Sie in ein nahegelegenes Restaurant, in dem Sie ein Mittagessen gereicht bekommen und die M\u00f6glichkeit haben, in einer Cenote baden zu gehen. Anschliessend fahren Sie zur Stadt Valladolid, wo Sie Zeit f\u00fcr einen kurzen Bummel \u00fcber den historischen Hauptplatz haben.<\/p>\n<p>W\u00e4hrend der interessanten Fahrt durch die Landschaft Yukatans erhalten Sie ausf\u00fchrliche Informationen zu Geschichte und Gegenwart Mexikos.<\/p>\n<p><strong>Ausflugsveranstalter:<\/strong> fidem travel<\/p>\n","protected":false},"excerpt":{"rendered":"<p>Eines der 7 neuen Weltwunder Dieser Tagesausflug f\u00fchrt Sie in die geheimnisvolle Hauptstadt des Mayareiches, in der die Mysterien von Zauber, Zeremonie und Menschenopfer mit einer der fortschrittlichsten Zivilisationen ihrer Zeit verschmelzen. Vom 6. bis zum 10. Jh. wurde diese Tempelstadt mit ihrer majest\u00e4tischen und weltbekannten Pyramide des Gottes Kukulkan, dem monumentalen Ballspielplatz und dem [&hellip;]<\/p>\n","protected":false},"featured_media":9683,"template":"","meta":{"_acf_changed":false,"ocean_post_layout":"","ocean_both_sidebars_style":"","ocean_both_sidebars_content_width":0,"ocean_both_sidebars_sidebars_width":0,"ocean_sidebar":"0","ocean_second_sidebar":"0","ocean_disable_margins":"enable","ocean_add_body_class":"","ocean_shortcode_before_top_bar":"","ocean_shortcode_after_top_bar":"","ocean_shortcode_before_header":"","ocean_shortcode_after_header":"","ocean_has_shortcode":"","ocean_shortcode_after_title":"","ocean_shortcode_before_footer_widgets":"","ocean_shortcode_after_footer_widgets":"","ocean_shortcode_before_footer_bottom":"","ocean_shortcode_after_footer_bottom":"","ocean_display_top_bar":"default","ocean_display_header":"default","ocean_header_style":"","ocean_center_header_left_menu":"0","ocean_custom_header_template":"0","ocean_custom_logo":0,"ocean_custom_retina_logo":0,"ocean_custom_logo_max_width":0,"ocean_custom_logo_tablet_max_width":0,"ocean_custom_logo_mobile_max_width":0,"ocean_custom_logo_max_height":0,"ocean_custom_logo_tablet_max_height":0,"ocean_custom_logo_mobile_max_height":0,"ocean_header_custom_menu":"0","ocean_menu_typo_font_family":"0","ocean_menu_typo_font_subset":"","ocean_menu_typo_font_size":0,"ocean_menu_typo_font_size_tablet":0,"ocean_menu_typo_font_size_mobile":0,"ocean_menu_typo_font_size_unit":"px","ocean_menu_typo_font_weight":"","ocean_menu_typo_font_weight_tablet":"","ocean_menu_typo_font_weight_mobile":"","ocean_menu_typo_transform":"","ocean_menu_typo_transform_tablet":"","ocean_menu_typo_transform_mobile":"","ocean_menu_typo_line_height":0,"ocean_menu_typo_line_height_tablet":0,"ocean_menu_typo_line_height_mobile":0,"ocean_menu_typo_line_height_unit":"","ocean_menu_typo_spacing":0,"ocean_menu_typo_spacing_tablet":0,"ocean_menu_typo_spacing_mobile":0,"ocean_menu_typo_spacing_unit":"","ocean_menu_link_color":"","ocean_menu_link_color_hover":"","ocean_menu_link_color_active":"","ocean_menu_link_background":"","ocean_menu_link_hover_background":"","ocean_menu_link_active_background":"","ocean_menu_social_links_bg":"","ocean_menu_social_hover_links_bg":"","ocean_menu_social_links_color":"","ocean_menu_social_hover_links_color":"","ocean_disable_title":"default","ocean_disable_heading":"default","ocean_post_title":"","ocean_post_subheading":"","ocean_post_title_style":"background-image","ocean_post_title_background_color":"","ocean_post_title_background":9685,"ocean_post_title_bg_image_position":"","ocean_post_title_bg_image_attachment":"","ocean_post_title_bg_image_repeat":"","ocean_post_title_bg_image_size":"","ocean_post_title_height":0,"ocean_post_title_bg_overlay":0.5,"ocean_post_title_bg_overlay_color":"","ocean_disable_breadcrumbs":"default","ocean_breadcrumbs_color":"","ocean_breadcrumbs_separator_color":"","ocean_breadcrumbs_links_color":"","ocean_breadcrumbs_links_hover_color":"","ocean_display_footer_widgets":"default","ocean_display_footer_bottom":"default","ocean_custom_footer_template":"0","omw_enable_modal_window":"enable","osh_disable_topbar_sticky":"default","osh_disable_header_sticky":"default","osh_sticky_header_style":"default","osh_sticky_header_effect":"","osh_custom_sticky_logo":0,"osh_custom_retina_sticky_logo":0,"osh_custom_sticky_logo_height":0,"osh_background_color":"","osh_links_color":"","osh_links_hover_color":"","osh_links_active_color":"","osh_links_bg_color":"","osh_links_hover_bg_color":"","osh_links_active_bg_color":"","osh_menu_social_links_color":"","osh_menu_social_hover_links_color":""},"ort":[458,460,464,466],"sichtbarkeit":[],"templateoption":[179],"product_brand":[],"product_cat":[182],"product_tag":[],"class_list":{"0":"post-11814","1":"product","2":"type-product","3":"status-publish","4":"has-post-thumbnail","6":"ort-akumal","7":"ort-playa-del-carmen","8":"ort-puerto-aventuras","9":"ort-tulum","10":"templateoption-dertrip-bc","11":"product_cat-ausfluege","13":"entry","14":"has-media","16":"first","17":"instock","18":"virtual","19":"purchasable","20":"product-type-simple","21":"has-product-nav","22":"col","23":"span_1_of_3","24":"owp-content-center","25":"owp-thumbs-layout-horizontal","26":"owp-btn-normal","27":"owp-tabs-layout-section"},"acf":[],"_links":{"self":[{"href":"https:\/\/www.dertour-reiseleitung.com\/riviera-maya\/wp-json\/wp\/v2\/product\/11814","targetHints":{"allow":["GET"]}}],"collection":[{"href":"https:\/\/www.dertour-reiseleitung.com\/riviera-maya\/wp-json\/wp\/v2\/product"}],"about":[{"href":"https:\/\/www.dertour-reiseleitung.com\/riviera-maya\/wp-json\/wp\/v2\/types\/product"}],"version-history":[{"count":9,"href":"https:\/\/www.dertour-reiseleitung.com\/riviera-maya\/wp-json\/wp\/v2\/product\/11814\/revisions"}],"predecessor-version":[{"id":12874,"href":"https:\/\/www.dertour-reiseleitung.com\/riviera-maya\/wp-json\/wp\/v2\/product\/11814\/revisions\/12874"}],"wp:featuredmedia":[{"embeddable":true,"href":"https:\/\/www.dertour-reiseleitung.com\/riviera-maya\/wp-json\/wp\/v2\/media\/9683"}],"wp:attachment":[{"href":"https:\/\/www.dertour-reiseleitung.com\/riviera-maya\/wp-json\/wp\/v2\/media?parent=11814"}],"wp:term":[{"taxonomy":"ort","embeddable":true,"href":"https:\/\/www.dertour-reiseleitung.com\/riviera-maya\/wp-json\/wp\/v2\/ort?post=11814"},{"taxonomy":"sichtbarkeit","embeddable":true,"href":"https:\/\/www.dertour-reiseleitung.com\/riviera-maya\/wp-json\/wp\/v2\/sichtbarkeit?post=11814"},{"taxonomy":"templateoption","embeddable":true,"href":"https:\/\/www.dertour-reiseleitung.com\/riviera-maya\/wp-json\/wp\/v2\/templateoption?post=11814"},{"taxonomy":"product_brand","embeddable":true,"href":"https:\/\/www.dertour-reiseleitung.com\/riviera-maya\/wp-json\/wp\/v2\/product_brand?post=11814"},{"taxonomy":"product_cat","embeddable":true,"href":"https:\/\/www.dertour-reiseleitung.com\/riviera-maya\/wp-json\/wp\/v2\/product_cat?post=11814"},{"taxonomy":"product_tag","embeddable":true,"href":"https:\/\/www.dertour-reiseleitung.com\/riviera-maya\/wp-json\/wp\/v2\/product_tag?post=11814"}],"curies":[{"name":"wp","href":"https:\/\/api.w.org\/{rel}","templated":true}]}}