{"id":13032,"date":"2026-02-18T06:08:04","date_gmt":"2026-02-18T11:08:04","guid":{"rendered":"https:\/\/www.dertour-reiseleitung.com\/riviera-maya\/?post_type=product&#038;p=13032"},"modified":"2026-02-18T10:16:42","modified_gmt":"2026-02-18T15:16:42","slug":"fantastische-wasserwelten-dds-019-1","status":"publish","type":"product","link":"https:\/\/www.dertour-reiseleitung.com\/riviera-maya\/aktivitaeten\/fantastische-wasserwelten-dds-019-1\/","title":{"rendered":"Fantastische Wasserwelten"},"content":{"rendered":"<h3>Eintauchen in das verborgene Blau<\/h3>\n<p>Begeben Sie sich auf ein einzigartiges Erlebnis, das die Sch\u00f6nheit des karibischen Meeres mit der Magie der unterirdischen H\u00f6hlenwelt verbindet. Das Abenteuer beginnt mit der Fahrt zu einem ruhig gelegenen Strand, wo eine gef\u00fchrte Schnorcheltour am Riff wartet \u2013 Heimat einer beeindruckenden Vielfalt tropischer Fische und farbenfroher Korallen, die zum Mesoamerikanischen Barriereriff geh\u00f6ren, dem zweitgr\u00f6\u00dften Riffsystem der Welt.<\/p>\n<p>Anschlie\u00dfend f\u00fchrt die Expedition in eine faszinierende nat\u00fcrliche H\u00f6hle \u2013 eine geschlossene, mystische Umgebung, in der zwischen jahrtausendealten Felsformationen gegangen und geschwommen werden kann, w\u00e4hrend die uralte Energie dieses heiligen Ortes sp\u00fcrbar wird.<\/p>\n<p>Eine perfekte Kombination aus Abenteuer, Natur und Entspannung \u2013 ideal f\u00fcr alle, die die verborgenen Geheimnisse der Riviera Maya entdecken m\u00f6chten.<\/p>\n<p><strong>Ausflugsveranstalter:<\/strong> fidem travel<\/p>\n","protected":false},"excerpt":{"rendered":"<p>Eintauchen in das verborgene Blau Begeben Sie sich auf ein einzigartiges Erlebnis, das die Sch\u00f6nheit des karibischen Meeres mit der Magie der unterirdischen H\u00f6hlenwelt verbindet. Das Abenteuer beginnt mit der Fahrt zu einem ruhig gelegenen Strand, wo eine gef\u00fchrte Schnorcheltour am Riff wartet \u2013 Heimat einer beeindruckenden Vielfalt tropischer Fische und farbenfroher Korallen, die zum [&hellip;]<\/p>\n","protected":false},"featured_media":13036,"template":"","meta":{"_acf_changed":false,"ocean_post_layout":"","ocean_both_sidebars_style":"","ocean_both_sidebars_content_width":0,"ocean_both_sidebars_sidebars_width":0,"ocean_sidebar":"0","ocean_second_sidebar":"0","ocean_disable_margins":"enable","ocean_add_body_class":"","ocean_shortcode_before_top_bar":"","ocean_shortcode_after_top_bar":"","ocean_shortcode_before_header":"","ocean_shortcode_after_header":"","ocean_has_shortcode":"","ocean_shortcode_after_title":"","ocean_shortcode_before_footer_widgets":"","ocean_shortcode_after_footer_widgets":"","ocean_shortcode_before_footer_bottom":"","ocean_shortcode_after_footer_bottom":"","ocean_display_top_bar":"default","ocean_display_header":"default","ocean_header_style":"","ocean_center_header_left_menu":"0","ocean_custom_header_template":"0","ocean_custom_logo":0,"ocean_custom_retina_logo":0,"ocean_custom_logo_max_width":0,"ocean_custom_logo_tablet_max_width":0,"ocean_custom_logo_mobile_max_width":0,"ocean_custom_logo_max_height":0,"ocean_custom_logo_tablet_max_height":0,"ocean_custom_logo_mobile_max_height":0,"ocean_header_custom_menu":"0","ocean_menu_typo_font_family":"0","ocean_menu_typo_font_subset":"","ocean_menu_typo_font_size":0,"ocean_menu_typo_font_size_tablet":0,"ocean_menu_typo_font_size_mobile":0,"ocean_menu_typo_font_size_unit":"px","ocean_menu_typo_font_weight":"","ocean_menu_typo_font_weight_tablet":"","ocean_menu_typo_font_weight_mobile":"","ocean_menu_typo_transform":"","ocean_menu_typo_transform_tablet":"","ocean_menu_typo_transform_mobile":"","ocean_menu_typo_line_height":0,"ocean_menu_typo_line_height_tablet":0,"ocean_menu_typo_line_height_mobile":0,"ocean_menu_typo_line_height_unit":"","ocean_menu_typo_spacing":0,"ocean_menu_typo_spacing_tablet":0,"ocean_menu_typo_spacing_mobile":0,"ocean_menu_typo_spacing_unit":"","ocean_menu_link_color":"","ocean_menu_link_color_hover":"","ocean_menu_link_color_active":"","ocean_menu_link_background":"","ocean_menu_link_hover_background":"","ocean_menu_link_active_background":"","ocean_menu_social_links_bg":"","ocean_menu_social_hover_links_bg":"","ocean_menu_social_links_color":"","ocean_menu_social_hover_links_color":"","ocean_disable_title":"default","ocean_disable_heading":"default","ocean_post_title":"","ocean_post_subheading":"","ocean_post_title_style":"background-image","ocean_post_title_background_color":"","ocean_post_title_background":13034,"ocean_post_title_bg_image_position":"","ocean_post_title_bg_image_attachment":"","ocean_post_title_bg_image_repeat":"","ocean_post_title_bg_image_size":"","ocean_post_title_height":0,"ocean_post_title_bg_overlay":0.5,"ocean_post_title_bg_overlay_color":"","ocean_disable_breadcrumbs":"default","ocean_breadcrumbs_color":"","ocean_breadcrumbs_separator_color":"","ocean_breadcrumbs_links_color":"","ocean_breadcrumbs_links_hover_color":"","ocean_display_footer_widgets":"default","ocean_display_footer_bottom":"default","ocean_custom_footer_template":"0","omw_enable_modal_window":"enable","osh_disable_topbar_sticky":"default","osh_disable_header_sticky":"default","osh_sticky_header_style":"default","osh_sticky_header_effect":"","osh_custom_sticky_logo":0,"osh_custom_retina_sticky_logo":0,"osh_custom_sticky_logo_height":0,"osh_background_color":"","osh_links_color":"","osh_links_hover_color":"","osh_links_active_color":"","osh_links_bg_color":"","osh_links_hover_bg_color":"","osh_links_active_bg_color":"","osh_menu_social_links_color":"","osh_menu_social_hover_links_color":""},"ort":[458,460,464,465,461,466],"sichtbarkeit":[],"templateoption":[179],"product_brand":[],"product_cat":[182],"product_tag":[],"class_list":{"0":"post-13032","1":"product","2":"type-product","3":"status-publish","4":"has-post-thumbnail","6":"ort-akumal","7":"ort-playa-del-carmen","8":"ort-puerto-aventuras","9":"ort-puerto-morelos","10":"ort-riviera-maya","11":"ort-tulum","12":"templateoption-dertrip-bc","13":"product_cat-ausfluege","15":"entry","16":"has-media","18":"first","19":"instock","20":"shipping-taxable","21":"purchasable","22":"product-type-simple","23":"has-product-nav","24":"col","25":"span_1_of_3","26":"owp-content-center","27":"owp-thumbs-layout-horizontal","28":"owp-btn-normal","29":"owp-tabs-layout-section"},"acf":[],"_links":{"self":[{"href":"https:\/\/www.dertour-reiseleitung.com\/riviera-maya\/wp-json\/wp\/v2\/product\/13032","targetHints":{"allow":["GET"]}}],"collection":[{"href":"https:\/\/www.dertour-reiseleitung.com\/riviera-maya\/wp-json\/wp\/v2\/product"}],"about":[{"href":"https:\/\/www.dertour-reiseleitung.com\/riviera-maya\/wp-json\/wp\/v2\/types\/product"}],"version-history":[{"count":3,"href":"https:\/\/www.dertour-reiseleitung.com\/riviera-maya\/wp-json\/wp\/v2\/product\/13032\/revisions"}],"predecessor-version":[{"id":13042,"href":"https:\/\/www.dertour-reiseleitung.com\/riviera-maya\/wp-json\/wp\/v2\/product\/13032\/revisions\/13042"}],"wp:featuredmedia":[{"embeddable":true,"href":"https:\/\/www.dertour-reiseleitung.com\/riviera-maya\/wp-json\/wp\/v2\/media\/13036"}],"wp:attachment":[{"href":"https:\/\/www.dertour-reiseleitung.com\/riviera-maya\/wp-json\/wp\/v2\/media?parent=13032"}],"wp:term":[{"taxonomy":"ort","embeddable":true,"href":"https:\/\/www.dertour-reiseleitung.com\/riviera-maya\/wp-json\/wp\/v2\/ort?post=13032"},{"taxonomy":"sichtbarkeit","embeddable":true,"href":"https:\/\/www.dertour-reiseleitung.com\/riviera-maya\/wp-json\/wp\/v2\/sichtbarkeit?post=13032"},{"taxonomy":"templateoption","embeddable":true,"href":"https:\/\/www.dertour-reiseleitung.com\/riviera-maya\/wp-json\/wp\/v2\/templateoption?post=13032"},{"taxonomy":"product_brand","embeddable":true,"href":"https:\/\/www.dertour-reiseleitung.com\/riviera-maya\/wp-json\/wp\/v2\/product_brand?post=13032"},{"taxonomy":"product_cat","embeddable":true,"href":"https:\/\/www.dertour-reiseleitung.com\/riviera-maya\/wp-json\/wp\/v2\/product_cat?post=13032"},{"taxonomy":"product_tag","embeddable":true,"href":"https:\/\/www.dertour-reiseleitung.com\/riviera-maya\/wp-json\/wp\/v2\/product_tag?post=13032"}],"curies":[{"name":"wp","href":"https:\/\/api.w.org\/{rel}","templated":true}]}}