{"id":9727,"date":"2025-03-23T19:59:28","date_gmt":"2025-03-23T18:59:28","guid":{"rendered":"https:\/\/www.dertour-reiseleitung.com\/riviera-maya\/aktivitaeten\/tulum-coba\/"},"modified":"2026-03-25T10:56:51","modified_gmt":"2026-03-25T15:56:51","slug":"tulum-coba-dds-016-1","status":"publish","type":"product","link":"https:\/\/www.dertour-reiseleitung.com\/riviera-maya\/aktivitaeten\/tulum-coba-dds-016-1\/","title":{"rendered":"Tulum \/ Coba"},"content":{"rendered":"<h3>Ausflug ins Land der Mayas<\/h3>\n<p>Den au\u00dfergew\u00f6hnlichen Reiz von Tulum macht die Lage dieser Ausgrabungsst\u00e4tte aus: Sie wurde auf einem Felsplateau direkt am Karibikstrand angelegt. Die starke Mauer bezeugt den Festungscharakter der Stadt, die bei Ankunft der Spanier noch bewohnt war.<\/p>\n<p>Mehr als alle Bauwerke jedoch wird Sie der atemberaubende und unvergessliche Blick auf die Karibik fesseln, den Sie von hier aus haben. Erst zu Anfang unseres Jahrhunderts hat man Coba wiederentdeckt. Es wurde nur so weit restauriert, dass die Bauwerke dem Zahn der Zeit widerstehen k\u00f6nnen, ansonsten ist der urspr\u00fcngliche Zustand &#8211; beeindruckende Pyramiden umgeben von dichter Vegetation &#8211; erhalten geblieben. Noch heute findet man vor einigen Stellen Reste von Kerzenwachs, denn die Maya, die in der N\u00e4he wohnen, haben ihre alten G\u00f6tter noch nicht vergessen.<\/p>\n<p><strong>Ausflugsveranstalter:<\/strong> fidem travel<\/p>\n","protected":false},"excerpt":{"rendered":"<p>Ausflug ins Land der Mayas Den au\u00dfergew\u00f6hnlichen Reiz von Tulum macht die Lage dieser Ausgrabungsst\u00e4tte aus: Sie wurde auf einem Felsplateau direkt am Karibikstrand angelegt. Die starke Mauer bezeugt den Festungscharakter der Stadt, die bei Ankunft der Spanier noch bewohnt war. Mehr als alle Bauwerke jedoch wird Sie der atemberaubende und unvergessliche Blick auf die [&hellip;]<\/p>\n","protected":false},"featured_media":9729,"template":"","meta":{"_acf_changed":false,"ocean_post_layout":"","ocean_both_sidebars_style":"","ocean_both_sidebars_content_width":0,"ocean_both_sidebars_sidebars_width":0,"ocean_sidebar":"0","ocean_second_sidebar":"0","ocean_disable_margins":"enable","ocean_add_body_class":"","ocean_shortcode_before_top_bar":"","ocean_shortcode_after_top_bar":"","ocean_shortcode_before_header":"","ocean_shortcode_after_header":"","ocean_has_shortcode":"","ocean_shortcode_after_title":"","ocean_shortcode_before_footer_widgets":"","ocean_shortcode_after_footer_widgets":"","ocean_shortcode_before_footer_bottom":"","ocean_shortcode_after_footer_bottom":"","ocean_display_top_bar":"default","ocean_display_header":"default","ocean_header_style":"","ocean_center_header_left_menu":"0","ocean_custom_header_template":"0","ocean_custom_logo":0,"ocean_custom_retina_logo":0,"ocean_custom_logo_max_width":0,"ocean_custom_logo_tablet_max_width":0,"ocean_custom_logo_mobile_max_width":0,"ocean_custom_logo_max_height":0,"ocean_custom_logo_tablet_max_height":0,"ocean_custom_logo_mobile_max_height":0,"ocean_header_custom_menu":"0","ocean_menu_typo_font_family":"0","ocean_menu_typo_font_subset":"","ocean_menu_typo_font_size":0,"ocean_menu_typo_font_size_tablet":0,"ocean_menu_typo_font_size_mobile":0,"ocean_menu_typo_font_size_unit":"px","ocean_menu_typo_font_weight":"","ocean_menu_typo_font_weight_tablet":"","ocean_menu_typo_font_weight_mobile":"","ocean_menu_typo_transform":"","ocean_menu_typo_transform_tablet":"","ocean_menu_typo_transform_mobile":"","ocean_menu_typo_line_height":0,"ocean_menu_typo_line_height_tablet":0,"ocean_menu_typo_line_height_mobile":0,"ocean_menu_typo_line_height_unit":"","ocean_menu_typo_spacing":0,"ocean_menu_typo_spacing_tablet":0,"ocean_menu_typo_spacing_mobile":0,"ocean_menu_typo_spacing_unit":"","ocean_menu_link_color":"","ocean_menu_link_color_hover":"","ocean_menu_link_color_active":"","ocean_menu_link_background":"","ocean_menu_link_hover_background":"","ocean_menu_link_active_background":"","ocean_menu_social_links_bg":"","ocean_menu_social_hover_links_bg":"","ocean_menu_social_links_color":"","ocean_menu_social_hover_links_color":"","ocean_disable_title":"default","ocean_disable_heading":"default","ocean_post_title":"","ocean_post_subheading":"","ocean_post_title_style":"background-image","ocean_post_title_background_color":"","ocean_post_title_background":9803,"ocean_post_title_bg_image_position":"","ocean_post_title_bg_image_attachment":"","ocean_post_title_bg_image_repeat":"","ocean_post_title_bg_image_size":"","ocean_post_title_height":0,"ocean_post_title_bg_overlay":0.5,"ocean_post_title_bg_overlay_color":"","ocean_disable_breadcrumbs":"default","ocean_breadcrumbs_color":"","ocean_breadcrumbs_separator_color":"","ocean_breadcrumbs_links_color":"","ocean_breadcrumbs_links_hover_color":"","ocean_display_footer_widgets":"default","ocean_display_footer_bottom":"default","ocean_custom_footer_template":"0","omw_enable_modal_window":"enable","osh_disable_topbar_sticky":"default","osh_disable_header_sticky":"default","osh_sticky_header_style":"default","osh_sticky_header_effect":"","osh_custom_sticky_logo":0,"osh_custom_retina_sticky_logo":0,"osh_custom_sticky_logo_height":0,"osh_background_color":"","osh_links_color":"","osh_links_hover_color":"","osh_links_active_color":"","osh_links_bg_color":"","osh_links_hover_bg_color":"","osh_links_active_bg_color":"","osh_menu_social_links_color":"","osh_menu_social_hover_links_color":""},"ort":[458,462,463,460,464,465,461,466],"sichtbarkeit":[],"templateoption":[179],"product_brand":[],"product_cat":[182],"product_tag":[],"class_list":{"0":"post-9727","1":"product","2":"type-product","3":"status-publish","4":"has-post-thumbnail","6":"ort-akumal","7":"ort-cancun","8":"ort-costa-mujeres","9":"ort-playa-del-carmen","10":"ort-puerto-aventuras","11":"ort-puerto-morelos","12":"ort-riviera-maya","13":"ort-tulum","14":"templateoption-dertrip-bc","15":"product_cat-ausfluege","17":"entry","18":"has-media","20":"first","21":"instock","22":"virtual","23":"purchasable","24":"product-type-simple","25":"has-product-nav","26":"col","27":"span_1_of_3","28":"owp-content-center","29":"owp-thumbs-layout-horizontal","30":"owp-btn-normal","31":"owp-tabs-layout-section"},"acf":[],"_links":{"self":[{"href":"https:\/\/www.dertour-reiseleitung.com\/riviera-maya\/wp-json\/wp\/v2\/product\/9727","targetHints":{"allow":["GET"]}}],"collection":[{"href":"https:\/\/www.dertour-reiseleitung.com\/riviera-maya\/wp-json\/wp\/v2\/product"}],"about":[{"href":"https:\/\/www.dertour-reiseleitung.com\/riviera-maya\/wp-json\/wp\/v2\/types\/product"}],"version-history":[{"count":12,"href":"https:\/\/www.dertour-reiseleitung.com\/riviera-maya\/wp-json\/wp\/v2\/product\/9727\/revisions"}],"predecessor-version":[{"id":13234,"href":"https:\/\/www.dertour-reiseleitung.com\/riviera-maya\/wp-json\/wp\/v2\/product\/9727\/revisions\/13234"}],"wp:featuredmedia":[{"embeddable":true,"href":"https:\/\/www.dertour-reiseleitung.com\/riviera-maya\/wp-json\/wp\/v2\/media\/9729"}],"wp:attachment":[{"href":"https:\/\/www.dertour-reiseleitung.com\/riviera-maya\/wp-json\/wp\/v2\/media?parent=9727"}],"wp:term":[{"taxonomy":"ort","embeddable":true,"href":"https:\/\/www.dertour-reiseleitung.com\/riviera-maya\/wp-json\/wp\/v2\/ort?post=9727"},{"taxonomy":"sichtbarkeit","embeddable":true,"href":"https:\/\/www.dertour-reiseleitung.com\/riviera-maya\/wp-json\/wp\/v2\/sichtbarkeit?post=9727"},{"taxonomy":"templateoption","embeddable":true,"href":"https:\/\/www.dertour-reiseleitung.com\/riviera-maya\/wp-json\/wp\/v2\/templateoption?post=9727"},{"taxonomy":"product_brand","embeddable":true,"href":"https:\/\/www.dertour-reiseleitung.com\/riviera-maya\/wp-json\/wp\/v2\/product_brand?post=9727"},{"taxonomy":"product_cat","embeddable":true,"href":"https:\/\/www.dertour-reiseleitung.com\/riviera-maya\/wp-json\/wp\/v2\/product_cat?post=9727"},{"taxonomy":"product_tag","embeddable":true,"href":"https:\/\/www.dertour-reiseleitung.com\/riviera-maya\/wp-json\/wp\/v2\/product_tag?post=9727"}],"curies":[{"name":"wp","href":"https:\/\/api.w.org\/{rel}","templated":true}]}}