{"id":9736,"date":"2025-03-23T19:59:54","date_gmt":"2025-03-23T18:59:54","guid":{"rendered":"https:\/\/www.dertour-reiseleitung.com\/riviera-maya\/aktivitaeten\/mini-yukatan\/"},"modified":"2026-03-12T10:57:05","modified_gmt":"2026-03-12T15:57:05","slug":"mini-yukatan-dds-017-1","status":"publish","type":"product","link":"https:\/\/www.dertour-reiseleitung.com\/riviera-maya\/aktivitaeten\/mini-yukatan-dds-017-1\/","title":{"rendered":"Mini-Yukatan"},"content":{"rendered":"<h3>Ein faszinierender, einmaliger Ausflug<\/h3>\n<p>Nur auf diesem gro\u00dfartigen 2-t\u00e4gigen Ausflug k\u00f6nnen Sie die drei gr\u00f6\u00dften Sehensw\u00fcrdigkeiten Yukatans bewundern: Chichen Itza, Uxmal und nat\u00fcrlich Merida \u2013 die eindrucksvolle Kolonialstadt mit ihrer spanischen Prachtarchitektur.<\/p>\n<p>Aber nicht der schn\u00f6de Mammon steht an erster Stelle dieses Ausfluges: Unvergesslich werden Ihnen sicherlich die Wandmalereien im Palast am Zocalo bleiben sowie der Besuch der Kathedrale. Au\u00dferdem machen Sie einen Zwischenstopp in Itzamal.<\/p>\n<p>Chichen Itza, wahrscheinlich die bekannteste aller Maya-St\u00e4dte, wurde gegen Ende des 5. Jh. gegr\u00fcndet und im 10. Jh. zur f\u00fchrenden Stadt Nord-Yucatans gemacht. Aus dieser Zeit stammen auch die meisten der teilweise restaurierten Geb\u00e4ude, die Sie besichtigen k\u00f6nnen. Lassen Sie sich u.a. beeindrucken von der Tempelstadt mit der weltbekannten Pyramide des Gottes Kukulkan und dem monumentalen Ballspielplatz.<\/p>\n<p>Ein unbedingt sehenswerter Kontrapunkt zur mayatoltekischen Mischarchitektur von Chichen Itza ist Uxmal \u2013 hier f\u00fchrten die Maya ohne Bedrohung von au\u00dfen ihre Kultur auf einen damals unerreichten H\u00f6hepunkt. Besonders beeindruckend ist der reiche Fassadenschmuck u.a. mit der Maske des Regengottes Chac und die Pyramide des Wahrsagers (nur Schwindelfreie sollten sie besteigen).<\/p>\n<p><strong>Ausflugsveranstalter:<\/strong> fidem travel<\/p>\n","protected":false},"excerpt":{"rendered":"<p>Ein faszinierender, einmaliger Ausflug Nur auf diesem gro\u00dfartigen 2-t\u00e4gigen Ausflug k\u00f6nnen Sie die drei gr\u00f6\u00dften Sehensw\u00fcrdigkeiten Yukatans bewundern: Chichen Itza, Uxmal und nat\u00fcrlich Merida \u2013 die eindrucksvolle Kolonialstadt mit ihrer spanischen Prachtarchitektur. Aber nicht der schn\u00f6de Mammon steht an erster Stelle dieses Ausfluges: Unvergesslich werden Ihnen sicherlich die Wandmalereien im Palast am Zocalo bleiben sowie [&hellip;]<\/p>\n","protected":false},"featured_media":9738,"template":"","meta":{"_acf_changed":false,"ocean_post_layout":"","ocean_both_sidebars_style":"","ocean_both_sidebars_content_width":0,"ocean_both_sidebars_sidebars_width":0,"ocean_sidebar":"0","ocean_second_sidebar":"0","ocean_disable_margins":"enable","ocean_add_body_class":"","ocean_shortcode_before_top_bar":"","ocean_shortcode_after_top_bar":"","ocean_shortcode_before_header":"","ocean_shortcode_after_header":"","ocean_has_shortcode":"","ocean_shortcode_after_title":"","ocean_shortcode_before_footer_widgets":"","ocean_shortcode_after_footer_widgets":"","ocean_shortcode_before_footer_bottom":"","ocean_shortcode_after_footer_bottom":"","ocean_display_top_bar":"default","ocean_display_header":"default","ocean_header_style":"","ocean_center_header_left_menu":"0","ocean_custom_header_template":"0","ocean_custom_logo":0,"ocean_custom_retina_logo":0,"ocean_custom_logo_max_width":0,"ocean_custom_logo_tablet_max_width":0,"ocean_custom_logo_mobile_max_width":0,"ocean_custom_logo_max_height":0,"ocean_custom_logo_tablet_max_height":0,"ocean_custom_logo_mobile_max_height":0,"ocean_header_custom_menu":"0","ocean_menu_typo_font_family":"0","ocean_menu_typo_font_subset":"","ocean_menu_typo_font_size":0,"ocean_menu_typo_font_size_tablet":0,"ocean_menu_typo_font_size_mobile":0,"ocean_menu_typo_font_size_unit":"px","ocean_menu_typo_font_weight":"","ocean_menu_typo_font_weight_tablet":"","ocean_menu_typo_font_weight_mobile":"","ocean_menu_typo_transform":"","ocean_menu_typo_transform_tablet":"","ocean_menu_typo_transform_mobile":"","ocean_menu_typo_line_height":0,"ocean_menu_typo_line_height_tablet":0,"ocean_menu_typo_line_height_mobile":0,"ocean_menu_typo_line_height_unit":"","ocean_menu_typo_spacing":0,"ocean_menu_typo_spacing_tablet":0,"ocean_menu_typo_spacing_mobile":0,"ocean_menu_typo_spacing_unit":"","ocean_menu_link_color":"","ocean_menu_link_color_hover":"","ocean_menu_link_color_active":"","ocean_menu_link_background":"","ocean_menu_link_hover_background":"","ocean_menu_link_active_background":"","ocean_menu_social_links_bg":"","ocean_menu_social_hover_links_bg":"","ocean_menu_social_links_color":"","ocean_menu_social_hover_links_color":"","ocean_disable_title":"default","ocean_disable_heading":"default","ocean_post_title":"","ocean_post_subheading":"","ocean_post_title_style":"background-image","ocean_post_title_background_color":"","ocean_post_title_background":9743,"ocean_post_title_bg_image_position":"","ocean_post_title_bg_image_attachment":"","ocean_post_title_bg_image_repeat":"","ocean_post_title_bg_image_size":"","ocean_post_title_height":0,"ocean_post_title_bg_overlay":0.5,"ocean_post_title_bg_overlay_color":"","ocean_disable_breadcrumbs":"default","ocean_breadcrumbs_color":"","ocean_breadcrumbs_separator_color":"","ocean_breadcrumbs_links_color":"","ocean_breadcrumbs_links_hover_color":"","ocean_display_footer_widgets":"default","ocean_display_footer_bottom":"default","ocean_custom_footer_template":"0","omw_enable_modal_window":"enable","osh_disable_topbar_sticky":"default","osh_disable_header_sticky":"default","osh_sticky_header_style":"default","osh_sticky_header_effect":"","osh_custom_sticky_logo":0,"osh_custom_retina_sticky_logo":0,"osh_custom_sticky_logo_height":0,"osh_background_color":"","osh_links_color":"","osh_links_hover_color":"","osh_links_active_color":"","osh_links_bg_color":"","osh_links_hover_bg_color":"","osh_links_active_bg_color":"","osh_menu_social_links_color":"","osh_menu_social_hover_links_color":""},"ort":[458,462,463,460,464,465,461,466],"sichtbarkeit":[],"templateoption":[179],"product_brand":[],"product_cat":[182],"product_tag":[],"class_list":{"0":"post-9736","1":"product","2":"type-product","3":"status-publish","4":"has-post-thumbnail","6":"ort-akumal","7":"ort-cancun","8":"ort-costa-mujeres","9":"ort-playa-del-carmen","10":"ort-puerto-aventuras","11":"ort-puerto-morelos","12":"ort-riviera-maya","13":"ort-tulum","14":"templateoption-dertrip-bc","15":"product_cat-ausfluege","17":"entry","18":"has-media","20":"first","21":"instock","22":"virtual","23":"purchasable","24":"product-type-simple","25":"has-product-nav","26":"col","27":"span_1_of_3","28":"owp-content-center","29":"owp-thumbs-layout-horizontal","30":"owp-btn-normal","31":"owp-tabs-layout-section"},"acf":[],"_links":{"self":[{"href":"https:\/\/www.dertour-reiseleitung.com\/riviera-maya\/wp-json\/wp\/v2\/product\/9736","targetHints":{"allow":["GET"]}}],"collection":[{"href":"https:\/\/www.dertour-reiseleitung.com\/riviera-maya\/wp-json\/wp\/v2\/product"}],"about":[{"href":"https:\/\/www.dertour-reiseleitung.com\/riviera-maya\/wp-json\/wp\/v2\/types\/product"}],"version-history":[{"count":15,"href":"https:\/\/www.dertour-reiseleitung.com\/riviera-maya\/wp-json\/wp\/v2\/product\/9736\/revisions"}],"predecessor-version":[{"id":13214,"href":"https:\/\/www.dertour-reiseleitung.com\/riviera-maya\/wp-json\/wp\/v2\/product\/9736\/revisions\/13214"}],"wp:featuredmedia":[{"embeddable":true,"href":"https:\/\/www.dertour-reiseleitung.com\/riviera-maya\/wp-json\/wp\/v2\/media\/9738"}],"wp:attachment":[{"href":"https:\/\/www.dertour-reiseleitung.com\/riviera-maya\/wp-json\/wp\/v2\/media?parent=9736"}],"wp:term":[{"taxonomy":"ort","embeddable":true,"href":"https:\/\/www.dertour-reiseleitung.com\/riviera-maya\/wp-json\/wp\/v2\/ort?post=9736"},{"taxonomy":"sichtbarkeit","embeddable":true,"href":"https:\/\/www.dertour-reiseleitung.com\/riviera-maya\/wp-json\/wp\/v2\/sichtbarkeit?post=9736"},{"taxonomy":"templateoption","embeddable":true,"href":"https:\/\/www.dertour-reiseleitung.com\/riviera-maya\/wp-json\/wp\/v2\/templateoption?post=9736"},{"taxonomy":"product_brand","embeddable":true,"href":"https:\/\/www.dertour-reiseleitung.com\/riviera-maya\/wp-json\/wp\/v2\/product_brand?post=9736"},{"taxonomy":"product_cat","embeddable":true,"href":"https:\/\/www.dertour-reiseleitung.com\/riviera-maya\/wp-json\/wp\/v2\/product_cat?post=9736"},{"taxonomy":"product_tag","embeddable":true,"href":"https:\/\/www.dertour-reiseleitung.com\/riviera-maya\/wp-json\/wp\/v2\/product_tag?post=9736"}],"curies":[{"name":"wp","href":"https:\/\/api.w.org\/{rel}","templated":true}]}}