{"id":9886,"date":"2025-03-23T20:03:53","date_gmt":"2025-03-23T19:03:53","guid":{"rendered":"https:\/\/www.dertour-reiseleitung.com\/riviera-maya\/aktivitaeten\/jungle-adventure\/"},"modified":"2026-04-14T09:28:54","modified_gmt":"2026-04-14T14:28:54","slug":"jungle-tour-dds-014-1","status":"publish","type":"product","link":"https:\/\/www.dertour-reiseleitung.com\/riviera-maya\/aktivitaeten\/jungle-tour-dds-014-1\/","title":{"rendered":"Jungle Tour"},"content":{"rendered":"<h3>Dschungel Abenteuer<\/h3>\n<p>Machen Sie eine Quad-Tour und erleben Sie die Natur hautnah: Sie fahren auf Schotterpisten zu einer spektakul\u00e4ren, 2,5 Millionen Jahre alten H\u00f6hle mit zahlreichen Stalaktiten, Stalagmiten und S\u00e4ulen. Die H\u00f6hle ist 50 Meter lang. In ihrem Inneren befindet sich eine beeindruckende 3 Meter tiefe Cenote, in der Sie sich erfrischen und schwimmen k\u00f6nnen.<\/p>\n<p>Entdecken Sie auch das Akumal Monkey Sanctuary. Dieses ist vor allem auf die Pflege von Primaten spezialisiert. W\u00e4hrend der Tour werden Sie verschiedene Affenarten sehen. Dazu geh\u00f6ren Kapuzineraffen, Schwarzkappenaffen und Spinnenaffen.<\/p>\n<p><strong>Ausflugsveranstalter:<\/strong> Fidem Travel<\/p>\n","protected":false},"excerpt":{"rendered":"<p>Dschungel Abenteuer Machen Sie eine Quad-Tour und erleben Sie die Natur hautnah: Sie fahren auf Schotterpisten zu einer spektakul\u00e4ren, 2,5 Millionen Jahre alten H\u00f6hle mit zahlreichen Stalaktiten, Stalagmiten und S\u00e4ulen. Die H\u00f6hle ist 50 Meter lang. In ihrem Inneren befindet sich eine beeindruckende 3 Meter tiefe Cenote, in der Sie sich erfrischen und schwimmen k\u00f6nnen. [&hellip;]<\/p>\n","protected":false},"featured_media":9888,"template":"","meta":{"_acf_changed":false,"ocean_post_layout":"","ocean_both_sidebars_style":"","ocean_both_sidebars_content_width":0,"ocean_both_sidebars_sidebars_width":0,"ocean_sidebar":"0","ocean_second_sidebar":"0","ocean_disable_margins":"enable","ocean_add_body_class":"","ocean_shortcode_before_top_bar":"","ocean_shortcode_after_top_bar":"","ocean_shortcode_before_header":"","ocean_shortcode_after_header":"","ocean_has_shortcode":"","ocean_shortcode_after_title":"","ocean_shortcode_before_footer_widgets":"","ocean_shortcode_after_footer_widgets":"","ocean_shortcode_before_footer_bottom":"","ocean_shortcode_after_footer_bottom":"","ocean_display_top_bar":"default","ocean_display_header":"default","ocean_header_style":"","ocean_center_header_left_menu":"0","ocean_custom_header_template":"0","ocean_custom_logo":0,"ocean_custom_retina_logo":0,"ocean_custom_logo_max_width":0,"ocean_custom_logo_tablet_max_width":0,"ocean_custom_logo_mobile_max_width":0,"ocean_custom_logo_max_height":0,"ocean_custom_logo_tablet_max_height":0,"ocean_custom_logo_mobile_max_height":0,"ocean_header_custom_menu":"0","ocean_menu_typo_font_family":"0","ocean_menu_typo_font_subset":"","ocean_menu_typo_font_size":0,"ocean_menu_typo_font_size_tablet":0,"ocean_menu_typo_font_size_mobile":0,"ocean_menu_typo_font_size_unit":"px","ocean_menu_typo_font_weight":"","ocean_menu_typo_font_weight_tablet":"","ocean_menu_typo_font_weight_mobile":"","ocean_menu_typo_transform":"","ocean_menu_typo_transform_tablet":"","ocean_menu_typo_transform_mobile":"","ocean_menu_typo_line_height":0,"ocean_menu_typo_line_height_tablet":0,"ocean_menu_typo_line_height_mobile":0,"ocean_menu_typo_line_height_unit":"","ocean_menu_typo_spacing":0,"ocean_menu_typo_spacing_tablet":0,"ocean_menu_typo_spacing_mobile":0,"ocean_menu_typo_spacing_unit":"","ocean_menu_link_color":"","ocean_menu_link_color_hover":"","ocean_menu_link_color_active":"","ocean_menu_link_background":"","ocean_menu_link_hover_background":"","ocean_menu_link_active_background":"","ocean_menu_social_links_bg":"","ocean_menu_social_hover_links_bg":"","ocean_menu_social_links_color":"","ocean_menu_social_hover_links_color":"","ocean_disable_title":"default","ocean_disable_heading":"default","ocean_post_title":"","ocean_post_subheading":"","ocean_post_title_style":"background-image","ocean_post_title_background_color":"","ocean_post_title_background":11335,"ocean_post_title_bg_image_position":"","ocean_post_title_bg_image_attachment":"","ocean_post_title_bg_image_repeat":"","ocean_post_title_bg_image_size":"","ocean_post_title_height":0,"ocean_post_title_bg_overlay":0.5,"ocean_post_title_bg_overlay_color":"","ocean_disable_breadcrumbs":"default","ocean_breadcrumbs_color":"","ocean_breadcrumbs_separator_color":"","ocean_breadcrumbs_links_color":"","ocean_breadcrumbs_links_hover_color":"","ocean_display_footer_widgets":"default","ocean_display_footer_bottom":"default","ocean_custom_footer_template":"0","omw_enable_modal_window":"enable","osh_disable_topbar_sticky":"default","osh_disable_header_sticky":"default","osh_sticky_header_style":"default","osh_sticky_header_effect":"","osh_custom_sticky_logo":0,"osh_custom_retina_sticky_logo":0,"osh_custom_sticky_logo_height":0,"osh_background_color":"","osh_links_color":"","osh_links_hover_color":"","osh_links_active_color":"","osh_links_bg_color":"","osh_links_hover_bg_color":"","osh_links_active_bg_color":"","osh_menu_social_links_color":"","osh_menu_social_hover_links_color":""},"ort":[458,460,464,465,461,466],"sichtbarkeit":[],"templateoption":[179],"product_brand":[],"product_cat":[182],"product_tag":[],"class_list":{"0":"post-9886","1":"product","2":"type-product","3":"status-publish","4":"has-post-thumbnail","6":"ort-akumal","7":"ort-playa-del-carmen","8":"ort-puerto-aventuras","9":"ort-puerto-morelos","10":"ort-riviera-maya","11":"ort-tulum","12":"templateoption-dertrip-bc","13":"product_cat-ausfluege","15":"entry","16":"has-media","18":"first","19":"instock","20":"virtual","21":"purchasable","22":"product-type-simple","23":"has-product-nav","24":"col","25":"span_1_of_3","26":"owp-content-center","27":"owp-thumbs-layout-horizontal","28":"owp-btn-normal","29":"owp-tabs-layout-section"},"acf":[],"_links":{"self":[{"href":"https:\/\/www.dertour-reiseleitung.com\/riviera-maya\/wp-json\/wp\/v2\/product\/9886","targetHints":{"allow":["GET"]}}],"collection":[{"href":"https:\/\/www.dertour-reiseleitung.com\/riviera-maya\/wp-json\/wp\/v2\/product"}],"about":[{"href":"https:\/\/www.dertour-reiseleitung.com\/riviera-maya\/wp-json\/wp\/v2\/types\/product"}],"version-history":[{"count":17,"href":"https:\/\/www.dertour-reiseleitung.com\/riviera-maya\/wp-json\/wp\/v2\/product\/9886\/revisions"}],"predecessor-version":[{"id":13487,"href":"https:\/\/www.dertour-reiseleitung.com\/riviera-maya\/wp-json\/wp\/v2\/product\/9886\/revisions\/13487"}],"wp:featuredmedia":[{"embeddable":true,"href":"https:\/\/www.dertour-reiseleitung.com\/riviera-maya\/wp-json\/wp\/v2\/media\/9888"}],"wp:attachment":[{"href":"https:\/\/www.dertour-reiseleitung.com\/riviera-maya\/wp-json\/wp\/v2\/media?parent=9886"}],"wp:term":[{"taxonomy":"ort","embeddable":true,"href":"https:\/\/www.dertour-reiseleitung.com\/riviera-maya\/wp-json\/wp\/v2\/ort?post=9886"},{"taxonomy":"sichtbarkeit","embeddable":true,"href":"https:\/\/www.dertour-reiseleitung.com\/riviera-maya\/wp-json\/wp\/v2\/sichtbarkeit?post=9886"},{"taxonomy":"templateoption","embeddable":true,"href":"https:\/\/www.dertour-reiseleitung.com\/riviera-maya\/wp-json\/wp\/v2\/templateoption?post=9886"},{"taxonomy":"product_brand","embeddable":true,"href":"https:\/\/www.dertour-reiseleitung.com\/riviera-maya\/wp-json\/wp\/v2\/product_brand?post=9886"},{"taxonomy":"product_cat","embeddable":true,"href":"https:\/\/www.dertour-reiseleitung.com\/riviera-maya\/wp-json\/wp\/v2\/product_cat?post=9886"},{"taxonomy":"product_tag","embeddable":true,"href":"https:\/\/www.dertour-reiseleitung.com\/riviera-maya\/wp-json\/wp\/v2\/product_tag?post=9886"}],"curies":[{"name":"wp","href":"https:\/\/api.w.org\/{rel}","templated":true}]}}