{"id":11151,"date":"2025-03-19T05:40:28","date_gmt":"2025-03-19T05:40:28","guid":{"rendered":"https:\/\/www.dertour-reiseleitung.com\/teneriffa\/aktivitaeten\/panoramafahrt-teide-masca\/"},"modified":"2026-05-08T10:45:16","modified_gmt":"2026-05-08T09:45:16","slug":"panoramafahrt-teide-masca-dds-013-1","status":"publish","type":"product","link":"https:\/\/www.dertour-reiseleitung.com\/teneriffa\/aktivitaeten\/panoramafahrt-teide-masca-dds-013-1\/","title":{"rendered":"Panoramafahrt Teide-Masca"},"content":{"rendered":"<h3>Erleben Sie eine einmalige Fahrt mit exklusivem Service in einem Panorama-Fahrzeug<\/h3>\n<p>Auf der Fahrt zum Bergdorf Masca haben Sie einen unschlagbar tollen Blick auf die Schluchten, die dicht mit Palmen bewachsen sind.<\/p>\n<p>Fr\u00fcher wurde von hier aus der Seeverkehr \u00fcberwacht, um Angriffen von Piraten vorzubeugen. Die Entdeckung dieses eher unbekannten Flecken Erde auf Teneriffa ist ein wunderbares Erlebnis im Urlaub \u2013 verpassen Sie es nicht!<\/p>\n<p>Das n\u00e4chste Ziel ist der Nationalpark Las Ca\u00f1adas del Teide, der nicht umsonst von der UNESCO zum Weltnaturerbe erkl\u00e4rt wurde. Aus ihm erhebt sich der h\u00f6chste Berg Spaniens, der beeindruckende Vulkan Teide mit einer H\u00f6he von 3.718 m! Das Land ist hier von einer imposanten, kargen Sch\u00f6nheit \u2013 Sie f\u00fchlen sich wie auf einem anderen Planeten!<\/p>\n<p>Die R\u00fcckfahrt erfolgt durch eines der h\u00f6chstgelegenen D\u00f6rfer Spaniens, das Vilaflor genannt wird.<\/p>\n<p><strong>Ausflugsveranstalter: <\/strong>Go Vacation Spain SLU, CIF B-57828360<\/p>\n","protected":false},"excerpt":{"rendered":"<p>Erleben Sie eine einmalige Fahrt mit exklusivem Service in einem Panorama-Fahrzeug Auf der Fahrt zum Bergdorf Masca haben Sie einen unschlagbar tollen Blick auf die Schluchten, die dicht mit Palmen bewachsen sind. Fr\u00fcher wurde von hier aus der Seeverkehr \u00fcberwacht, um Angriffen von Piraten vorzubeugen. Die Entdeckung dieses eher unbekannten Flecken Erde auf Teneriffa ist [&hellip;]<\/p>\n","protected":false},"featured_media":11153,"template":"","meta":{"_acf_changed":false,"ocean_post_layout":"","ocean_both_sidebars_style":"","ocean_both_sidebars_content_width":0,"ocean_both_sidebars_sidebars_width":0,"ocean_sidebar":"0","ocean_second_sidebar":"0","ocean_disable_margins":"enable","ocean_add_body_class":"","ocean_shortcode_before_top_bar":"","ocean_shortcode_after_top_bar":"","ocean_shortcode_before_header":"","ocean_shortcode_after_header":"","ocean_has_shortcode":"","ocean_shortcode_after_title":"","ocean_shortcode_before_footer_widgets":"","ocean_shortcode_after_footer_widgets":"","ocean_shortcode_before_footer_bottom":"","ocean_shortcode_after_footer_bottom":"","ocean_display_top_bar":"default","ocean_display_header":"default","ocean_header_style":"","ocean_center_header_left_menu":"0","ocean_custom_header_template":"0","ocean_custom_logo":0,"ocean_custom_retina_logo":0,"ocean_custom_logo_max_width":0,"ocean_custom_logo_tablet_max_width":0,"ocean_custom_logo_mobile_max_width":0,"ocean_custom_logo_max_height":0,"ocean_custom_logo_tablet_max_height":0,"ocean_custom_logo_mobile_max_height":0,"ocean_header_custom_menu":"0","ocean_menu_typo_font_family":"0","ocean_menu_typo_font_subset":"","ocean_menu_typo_font_size":0,"ocean_menu_typo_font_size_tablet":0,"ocean_menu_typo_font_size_mobile":0,"ocean_menu_typo_font_size_unit":"px","ocean_menu_typo_font_weight":"","ocean_menu_typo_font_weight_tablet":"","ocean_menu_typo_font_weight_mobile":"","ocean_menu_typo_transform":"","ocean_menu_typo_transform_tablet":"","ocean_menu_typo_transform_mobile":"","ocean_menu_typo_line_height":0,"ocean_menu_typo_line_height_tablet":0,"ocean_menu_typo_line_height_mobile":0,"ocean_menu_typo_line_height_unit":"","ocean_menu_typo_spacing":0,"ocean_menu_typo_spacing_tablet":0,"ocean_menu_typo_spacing_mobile":0,"ocean_menu_typo_spacing_unit":"","ocean_menu_link_color":"","ocean_menu_link_color_hover":"","ocean_menu_link_color_active":"","ocean_menu_link_background":"","ocean_menu_link_hover_background":"","ocean_menu_link_active_background":"","ocean_menu_social_links_bg":"","ocean_menu_social_hover_links_bg":"","ocean_menu_social_links_color":"","ocean_menu_social_hover_links_color":"","ocean_disable_title":"default","ocean_disable_heading":"default","ocean_post_title":"","ocean_post_subheading":"","ocean_post_title_style":"background-image","ocean_post_title_background_color":"","ocean_post_title_background":11155,"ocean_post_title_bg_image_position":"","ocean_post_title_bg_image_attachment":"","ocean_post_title_bg_image_repeat":"","ocean_post_title_bg_image_size":"","ocean_post_title_height":0,"ocean_post_title_bg_overlay":0.5,"ocean_post_title_bg_overlay_color":"","ocean_disable_breadcrumbs":"default","ocean_breadcrumbs_color":"","ocean_breadcrumbs_separator_color":"","ocean_breadcrumbs_links_color":"","ocean_breadcrumbs_links_hover_color":"","ocean_display_footer_widgets":"default","ocean_display_footer_bottom":"default","ocean_custom_footer_template":"0","omw_enable_modal_window":"enable","osh_disable_topbar_sticky":"default","osh_disable_header_sticky":"default","osh_sticky_header_style":"default","osh_sticky_header_effect":"","osh_custom_sticky_logo":0,"osh_custom_retina_sticky_logo":0,"osh_custom_sticky_logo_height":0,"osh_background_color":"","osh_links_color":"","osh_links_hover_color":"","osh_links_active_color":"","osh_links_bg_color":"","osh_links_hover_bg_color":"","osh_links_active_bg_color":"","osh_menu_social_links_color":"","osh_menu_social_hover_links_color":""},"ort":[558,557,565,563,580,564,554,559,560],"sichtbarkeit":[],"templateoption":[179],"product_brand":[],"product_cat":[182],"product_tag":[],"class_list":{"0":"post-11151","1":"product","2":"type-product","3":"status-publish","4":"has-post-thumbnail","6":"ort-alcala","7":"ort-costa-adeje","8":"ort-guia-de-isora","9":"ort-los-cristianos","10":"ort-los-gigantes","11":"ort-playa-de-la-arena","12":"ort-playa-de-las-americas","13":"ort-playa-paraiso","14":"ort-puerto-de-santiago","15":"templateoption-dertrip-bc","16":"product_cat-ausfluege","18":"entry","19":"has-media","21":"first","22":"instock","23":"virtual","24":"purchasable","25":"product-type-simple","26":"has-product-nav","27":"col","28":"span_1_of_3","29":"owp-content-center","30":"owp-thumbs-layout-horizontal","31":"owp-btn-normal","32":"owp-tabs-layout-section"},"acf":[],"_links":{"self":[{"href":"https:\/\/www.dertour-reiseleitung.com\/teneriffa\/wp-json\/wp\/v2\/product\/11151","targetHints":{"allow":["GET"]}}],"collection":[{"href":"https:\/\/www.dertour-reiseleitung.com\/teneriffa\/wp-json\/wp\/v2\/product"}],"about":[{"href":"https:\/\/www.dertour-reiseleitung.com\/teneriffa\/wp-json\/wp\/v2\/types\/product"}],"version-history":[{"count":8,"href":"https:\/\/www.dertour-reiseleitung.com\/teneriffa\/wp-json\/wp\/v2\/product\/11151\/revisions"}],"predecessor-version":[{"id":16178,"href":"https:\/\/www.dertour-reiseleitung.com\/teneriffa\/wp-json\/wp\/v2\/product\/11151\/revisions\/16178"}],"wp:featuredmedia":[{"embeddable":true,"href":"https:\/\/www.dertour-reiseleitung.com\/teneriffa\/wp-json\/wp\/v2\/media\/11153"}],"wp:attachment":[{"href":"https:\/\/www.dertour-reiseleitung.com\/teneriffa\/wp-json\/wp\/v2\/media?parent=11151"}],"wp:term":[{"taxonomy":"ort","embeddable":true,"href":"https:\/\/www.dertour-reiseleitung.com\/teneriffa\/wp-json\/wp\/v2\/ort?post=11151"},{"taxonomy":"sichtbarkeit","embeddable":true,"href":"https:\/\/www.dertour-reiseleitung.com\/teneriffa\/wp-json\/wp\/v2\/sichtbarkeit?post=11151"},{"taxonomy":"templateoption","embeddable":true,"href":"https:\/\/www.dertour-reiseleitung.com\/teneriffa\/wp-json\/wp\/v2\/templateoption?post=11151"},{"taxonomy":"product_brand","embeddable":true,"href":"https:\/\/www.dertour-reiseleitung.com\/teneriffa\/wp-json\/wp\/v2\/product_brand?post=11151"},{"taxonomy":"product_cat","embeddable":true,"href":"https:\/\/www.dertour-reiseleitung.com\/teneriffa\/wp-json\/wp\/v2\/product_cat?post=11151"},{"taxonomy":"product_tag","embeddable":true,"href":"https:\/\/www.dertour-reiseleitung.com\/teneriffa\/wp-json\/wp\/v2\/product_tag?post=11151"}],"curies":[{"name":"wp","href":"https:\/\/api.w.org\/{rel}","templated":true}]}}