{"id":11180,"date":"2025-03-19T05:41:24","date_gmt":"2025-03-19T05:41:24","guid":{"rendered":"https:\/\/www.dertour-reiseleitung.com\/teneriffa\/aktivitaeten\/vip-tour-ins-anaga-gebirge\/"},"modified":"2026-05-08T13:20:05","modified_gmt":"2026-05-08T12:20:05","slug":"vip-tour-ins-anaga-gebirge-dds-023-1","status":"publish","type":"product","link":"https:\/\/www.dertour-reiseleitung.com\/teneriffa\/aktivitaeten\/vip-tour-ins-anaga-gebirge-dds-023-1\/","title":{"rendered":"VIP-Tour ins Anaga-Gebirge"},"content":{"rendered":"<h3>Kunst &amp; Kultur, herrlicher Sandstrand &amp; einzigartiger M\u00e4rchenwald<\/h3>\n<p>Genie\u00dfen Sie diese einmalige Fahrt durch den \u00e4ltesten und unber\u00fchrtesten Teil Teneriffas. Entdecken Sie Natur pur und lassen Sie sich verzaubern vom einzigartigen M\u00e4rchenwald.<\/p>\n<p>In Mini-Vans fahren Sie in die geschichtstr\u00e4chtige Universit\u00e4tsstadt La Laguna, die 1999 zum UNESCO-Weltkulturerbe ernannt wurde. Erkunden Sie bei ein wenig Freizeit die lebhafte Markthalle und die typischen, kanarischen Kolonialh\u00e4user. Im Anschluss geht es durch den Mercedes-Wald hinauf zum Anaga-Gebirge. Diese Berglandschaft entstand vor rund 7 bis 9 Millionen Jahren und geh\u00f6rt zu den \u00e4ltesten Landschaftsformen der Insel.<\/p>\n<p>Nachdem Sie den M\u00e4rchenwald erkundet haben, geht die Fahrt an der Nordseite der Insel weiter zum urspr\u00fcnglichen Dorf Taganana, wo Sie frischen Fisch zu Mittag essen (wahlweise auch Fleisch oder vegetarisches Essen).<\/p>\n<p>Nach dem Mittagessen geht es an der Ostk\u00fcste am traumhaften Sahara-Sandstrand Playa de las Teresitas entlang und durch die junge Hauptstadt Santa Cruz de Tenerife bis nach Candelaria, dem bedeutendsten katholischen Wallfahrtsort der Kanaren. Dort besichtigen Sie in der Basilika die Schwarze Madonna, bevor es zur\u00fcck in Ihr Hotel geht.<\/p>\n<p><strong>Ausflugsveranstalter: <\/strong>Go Vacation Spain SLU, CIF B-57828360<\/p>\n","protected":false},"excerpt":{"rendered":"<p>Kunst &amp; Kultur, herrlicher Sandstrand &amp; einzigartiger M\u00e4rchenwald Genie\u00dfen Sie diese einmalige Fahrt durch den \u00e4ltesten und unber\u00fchrtesten Teil Teneriffas. Entdecken Sie Natur pur und lassen Sie sich verzaubern vom einzigartigen M\u00e4rchenwald. In Mini-Vans fahren Sie in die geschichtstr\u00e4chtige Universit\u00e4tsstadt La Laguna, die 1999 zum UNESCO-Weltkulturerbe ernannt wurde. Erkunden Sie bei ein wenig Freizeit die [&hellip;]<\/p>\n","protected":false},"featured_media":11182,"template":"","meta":{"_acf_changed":false,"ocean_post_layout":"","ocean_both_sidebars_style":"","ocean_both_sidebars_content_width":0,"ocean_both_sidebars_sidebars_width":0,"ocean_sidebar":"0","ocean_second_sidebar":"0","ocean_disable_margins":"enable","ocean_add_body_class":"","ocean_shortcode_before_top_bar":"","ocean_shortcode_after_top_bar":"","ocean_shortcode_before_header":"","ocean_shortcode_after_header":"","ocean_has_shortcode":"","ocean_shortcode_after_title":"","ocean_shortcode_before_footer_widgets":"","ocean_shortcode_after_footer_widgets":"","ocean_shortcode_before_footer_bottom":"","ocean_shortcode_after_footer_bottom":"","ocean_display_top_bar":"default","ocean_display_header":"default","ocean_header_style":"","ocean_center_header_left_menu":"0","ocean_custom_header_template":"0","ocean_custom_logo":0,"ocean_custom_retina_logo":0,"ocean_custom_logo_max_width":0,"ocean_custom_logo_tablet_max_width":0,"ocean_custom_logo_mobile_max_width":0,"ocean_custom_logo_max_height":0,"ocean_custom_logo_tablet_max_height":0,"ocean_custom_logo_mobile_max_height":0,"ocean_header_custom_menu":"0","ocean_menu_typo_font_family":"0","ocean_menu_typo_font_subset":"","ocean_menu_typo_font_size":0,"ocean_menu_typo_font_size_tablet":0,"ocean_menu_typo_font_size_mobile":0,"ocean_menu_typo_font_size_unit":"px","ocean_menu_typo_font_weight":"","ocean_menu_typo_font_weight_tablet":"","ocean_menu_typo_font_weight_mobile":"","ocean_menu_typo_transform":"","ocean_menu_typo_transform_tablet":"","ocean_menu_typo_transform_mobile":"","ocean_menu_typo_line_height":0,"ocean_menu_typo_line_height_tablet":0,"ocean_menu_typo_line_height_mobile":0,"ocean_menu_typo_line_height_unit":"","ocean_menu_typo_spacing":0,"ocean_menu_typo_spacing_tablet":0,"ocean_menu_typo_spacing_mobile":0,"ocean_menu_typo_spacing_unit":"","ocean_menu_link_color":"","ocean_menu_link_color_hover":"","ocean_menu_link_color_active":"","ocean_menu_link_background":"","ocean_menu_link_hover_background":"","ocean_menu_link_active_background":"","ocean_menu_social_links_bg":"","ocean_menu_social_hover_links_bg":"","ocean_menu_social_links_color":"","ocean_menu_social_hover_links_color":"","ocean_disable_title":"default","ocean_disable_heading":"default","ocean_post_title":"","ocean_post_subheading":"","ocean_post_title_style":"background-image","ocean_post_title_background_color":"","ocean_post_title_background":11185,"ocean_post_title_bg_image_position":"","ocean_post_title_bg_image_attachment":"","ocean_post_title_bg_image_repeat":"","ocean_post_title_bg_image_size":"","ocean_post_title_height":0,"ocean_post_title_bg_overlay":0.5,"ocean_post_title_bg_overlay_color":"","ocean_disable_breadcrumbs":"default","ocean_breadcrumbs_color":"","ocean_breadcrumbs_separator_color":"","ocean_breadcrumbs_links_color":"","ocean_breadcrumbs_links_hover_color":"","ocean_display_footer_widgets":"default","ocean_display_footer_bottom":"default","ocean_custom_footer_template":"0","omw_enable_modal_window":"enable","osh_disable_topbar_sticky":"default","osh_disable_header_sticky":"default","osh_sticky_header_style":"default","osh_sticky_header_effect":"","osh_custom_sticky_logo":0,"osh_custom_retina_sticky_logo":0,"osh_custom_sticky_logo_height":0,"osh_background_color":"","osh_links_color":"","osh_links_hover_color":"","osh_links_active_color":"","osh_links_bg_color":"","osh_links_hover_bg_color":"","osh_links_active_bg_color":"","osh_menu_social_links_color":"","osh_menu_social_hover_links_color":""},"ort":[558,557,565,563,580,564,554,559,560],"sichtbarkeit":[],"templateoption":[179],"product_brand":[],"product_cat":[182],"product_tag":[],"class_list":{"0":"post-11180","1":"product","2":"type-product","3":"status-publish","4":"has-post-thumbnail","6":"ort-alcala","7":"ort-costa-adeje","8":"ort-guia-de-isora","9":"ort-los-cristianos","10":"ort-los-gigantes","11":"ort-playa-de-la-arena","12":"ort-playa-de-las-americas","13":"ort-playa-paraiso","14":"ort-puerto-de-santiago","15":"templateoption-dertrip-bc","16":"product_cat-ausfluege","18":"entry","19":"has-media","21":"first","22":"instock","23":"virtual","24":"purchasable","25":"product-type-simple","26":"has-product-nav","27":"col","28":"span_1_of_3","29":"owp-content-center","30":"owp-thumbs-layout-horizontal","31":"owp-btn-normal","32":"owp-tabs-layout-section"},"acf":[],"_links":{"self":[{"href":"https:\/\/www.dertour-reiseleitung.com\/teneriffa\/wp-json\/wp\/v2\/product\/11180","targetHints":{"allow":["GET"]}}],"collection":[{"href":"https:\/\/www.dertour-reiseleitung.com\/teneriffa\/wp-json\/wp\/v2\/product"}],"about":[{"href":"https:\/\/www.dertour-reiseleitung.com\/teneriffa\/wp-json\/wp\/v2\/types\/product"}],"version-history":[{"count":8,"href":"https:\/\/www.dertour-reiseleitung.com\/teneriffa\/wp-json\/wp\/v2\/product\/11180\/revisions"}],"predecessor-version":[{"id":18123,"href":"https:\/\/www.dertour-reiseleitung.com\/teneriffa\/wp-json\/wp\/v2\/product\/11180\/revisions\/18123"}],"wp:featuredmedia":[{"embeddable":true,"href":"https:\/\/www.dertour-reiseleitung.com\/teneriffa\/wp-json\/wp\/v2\/media\/11182"}],"wp:attachment":[{"href":"https:\/\/www.dertour-reiseleitung.com\/teneriffa\/wp-json\/wp\/v2\/media?parent=11180"}],"wp:term":[{"taxonomy":"ort","embeddable":true,"href":"https:\/\/www.dertour-reiseleitung.com\/teneriffa\/wp-json\/wp\/v2\/ort?post=11180"},{"taxonomy":"sichtbarkeit","embeddable":true,"href":"https:\/\/www.dertour-reiseleitung.com\/teneriffa\/wp-json\/wp\/v2\/sichtbarkeit?post=11180"},{"taxonomy":"templateoption","embeddable":true,"href":"https:\/\/www.dertour-reiseleitung.com\/teneriffa\/wp-json\/wp\/v2\/templateoption?post=11180"},{"taxonomy":"product_brand","embeddable":true,"href":"https:\/\/www.dertour-reiseleitung.com\/teneriffa\/wp-json\/wp\/v2\/product_brand?post=11180"},{"taxonomy":"product_cat","embeddable":true,"href":"https:\/\/www.dertour-reiseleitung.com\/teneriffa\/wp-json\/wp\/v2\/product_cat?post=11180"},{"taxonomy":"product_tag","embeddable":true,"href":"https:\/\/www.dertour-reiseleitung.com\/teneriffa\/wp-json\/wp\/v2\/product_tag?post=11180"}],"curies":[{"name":"wp","href":"https:\/\/api.w.org\/{rel}","templated":true}]}}