{"id":11209,"date":"2025-03-19T05:42:19","date_gmt":"2025-03-19T05:42:19","guid":{"rendered":"https:\/\/www.dertour-reiseleitung.com\/teneriffa\/aktivitaeten\/vip-tour-la-laguna-anaga-gebirge\/"},"modified":"2026-02-27T12:49:10","modified_gmt":"2026-02-27T11:49:10","slug":"vip-tour-la-laguna-anaga-gebirge-dds-028-1","status":"publish","type":"product","link":"https:\/\/www.dertour-reiseleitung.com\/teneriffa\/aktivitaeten\/vip-tour-la-laguna-anaga-gebirge-dds-028-1\/","title":{"rendered":"VIP-Tour La Laguna-Anaga-Gebirge"},"content":{"rendered":"<h3>Mystische Natur im Norden Teneriffas<\/h3>\n<p>Auf dieser abwechslungsreichen Fahrt voller Kontraste werden Sie in Mini-Vans den Nordosten der Insel kennenlernen.<\/p>\n<p>Schon wenige Kilometer nach der Abfahrt erreichen Sie den Aussichtspunkt Mirador de Humboldt. Als Skulptur sitzt dort der gro\u00dfe, deutsche Naturforscher Alexander von Humboldt ganz locker auf der Mauer. Von hier haben Sie einen spektakul\u00e4ren Blick auf das Orotavatal und auf Puerto de la Cruz.<\/p>\n<p>Erkunden Sie bei ein wenig Freizeit die als Weltkulturerbe der UNESCO ausgezeichnete ehemalige Hauptstadt La Laguna. Weiterfahrt durch die heutige Hauptstadt Santa Cruz de Tenerife zum Fotostopp am hellen, bekannten Sandstrand Playa de las Teresitas.<\/p>\n<p>Sie durchqueren das Anaga-Gebirge, den \u00e4ltesten Gebirgszug Teneriffas. Diese spektakul\u00e4re, vulkanische Formation beherbergt einige der wichtigsten und \u00e4ltesten Lorbeerw\u00e4lder, Baumheidegew\u00e4chse und Kakteen der Welt und bildet ein Naturschutzgebiet von unsch\u00e4tzbarem Wert. Hier entsteht das Wetter durch die Nord-Ost-Passatwinde, die \u00fcberlebenswichtig f\u00fcr die Insel sind.<\/p>\n<p>In Taganana, einer der \u00e4ltesten Ansiedlungen der Insel, werden Sie Ihr Mittagessen einnehmen. Am Aussichtspunkt Pico del Ingles haben Sie einen atemberaubenden Blick \u00fcber das gesamte Anaga-Gebirge, Santa Cruz und den Teide.<\/p>\n<p>Durch den Mercedeswald geht es weiter nach Tacoronte, wo Sie eine kleine Weinverkostung genie\u00dfen. Danach fahren Sie zur\u00fcck nach Puerto de la Cruz.<\/p>\n<p><strong>Ausflugsveranstalter: <\/strong>Go Vacation Spain SLU, CIF B-57828360<\/p>\n","protected":false},"excerpt":{"rendered":"<p>Mystische Natur im Norden Teneriffas Auf dieser abwechslungsreichen Fahrt voller Kontraste werden Sie in Mini-Vans den Nordosten der Insel kennenlernen. Schon wenige Kilometer nach der Abfahrt erreichen Sie den Aussichtspunkt Mirador de Humboldt. Als Skulptur sitzt dort der gro\u00dfe, deutsche Naturforscher Alexander von Humboldt ganz locker auf der Mauer. Von hier haben Sie einen spektakul\u00e4ren [&hellip;]<\/p>\n","protected":false},"featured_media":11182,"template":"","meta":{"_acf_changed":false,"ocean_post_layout":"","ocean_both_sidebars_style":"","ocean_both_sidebars_content_width":0,"ocean_both_sidebars_sidebars_width":0,"ocean_sidebar":"0","ocean_second_sidebar":"0","ocean_disable_margins":"enable","ocean_add_body_class":"","ocean_shortcode_before_top_bar":"","ocean_shortcode_after_top_bar":"","ocean_shortcode_before_header":"","ocean_shortcode_after_header":"","ocean_has_shortcode":"","ocean_shortcode_after_title":"","ocean_shortcode_before_footer_widgets":"","ocean_shortcode_after_footer_widgets":"","ocean_shortcode_before_footer_bottom":"","ocean_shortcode_after_footer_bottom":"","ocean_display_top_bar":"default","ocean_display_header":"default","ocean_header_style":"","ocean_center_header_left_menu":"0","ocean_custom_header_template":"0","ocean_custom_logo":0,"ocean_custom_retina_logo":0,"ocean_custom_logo_max_width":0,"ocean_custom_logo_tablet_max_width":0,"ocean_custom_logo_mobile_max_width":0,"ocean_custom_logo_max_height":0,"ocean_custom_logo_tablet_max_height":0,"ocean_custom_logo_mobile_max_height":0,"ocean_header_custom_menu":"0","ocean_menu_typo_font_family":"0","ocean_menu_typo_font_subset":"","ocean_menu_typo_font_size":0,"ocean_menu_typo_font_size_tablet":0,"ocean_menu_typo_font_size_mobile":0,"ocean_menu_typo_font_size_unit":"px","ocean_menu_typo_font_weight":"","ocean_menu_typo_font_weight_tablet":"","ocean_menu_typo_font_weight_mobile":"","ocean_menu_typo_transform":"","ocean_menu_typo_transform_tablet":"","ocean_menu_typo_transform_mobile":"","ocean_menu_typo_line_height":0,"ocean_menu_typo_line_height_tablet":0,"ocean_menu_typo_line_height_mobile":0,"ocean_menu_typo_line_height_unit":"","ocean_menu_typo_spacing":0,"ocean_menu_typo_spacing_tablet":0,"ocean_menu_typo_spacing_mobile":0,"ocean_menu_typo_spacing_unit":"","ocean_menu_link_color":"","ocean_menu_link_color_hover":"","ocean_menu_link_color_active":"","ocean_menu_link_background":"","ocean_menu_link_hover_background":"","ocean_menu_link_active_background":"","ocean_menu_social_links_bg":"","ocean_menu_social_hover_links_bg":"","ocean_menu_social_links_color":"","ocean_menu_social_hover_links_color":"","ocean_disable_title":"default","ocean_disable_heading":"default","ocean_post_title":"","ocean_post_subheading":"","ocean_post_title_style":"background-image","ocean_post_title_background_color":"","ocean_post_title_background":11481,"ocean_post_title_bg_image_position":"","ocean_post_title_bg_image_attachment":"","ocean_post_title_bg_image_repeat":"","ocean_post_title_bg_image_size":"","ocean_post_title_height":0,"ocean_post_title_bg_overlay":0.5,"ocean_post_title_bg_overlay_color":"","ocean_disable_breadcrumbs":"default","ocean_breadcrumbs_color":"","ocean_breadcrumbs_separator_color":"","ocean_breadcrumbs_links_color":"","ocean_breadcrumbs_links_hover_color":"","ocean_display_footer_widgets":"default","ocean_display_footer_bottom":"default","ocean_custom_footer_template":"0","omw_enable_modal_window":"enable","osh_disable_topbar_sticky":"default","osh_disable_header_sticky":"default","osh_sticky_header_style":"default","osh_sticky_header_effect":"","osh_custom_sticky_logo":0,"osh_custom_retina_sticky_logo":0,"osh_custom_sticky_logo_height":0,"osh_background_color":"","osh_links_color":"","osh_links_hover_color":"","osh_links_active_color":"","osh_links_bg_color":"","osh_links_hover_bg_color":"","osh_links_active_bg_color":"","osh_menu_social_links_color":"","osh_menu_social_hover_links_color":""},"ort":[553],"sichtbarkeit":[],"templateoption":[179],"product_brand":[],"product_cat":[182],"product_tag":[],"class_list":{"0":"post-11209","1":"product","2":"type-product","3":"status-publish","4":"has-post-thumbnail","6":"ort-puerto-de-la-cruz","7":"templateoption-dertrip-bc","8":"product_cat-ausfluege","10":"entry","11":"has-media","13":"first","14":"instock","15":"virtual","16":"purchasable","17":"product-type-simple","18":"has-product-nav","19":"col","20":"span_1_of_3","21":"owp-content-center","22":"owp-thumbs-layout-horizontal","23":"owp-btn-normal","24":"owp-tabs-layout-section"},"acf":[],"_links":{"self":[{"href":"https:\/\/www.dertour-reiseleitung.com\/teneriffa\/wp-json\/wp\/v2\/product\/11209","targetHints":{"allow":["GET"]}}],"collection":[{"href":"https:\/\/www.dertour-reiseleitung.com\/teneriffa\/wp-json\/wp\/v2\/product"}],"about":[{"href":"https:\/\/www.dertour-reiseleitung.com\/teneriffa\/wp-json\/wp\/v2\/types\/product"}],"version-history":[{"count":10,"href":"https:\/\/www.dertour-reiseleitung.com\/teneriffa\/wp-json\/wp\/v2\/product\/11209\/revisions"}],"predecessor-version":[{"id":18127,"href":"https:\/\/www.dertour-reiseleitung.com\/teneriffa\/wp-json\/wp\/v2\/product\/11209\/revisions\/18127"}],"wp:featuredmedia":[{"embeddable":true,"href":"https:\/\/www.dertour-reiseleitung.com\/teneriffa\/wp-json\/wp\/v2\/media\/11182"}],"wp:attachment":[{"href":"https:\/\/www.dertour-reiseleitung.com\/teneriffa\/wp-json\/wp\/v2\/media?parent=11209"}],"wp:term":[{"taxonomy":"ort","embeddable":true,"href":"https:\/\/www.dertour-reiseleitung.com\/teneriffa\/wp-json\/wp\/v2\/ort?post=11209"},{"taxonomy":"sichtbarkeit","embeddable":true,"href":"https:\/\/www.dertour-reiseleitung.com\/teneriffa\/wp-json\/wp\/v2\/sichtbarkeit?post=11209"},{"taxonomy":"templateoption","embeddable":true,"href":"https:\/\/www.dertour-reiseleitung.com\/teneriffa\/wp-json\/wp\/v2\/templateoption?post=11209"},{"taxonomy":"product_brand","embeddable":true,"href":"https:\/\/www.dertour-reiseleitung.com\/teneriffa\/wp-json\/wp\/v2\/product_brand?post=11209"},{"taxonomy":"product_cat","embeddable":true,"href":"https:\/\/www.dertour-reiseleitung.com\/teneriffa\/wp-json\/wp\/v2\/product_cat?post=11209"},{"taxonomy":"product_tag","embeddable":true,"href":"https:\/\/www.dertour-reiseleitung.com\/teneriffa\/wp-json\/wp\/v2\/product_tag?post=11209"}],"curies":[{"name":"wp","href":"https:\/\/api.w.org\/{rel}","templated":true}]}}