{"id":11364,"date":"2025-03-19T05:47:01","date_gmt":"2025-03-19T05:47:01","guid":{"rendered":"https:\/\/www.dertour-reiseleitung.com\/teneriffa\/aktivitaeten\/teide-masca-garachico-icod-de-los-vinos-ab-puerto-de-la-cruz\/"},"modified":"2026-05-12T14:22:13","modified_gmt":"2026-05-12T13:22:13","slug":"teide-masca-garachico-icod-de-los-vinos-dds-019-1","status":"publish","type":"product","link":"https:\/\/www.dertour-reiseleitung.com\/teneriffa\/aktivitaeten\/teide-masca-garachico-icod-de-los-vinos-dds-019-1\/","title":{"rendered":"Teide, Masca, Garachico &amp; Icod de los Vinos"},"content":{"rendered":"<h3>Entdecken Sie Vulkanwelten, Bergd\u00f6rfer und K\u00fcstenst\u00e4dte!<\/h3>\n<p>Bei diesem Tagesausflug geht es mit Deutsch sprechendem Reisef\u00fchrer in den Westen Teneriffas zu den landschaftlichen H\u00f6hepunkten der Insel.<\/p>\n<p>Der Teide ist mit \u00fcber 3.700 m nicht nur der h\u00f6chste Punkt Spaniens, er ist dank seiner fantastischen Kraterlandschaft schon lange Weltnaturerbe der UNESCO. Lassen Sie sich an zahlreichen Haltepunkten von den kuriosen Gesteinsformationen wie den Roques de Garcia oder dem Schuh der K\u00f6nigin faszinieren, und erfahren Sie bei einigen Schritten auf der Lava, warum dieses Gestein AA Lava genannt wird.<\/p>\n<p>Vom Zentrum der Insel, mit seiner gewaltigen Caldera und seinen zahlreichen Vulkanen, geht es nach Masca. Dieses urige Bauerndorf liegt im Teno Gebirge und war lange nur von der Wasserseite aus zug\u00e4nglich. Heute gibt es eine atemberaubende Stra\u00dfe, die auch Sie begeistern wird.<\/p>\n<p>Zur\u00fcck an der Nordk\u00fcste steht Garachico auf dem Programm. Die ehemalige Hafenstadt wurde von einem Vulkanausbruch fast komplett zerst\u00f6rt. Die Reste bilden heute eine der sch\u00f6nsten Altst\u00e4dte Teneriffas.<\/p>\n<p>In Icod de los Vinos steht zum Abschluss dieses Tages noch der weltbekannte und angeblich \u00e4lteste Drachenbaum der Welt auf dem Programm.<\/p>\n<p>Aufgrund seiner einmaligen Landschaften und seiner sehenswerten St\u00e4dte wird Sie auch dieser Ausflug begeistern und lange von Teneriffa schw\u00e4rmen lassen.<\/p>\n<p><strong>Ausflugsveranstalter:<\/strong> Go Vacation Spain SLU, CIF: B-57828360<\/p>\n","protected":false},"excerpt":{"rendered":"<p>Entdecken Sie Vulkanwelten, Bergd\u00f6rfer und K\u00fcstenst\u00e4dte! Bei diesem Tagesausflug geht es mit Deutsch sprechendem Reisef\u00fchrer in den Westen Teneriffas zu den landschaftlichen H\u00f6hepunkten der Insel. Der Teide ist mit \u00fcber 3.700 m nicht nur der h\u00f6chste Punkt Spaniens, er ist dank seiner fantastischen Kraterlandschaft schon lange Weltnaturerbe der UNESCO. Lassen Sie sich an zahlreichen Haltepunkten [&hellip;]<\/p>\n","protected":false},"featured_media":11366,"template":"","meta":{"_acf_changed":false,"ocean_post_layout":"","ocean_both_sidebars_style":"","ocean_both_sidebars_content_width":0,"ocean_both_sidebars_sidebars_width":0,"ocean_sidebar":"0","ocean_second_sidebar":"0","ocean_disable_margins":"enable","ocean_add_body_class":"","ocean_shortcode_before_top_bar":"","ocean_shortcode_after_top_bar":"","ocean_shortcode_before_header":"","ocean_shortcode_after_header":"","ocean_has_shortcode":"","ocean_shortcode_after_title":"","ocean_shortcode_before_footer_widgets":"","ocean_shortcode_after_footer_widgets":"","ocean_shortcode_before_footer_bottom":"","ocean_shortcode_after_footer_bottom":"","ocean_display_top_bar":"default","ocean_display_header":"default","ocean_header_style":"","ocean_center_header_left_menu":"0","ocean_custom_header_template":"0","ocean_custom_logo":0,"ocean_custom_retina_logo":0,"ocean_custom_logo_max_width":0,"ocean_custom_logo_tablet_max_width":0,"ocean_custom_logo_mobile_max_width":0,"ocean_custom_logo_max_height":0,"ocean_custom_logo_tablet_max_height":0,"ocean_custom_logo_mobile_max_height":0,"ocean_header_custom_menu":"0","ocean_menu_typo_font_family":"0","ocean_menu_typo_font_subset":"","ocean_menu_typo_font_size":0,"ocean_menu_typo_font_size_tablet":0,"ocean_menu_typo_font_size_mobile":0,"ocean_menu_typo_font_size_unit":"px","ocean_menu_typo_font_weight":"","ocean_menu_typo_font_weight_tablet":"","ocean_menu_typo_font_weight_mobile":"","ocean_menu_typo_transform":"","ocean_menu_typo_transform_tablet":"","ocean_menu_typo_transform_mobile":"","ocean_menu_typo_line_height":0,"ocean_menu_typo_line_height_tablet":0,"ocean_menu_typo_line_height_mobile":0,"ocean_menu_typo_line_height_unit":"","ocean_menu_typo_spacing":0,"ocean_menu_typo_spacing_tablet":0,"ocean_menu_typo_spacing_mobile":0,"ocean_menu_typo_spacing_unit":"","ocean_menu_link_color":"","ocean_menu_link_color_hover":"","ocean_menu_link_color_active":"","ocean_menu_link_background":"","ocean_menu_link_hover_background":"","ocean_menu_link_active_background":"","ocean_menu_social_links_bg":"","ocean_menu_social_hover_links_bg":"","ocean_menu_social_links_color":"","ocean_menu_social_hover_links_color":"","ocean_disable_title":"default","ocean_disable_heading":"default","ocean_post_title":"","ocean_post_subheading":"","ocean_post_title_style":"background-image","ocean_post_title_background_color":"","ocean_post_title_background":11251,"ocean_post_title_bg_image_position":"","ocean_post_title_bg_image_attachment":"","ocean_post_title_bg_image_repeat":"","ocean_post_title_bg_image_size":"","ocean_post_title_height":0,"ocean_post_title_bg_overlay":0.5,"ocean_post_title_bg_overlay_color":"","ocean_disable_breadcrumbs":"default","ocean_breadcrumbs_color":"","ocean_breadcrumbs_separator_color":"","ocean_breadcrumbs_links_color":"","ocean_breadcrumbs_links_hover_color":"","ocean_display_footer_widgets":"default","ocean_display_footer_bottom":"default","ocean_custom_footer_template":"0","omw_enable_modal_window":"enable","osh_disable_topbar_sticky":"default","osh_disable_header_sticky":"default","osh_sticky_header_style":"default","osh_sticky_header_effect":"","osh_custom_sticky_logo":0,"osh_custom_retina_sticky_logo":0,"osh_custom_sticky_logo_height":0,"osh_background_color":"","osh_links_color":"","osh_links_hover_color":"","osh_links_active_color":"","osh_links_bg_color":"","osh_links_hover_bg_color":"","osh_links_active_bg_color":"","osh_menu_social_links_color":"","osh_menu_social_hover_links_color":""},"ort":[553],"sichtbarkeit":[],"templateoption":[179],"product_brand":[],"product_cat":[182],"product_tag":[],"class_list":{"0":"post-11364","1":"product","2":"type-product","3":"status-publish","4":"has-post-thumbnail","6":"ort-puerto-de-la-cruz","7":"templateoption-dertrip-bc","8":"product_cat-ausfluege","10":"entry","11":"has-media","13":"first","14":"instock","15":"virtual","16":"purchasable","17":"product-type-simple","18":"has-product-nav","19":"col","20":"span_1_of_3","21":"owp-content-center","22":"owp-thumbs-layout-horizontal","23":"owp-btn-normal","24":"owp-tabs-layout-section"},"acf":[],"_links":{"self":[{"href":"https:\/\/www.dertour-reiseleitung.com\/teneriffa\/wp-json\/wp\/v2\/product\/11364","targetHints":{"allow":["GET"]}}],"collection":[{"href":"https:\/\/www.dertour-reiseleitung.com\/teneriffa\/wp-json\/wp\/v2\/product"}],"about":[{"href":"https:\/\/www.dertour-reiseleitung.com\/teneriffa\/wp-json\/wp\/v2\/types\/product"}],"version-history":[{"count":10,"href":"https:\/\/www.dertour-reiseleitung.com\/teneriffa\/wp-json\/wp\/v2\/product\/11364\/revisions"}],"predecessor-version":[{"id":19712,"href":"https:\/\/www.dertour-reiseleitung.com\/teneriffa\/wp-json\/wp\/v2\/product\/11364\/revisions\/19712"}],"wp:featuredmedia":[{"embeddable":true,"href":"https:\/\/www.dertour-reiseleitung.com\/teneriffa\/wp-json\/wp\/v2\/media\/11366"}],"wp:attachment":[{"href":"https:\/\/www.dertour-reiseleitung.com\/teneriffa\/wp-json\/wp\/v2\/media?parent=11364"}],"wp:term":[{"taxonomy":"ort","embeddable":true,"href":"https:\/\/www.dertour-reiseleitung.com\/teneriffa\/wp-json\/wp\/v2\/ort?post=11364"},{"taxonomy":"sichtbarkeit","embeddable":true,"href":"https:\/\/www.dertour-reiseleitung.com\/teneriffa\/wp-json\/wp\/v2\/sichtbarkeit?post=11364"},{"taxonomy":"templateoption","embeddable":true,"href":"https:\/\/www.dertour-reiseleitung.com\/teneriffa\/wp-json\/wp\/v2\/templateoption?post=11364"},{"taxonomy":"product_brand","embeddable":true,"href":"https:\/\/www.dertour-reiseleitung.com\/teneriffa\/wp-json\/wp\/v2\/product_brand?post=11364"},{"taxonomy":"product_cat","embeddable":true,"href":"https:\/\/www.dertour-reiseleitung.com\/teneriffa\/wp-json\/wp\/v2\/product_cat?post=11364"},{"taxonomy":"product_tag","embeddable":true,"href":"https:\/\/www.dertour-reiseleitung.com\/teneriffa\/wp-json\/wp\/v2\/product_tag?post=11364"}],"curies":[{"name":"wp","href":"https:\/\/api.w.org\/{rel}","templated":true}]}}