{"id":11431,"date":"2025-03-19T05:49:14","date_gmt":"2025-03-19T05:49:14","guid":{"rendered":"https:\/\/www.dertour-reiseleitung.com\/teneriffa\/aktivitaeten\/agroturismo-bananen-und-weine\/"},"modified":"2026-04-16T11:02:14","modified_gmt":"2026-04-16T10:02:14","slug":"agroturismo-bananen-und-weine-dds-001-1","status":"publish","type":"product","link":"https:\/\/www.dertour-reiseleitung.com\/teneriffa\/aktivitaeten\/agroturismo-bananen-und-weine-dds-001-1\/","title":{"rendered":"Agroturismo &#8211; Bananen und Weine"},"content":{"rendered":"<h3>Entdecken Sie Teneriffas Aromen zwischen Frucht &amp; Vulkan!<\/h3>\n<p>Besuchen Sie eine Bananenfarm und erfahren Sie alles \u00fcber den Bananenanbau. Bei einer F\u00fchrung wird erl\u00e4utert, wie diese Frucht im Laufe der Jahre angebaut wurde. Au\u00dferdem lernen Sie etwas \u00fcber die Geschichte des Gofio und seine Zubereitung sowie die verschiedenen Verzehrarten.<\/p>\n<p>Probieren Sie lokale Produkte aus Banane, Gofio und Palmenhonig und lernen Sie verschiedene tropische Fr\u00fcchte kennen.<\/p>\n<p>Danach geht es weiter zum Aussichtspunkt Centinela in der Gemeinde San Miguel de Abona, wo Sie Informationen zur geologischen Entstehung dieses Teils der Insel und seiner Vulkane erhalten.<\/p>\n<p>Anschlie\u00dfend geht es weiter zu einem interessanten Weingut, welches auf einer H\u00f6he von 1200 m gelegen. Nehmen Sie an einem Rundgang teil und erfahren Sie alles \u00fcber die Einrichtungen des Weinguts, dessen Maschinen und die Weinherstellung. Der Rundgang wird abgerundet durch eine kostenlose Weinprobe von bis zu f\u00fcnf Weinsorten, bevor Sie zu Ihrem Hotel zur\u00fcckkehren.<\/p>\n<p><strong>Ausflugsveranstalter:<\/strong> Go Vacation Spain SLU, CIF B-57828360<\/p>\n<p>&nbsp;<\/p>\n","protected":false},"excerpt":{"rendered":"<p>Entdecken Sie Teneriffas Aromen zwischen Frucht &amp; Vulkan! Besuchen Sie eine Bananenfarm und erfahren Sie alles \u00fcber den Bananenanbau. Bei einer F\u00fchrung wird erl\u00e4utert, wie diese Frucht im Laufe der Jahre angebaut wurde. Au\u00dferdem lernen Sie etwas \u00fcber die Geschichte des Gofio und seine Zubereitung sowie die verschiedenen Verzehrarten. Probieren Sie lokale Produkte aus Banane, [&hellip;]<\/p>\n","protected":false},"featured_media":11433,"template":"","meta":{"_acf_changed":false,"ocean_post_layout":"","ocean_both_sidebars_style":"","ocean_both_sidebars_content_width":0,"ocean_both_sidebars_sidebars_width":0,"ocean_sidebar":"0","ocean_second_sidebar":"0","ocean_disable_margins":"enable","ocean_add_body_class":"","ocean_shortcode_before_top_bar":"","ocean_shortcode_after_top_bar":"","ocean_shortcode_before_header":"","ocean_shortcode_after_header":"","ocean_has_shortcode":"","ocean_shortcode_after_title":"","ocean_shortcode_before_footer_widgets":"","ocean_shortcode_after_footer_widgets":"","ocean_shortcode_before_footer_bottom":"","ocean_shortcode_after_footer_bottom":"","ocean_display_top_bar":"default","ocean_display_header":"default","ocean_header_style":"","ocean_center_header_left_menu":"0","ocean_custom_header_template":"0","ocean_custom_logo":0,"ocean_custom_retina_logo":0,"ocean_custom_logo_max_width":0,"ocean_custom_logo_tablet_max_width":0,"ocean_custom_logo_mobile_max_width":0,"ocean_custom_logo_max_height":0,"ocean_custom_logo_tablet_max_height":0,"ocean_custom_logo_mobile_max_height":0,"ocean_header_custom_menu":"0","ocean_menu_typo_font_family":"0","ocean_menu_typo_font_subset":"","ocean_menu_typo_font_size":0,"ocean_menu_typo_font_size_tablet":0,"ocean_menu_typo_font_size_mobile":0,"ocean_menu_typo_font_size_unit":"px","ocean_menu_typo_font_weight":"","ocean_menu_typo_font_weight_tablet":"","ocean_menu_typo_font_weight_mobile":"","ocean_menu_typo_transform":"","ocean_menu_typo_transform_tablet":"","ocean_menu_typo_transform_mobile":"","ocean_menu_typo_line_height":0,"ocean_menu_typo_line_height_tablet":0,"ocean_menu_typo_line_height_mobile":0,"ocean_menu_typo_line_height_unit":"","ocean_menu_typo_spacing":0,"ocean_menu_typo_spacing_tablet":0,"ocean_menu_typo_spacing_mobile":0,"ocean_menu_typo_spacing_unit":"","ocean_menu_link_color":"","ocean_menu_link_color_hover":"","ocean_menu_link_color_active":"","ocean_menu_link_background":"","ocean_menu_link_hover_background":"","ocean_menu_link_active_background":"","ocean_menu_social_links_bg":"","ocean_menu_social_hover_links_bg":"","ocean_menu_social_links_color":"","ocean_menu_social_hover_links_color":"","ocean_disable_title":"default","ocean_disable_heading":"default","ocean_post_title":"","ocean_post_subheading":"","ocean_post_title_style":"background-image","ocean_post_title_background_color":"","ocean_post_title_background":11437,"ocean_post_title_bg_image_position":"","ocean_post_title_bg_image_attachment":"","ocean_post_title_bg_image_repeat":"","ocean_post_title_bg_image_size":"","ocean_post_title_height":0,"ocean_post_title_bg_overlay":0.5,"ocean_post_title_bg_overlay_color":"","ocean_disable_breadcrumbs":"default","ocean_breadcrumbs_color":"","ocean_breadcrumbs_separator_color":"","ocean_breadcrumbs_links_color":"","ocean_breadcrumbs_links_hover_color":"","ocean_display_footer_widgets":"default","ocean_display_footer_bottom":"default","ocean_custom_footer_template":"0","omw_enable_modal_window":"enable","osh_disable_topbar_sticky":"default","osh_disable_header_sticky":"default","osh_sticky_header_style":"default","osh_sticky_header_effect":"","osh_custom_sticky_logo":0,"osh_custom_retina_sticky_logo":0,"osh_custom_sticky_logo_height":0,"osh_background_color":"","osh_links_color":"","osh_links_hover_color":"","osh_links_active_color":"","osh_links_bg_color":"","osh_links_hover_bg_color":"","osh_links_active_bg_color":"","osh_menu_social_links_color":"","osh_menu_social_hover_links_color":""},"ort":[558,557,565,563,580,564,554,559,560],"sichtbarkeit":[],"templateoption":[179],"product_brand":[],"product_cat":[182],"product_tag":[],"class_list":{"0":"post-11431","1":"product","2":"type-product","3":"status-publish","4":"has-post-thumbnail","6":"ort-alcala","7":"ort-costa-adeje","8":"ort-guia-de-isora","9":"ort-los-cristianos","10":"ort-los-gigantes","11":"ort-playa-de-la-arena","12":"ort-playa-de-las-americas","13":"ort-playa-paraiso","14":"ort-puerto-de-santiago","15":"templateoption-dertrip-bc","16":"product_cat-ausfluege","18":"entry","19":"has-media","21":"first","22":"instock","23":"virtual","24":"purchasable","25":"product-type-simple","26":"has-product-nav","27":"col","28":"span_1_of_3","29":"owp-content-center","30":"owp-thumbs-layout-horizontal","31":"owp-btn-normal","32":"owp-tabs-layout-section"},"acf":[],"_links":{"self":[{"href":"https:\/\/www.dertour-reiseleitung.com\/teneriffa\/wp-json\/wp\/v2\/product\/11431","targetHints":{"allow":["GET"]}}],"collection":[{"href":"https:\/\/www.dertour-reiseleitung.com\/teneriffa\/wp-json\/wp\/v2\/product"}],"about":[{"href":"https:\/\/www.dertour-reiseleitung.com\/teneriffa\/wp-json\/wp\/v2\/types\/product"}],"version-history":[{"count":11,"href":"https:\/\/www.dertour-reiseleitung.com\/teneriffa\/wp-json\/wp\/v2\/product\/11431\/revisions"}],"predecessor-version":[{"id":19208,"href":"https:\/\/www.dertour-reiseleitung.com\/teneriffa\/wp-json\/wp\/v2\/product\/11431\/revisions\/19208"}],"wp:featuredmedia":[{"embeddable":true,"href":"https:\/\/www.dertour-reiseleitung.com\/teneriffa\/wp-json\/wp\/v2\/media\/11433"}],"wp:attachment":[{"href":"https:\/\/www.dertour-reiseleitung.com\/teneriffa\/wp-json\/wp\/v2\/media?parent=11431"}],"wp:term":[{"taxonomy":"ort","embeddable":true,"href":"https:\/\/www.dertour-reiseleitung.com\/teneriffa\/wp-json\/wp\/v2\/ort?post=11431"},{"taxonomy":"sichtbarkeit","embeddable":true,"href":"https:\/\/www.dertour-reiseleitung.com\/teneriffa\/wp-json\/wp\/v2\/sichtbarkeit?post=11431"},{"taxonomy":"templateoption","embeddable":true,"href":"https:\/\/www.dertour-reiseleitung.com\/teneriffa\/wp-json\/wp\/v2\/templateoption?post=11431"},{"taxonomy":"product_brand","embeddable":true,"href":"https:\/\/www.dertour-reiseleitung.com\/teneriffa\/wp-json\/wp\/v2\/product_brand?post=11431"},{"taxonomy":"product_cat","embeddable":true,"href":"https:\/\/www.dertour-reiseleitung.com\/teneriffa\/wp-json\/wp\/v2\/product_cat?post=11431"},{"taxonomy":"product_tag","embeddable":true,"href":"https:\/\/www.dertour-reiseleitung.com\/teneriffa\/wp-json\/wp\/v2\/product_tag?post=11431"}],"curies":[{"name":"wp","href":"https:\/\/api.w.org\/{rel}","templated":true}]}}