{"id":11452,"date":"2025-03-19T05:50:05","date_gmt":"2025-03-19T05:50:05","guid":{"rendered":"https:\/\/www.dertour-reiseleitung.com\/teneriffa\/aktivitaeten\/history-show-the-evolution-of-music-ab-playa-de-las-americas-paraiso-los-gigantes\/"},"modified":"2026-05-08T09:45:13","modified_gmt":"2026-05-08T08:45:13","slug":"history-show-the-evolution-of-music-dds-006-1","status":"publish","type":"product","link":"https:\/\/www.dertour-reiseleitung.com\/teneriffa\/aktivitaeten\/history-show-the-evolution-of-music-dds-006-1\/","title":{"rendered":"History Show &#8211; The Evolution of Music"},"content":{"rendered":"<h3>Eine Show f\u00fcr die ganze Familie<\/h3>\n<p>Erleben Sie eine atemberaubende Produktion mit 30 Musikern, S\u00e4ngern, T\u00e4nzern und Akrobaten, die den gr\u00f6\u00dften Komponisten, Bands und K\u00fcnstlern aller Zeiten Tribut zollt.<\/p>\n<p>Tauchen Sie ein in eine faszinierende Reise durch Tanz, Film, Theater und die unvergessliche Musik, die den Soundtrack unseres Lebens gepr\u00e4gt hat.<\/p>\n<p>HISTORY erweckt die entscheidenden Epochen der Musikgeschichte von Mozart bis Michael Jackson zum Leben. Von gregorianischen Ges\u00e4ngen bis hin zu Coldplay, von Beethoven bis Queen, von Chopin bis zu den Beatles, von Caruso bis Elvis Presley, von Ella Fitzgerald bis Madonna. Alle legend\u00e4ren Ikonen der Musikgeschichte sind in dieser mitrei\u00dfenden Performance vertreten.<\/p>\n<p>Erleben Sie die Entwicklung der Musik wie nie zuvor durch die gr\u00f6\u00dften Songs der Geschichte und unz\u00e4hlige unvergessliche Momente, die uns diese herausragenden K\u00fcnstler hinterlassen haben.<\/p>\n<p>Im \u201ePyramid Auditorium of Arona&#8220; in Playa de las Americas verbringen Sie diesen unvergesslichen Abend.<\/p>\n<p><strong>Ausflugsveranstalter:<\/strong> Go Vacation Spain SLU, CIF B-57828360<\/p>\n<p><span class=\"ui-provider a b c d e f g h i j k l m n o p q r s t u v w x y z ab ac ae af ag ah ai aj ak\" dir=\"ltr\">\u00a0<\/span><\/p>\n","protected":false},"excerpt":{"rendered":"<p>Eine Show f\u00fcr die ganze Familie Erleben Sie eine atemberaubende Produktion mit 30 Musikern, S\u00e4ngern, T\u00e4nzern und Akrobaten, die den gr\u00f6\u00dften Komponisten, Bands und K\u00fcnstlern aller Zeiten Tribut zollt. Tauchen Sie ein in eine faszinierende Reise durch Tanz, Film, Theater und die unvergessliche Musik, die den Soundtrack unseres Lebens gepr\u00e4gt hat. HISTORY erweckt die entscheidenden [&hellip;]<\/p>\n","protected":false},"featured_media":11454,"template":"","meta":{"_acf_changed":false,"ocean_post_layout":"","ocean_both_sidebars_style":"","ocean_both_sidebars_content_width":0,"ocean_both_sidebars_sidebars_width":0,"ocean_sidebar":"0","ocean_second_sidebar":"0","ocean_disable_margins":"enable","ocean_add_body_class":"","ocean_shortcode_before_top_bar":"","ocean_shortcode_after_top_bar":"","ocean_shortcode_before_header":"","ocean_shortcode_after_header":"","ocean_has_shortcode":"","ocean_shortcode_after_title":"","ocean_shortcode_before_footer_widgets":"","ocean_shortcode_after_footer_widgets":"","ocean_shortcode_before_footer_bottom":"","ocean_shortcode_after_footer_bottom":"","ocean_display_top_bar":"default","ocean_display_header":"default","ocean_header_style":"","ocean_center_header_left_menu":"0","ocean_custom_header_template":"0","ocean_custom_logo":0,"ocean_custom_retina_logo":0,"ocean_custom_logo_max_width":0,"ocean_custom_logo_tablet_max_width":0,"ocean_custom_logo_mobile_max_width":0,"ocean_custom_logo_max_height":0,"ocean_custom_logo_tablet_max_height":0,"ocean_custom_logo_mobile_max_height":0,"ocean_header_custom_menu":"0","ocean_menu_typo_font_family":"0","ocean_menu_typo_font_subset":"","ocean_menu_typo_font_size":0,"ocean_menu_typo_font_size_tablet":0,"ocean_menu_typo_font_size_mobile":0,"ocean_menu_typo_font_size_unit":"px","ocean_menu_typo_font_weight":"","ocean_menu_typo_font_weight_tablet":"","ocean_menu_typo_font_weight_mobile":"","ocean_menu_typo_transform":"","ocean_menu_typo_transform_tablet":"","ocean_menu_typo_transform_mobile":"","ocean_menu_typo_line_height":0,"ocean_menu_typo_line_height_tablet":0,"ocean_menu_typo_line_height_mobile":0,"ocean_menu_typo_line_height_unit":"","ocean_menu_typo_spacing":0,"ocean_menu_typo_spacing_tablet":0,"ocean_menu_typo_spacing_mobile":0,"ocean_menu_typo_spacing_unit":"","ocean_menu_link_color":"","ocean_menu_link_color_hover":"","ocean_menu_link_color_active":"","ocean_menu_link_background":"","ocean_menu_link_hover_background":"","ocean_menu_link_active_background":"","ocean_menu_social_links_bg":"","ocean_menu_social_hover_links_bg":"","ocean_menu_social_links_color":"","ocean_menu_social_hover_links_color":"","ocean_disable_title":"default","ocean_disable_heading":"default","ocean_post_title":"","ocean_post_subheading":"","ocean_post_title_style":"background-image","ocean_post_title_background_color":"","ocean_post_title_background":11458,"ocean_post_title_bg_image_position":"","ocean_post_title_bg_image_attachment":"","ocean_post_title_bg_image_repeat":"","ocean_post_title_bg_image_size":"","ocean_post_title_height":0,"ocean_post_title_bg_overlay":0.5,"ocean_post_title_bg_overlay_color":"","ocean_disable_breadcrumbs":"default","ocean_breadcrumbs_color":"","ocean_breadcrumbs_separator_color":"","ocean_breadcrumbs_links_color":"","ocean_breadcrumbs_links_hover_color":"","ocean_display_footer_widgets":"default","ocean_display_footer_bottom":"default","ocean_custom_footer_template":"0","omw_enable_modal_window":"enable","osh_disable_topbar_sticky":"default","osh_disable_header_sticky":"default","osh_sticky_header_style":"default","osh_sticky_header_effect":"","osh_custom_sticky_logo":0,"osh_custom_retina_sticky_logo":0,"osh_custom_sticky_logo_height":0,"osh_background_color":"","osh_links_color":"","osh_links_hover_color":"","osh_links_active_color":"","osh_links_bg_color":"","osh_links_hover_bg_color":"","osh_links_active_bg_color":"","osh_menu_social_links_color":"","osh_menu_social_hover_links_color":""},"ort":[558,603,557,566,555,565,563,580,562,604,564,554,559,553,560],"sichtbarkeit":[],"templateoption":[179],"product_brand":[],"product_cat":[183],"product_tag":[],"class_list":{"0":"post-11452","1":"product","2":"type-product","3":"status-publish","4":"has-post-thumbnail","6":"ort-alcala","7":"ort-buenavista-del-norte","8":"ort-costa-adeje","9":"ort-el-medano","10":"ort-golf-del-sur","11":"ort-guia-de-isora","12":"ort-los-cristianos","13":"ort-los-gigantes","14":"ort-los-realejos","15":"ort-los-silos","16":"ort-playa-de-la-arena","17":"ort-playa-de-las-americas","18":"ort-playa-paraiso","19":"ort-puerto-de-la-cruz","20":"ort-puerto-de-santiago","21":"templateoption-dertrip-bc","22":"product_cat-eintrittskarten","24":"entry","25":"has-media","27":"first","28":"instock","29":"virtual","30":"purchasable","31":"product-type-simple","32":"has-product-nav","33":"col","34":"span_1_of_3","35":"owp-content-center","36":"owp-thumbs-layout-horizontal","37":"owp-btn-normal","38":"owp-tabs-layout-section"},"acf":[],"_links":{"self":[{"href":"https:\/\/www.dertour-reiseleitung.com\/teneriffa\/wp-json\/wp\/v2\/product\/11452","targetHints":{"allow":["GET"]}}],"collection":[{"href":"https:\/\/www.dertour-reiseleitung.com\/teneriffa\/wp-json\/wp\/v2\/product"}],"about":[{"href":"https:\/\/www.dertour-reiseleitung.com\/teneriffa\/wp-json\/wp\/v2\/types\/product"}],"version-history":[{"count":11,"href":"https:\/\/www.dertour-reiseleitung.com\/teneriffa\/wp-json\/wp\/v2\/product\/11452\/revisions"}],"predecessor-version":[{"id":19631,"href":"https:\/\/www.dertour-reiseleitung.com\/teneriffa\/wp-json\/wp\/v2\/product\/11452\/revisions\/19631"}],"wp:featuredmedia":[{"embeddable":true,"href":"https:\/\/www.dertour-reiseleitung.com\/teneriffa\/wp-json\/wp\/v2\/media\/11454"}],"wp:attachment":[{"href":"https:\/\/www.dertour-reiseleitung.com\/teneriffa\/wp-json\/wp\/v2\/media?parent=11452"}],"wp:term":[{"taxonomy":"ort","embeddable":true,"href":"https:\/\/www.dertour-reiseleitung.com\/teneriffa\/wp-json\/wp\/v2\/ort?post=11452"},{"taxonomy":"sichtbarkeit","embeddable":true,"href":"https:\/\/www.dertour-reiseleitung.com\/teneriffa\/wp-json\/wp\/v2\/sichtbarkeit?post=11452"},{"taxonomy":"templateoption","embeddable":true,"href":"https:\/\/www.dertour-reiseleitung.com\/teneriffa\/wp-json\/wp\/v2\/templateoption?post=11452"},{"taxonomy":"product_brand","embeddable":true,"href":"https:\/\/www.dertour-reiseleitung.com\/teneriffa\/wp-json\/wp\/v2\/product_brand?post=11452"},{"taxonomy":"product_cat","embeddable":true,"href":"https:\/\/www.dertour-reiseleitung.com\/teneriffa\/wp-json\/wp\/v2\/product_cat?post=11452"},{"taxonomy":"product_tag","embeddable":true,"href":"https:\/\/www.dertour-reiseleitung.com\/teneriffa\/wp-json\/wp\/v2\/product_tag?post=11452"}],"curies":[{"name":"wp","href":"https:\/\/api.w.org\/{rel}","templated":true}]}}