{"id":11490,"date":"2025-03-19T05:50:44","date_gmt":"2025-03-19T05:50:44","guid":{"rendered":"https:\/\/www.dertour-reiseleitung.com\/teneriffa\/aktivitaeten\/wanderung-anaga-maerchenwald-ab-puerto-de-la-cruz\/"},"modified":"2026-05-11T08:26:17","modified_gmt":"2026-05-11T07:26:17","slug":"wanderung-anaga-maerchenwald-dds-030-1","status":"publish","type":"product","link":"https:\/\/www.dertour-reiseleitung.com\/teneriffa\/aktivitaeten\/wanderung-anaga-maerchenwald-dds-030-1\/","title":{"rendered":"Wanderung &#8222;Anaga &amp; M\u00e4rchenwald&#8220;"},"content":{"rendered":"<h3>Wandern Sie durch die gr\u00fcnen Geheimnisse Anagas!<\/h3>\n<p>Der Nordosten Teneriffas wird von dem einzigartigen und wild zerkl\u00fcfteten Anaga-Gebirge dominiert, das vor mehreren Millionen Jahren durch vulkanische Aktivit\u00e4ten geformt wurde. Dieses beeindruckende Gebirgsmassiv ist zugleich das \u00e4lteste der Insel.<\/p>\n<p>Dank des Passatwinds z\u00e4hlt das Anaga-Gebirge zu den feuchtesten Regionen Teneriffas, was eine \u00fcppige und dichte Vegetation beg\u00fcnstigt.<\/p>\n<p>Dauer der Wanderung: 3 Stunden<br \/>\nSchwierigkeit: mittel<\/p>\n<p><strong>Ausflugsveranstalter:<\/strong> Go Vacation Spain SLU, CIF B-57828360<\/p>\n","protected":false},"excerpt":{"rendered":"<p>Wandern Sie durch die gr\u00fcnen Geheimnisse Anagas! Der Nordosten Teneriffas wird von dem einzigartigen und wild zerkl\u00fcfteten Anaga-Gebirge dominiert, das vor mehreren Millionen Jahren durch vulkanische Aktivit\u00e4ten geformt wurde. Dieses beeindruckende Gebirgsmassiv ist zugleich das \u00e4lteste der Insel. Dank des Passatwinds z\u00e4hlt das Anaga-Gebirge zu den feuchtesten Regionen Teneriffas, was eine \u00fcppige und dichte Vegetation [&hellip;]<\/p>\n","protected":false},"featured_media":11492,"template":"","meta":{"_acf_changed":false,"ocean_post_layout":"","ocean_both_sidebars_style":"","ocean_both_sidebars_content_width":0,"ocean_both_sidebars_sidebars_width":0,"ocean_sidebar":"0","ocean_second_sidebar":"0","ocean_disable_margins":"enable","ocean_add_body_class":"","ocean_shortcode_before_top_bar":"","ocean_shortcode_after_top_bar":"","ocean_shortcode_before_header":"","ocean_shortcode_after_header":"","ocean_has_shortcode":"","ocean_shortcode_after_title":"","ocean_shortcode_before_footer_widgets":"","ocean_shortcode_after_footer_widgets":"","ocean_shortcode_before_footer_bottom":"","ocean_shortcode_after_footer_bottom":"","ocean_display_top_bar":"default","ocean_display_header":"default","ocean_header_style":"","ocean_center_header_left_menu":"0","ocean_custom_header_template":"0","ocean_custom_logo":0,"ocean_custom_retina_logo":0,"ocean_custom_logo_max_width":0,"ocean_custom_logo_tablet_max_width":0,"ocean_custom_logo_mobile_max_width":0,"ocean_custom_logo_max_height":0,"ocean_custom_logo_tablet_max_height":0,"ocean_custom_logo_mobile_max_height":0,"ocean_header_custom_menu":"0","ocean_menu_typo_font_family":"0","ocean_menu_typo_font_subset":"","ocean_menu_typo_font_size":0,"ocean_menu_typo_font_size_tablet":0,"ocean_menu_typo_font_size_mobile":0,"ocean_menu_typo_font_size_unit":"px","ocean_menu_typo_font_weight":"","ocean_menu_typo_font_weight_tablet":"","ocean_menu_typo_font_weight_mobile":"","ocean_menu_typo_transform":"","ocean_menu_typo_transform_tablet":"","ocean_menu_typo_transform_mobile":"","ocean_menu_typo_line_height":0,"ocean_menu_typo_line_height_tablet":0,"ocean_menu_typo_line_height_mobile":0,"ocean_menu_typo_line_height_unit":"","ocean_menu_typo_spacing":0,"ocean_menu_typo_spacing_tablet":0,"ocean_menu_typo_spacing_mobile":0,"ocean_menu_typo_spacing_unit":"","ocean_menu_link_color":"","ocean_menu_link_color_hover":"","ocean_menu_link_color_active":"","ocean_menu_link_background":"","ocean_menu_link_hover_background":"","ocean_menu_link_active_background":"","ocean_menu_social_links_bg":"","ocean_menu_social_hover_links_bg":"","ocean_menu_social_links_color":"","ocean_menu_social_hover_links_color":"","ocean_disable_title":"default","ocean_disable_heading":"default","ocean_post_title":"","ocean_post_subheading":"","ocean_post_title_style":"background-image","ocean_post_title_background_color":"","ocean_post_title_background":11494,"ocean_post_title_bg_image_position":"","ocean_post_title_bg_image_attachment":"","ocean_post_title_bg_image_repeat":"","ocean_post_title_bg_image_size":"","ocean_post_title_height":0,"ocean_post_title_bg_overlay":0.5,"ocean_post_title_bg_overlay_color":"","ocean_disable_breadcrumbs":"default","ocean_breadcrumbs_color":"","ocean_breadcrumbs_separator_color":"","ocean_breadcrumbs_links_color":"","ocean_breadcrumbs_links_hover_color":"","ocean_display_footer_widgets":"default","ocean_display_footer_bottom":"default","ocean_custom_footer_template":"0","omw_enable_modal_window":"enable","osh_disable_topbar_sticky":"default","osh_disable_header_sticky":"default","osh_sticky_header_style":"default","osh_sticky_header_effect":"","osh_custom_sticky_logo":0,"osh_custom_retina_sticky_logo":0,"osh_custom_sticky_logo_height":0,"osh_background_color":"","osh_links_color":"","osh_links_hover_color":"","osh_links_active_color":"","osh_links_bg_color":"","osh_links_hover_bg_color":"","osh_links_active_bg_color":"","osh_menu_social_links_color":"","osh_menu_social_hover_links_color":""},"ort":[553],"sichtbarkeit":[],"templateoption":[179],"product_brand":[],"product_cat":[182],"product_tag":[],"class_list":{"0":"post-11490","1":"product","2":"type-product","3":"status-publish","4":"has-post-thumbnail","6":"ort-puerto-de-la-cruz","7":"templateoption-dertrip-bc","8":"product_cat-ausfluege","10":"entry","11":"has-media","13":"first","14":"instock","15":"virtual","16":"purchasable","17":"product-type-simple","18":"has-product-nav","19":"col","20":"span_1_of_3","21":"owp-content-center","22":"owp-thumbs-layout-horizontal","23":"owp-btn-normal","24":"owp-tabs-layout-section"},"acf":[],"_links":{"self":[{"href":"https:\/\/www.dertour-reiseleitung.com\/teneriffa\/wp-json\/wp\/v2\/product\/11490","targetHints":{"allow":["GET"]}}],"collection":[{"href":"https:\/\/www.dertour-reiseleitung.com\/teneriffa\/wp-json\/wp\/v2\/product"}],"about":[{"href":"https:\/\/www.dertour-reiseleitung.com\/teneriffa\/wp-json\/wp\/v2\/types\/product"}],"version-history":[{"count":9,"href":"https:\/\/www.dertour-reiseleitung.com\/teneriffa\/wp-json\/wp\/v2\/product\/11490\/revisions"}],"predecessor-version":[{"id":19668,"href":"https:\/\/www.dertour-reiseleitung.com\/teneriffa\/wp-json\/wp\/v2\/product\/11490\/revisions\/19668"}],"wp:featuredmedia":[{"embeddable":true,"href":"https:\/\/www.dertour-reiseleitung.com\/teneriffa\/wp-json\/wp\/v2\/media\/11492"}],"wp:attachment":[{"href":"https:\/\/www.dertour-reiseleitung.com\/teneriffa\/wp-json\/wp\/v2\/media?parent=11490"}],"wp:term":[{"taxonomy":"ort","embeddable":true,"href":"https:\/\/www.dertour-reiseleitung.com\/teneriffa\/wp-json\/wp\/v2\/ort?post=11490"},{"taxonomy":"sichtbarkeit","embeddable":true,"href":"https:\/\/www.dertour-reiseleitung.com\/teneriffa\/wp-json\/wp\/v2\/sichtbarkeit?post=11490"},{"taxonomy":"templateoption","embeddable":true,"href":"https:\/\/www.dertour-reiseleitung.com\/teneriffa\/wp-json\/wp\/v2\/templateoption?post=11490"},{"taxonomy":"product_brand","embeddable":true,"href":"https:\/\/www.dertour-reiseleitung.com\/teneriffa\/wp-json\/wp\/v2\/product_brand?post=11490"},{"taxonomy":"product_cat","embeddable":true,"href":"https:\/\/www.dertour-reiseleitung.com\/teneriffa\/wp-json\/wp\/v2\/product_cat?post=11490"},{"taxonomy":"product_tag","embeddable":true,"href":"https:\/\/www.dertour-reiseleitung.com\/teneriffa\/wp-json\/wp\/v2\/product_tag?post=11490"}],"curies":[{"name":"wp","href":"https:\/\/api.w.org\/{rel}","templated":true}]}}