{"id":11028,"date":"2025-06-03T12:47:05","date_gmt":"2025-06-03T09:47:05","guid":{"rendered":"https:\/\/www.dertour-reiseleitung.com\/tuerkische-riviera\/?post_type=product&#038;p=11028"},"modified":"2026-04-02T10:39:32","modified_gmt":"2026-04-02T07:39:32","slug":"alanya-eine-perle-der-tuerkischen-riviera","status":"publish","type":"product","link":"https:\/\/www.dertour-reiseleitung.com\/tuerkische-riviera\/aktivitaeten\/alanya-eine-perle-der-tuerkischen-riviera\/","title":{"rendered":"Alanya &#8211; eine Perle der t\u00fcrkischen Riviera"},"content":{"rendered":"<h3>Entdecken Sie das wunderbare Alanya!<\/h3>\n<p>Nach der Abholung der G\u00e4ste von den Hotels geht die Fahrt zun\u00e4chst zu einem Schmuckfachgesch\u00e4ft, wo Sie gem\u00fctlich einkaufen k\u00f6nnen.<\/p>\n<p>Weiter geht die Fahrt in die Stadt Alanya. Alanyas Str\u00e4nde werden von Cocktailbars, Restaurants und Hotels ges\u00e4umt, w\u00e4hrend im Stadtzentrum Basare und Locations mit Livemusik ein noch authentischeres Erlebnis erm\u00f6glichen.<\/p>\n<p>Mit der Seilbahn fahren Sie mit wundersch\u00f6ner Aussicht hoch zur Burganlage von Alanya. Es ist die besterhaltene Burganlange in der T\u00fcrkei. Genie\u00dfen Sie ihren Aufenthalt im Bereich der Burganlage und den Blick auf die Stadt und den langen Kleopatra Strand.<\/p>\n<p>Zur\u00fcck am Hafen machen Sie eine kleine Bootsfahrt zu den Piratenh\u00f6hlen.<\/p>\n<p>In Alanya l\u00e4sst es sich wunderbar shoppen und es gibt viele Gassen zu erkunden \u2013 daf\u00fcr haben Sie w\u00e4hrend des freien Aufenthalts im Stadtzentrum ausreichend Zeit.<\/p>\n<p><strong>Ausflugsveranstalter:<\/strong> Destination Turistik Hizmetleri Tic. Ltd. Sti.<\/p>\n","protected":false},"excerpt":{"rendered":"<p>Entdecken Sie das wunderbare Alanya! Nach der Abholung der G\u00e4ste von den Hotels geht die Fahrt zun\u00e4chst zu einem Schmuckfachgesch\u00e4ft, wo Sie gem\u00fctlich einkaufen k\u00f6nnen. Weiter geht die Fahrt in die Stadt Alanya. Alanyas Str\u00e4nde werden von Cocktailbars, Restaurants und Hotels ges\u00e4umt, w\u00e4hrend im Stadtzentrum Basare und Locations mit Livemusik ein noch authentischeres Erlebnis erm\u00f6glichen. [&hellip;]<\/p>\n","protected":false},"featured_media":11031,"template":"","meta":{"_acf_changed":false,"ocean_post_layout":"","ocean_both_sidebars_style":"","ocean_both_sidebars_content_width":0,"ocean_both_sidebars_sidebars_width":0,"ocean_sidebar":"0","ocean_second_sidebar":"0","ocean_disable_margins":"enable","ocean_add_body_class":"","ocean_shortcode_before_top_bar":"","ocean_shortcode_after_top_bar":"","ocean_shortcode_before_header":"","ocean_shortcode_after_header":"","ocean_has_shortcode":"","ocean_shortcode_after_title":"","ocean_shortcode_before_footer_widgets":"","ocean_shortcode_after_footer_widgets":"","ocean_shortcode_before_footer_bottom":"","ocean_shortcode_after_footer_bottom":"","ocean_display_top_bar":"default","ocean_display_header":"default","ocean_header_style":"","ocean_center_header_left_menu":"0","ocean_custom_header_template":"0","ocean_custom_logo":0,"ocean_custom_retina_logo":0,"ocean_custom_logo_max_width":0,"ocean_custom_logo_tablet_max_width":0,"ocean_custom_logo_mobile_max_width":0,"ocean_custom_logo_max_height":0,"ocean_custom_logo_tablet_max_height":0,"ocean_custom_logo_mobile_max_height":0,"ocean_header_custom_menu":"0","ocean_menu_typo_font_family":"0","ocean_menu_typo_font_subset":"","ocean_menu_typo_font_size":0,"ocean_menu_typo_font_size_tablet":0,"ocean_menu_typo_font_size_mobile":0,"ocean_menu_typo_font_size_unit":"px","ocean_menu_typo_font_weight":"","ocean_menu_typo_font_weight_tablet":"","ocean_menu_typo_font_weight_mobile":"","ocean_menu_typo_transform":"","ocean_menu_typo_transform_tablet":"","ocean_menu_typo_transform_mobile":"","ocean_menu_typo_line_height":0,"ocean_menu_typo_line_height_tablet":0,"ocean_menu_typo_line_height_mobile":0,"ocean_menu_typo_line_height_unit":"","ocean_menu_typo_spacing":0,"ocean_menu_typo_spacing_tablet":0,"ocean_menu_typo_spacing_mobile":0,"ocean_menu_typo_spacing_unit":"","ocean_menu_link_color":"","ocean_menu_link_color_hover":"","ocean_menu_link_color_active":"","ocean_menu_link_background":"","ocean_menu_link_hover_background":"","ocean_menu_link_active_background":"","ocean_menu_social_links_bg":"","ocean_menu_social_hover_links_bg":"","ocean_menu_social_links_color":"","ocean_menu_social_hover_links_color":"","ocean_disable_title":"default","ocean_disable_heading":"default","ocean_post_title":"","ocean_post_subheading":"","ocean_post_title_style":"background-image","ocean_post_title_background_color":"","ocean_post_title_background":11032,"ocean_post_title_bg_image_position":"","ocean_post_title_bg_image_attachment":"","ocean_post_title_bg_image_repeat":"","ocean_post_title_bg_image_size":"","ocean_post_title_height":0,"ocean_post_title_bg_overlay":0.5,"ocean_post_title_bg_overlay_color":"","ocean_disable_breadcrumbs":"default","ocean_breadcrumbs_color":"","ocean_breadcrumbs_separator_color":"","ocean_breadcrumbs_links_color":"","ocean_breadcrumbs_links_hover_color":"","ocean_display_footer_widgets":"default","ocean_display_footer_bottom":"default","ocean_custom_footer_template":"0","omw_enable_modal_window":"enable","osh_disable_topbar_sticky":"default","osh_disable_header_sticky":"default","osh_sticky_header_style":"default","osh_sticky_header_effect":"","osh_custom_sticky_logo":0,"osh_custom_retina_sticky_logo":0,"osh_custom_sticky_logo_height":0,"osh_background_color":"","osh_links_color":"","osh_links_hover_color":"","osh_links_active_color":"","osh_links_bg_color":"","osh_links_hover_bg_color":"","osh_links_active_bg_color":"","osh_menu_social_links_color":"","osh_menu_social_hover_links_color":""},"ort":[517],"sichtbarkeit":[],"templateoption":[176],"product_brand":[],"product_cat":[182],"product_tag":[],"class_list":{"0":"post-11028","1":"product","2":"type-product","3":"status-publish","4":"has-post-thumbnail","6":"ort-side","7":"templateoption-ohne-buchungskalender","8":"product_cat-ausfluege","9":"bookacti-activity","11":"entry","12":"has-media","14":"first","15":"instock","16":"virtual","17":"purchasable","18":"product-type-simple","19":"has-product-nav","20":"col","21":"span_1_of_3","22":"owp-content-center","23":"owp-thumbs-layout-horizontal","24":"owp-btn-normal","25":"owp-tabs-layout-section"},"acf":[],"_links":{"self":[{"href":"https:\/\/www.dertour-reiseleitung.com\/tuerkische-riviera\/wp-json\/wp\/v2\/product\/11028","targetHints":{"allow":["GET"]}}],"collection":[{"href":"https:\/\/www.dertour-reiseleitung.com\/tuerkische-riviera\/wp-json\/wp\/v2\/product"}],"about":[{"href":"https:\/\/www.dertour-reiseleitung.com\/tuerkische-riviera\/wp-json\/wp\/v2\/types\/product"}],"version-history":[{"count":8,"href":"https:\/\/www.dertour-reiseleitung.com\/tuerkische-riviera\/wp-json\/wp\/v2\/product\/11028\/revisions"}],"predecessor-version":[{"id":11448,"href":"https:\/\/www.dertour-reiseleitung.com\/tuerkische-riviera\/wp-json\/wp\/v2\/product\/11028\/revisions\/11448"}],"wp:featuredmedia":[{"embeddable":true,"href":"https:\/\/www.dertour-reiseleitung.com\/tuerkische-riviera\/wp-json\/wp\/v2\/media\/11031"}],"wp:attachment":[{"href":"https:\/\/www.dertour-reiseleitung.com\/tuerkische-riviera\/wp-json\/wp\/v2\/media?parent=11028"}],"wp:term":[{"taxonomy":"ort","embeddable":true,"href":"https:\/\/www.dertour-reiseleitung.com\/tuerkische-riviera\/wp-json\/wp\/v2\/ort?post=11028"},{"taxonomy":"sichtbarkeit","embeddable":true,"href":"https:\/\/www.dertour-reiseleitung.com\/tuerkische-riviera\/wp-json\/wp\/v2\/sichtbarkeit?post=11028"},{"taxonomy":"templateoption","embeddable":true,"href":"https:\/\/www.dertour-reiseleitung.com\/tuerkische-riviera\/wp-json\/wp\/v2\/templateoption?post=11028"},{"taxonomy":"product_brand","embeddable":true,"href":"https:\/\/www.dertour-reiseleitung.com\/tuerkische-riviera\/wp-json\/wp\/v2\/product_brand?post=11028"},{"taxonomy":"product_cat","embeddable":true,"href":"https:\/\/www.dertour-reiseleitung.com\/tuerkische-riviera\/wp-json\/wp\/v2\/product_cat?post=11028"},{"taxonomy":"product_tag","embeddable":true,"href":"https:\/\/www.dertour-reiseleitung.com\/tuerkische-riviera\/wp-json\/wp\/v2\/product_tag?post=11028"}],"curies":[{"name":"wp","href":"https:\/\/api.w.org\/{rel}","templated":true}]}}