{"id":11085,"date":"2025-06-03T17:49:46","date_gmt":"2025-06-03T14:49:46","guid":{"rendered":"https:\/\/www.dertour-reiseleitung.com\/tuerkische-riviera\/?post_type=product&#038;p=11085"},"modified":"2025-06-17T11:35:11","modified_gmt":"2025-06-17T08:35:11","slug":"kappadokien-2-tage","status":"publish","type":"product","link":"https:\/\/www.dertour-reiseleitung.com\/tuerkische-riviera\/aktivitaeten\/kappadokien-2-tage\/","title":{"rendered":"Kappadokien (2 Tage)"},"content":{"rendered":"<h3>Kappadokien \u2013 Geschichte, Natur und Kultur erleben<\/h3>\n<p>Erleben Sie die faszinierende Sch\u00f6nheit und Geschichte von Kappadokien an zwei unvergesslichen Tagen.<\/p>\n<p>Den 1. Tag beginnen Sie mit einem Besuch der Bey\u015fehir E\u015frefo\u011flu Moschee, einem Meisterwerk der seldschukischen Architektur. Im Anschluss geht es weiter zu einem der faszinierendsten Karawansarais in der Region, wo fr\u00fcher die Karawanen auf ihren langen Reisen Rast machten. Ein weiteres Highlight ist der Besuch einer der ber\u00fchmten unterirdischen St\u00e4dte in Kappadokien. Mit ihren labyrinthartigen G\u00e4ngen und Kammern entf\u00fchrt Sie dieser Ort in die Vergangenheit der Region.<\/p>\n<p>Am Nachmittag erwartet Sie der malerische Aussichtspunkt von \u00dc\u00e7hisar. Vom h\u00f6chsten Punkt des Felsen genie\u00dfen Sie einen atemberaubenden Blick auf die umliegende Landschaft, die durch die charakteristischen Feenkamine gepr\u00e4gt ist. Ein unvergesslicher Moment! Beim Besuch einer lokalen Werkstatt, erleben Sie die traditionelle Handwerkskunst Kappadokiens hautnah.<\/p>\n<p>Starten Sie den 2. Tag mit einem au\u00dfergew\u00f6hnlichen Erlebnis \u2013 einer Hei\u00dfluftballonfahrt \u00fcber die atemberaubende Landschaft Kappadokiens. Diese Option ist gegen einen Aufpreis buchbar. Bekannt f\u00fcr seine bizarren Felsformationen, bietet das Devrent-Tal eine beeindruckende Kulisse f\u00fcr Naturliebhaber und Fotografen. Ein weiteres Highlight ist das Taubental. Genie\u00dfen Sie die Ruhe und die spektakul\u00e4re Landschaft, w\u00e4hrend Sie durch das Tal wandern.<\/p>\n<p>Nach einem erlebnisreichen Vormittag geht es auf eine malerische R\u00fcckfahrt durch das Landesinnere, wo Sie die l\u00e4ndliche Sch\u00f6nheit der T\u00fcrkei kennenlernen k\u00f6nnen.<\/p>\n<p><strong>Ausflugsveranstalter:<\/strong>\u00a0Destination Turistik Hizmetleri Tic. Ltd. Sti.<\/p>\n","protected":false},"excerpt":{"rendered":"<p>Kappadokien \u2013 Geschichte, Natur und Kultur erleben Erleben Sie die faszinierende Sch\u00f6nheit und Geschichte von Kappadokien an zwei unvergesslichen Tagen. Den 1. Tag beginnen Sie mit einem Besuch der Bey\u015fehir E\u015frefo\u011flu Moschee, einem Meisterwerk der seldschukischen Architektur. Im Anschluss geht es weiter zu einem der faszinierendsten Karawansarais in der Region, wo fr\u00fcher die Karawanen auf [&hellip;]<\/p>\n","protected":false},"featured_media":11083,"template":"","meta":{"_acf_changed":false,"ocean_post_layout":"","ocean_both_sidebars_style":"","ocean_both_sidebars_content_width":0,"ocean_both_sidebars_sidebars_width":0,"ocean_sidebar":"0","ocean_second_sidebar":"0","ocean_disable_margins":"enable","ocean_add_body_class":"","ocean_shortcode_before_top_bar":"","ocean_shortcode_after_top_bar":"","ocean_shortcode_before_header":"","ocean_shortcode_after_header":"","ocean_has_shortcode":"","ocean_shortcode_after_title":"","ocean_shortcode_before_footer_widgets":"","ocean_shortcode_after_footer_widgets":"","ocean_shortcode_before_footer_bottom":"","ocean_shortcode_after_footer_bottom":"","ocean_display_top_bar":"default","ocean_display_header":"default","ocean_header_style":"","ocean_center_header_left_menu":"0","ocean_custom_header_template":"0","ocean_custom_logo":0,"ocean_custom_retina_logo":0,"ocean_custom_logo_max_width":0,"ocean_custom_logo_tablet_max_width":0,"ocean_custom_logo_mobile_max_width":0,"ocean_custom_logo_max_height":0,"ocean_custom_logo_tablet_max_height":0,"ocean_custom_logo_mobile_max_height":0,"ocean_header_custom_menu":"0","ocean_menu_typo_font_family":"0","ocean_menu_typo_font_subset":"","ocean_menu_typo_font_size":0,"ocean_menu_typo_font_size_tablet":0,"ocean_menu_typo_font_size_mobile":0,"ocean_menu_typo_font_size_unit":"px","ocean_menu_typo_font_weight":"","ocean_menu_typo_font_weight_tablet":"","ocean_menu_typo_font_weight_mobile":"","ocean_menu_typo_transform":"","ocean_menu_typo_transform_tablet":"","ocean_menu_typo_transform_mobile":"","ocean_menu_typo_line_height":0,"ocean_menu_typo_line_height_tablet":0,"ocean_menu_typo_line_height_mobile":0,"ocean_menu_typo_line_height_unit":"","ocean_menu_typo_spacing":0,"ocean_menu_typo_spacing_tablet":0,"ocean_menu_typo_spacing_mobile":0,"ocean_menu_typo_spacing_unit":"","ocean_menu_link_color":"","ocean_menu_link_color_hover":"","ocean_menu_link_color_active":"","ocean_menu_link_background":"","ocean_menu_link_hover_background":"","ocean_menu_link_active_background":"","ocean_menu_social_links_bg":"","ocean_menu_social_hover_links_bg":"","ocean_menu_social_links_color":"","ocean_menu_social_hover_links_color":"","ocean_disable_title":"default","ocean_disable_heading":"default","ocean_post_title":"","ocean_post_subheading":"","ocean_post_title_style":"background-image","ocean_post_title_background_color":"","ocean_post_title_background":11084,"ocean_post_title_bg_image_position":"","ocean_post_title_bg_image_attachment":"","ocean_post_title_bg_image_repeat":"","ocean_post_title_bg_image_size":"","ocean_post_title_height":0,"ocean_post_title_bg_overlay":0.5,"ocean_post_title_bg_overlay_color":"","ocean_disable_breadcrumbs":"default","ocean_breadcrumbs_color":"","ocean_breadcrumbs_separator_color":"","ocean_breadcrumbs_links_color":"","ocean_breadcrumbs_links_hover_color":"","ocean_display_footer_widgets":"default","ocean_display_footer_bottom":"default","ocean_custom_footer_template":"0","omw_enable_modal_window":"enable","osh_disable_topbar_sticky":"default","osh_disable_header_sticky":"default","osh_sticky_header_style":"default","osh_sticky_header_effect":"","osh_custom_sticky_logo":0,"osh_custom_retina_sticky_logo":0,"osh_custom_sticky_logo_height":0,"osh_background_color":"","osh_links_color":"","osh_links_hover_color":"","osh_links_active_color":"","osh_links_bg_color":"","osh_links_hover_bg_color":"","osh_links_active_bg_color":"","osh_menu_social_links_color":"","osh_menu_social_hover_links_color":""},"ort":[522,520,519,524,521,523,518,517],"sichtbarkeit":[],"templateoption":[176],"product_brand":[],"product_cat":[182],"product_tag":[],"class_list":{"0":"post-11085","1":"product","2":"type-product","3":"status-publish","4":"has-post-thumbnail","6":"ort-alanya","7":"ort-antalya","8":"ort-belek","9":"ort-bogazkent","10":"ort-kemer","11":"ort-kundu","12":"ort-lara","13":"ort-side","14":"templateoption-ohne-buchungskalender","15":"product_cat-ausfluege","16":"bookacti-activity","18":"entry","19":"has-media","21":"first","22":"instock","23":"virtual","24":"purchasable","25":"product-type-simple","26":"has-product-nav","27":"col","28":"span_1_of_3","29":"owp-content-center","30":"owp-thumbs-layout-horizontal","31":"owp-btn-normal","32":"owp-tabs-layout-section"},"acf":[],"_links":{"self":[{"href":"https:\/\/www.dertour-reiseleitung.com\/tuerkische-riviera\/wp-json\/wp\/v2\/product\/11085","targetHints":{"allow":["GET"]}}],"collection":[{"href":"https:\/\/www.dertour-reiseleitung.com\/tuerkische-riviera\/wp-json\/wp\/v2\/product"}],"about":[{"href":"https:\/\/www.dertour-reiseleitung.com\/tuerkische-riviera\/wp-json\/wp\/v2\/types\/product"}],"version-history":[{"count":3,"href":"https:\/\/www.dertour-reiseleitung.com\/tuerkische-riviera\/wp-json\/wp\/v2\/product\/11085\/revisions"}],"predecessor-version":[{"id":11104,"href":"https:\/\/www.dertour-reiseleitung.com\/tuerkische-riviera\/wp-json\/wp\/v2\/product\/11085\/revisions\/11104"}],"wp:featuredmedia":[{"embeddable":true,"href":"https:\/\/www.dertour-reiseleitung.com\/tuerkische-riviera\/wp-json\/wp\/v2\/media\/11083"}],"wp:attachment":[{"href":"https:\/\/www.dertour-reiseleitung.com\/tuerkische-riviera\/wp-json\/wp\/v2\/media?parent=11085"}],"wp:term":[{"taxonomy":"ort","embeddable":true,"href":"https:\/\/www.dertour-reiseleitung.com\/tuerkische-riviera\/wp-json\/wp\/v2\/ort?post=11085"},{"taxonomy":"sichtbarkeit","embeddable":true,"href":"https:\/\/www.dertour-reiseleitung.com\/tuerkische-riviera\/wp-json\/wp\/v2\/sichtbarkeit?post=11085"},{"taxonomy":"templateoption","embeddable":true,"href":"https:\/\/www.dertour-reiseleitung.com\/tuerkische-riviera\/wp-json\/wp\/v2\/templateoption?post=11085"},{"taxonomy":"product_brand","embeddable":true,"href":"https:\/\/www.dertour-reiseleitung.com\/tuerkische-riviera\/wp-json\/wp\/v2\/product_brand?post=11085"},{"taxonomy":"product_cat","embeddable":true,"href":"https:\/\/www.dertour-reiseleitung.com\/tuerkische-riviera\/wp-json\/wp\/v2\/product_cat?post=11085"},{"taxonomy":"product_tag","embeddable":true,"href":"https:\/\/www.dertour-reiseleitung.com\/tuerkische-riviera\/wp-json\/wp\/v2\/product_tag?post=11085"}],"curies":[{"name":"wp","href":"https:\/\/api.w.org\/{rel}","templated":true}]}}