{"id":9480,"date":"2025-03-29T21:21:33","date_gmt":"2025-03-29T20:21:33","guid":{"rendered":"https:\/\/www.dertour-reiseleitung.com\/tuerkische-riviera\/aktivitaeten\/ormana\/"},"modified":"2026-04-02T13:09:15","modified_gmt":"2026-04-02T10:09:15","slug":"ormana-taurus-pur","status":"publish","type":"product","link":"https:\/\/www.dertour-reiseleitung.com\/tuerkische-riviera\/aktivitaeten\/ormana-taurus-pur\/","title":{"rendered":"Ormana Taurus Pur"},"content":{"rendered":"<h3>Wo die Zeit stehen geblieben scheint&#8230;<\/h3>\n<p>Sie fahren mit dem Kleinbus auf den Hochpass und genie\u00dfen von hier eine wundervolle Aussicht \u00fcber die Bucht von Antalya bis Alanya.<\/p>\n<p>Der Weg f\u00fchrt Sie weiter ins Landesinnere bis zum Dorf \u00dcr\u00fcnl\u00fc, welches f\u00fcr seine traditionellen, originalen Dorfh\u00e4user bekannt ist. Ein kleiner Spaziergang durch das Dorf sowie die M\u00f6glichkeit ein Dorfhaus zu besuchen, erlaubt Ihnen einen Blick weitab vom Tourismus hinter die Kulissen der Ferienhotels.<\/p>\n<p>Nachdem Sie die Gastfreundschaft der Dorfbewohner bei einem Gl\u00e4schen Tee genossen haben, schauen Sie sich die Schlucht an, an deren Ende die Alt\u0131nbe\u015fik H\u00f6hle mit einem See auf Sie wartet. Den H\u00f6hepunkt dieses Ausfluges erleben Sie auf dem Hochplateau, wo Sie den Wildpferden zu schauen k\u00f6nnen.<\/p>\n<p>Die beeindruckende Landschaft sowie die Ruine einer Kervansaray laden zum Fotografieren ein.<\/p>\n<p><strong>Ausflugsveranstalter:<\/strong> Destination Turistik Hizmetleri Tic. Ltd. Sti.<\/p>\n","protected":false},"excerpt":{"rendered":"<p>Wo die Zeit stehen geblieben scheint&#8230; Sie fahren mit dem Kleinbus auf den Hochpass und genie\u00dfen von hier eine wundervolle Aussicht \u00fcber die Bucht von Antalya bis Alanya. Der Weg f\u00fchrt Sie weiter ins Landesinnere bis zum Dorf \u00dcr\u00fcnl\u00fc, welches f\u00fcr seine traditionellen, originalen Dorfh\u00e4user bekannt ist. Ein kleiner Spaziergang durch das Dorf sowie die [&hellip;]<\/p>\n","protected":false},"featured_media":9482,"template":"","meta":{"_acf_changed":false,"ocean_post_layout":"","ocean_both_sidebars_style":"","ocean_both_sidebars_content_width":0,"ocean_both_sidebars_sidebars_width":0,"ocean_sidebar":"0","ocean_second_sidebar":"0","ocean_disable_margins":"enable","ocean_add_body_class":"","ocean_shortcode_before_top_bar":"","ocean_shortcode_after_top_bar":"","ocean_shortcode_before_header":"","ocean_shortcode_after_header":"","ocean_has_shortcode":"","ocean_shortcode_after_title":"","ocean_shortcode_before_footer_widgets":"","ocean_shortcode_after_footer_widgets":"","ocean_shortcode_before_footer_bottom":"","ocean_shortcode_after_footer_bottom":"","ocean_display_top_bar":"default","ocean_display_header":"default","ocean_header_style":"","ocean_center_header_left_menu":"0","ocean_custom_header_template":"0","ocean_custom_logo":0,"ocean_custom_retina_logo":0,"ocean_custom_logo_max_width":0,"ocean_custom_logo_tablet_max_width":0,"ocean_custom_logo_mobile_max_width":0,"ocean_custom_logo_max_height":0,"ocean_custom_logo_tablet_max_height":0,"ocean_custom_logo_mobile_max_height":0,"ocean_header_custom_menu":"0","ocean_menu_typo_font_family":"0","ocean_menu_typo_font_subset":"","ocean_menu_typo_font_size":0,"ocean_menu_typo_font_size_tablet":0,"ocean_menu_typo_font_size_mobile":0,"ocean_menu_typo_font_size_unit":"px","ocean_menu_typo_font_weight":"","ocean_menu_typo_font_weight_tablet":"","ocean_menu_typo_font_weight_mobile":"","ocean_menu_typo_transform":"","ocean_menu_typo_transform_tablet":"","ocean_menu_typo_transform_mobile":"","ocean_menu_typo_line_height":0,"ocean_menu_typo_line_height_tablet":0,"ocean_menu_typo_line_height_mobile":0,"ocean_menu_typo_line_height_unit":"","ocean_menu_typo_spacing":0,"ocean_menu_typo_spacing_tablet":0,"ocean_menu_typo_spacing_mobile":0,"ocean_menu_typo_spacing_unit":"","ocean_menu_link_color":"","ocean_menu_link_color_hover":"","ocean_menu_link_color_active":"","ocean_menu_link_background":"","ocean_menu_link_hover_background":"","ocean_menu_link_active_background":"","ocean_menu_social_links_bg":"","ocean_menu_social_hover_links_bg":"","ocean_menu_social_links_color":"","ocean_menu_social_hover_links_color":"","ocean_disable_title":"default","ocean_disable_heading":"default","ocean_post_title":"","ocean_post_subheading":"","ocean_post_title_style":"background-image","ocean_post_title_background_color":"","ocean_post_title_background":9487,"ocean_post_title_bg_image_position":"","ocean_post_title_bg_image_attachment":"","ocean_post_title_bg_image_repeat":"","ocean_post_title_bg_image_size":"","ocean_post_title_height":0,"ocean_post_title_bg_overlay":0.5,"ocean_post_title_bg_overlay_color":"","ocean_disable_breadcrumbs":"default","ocean_breadcrumbs_color":"","ocean_breadcrumbs_separator_color":"","ocean_breadcrumbs_links_color":"","ocean_breadcrumbs_links_hover_color":"","ocean_display_footer_widgets":"default","ocean_display_footer_bottom":"default","ocean_custom_footer_template":"0","omw_enable_modal_window":"enable","osh_disable_topbar_sticky":"default","osh_disable_header_sticky":"default","osh_sticky_header_style":"default","osh_sticky_header_effect":"","osh_custom_sticky_logo":0,"osh_custom_retina_sticky_logo":0,"osh_custom_sticky_logo_height":0,"osh_background_color":"","osh_links_color":"","osh_links_hover_color":"","osh_links_active_color":"","osh_links_bg_color":"","osh_links_hover_bg_color":"","osh_links_active_bg_color":"","osh_menu_social_links_color":"","osh_menu_social_hover_links_color":""},"ort":[522,520,519,524,523,518,517],"sichtbarkeit":[],"templateoption":[176],"product_brand":[],"product_cat":[182],"product_tag":[],"class_list":{"0":"post-9480","1":"product","2":"type-product","3":"status-publish","4":"has-post-thumbnail","6":"ort-alanya","7":"ort-antalya","8":"ort-belek","9":"ort-bogazkent","10":"ort-kundu","11":"ort-lara","12":"ort-side","13":"templateoption-ohne-buchungskalender","14":"product_cat-ausfluege","15":"bookacti-activity","17":"entry","18":"has-media","20":"first","21":"instock","22":"virtual","23":"purchasable","24":"product-type-simple","25":"has-product-nav","26":"col","27":"span_1_of_3","28":"owp-content-center","29":"owp-thumbs-layout-horizontal","30":"owp-btn-normal","31":"owp-tabs-layout-section"},"acf":[],"_links":{"self":[{"href":"https:\/\/www.dertour-reiseleitung.com\/tuerkische-riviera\/wp-json\/wp\/v2\/product\/9480","targetHints":{"allow":["GET"]}}],"collection":[{"href":"https:\/\/www.dertour-reiseleitung.com\/tuerkische-riviera\/wp-json\/wp\/v2\/product"}],"about":[{"href":"https:\/\/www.dertour-reiseleitung.com\/tuerkische-riviera\/wp-json\/wp\/v2\/types\/product"}],"version-history":[{"count":11,"href":"https:\/\/www.dertour-reiseleitung.com\/tuerkische-riviera\/wp-json\/wp\/v2\/product\/9480\/revisions"}],"predecessor-version":[{"id":11461,"href":"https:\/\/www.dertour-reiseleitung.com\/tuerkische-riviera\/wp-json\/wp\/v2\/product\/9480\/revisions\/11461"}],"wp:featuredmedia":[{"embeddable":true,"href":"https:\/\/www.dertour-reiseleitung.com\/tuerkische-riviera\/wp-json\/wp\/v2\/media\/9482"}],"wp:attachment":[{"href":"https:\/\/www.dertour-reiseleitung.com\/tuerkische-riviera\/wp-json\/wp\/v2\/media?parent=9480"}],"wp:term":[{"taxonomy":"ort","embeddable":true,"href":"https:\/\/www.dertour-reiseleitung.com\/tuerkische-riviera\/wp-json\/wp\/v2\/ort?post=9480"},{"taxonomy":"sichtbarkeit","embeddable":true,"href":"https:\/\/www.dertour-reiseleitung.com\/tuerkische-riviera\/wp-json\/wp\/v2\/sichtbarkeit?post=9480"},{"taxonomy":"templateoption","embeddable":true,"href":"https:\/\/www.dertour-reiseleitung.com\/tuerkische-riviera\/wp-json\/wp\/v2\/templateoption?post=9480"},{"taxonomy":"product_brand","embeddable":true,"href":"https:\/\/www.dertour-reiseleitung.com\/tuerkische-riviera\/wp-json\/wp\/v2\/product_brand?post=9480"},{"taxonomy":"product_cat","embeddable":true,"href":"https:\/\/www.dertour-reiseleitung.com\/tuerkische-riviera\/wp-json\/wp\/v2\/product_cat?post=9480"},{"taxonomy":"product_tag","embeddable":true,"href":"https:\/\/www.dertour-reiseleitung.com\/tuerkische-riviera\/wp-json\/wp\/v2\/product_tag?post=9480"}],"curies":[{"name":"wp","href":"https:\/\/api.w.org\/{rel}","templated":true}]}}