{"id":9541,"date":"2025-03-29T21:23:04","date_gmt":"2025-03-29T20:23:04","guid":{"rendered":"https:\/\/www.dertour-reiseleitung.com\/tuerkische-riviera\/aktivitaeten\/fire-of-anatolia\/"},"modified":"2025-11-17T12:01:58","modified_gmt":"2025-11-17T09:01:58","slug":"fire-of-anatolia","status":"publish","type":"product","link":"https:\/\/www.dertour-reiseleitung.com\/tuerkische-riviera\/aktivitaeten\/fire-of-anatolia\/","title":{"rendered":"Fire of Anatolia"},"content":{"rendered":"<h3>T\u00e4nzerische Zeitreise<\/h3>\n<p>Die Fortsetzung des Welterfolges Sultans of the Dance erleben Sie hautnah im antiken Aspendos-Amphitheater. Ein Feuerwerk aus t\u00e4nzerischen H\u00f6chstleistungen, beeindruckenden Kost\u00fcmen und mitrei\u00dfender Musik.<\/p>\n<p>Lassen Sie sich anstecken vom t\u00fcrkischen Temperament und fragen Sie Ihre Reiseleitung noch heute nach den Terminen.<\/p>\n<p><strong>Ausflugsveranstalter:<\/strong> Destination Turistik Hizmetleri Tic. Ltd. Sti.<\/p>\n","protected":false},"excerpt":{"rendered":"<p>T\u00e4nzerische Zeitreise Die Fortsetzung des Welterfolges Sultans of the Dance erleben Sie hautnah im antiken Aspendos-Amphitheater. Ein Feuerwerk aus t\u00e4nzerischen H\u00f6chstleistungen, beeindruckenden Kost\u00fcmen und mitrei\u00dfender Musik. Lassen Sie sich anstecken vom t\u00fcrkischen Temperament und fragen Sie Ihre Reiseleitung noch heute nach den Terminen. Ausflugsveranstalter: Destination Turistik Hizmetleri Tic. Ltd. Sti.<\/p>\n","protected":false},"featured_media":9543,"template":"","meta":{"_acf_changed":false,"ocean_post_layout":"","ocean_both_sidebars_style":"","ocean_both_sidebars_content_width":0,"ocean_both_sidebars_sidebars_width":0,"ocean_sidebar":"0","ocean_second_sidebar":"0","ocean_disable_margins":"enable","ocean_add_body_class":"","ocean_shortcode_before_top_bar":"","ocean_shortcode_after_top_bar":"","ocean_shortcode_before_header":"","ocean_shortcode_after_header":"","ocean_has_shortcode":"","ocean_shortcode_after_title":"","ocean_shortcode_before_footer_widgets":"","ocean_shortcode_after_footer_widgets":"","ocean_shortcode_before_footer_bottom":"","ocean_shortcode_after_footer_bottom":"","ocean_display_top_bar":"default","ocean_display_header":"default","ocean_header_style":"","ocean_center_header_left_menu":"0","ocean_custom_header_template":"0","ocean_custom_logo":0,"ocean_custom_retina_logo":0,"ocean_custom_logo_max_width":0,"ocean_custom_logo_tablet_max_width":0,"ocean_custom_logo_mobile_max_width":0,"ocean_custom_logo_max_height":0,"ocean_custom_logo_tablet_max_height":0,"ocean_custom_logo_mobile_max_height":0,"ocean_header_custom_menu":"0","ocean_menu_typo_font_family":"0","ocean_menu_typo_font_subset":"","ocean_menu_typo_font_size":0,"ocean_menu_typo_font_size_tablet":0,"ocean_menu_typo_font_size_mobile":0,"ocean_menu_typo_font_size_unit":"px","ocean_menu_typo_font_weight":"","ocean_menu_typo_font_weight_tablet":"","ocean_menu_typo_font_weight_mobile":"","ocean_menu_typo_transform":"","ocean_menu_typo_transform_tablet":"","ocean_menu_typo_transform_mobile":"","ocean_menu_typo_line_height":0,"ocean_menu_typo_line_height_tablet":0,"ocean_menu_typo_line_height_mobile":0,"ocean_menu_typo_line_height_unit":"","ocean_menu_typo_spacing":0,"ocean_menu_typo_spacing_tablet":0,"ocean_menu_typo_spacing_mobile":0,"ocean_menu_typo_spacing_unit":"","ocean_menu_link_color":"","ocean_menu_link_color_hover":"","ocean_menu_link_color_active":"","ocean_menu_link_background":"","ocean_menu_link_hover_background":"","ocean_menu_link_active_background":"","ocean_menu_social_links_bg":"","ocean_menu_social_hover_links_bg":"","ocean_menu_social_links_color":"","ocean_menu_social_hover_links_color":"","ocean_disable_title":"default","ocean_disable_heading":"default","ocean_post_title":"","ocean_post_subheading":"","ocean_post_title_style":"background-image","ocean_post_title_background_color":"","ocean_post_title_background":9544,"ocean_post_title_bg_image_position":"","ocean_post_title_bg_image_attachment":"","ocean_post_title_bg_image_repeat":"","ocean_post_title_bg_image_size":"","ocean_post_title_height":0,"ocean_post_title_bg_overlay":0.5,"ocean_post_title_bg_overlay_color":"","ocean_disable_breadcrumbs":"default","ocean_breadcrumbs_color":"","ocean_breadcrumbs_separator_color":"","ocean_breadcrumbs_links_color":"","ocean_breadcrumbs_links_hover_color":"","ocean_display_footer_widgets":"default","ocean_display_footer_bottom":"default","ocean_custom_footer_template":"0","omw_enable_modal_window":"enable","osh_disable_topbar_sticky":"default","osh_disable_header_sticky":"default","osh_sticky_header_style":"default","osh_sticky_header_effect":"","osh_custom_sticky_logo":0,"osh_custom_retina_sticky_logo":0,"osh_custom_sticky_logo_height":0,"osh_background_color":"","osh_links_color":"","osh_links_hover_color":"","osh_links_active_color":"","osh_links_bg_color":"","osh_links_hover_bg_color":"","osh_links_active_bg_color":"","osh_menu_social_links_color":"","osh_menu_social_hover_links_color":""},"ort":[522,520,519,524,521,523,518,517],"sichtbarkeit":[],"templateoption":[176],"product_brand":[],"product_cat":[182],"product_tag":[],"class_list":{"0":"post-9541","1":"product","2":"type-product","3":"status-publish","4":"has-post-thumbnail","6":"ort-alanya","7":"ort-antalya","8":"ort-belek","9":"ort-bogazkent","10":"ort-kemer","11":"ort-kundu","12":"ort-lara","13":"ort-side","14":"templateoption-ohne-buchungskalender","15":"product_cat-ausfluege","16":"bookacti-activity","18":"entry","19":"has-media","21":"first","22":"instock","23":"virtual","24":"purchasable","25":"product-type-simple","26":"has-product-nav","27":"col","28":"span_1_of_3","29":"owp-content-center","30":"owp-thumbs-layout-horizontal","31":"owp-btn-normal","32":"owp-tabs-layout-section","33":"has-no-thumbnails"},"acf":[],"_links":{"self":[{"href":"https:\/\/www.dertour-reiseleitung.com\/tuerkische-riviera\/wp-json\/wp\/v2\/product\/9541","targetHints":{"allow":["GET"]}}],"collection":[{"href":"https:\/\/www.dertour-reiseleitung.com\/tuerkische-riviera\/wp-json\/wp\/v2\/product"}],"about":[{"href":"https:\/\/www.dertour-reiseleitung.com\/tuerkische-riviera\/wp-json\/wp\/v2\/types\/product"}],"version-history":[{"count":6,"href":"https:\/\/www.dertour-reiseleitung.com\/tuerkische-riviera\/wp-json\/wp\/v2\/product\/9541\/revisions"}],"predecessor-version":[{"id":11395,"href":"https:\/\/www.dertour-reiseleitung.com\/tuerkische-riviera\/wp-json\/wp\/v2\/product\/9541\/revisions\/11395"}],"wp:featuredmedia":[{"embeddable":true,"href":"https:\/\/www.dertour-reiseleitung.com\/tuerkische-riviera\/wp-json\/wp\/v2\/media\/9543"}],"wp:attachment":[{"href":"https:\/\/www.dertour-reiseleitung.com\/tuerkische-riviera\/wp-json\/wp\/v2\/media?parent=9541"}],"wp:term":[{"taxonomy":"ort","embeddable":true,"href":"https:\/\/www.dertour-reiseleitung.com\/tuerkische-riviera\/wp-json\/wp\/v2\/ort?post=9541"},{"taxonomy":"sichtbarkeit","embeddable":true,"href":"https:\/\/www.dertour-reiseleitung.com\/tuerkische-riviera\/wp-json\/wp\/v2\/sichtbarkeit?post=9541"},{"taxonomy":"templateoption","embeddable":true,"href":"https:\/\/www.dertour-reiseleitung.com\/tuerkische-riviera\/wp-json\/wp\/v2\/templateoption?post=9541"},{"taxonomy":"product_brand","embeddable":true,"href":"https:\/\/www.dertour-reiseleitung.com\/tuerkische-riviera\/wp-json\/wp\/v2\/product_brand?post=9541"},{"taxonomy":"product_cat","embeddable":true,"href":"https:\/\/www.dertour-reiseleitung.com\/tuerkische-riviera\/wp-json\/wp\/v2\/product_cat?post=9541"},{"taxonomy":"product_tag","embeddable":true,"href":"https:\/\/www.dertour-reiseleitung.com\/tuerkische-riviera\/wp-json\/wp\/v2\/product_tag?post=9541"}],"curies":[{"name":"wp","href":"https:\/\/api.w.org\/{rel}","templated":true}]}}