{"id":9659,"date":"2025-03-29T21:26:46","date_gmt":"2025-03-29T20:26:46","guid":{"rendered":"https:\/\/www.dertour-reiseleitung.com\/tuerkische-riviera\/aktivitaeten\/karacaoeren\/"},"modified":"2026-04-02T13:24:53","modified_gmt":"2026-04-02T10:24:53","slug":"karacaoeren-pur-natur","status":"publish","type":"product","link":"https:\/\/www.dertour-reiseleitung.com\/tuerkische-riviera\/aktivitaeten\/karacaoeren-pur-natur\/","title":{"rendered":"Karaca\u00f6ren Pur Natur"},"content":{"rendered":"<h3>Natur Pur<\/h3>\n<p>Nach der Abholung besuchen Sie ein Schmuckfachhaus und erfahren Interessantes \u00fcber die t\u00fcrkische Goldschmiedekunst. Genie\u00dfen Sie eine fachgerechte Beratung und nutzen Sie die Chance das ein oder andere Schmuckst\u00fcck k\u00e4uflich zu erwerben.<\/p>\n<p>Anschlie\u00dfend fahren Sie mit dem Bus weiter in Richtung Antalya und biegen vor der Stadt in Richtung Taurus Gebirge ins Landesinnere ab. Ihr Reisef\u00fchrer berichtet w\u00e4hrend der Fahrt \u00fcber Kultur, Geschichte und Leben in der T\u00fcrkei.<\/p>\n<p>Ihr Ziel ist der Karaca\u00f6ren Stausee, der an der Route nach Isparta liegt. Unterwegs kommt keine Langeweile auf &#8211; Ihr Reisef\u00fchrer hat viele interessante Details \u00fcber Land, Leute und Natur im Gep\u00e4ck. Der letzte Kilometer vor dem Ziel f\u00fchrt durch einen Tunnel. Das Tunnelende gibt den Blick auf das weite Tal mit dem malerischen Stausee frei.<\/p>\n<p>Nach einer kleinen Pause wartet ein Seerestaurant auf Sie. Bei einer Mini-Kochshow erfahren Sie die Geheimnisse der Kr\u00e4uter und Gew\u00fcrze der t\u00fcrkischen K\u00fcche, umrahmt von mythologischen Geschichten. Der w\u00fcrzige Duft des Grills lockt Sie zum Mittagessen. Lassen Sie sich lecker zubereitetes Essen schmecken und genie\u00dfen Sie dabei einen wundersch\u00f6nen Blick \u00fcber den See.<\/p>\n<p>Gut gest\u00e4rkt geht es mit dem Solar Katamaran \u00fcber den S\u00fc\u00dfwassersee &#8211; keine Touristenmassen oder Hoteltrubel st\u00f6ren die Ruhe. An einer k\u00fcnstlichen Insel mit Schattendach machen Sie Halt f\u00fcr eine ausgiebige Badepause. Nur die Natur mit ihren Ger\u00e4uschen &#8211; es ist herrlich! Nach einem erfrischenden Bad bringt Sie der Katamaran weiter in den Canyon.<\/p>\n<p><strong>Ausflugsveranstalter:<\/strong> Destination Turistik Hizmetleri Tic. Ltd. Sti.<\/p>\n<p>&nbsp;<\/p>\n","protected":false},"excerpt":{"rendered":"<p>Natur Pur Nach der Abholung besuchen Sie ein Schmuckfachhaus und erfahren Interessantes \u00fcber die t\u00fcrkische Goldschmiedekunst. Genie\u00dfen Sie eine fachgerechte Beratung und nutzen Sie die Chance das ein oder andere Schmuckst\u00fcck k\u00e4uflich zu erwerben. Anschlie\u00dfend fahren Sie mit dem Bus weiter in Richtung Antalya und biegen vor der Stadt in Richtung Taurus Gebirge ins Landesinnere [&hellip;]<\/p>\n","protected":false},"featured_media":9661,"template":"","meta":{"_acf_changed":false,"ocean_post_layout":"","ocean_both_sidebars_style":"","ocean_both_sidebars_content_width":0,"ocean_both_sidebars_sidebars_width":0,"ocean_sidebar":"0","ocean_second_sidebar":"0","ocean_disable_margins":"enable","ocean_add_body_class":"","ocean_shortcode_before_top_bar":"","ocean_shortcode_after_top_bar":"","ocean_shortcode_before_header":"","ocean_shortcode_after_header":"","ocean_has_shortcode":"","ocean_shortcode_after_title":"","ocean_shortcode_before_footer_widgets":"","ocean_shortcode_after_footer_widgets":"","ocean_shortcode_before_footer_bottom":"","ocean_shortcode_after_footer_bottom":"","ocean_display_top_bar":"default","ocean_display_header":"default","ocean_header_style":"","ocean_center_header_left_menu":"0","ocean_custom_header_template":"0","ocean_custom_logo":0,"ocean_custom_retina_logo":0,"ocean_custom_logo_max_width":0,"ocean_custom_logo_tablet_max_width":0,"ocean_custom_logo_mobile_max_width":0,"ocean_custom_logo_max_height":0,"ocean_custom_logo_tablet_max_height":0,"ocean_custom_logo_mobile_max_height":0,"ocean_header_custom_menu":"0","ocean_menu_typo_font_family":"0","ocean_menu_typo_font_subset":"","ocean_menu_typo_font_size":0,"ocean_menu_typo_font_size_tablet":0,"ocean_menu_typo_font_size_mobile":0,"ocean_menu_typo_font_size_unit":"px","ocean_menu_typo_font_weight":"","ocean_menu_typo_font_weight_tablet":"","ocean_menu_typo_font_weight_mobile":"","ocean_menu_typo_transform":"","ocean_menu_typo_transform_tablet":"","ocean_menu_typo_transform_mobile":"","ocean_menu_typo_line_height":0,"ocean_menu_typo_line_height_tablet":0,"ocean_menu_typo_line_height_mobile":0,"ocean_menu_typo_line_height_unit":"","ocean_menu_typo_spacing":0,"ocean_menu_typo_spacing_tablet":0,"ocean_menu_typo_spacing_mobile":0,"ocean_menu_typo_spacing_unit":"","ocean_menu_link_color":"","ocean_menu_link_color_hover":"","ocean_menu_link_color_active":"","ocean_menu_link_background":"","ocean_menu_link_hover_background":"","ocean_menu_link_active_background":"","ocean_menu_social_links_bg":"","ocean_menu_social_hover_links_bg":"","ocean_menu_social_links_color":"","ocean_menu_social_hover_links_color":"","ocean_disable_title":"default","ocean_disable_heading":"default","ocean_post_title":"","ocean_post_subheading":"","ocean_post_title_style":"background-image","ocean_post_title_background_color":"","ocean_post_title_background":9661,"ocean_post_title_bg_image_position":"","ocean_post_title_bg_image_attachment":"","ocean_post_title_bg_image_repeat":"","ocean_post_title_bg_image_size":"","ocean_post_title_height":0,"ocean_post_title_bg_overlay":0.5,"ocean_post_title_bg_overlay_color":"","ocean_disable_breadcrumbs":"default","ocean_breadcrumbs_color":"","ocean_breadcrumbs_separator_color":"","ocean_breadcrumbs_links_color":"","ocean_breadcrumbs_links_hover_color":"","ocean_display_footer_widgets":"default","ocean_display_footer_bottom":"default","ocean_custom_footer_template":"0","omw_enable_modal_window":"enable","osh_disable_topbar_sticky":"default","osh_disable_header_sticky":"default","osh_sticky_header_style":"default","osh_sticky_header_effect":"","osh_custom_sticky_logo":0,"osh_custom_retina_sticky_logo":0,"osh_custom_sticky_logo_height":0,"osh_background_color":"","osh_links_color":"","osh_links_hover_color":"","osh_links_active_color":"","osh_links_bg_color":"","osh_links_hover_bg_color":"","osh_links_active_bg_color":"","osh_menu_social_links_color":"","osh_menu_social_hover_links_color":""},"ort":[519,524,523,518,517],"sichtbarkeit":[],"templateoption":[176],"product_brand":[],"product_cat":[182],"product_tag":[],"class_list":{"0":"post-9659","1":"product","2":"type-product","3":"status-publish","4":"has-post-thumbnail","6":"ort-belek","7":"ort-bogazkent","8":"ort-kundu","9":"ort-lara","10":"ort-side","11":"templateoption-ohne-buchungskalender","12":"product_cat-ausfluege","13":"bookacti-activity","15":"entry","16":"has-media","18":"first","19":"instock","20":"virtual","21":"purchasable","22":"product-type-simple","23":"has-product-nav","24":"col","25":"span_1_of_3","26":"owp-content-center","27":"owp-thumbs-layout-horizontal","28":"owp-btn-normal","29":"owp-tabs-layout-section"},"acf":[],"_links":{"self":[{"href":"https:\/\/www.dertour-reiseleitung.com\/tuerkische-riviera\/wp-json\/wp\/v2\/product\/9659","targetHints":{"allow":["GET"]}}],"collection":[{"href":"https:\/\/www.dertour-reiseleitung.com\/tuerkische-riviera\/wp-json\/wp\/v2\/product"}],"about":[{"href":"https:\/\/www.dertour-reiseleitung.com\/tuerkische-riviera\/wp-json\/wp\/v2\/types\/product"}],"version-history":[{"count":5,"href":"https:\/\/www.dertour-reiseleitung.com\/tuerkische-riviera\/wp-json\/wp\/v2\/product\/9659\/revisions"}],"predecessor-version":[{"id":11138,"href":"https:\/\/www.dertour-reiseleitung.com\/tuerkische-riviera\/wp-json\/wp\/v2\/product\/9659\/revisions\/11138"}],"wp:featuredmedia":[{"embeddable":true,"href":"https:\/\/www.dertour-reiseleitung.com\/tuerkische-riviera\/wp-json\/wp\/v2\/media\/9661"}],"wp:attachment":[{"href":"https:\/\/www.dertour-reiseleitung.com\/tuerkische-riviera\/wp-json\/wp\/v2\/media?parent=9659"}],"wp:term":[{"taxonomy":"ort","embeddable":true,"href":"https:\/\/www.dertour-reiseleitung.com\/tuerkische-riviera\/wp-json\/wp\/v2\/ort?post=9659"},{"taxonomy":"sichtbarkeit","embeddable":true,"href":"https:\/\/www.dertour-reiseleitung.com\/tuerkische-riviera\/wp-json\/wp\/v2\/sichtbarkeit?post=9659"},{"taxonomy":"templateoption","embeddable":true,"href":"https:\/\/www.dertour-reiseleitung.com\/tuerkische-riviera\/wp-json\/wp\/v2\/templateoption?post=9659"},{"taxonomy":"product_brand","embeddable":true,"href":"https:\/\/www.dertour-reiseleitung.com\/tuerkische-riviera\/wp-json\/wp\/v2\/product_brand?post=9659"},{"taxonomy":"product_cat","embeddable":true,"href":"https:\/\/www.dertour-reiseleitung.com\/tuerkische-riviera\/wp-json\/wp\/v2\/product_cat?post=9659"},{"taxonomy":"product_tag","embeddable":true,"href":"https:\/\/www.dertour-reiseleitung.com\/tuerkische-riviera\/wp-json\/wp\/v2\/product_tag?post=9659"}],"curies":[{"name":"wp","href":"https:\/\/api.w.org\/{rel}","templated":true}]}}