{"id":9672,"date":"2025-03-29T21:27:05","date_gmt":"2025-03-29T20:27:05","guid":{"rendered":"https:\/\/www.dertour-reiseleitung.com\/tuerkische-riviera\/aktivitaeten\/tropic-antalya\/"},"modified":"2026-04-02T13:34:53","modified_gmt":"2026-04-02T10:34:53","slug":"tropic-antalya","status":"publish","type":"product","link":"https:\/\/www.dertour-reiseleitung.com\/tuerkische-riviera\/aktivitaeten\/tropic-antalya\/","title":{"rendered":"Tropic Antalya"},"content":{"rendered":"<h3>Der Wundergarten der paradiesischen Fr\u00fcchte<\/h3>\n<p>Der Wundergarten der paradiesischen Fr\u00fcchte liegt auf halbem Weg zwischen Manavgat und Antalya, eingebettet in ein weites Tal, dort wo sich von S\u00fcden her das Taurusgebirge erhebt.<\/p>\n<p>Liebhaber exotischer Pflanzen und Genie\u00dfer ihrer k\u00f6stlichen Fr\u00fcchte werden diesen besonderen Ort lieben. Passionsfrucht, Drachenfrucht, Papaya, Kaffee und andere Pflanzen sind hier zu bewundern. Kakteenliebhaber werden vom Kakteengarten begeistert sein.<\/p>\n<p>F\u00fcr Familien mit Kindern ist dies eine sch\u00f6ne M\u00f6glichkeit, neben der Exkursion auch Spiel und Spa\u00df zu erleben.<\/p>\n<p>Bei einem Ausflug durch Bananenh\u00e4user, einen Passions- und Drachenfruchthain, wird auf interessante Weise vermittelt, wie die Pflanzen gepflegt werden, und welche vielf\u00e4ltige Bedeutung sie f\u00fcr uns haben k\u00f6nnen.<\/p>\n<p>Nicht weniger interessant ist die anschlie\u00dfende Fahrt mit einem Trailer durch die Plantagenlandschaft, bei der informative Details \u00fcber die dort angebauten Kulturen vermittelt werden. Auf einer Terrasse mit sch\u00f6nem Blick \u00fcber die Plantage und das Tal l\u00e4sst es sich nach den Erlebnissen richtig gut entspannen.<\/p>\n<p>Doch der Tag bietet noch mehr. Antalya ist nicht weit entfernt.<br \/>\nDer Besuch eines der ber\u00fchmten Schmuckzentren bietet viel mehr an als nur die Gelegenheit, sch\u00f6ne und begehrenswerte St\u00fccke zu bewundern.<\/p>\n<p>In der Innenstadt von Antalya haben Sie etwa zwei bis zweieinhalb Stunden Zeit, um den Hafen, die malerische Altstadt, oder die zentrumsnahen Sehensw\u00fcrdigkeiten zu besichtigen. Rund um den Uhrturm, einem beliebten zentralen Treffpunkt in der Innenstadt, locken zahlreiche Einkaufsm\u00f6glichkeiten f\u00fcr Souvenirs, Gew\u00fcrze oder Textilien.<\/p>\n<p><strong>Ausflugsveranstalter:<\/strong> Destination Turistik Hizmetleri Tic. Ltd. Sti.<\/p>\n","protected":false},"excerpt":{"rendered":"<p>Der Wundergarten der paradiesischen Fr\u00fcchte Der Wundergarten der paradiesischen Fr\u00fcchte liegt auf halbem Weg zwischen Manavgat und Antalya, eingebettet in ein weites Tal, dort wo sich von S\u00fcden her das Taurusgebirge erhebt. Liebhaber exotischer Pflanzen und Genie\u00dfer ihrer k\u00f6stlichen Fr\u00fcchte werden diesen besonderen Ort lieben. Passionsfrucht, Drachenfrucht, Papaya, Kaffee und andere Pflanzen sind hier zu [&hellip;]<\/p>\n","protected":false},"featured_media":9674,"template":"","meta":{"_acf_changed":false,"ocean_post_layout":"","ocean_both_sidebars_style":"","ocean_both_sidebars_content_width":0,"ocean_both_sidebars_sidebars_width":0,"ocean_sidebar":"0","ocean_second_sidebar":"0","ocean_disable_margins":"enable","ocean_add_body_class":"","ocean_shortcode_before_top_bar":"","ocean_shortcode_after_top_bar":"","ocean_shortcode_before_header":"","ocean_shortcode_after_header":"","ocean_has_shortcode":"","ocean_shortcode_after_title":"","ocean_shortcode_before_footer_widgets":"","ocean_shortcode_after_footer_widgets":"","ocean_shortcode_before_footer_bottom":"","ocean_shortcode_after_footer_bottom":"","ocean_display_top_bar":"default","ocean_display_header":"default","ocean_header_style":"","ocean_center_header_left_menu":"0","ocean_custom_header_template":"0","ocean_custom_logo":0,"ocean_custom_retina_logo":0,"ocean_custom_logo_max_width":0,"ocean_custom_logo_tablet_max_width":0,"ocean_custom_logo_mobile_max_width":0,"ocean_custom_logo_max_height":0,"ocean_custom_logo_tablet_max_height":0,"ocean_custom_logo_mobile_max_height":0,"ocean_header_custom_menu":"0","ocean_menu_typo_font_family":"0","ocean_menu_typo_font_subset":"","ocean_menu_typo_font_size":0,"ocean_menu_typo_font_size_tablet":0,"ocean_menu_typo_font_size_mobile":0,"ocean_menu_typo_font_size_unit":"px","ocean_menu_typo_font_weight":"","ocean_menu_typo_font_weight_tablet":"","ocean_menu_typo_font_weight_mobile":"","ocean_menu_typo_transform":"","ocean_menu_typo_transform_tablet":"","ocean_menu_typo_transform_mobile":"","ocean_menu_typo_line_height":0,"ocean_menu_typo_line_height_tablet":0,"ocean_menu_typo_line_height_mobile":0,"ocean_menu_typo_line_height_unit":"","ocean_menu_typo_spacing":0,"ocean_menu_typo_spacing_tablet":0,"ocean_menu_typo_spacing_mobile":0,"ocean_menu_typo_spacing_unit":"","ocean_menu_link_color":"","ocean_menu_link_color_hover":"","ocean_menu_link_color_active":"","ocean_menu_link_background":"","ocean_menu_link_hover_background":"","ocean_menu_link_active_background":"","ocean_menu_social_links_bg":"","ocean_menu_social_hover_links_bg":"","ocean_menu_social_links_color":"","ocean_menu_social_hover_links_color":"","ocean_disable_title":"default","ocean_disable_heading":"default","ocean_post_title":"","ocean_post_subheading":"","ocean_post_title_style":"background-image","ocean_post_title_background_color":"","ocean_post_title_background":9540,"ocean_post_title_bg_image_position":"","ocean_post_title_bg_image_attachment":"","ocean_post_title_bg_image_repeat":"","ocean_post_title_bg_image_size":"","ocean_post_title_height":0,"ocean_post_title_bg_overlay":0.5,"ocean_post_title_bg_overlay_color":"","ocean_disable_breadcrumbs":"default","ocean_breadcrumbs_color":"","ocean_breadcrumbs_separator_color":"","ocean_breadcrumbs_links_color":"","ocean_breadcrumbs_links_hover_color":"","ocean_display_footer_widgets":"default","ocean_display_footer_bottom":"default","ocean_custom_footer_template":"0","omw_enable_modal_window":"enable","osh_disable_topbar_sticky":"default","osh_disable_header_sticky":"default","osh_sticky_header_style":"default","osh_sticky_header_effect":"","osh_custom_sticky_logo":0,"osh_custom_retina_sticky_logo":0,"osh_custom_sticky_logo_height":0,"osh_background_color":"","osh_links_color":"","osh_links_hover_color":"","osh_links_active_color":"","osh_links_bg_color":"","osh_links_hover_bg_color":"","osh_links_active_bg_color":"","osh_menu_social_links_color":"","osh_menu_social_hover_links_color":""},"ort":[519,524,523,518,517],"sichtbarkeit":[],"templateoption":[176],"product_brand":[],"product_cat":[182],"product_tag":[],"class_list":{"0":"post-9672","1":"product","2":"type-product","3":"status-publish","4":"has-post-thumbnail","6":"ort-belek","7":"ort-bogazkent","8":"ort-kundu","9":"ort-lara","10":"ort-side","11":"templateoption-ohne-buchungskalender","12":"product_cat-ausfluege","13":"bookacti-activity","15":"entry","16":"has-media","18":"first","19":"instock","20":"virtual","21":"purchasable","22":"product-type-simple","23":"has-product-nav","24":"col","25":"span_1_of_3","26":"owp-content-center","27":"owp-thumbs-layout-horizontal","28":"owp-btn-normal","29":"owp-tabs-layout-section"},"acf":[],"_links":{"self":[{"href":"https:\/\/www.dertour-reiseleitung.com\/tuerkische-riviera\/wp-json\/wp\/v2\/product\/9672","targetHints":{"allow":["GET"]}}],"collection":[{"href":"https:\/\/www.dertour-reiseleitung.com\/tuerkische-riviera\/wp-json\/wp\/v2\/product"}],"about":[{"href":"https:\/\/www.dertour-reiseleitung.com\/tuerkische-riviera\/wp-json\/wp\/v2\/types\/product"}],"version-history":[{"count":10,"href":"https:\/\/www.dertour-reiseleitung.com\/tuerkische-riviera\/wp-json\/wp\/v2\/product\/9672\/revisions"}],"predecessor-version":[{"id":11467,"href":"https:\/\/www.dertour-reiseleitung.com\/tuerkische-riviera\/wp-json\/wp\/v2\/product\/9672\/revisions\/11467"}],"wp:featuredmedia":[{"embeddable":true,"href":"https:\/\/www.dertour-reiseleitung.com\/tuerkische-riviera\/wp-json\/wp\/v2\/media\/9674"}],"wp:attachment":[{"href":"https:\/\/www.dertour-reiseleitung.com\/tuerkische-riviera\/wp-json\/wp\/v2\/media?parent=9672"}],"wp:term":[{"taxonomy":"ort","embeddable":true,"href":"https:\/\/www.dertour-reiseleitung.com\/tuerkische-riviera\/wp-json\/wp\/v2\/ort?post=9672"},{"taxonomy":"sichtbarkeit","embeddable":true,"href":"https:\/\/www.dertour-reiseleitung.com\/tuerkische-riviera\/wp-json\/wp\/v2\/sichtbarkeit?post=9672"},{"taxonomy":"templateoption","embeddable":true,"href":"https:\/\/www.dertour-reiseleitung.com\/tuerkische-riviera\/wp-json\/wp\/v2\/templateoption?post=9672"},{"taxonomy":"product_brand","embeddable":true,"href":"https:\/\/www.dertour-reiseleitung.com\/tuerkische-riviera\/wp-json\/wp\/v2\/product_brand?post=9672"},{"taxonomy":"product_cat","embeddable":true,"href":"https:\/\/www.dertour-reiseleitung.com\/tuerkische-riviera\/wp-json\/wp\/v2\/product_cat?post=9672"},{"taxonomy":"product_tag","embeddable":true,"href":"https:\/\/www.dertour-reiseleitung.com\/tuerkische-riviera\/wp-json\/wp\/v2\/product_tag?post=9672"}],"curies":[{"name":"wp","href":"https:\/\/api.w.org\/{rel}","templated":true}]}}