{"id":9668,"date":"2025-03-23T15:34:19","date_gmt":"2025-03-23T14:34:19","guid":{"rendered":"https:\/\/www.dertour-reiseleitung.com\/tunesien-festland\/aktivitaeten\/wuestenschiff-ab-sousse-pek\/"},"modified":"2026-03-26T16:50:52","modified_gmt":"2026-03-26T15:50:52","slug":"wuestenschiff-dds-031-1","status":"publish","type":"product","link":"https:\/\/www.dertour-reiseleitung.com\/tunesien-festland\/aktivitaeten\/wuestenschiff-dds-031-1\/","title":{"rendered":"W\u00fcstenschiff"},"content":{"rendered":"<p><strong>Karawane durch das Hinterland<\/strong><\/p>\n<p>Nicht nur in der W\u00fcste kommen Sie auf Ihre Kosten!<\/p>\n<p>Ganz gem\u00fctlich, im Hinterland von Port El Kantaoui, beginnt Ihre kleine Entdeckungsreise in die l\u00e4ndliche Umgebung. Auf dem R\u00fccken eines Kamels oder ganz entspannt in einer traditionellen Kutsche erleben Sie die Landschaft aus einer einzigartigen Perspektive.<\/p>\n<p>W\u00e4hrend Sie gem\u00e4chlich zwischen Olivenhainen, weiten Feldern und kleinen Geh\u00f6ften entlangziehen, entdecken Sie das authentische Leben der Menschen in der Region. Freuen Sie sich auf Begegnungen, charmante Eindr\u00fccke und eine entspannte Atmosph\u00e4re, die Ihnen einen unvergesslichen Einblick in das tunesische Hinterland bietet.<\/p>\n<p>Egal ob auf dem Kamelr\u00fccken oder in der Kutsche \u2013 empfiehlt sich bequeme, praktische Kleidung:<br \/>\neine lange Hose, geschlossene Schuhe sowie Kopfbedeckung und Sonnenbrille zum Schutz vor Sonne.<\/p>\n<p><strong>Ausflugsveranstalter:<\/strong> Destination Touristic Services<\/p>\n","protected":false},"excerpt":{"rendered":"<p>Karawane durch das Hinterland Nicht nur in der W\u00fcste kommen Sie auf Ihre Kosten! Ganz gem\u00fctlich, im Hinterland von Port El Kantaoui, beginnt Ihre kleine Entdeckungsreise in die l\u00e4ndliche Umgebung. Auf dem R\u00fccken eines Kamels oder ganz entspannt in einer traditionellen Kutsche erleben Sie die Landschaft aus einer einzigartigen Perspektive. W\u00e4hrend Sie gem\u00e4chlich zwischen Olivenhainen, [&hellip;]<\/p>\n","protected":false},"featured_media":9670,"template":"","meta":{"_acf_changed":false,"ocean_post_layout":"","ocean_both_sidebars_style":"","ocean_both_sidebars_content_width":0,"ocean_both_sidebars_sidebars_width":0,"ocean_sidebar":"0","ocean_second_sidebar":"0","ocean_disable_margins":"enable","ocean_add_body_class":"","ocean_shortcode_before_top_bar":"","ocean_shortcode_after_top_bar":"","ocean_shortcode_before_header":"","ocean_shortcode_after_header":"","ocean_has_shortcode":"","ocean_shortcode_after_title":"","ocean_shortcode_before_footer_widgets":"","ocean_shortcode_after_footer_widgets":"","ocean_shortcode_before_footer_bottom":"","ocean_shortcode_after_footer_bottom":"","ocean_display_top_bar":"default","ocean_display_header":"default","ocean_header_style":"","ocean_center_header_left_menu":"0","ocean_custom_header_template":"0","ocean_custom_logo":0,"ocean_custom_retina_logo":0,"ocean_custom_logo_max_width":0,"ocean_custom_logo_tablet_max_width":0,"ocean_custom_logo_mobile_max_width":0,"ocean_custom_logo_max_height":0,"ocean_custom_logo_tablet_max_height":0,"ocean_custom_logo_mobile_max_height":0,"ocean_header_custom_menu":"0","ocean_menu_typo_font_family":"0","ocean_menu_typo_font_subset":"","ocean_menu_typo_font_size":0,"ocean_menu_typo_font_size_tablet":0,"ocean_menu_typo_font_size_mobile":0,"ocean_menu_typo_font_size_unit":"px","ocean_menu_typo_font_weight":"","ocean_menu_typo_font_weight_tablet":"","ocean_menu_typo_font_weight_mobile":"","ocean_menu_typo_transform":"","ocean_menu_typo_transform_tablet":"","ocean_menu_typo_transform_mobile":"","ocean_menu_typo_line_height":0,"ocean_menu_typo_line_height_tablet":0,"ocean_menu_typo_line_height_mobile":0,"ocean_menu_typo_line_height_unit":"","ocean_menu_typo_spacing":0,"ocean_menu_typo_spacing_tablet":0,"ocean_menu_typo_spacing_mobile":0,"ocean_menu_typo_spacing_unit":"","ocean_menu_link_color":"","ocean_menu_link_color_hover":"","ocean_menu_link_color_active":"","ocean_menu_link_background":"","ocean_menu_link_hover_background":"","ocean_menu_link_active_background":"","ocean_menu_social_links_bg":"","ocean_menu_social_hover_links_bg":"","ocean_menu_social_links_color":"","ocean_menu_social_hover_links_color":"","ocean_disable_title":"default","ocean_disable_heading":"default","ocean_post_title":"","ocean_post_subheading":"","ocean_post_title_style":"background-image","ocean_post_title_background_color":"","ocean_post_title_background":9674,"ocean_post_title_bg_image_position":"","ocean_post_title_bg_image_attachment":"","ocean_post_title_bg_image_repeat":"","ocean_post_title_bg_image_size":"","ocean_post_title_height":0,"ocean_post_title_bg_overlay":0.5,"ocean_post_title_bg_overlay_color":"","ocean_disable_breadcrumbs":"default","ocean_breadcrumbs_color":"","ocean_breadcrumbs_separator_color":"","ocean_breadcrumbs_links_color":"","ocean_breadcrumbs_links_hover_color":"","ocean_display_footer_widgets":"default","ocean_display_footer_bottom":"default","ocean_custom_footer_template":"0","omw_enable_modal_window":"enable","osh_disable_topbar_sticky":"default","osh_disable_header_sticky":"default","osh_sticky_header_style":"default","osh_sticky_header_effect":"","osh_custom_sticky_logo":0,"osh_custom_retina_sticky_logo":0,"osh_custom_sticky_logo_height":0,"osh_background_color":"","osh_links_color":"","osh_links_hover_color":"","osh_links_active_color":"","osh_links_bg_color":"","osh_links_hover_bg_color":"","osh_links_active_bg_color":"","osh_menu_social_links_color":"","osh_menu_social_hover_links_color":""},"ort":[461,462],"sichtbarkeit":[],"templateoption":[179],"product_brand":[],"product_cat":[182],"product_tag":[],"class_list":{"0":"post-9668","1":"product","2":"type-product","3":"status-publish","4":"has-post-thumbnail","6":"ort-port-el-kantaoui","7":"ort-sousse","8":"templateoption-dertrip-bc","9":"product_cat-ausfluege","11":"entry","12":"has-media","14":"first","15":"instock","16":"virtual","17":"purchasable","18":"product-type-simple","19":"has-product-nav","20":"col","21":"span_1_of_3","22":"owp-content-center","23":"owp-thumbs-layout-horizontal","24":"owp-btn-normal","25":"owp-tabs-layout-section"},"acf":[],"_links":{"self":[{"href":"https:\/\/www.dertour-reiseleitung.com\/tunesien-festland\/wp-json\/wp\/v2\/product\/9668","targetHints":{"allow":["GET"]}}],"collection":[{"href":"https:\/\/www.dertour-reiseleitung.com\/tunesien-festland\/wp-json\/wp\/v2\/product"}],"about":[{"href":"https:\/\/www.dertour-reiseleitung.com\/tunesien-festland\/wp-json\/wp\/v2\/types\/product"}],"version-history":[{"count":9,"href":"https:\/\/www.dertour-reiseleitung.com\/tunesien-festland\/wp-json\/wp\/v2\/product\/9668\/revisions"}],"predecessor-version":[{"id":14300,"href":"https:\/\/www.dertour-reiseleitung.com\/tunesien-festland\/wp-json\/wp\/v2\/product\/9668\/revisions\/14300"}],"wp:featuredmedia":[{"embeddable":true,"href":"https:\/\/www.dertour-reiseleitung.com\/tunesien-festland\/wp-json\/wp\/v2\/media\/9670"}],"wp:attachment":[{"href":"https:\/\/www.dertour-reiseleitung.com\/tunesien-festland\/wp-json\/wp\/v2\/media?parent=9668"}],"wp:term":[{"taxonomy":"ort","embeddable":true,"href":"https:\/\/www.dertour-reiseleitung.com\/tunesien-festland\/wp-json\/wp\/v2\/ort?post=9668"},{"taxonomy":"sichtbarkeit","embeddable":true,"href":"https:\/\/www.dertour-reiseleitung.com\/tunesien-festland\/wp-json\/wp\/v2\/sichtbarkeit?post=9668"},{"taxonomy":"templateoption","embeddable":true,"href":"https:\/\/www.dertour-reiseleitung.com\/tunesien-festland\/wp-json\/wp\/v2\/templateoption?post=9668"},{"taxonomy":"product_brand","embeddable":true,"href":"https:\/\/www.dertour-reiseleitung.com\/tunesien-festland\/wp-json\/wp\/v2\/product_brand?post=9668"},{"taxonomy":"product_cat","embeddable":true,"href":"https:\/\/www.dertour-reiseleitung.com\/tunesien-festland\/wp-json\/wp\/v2\/product_cat?post=9668"},{"taxonomy":"product_tag","embeddable":true,"href":"https:\/\/www.dertour-reiseleitung.com\/tunesien-festland\/wp-json\/wp\/v2\/product_tag?post=9668"}],"curies":[{"name":"wp","href":"https:\/\/api.w.org\/{rel}","templated":true}]}}