{"id":9701,"date":"2025-03-23T15:35:16","date_gmt":"2025-03-23T14:35:16","guid":{"rendered":"https:\/\/www.dertour-reiseleitung.com\/tunesien-festland\/aktivitaeten\/kultur-kunst-karthago-sidi-bou-said-ab-sousse-pek-monastir\/"},"modified":"2026-03-31T11:29:14","modified_gmt":"2026-03-31T10:29:14","slug":"kultur-kunst-karthago-sidi-bou-said-dds-015-2","status":"publish","type":"product","link":"https:\/\/www.dertour-reiseleitung.com\/tunesien-festland\/aktivitaeten\/kultur-kunst-karthago-sidi-bou-said-dds-015-2\/","title":{"rendered":"Kultur &amp; Kunst: Karthago &amp; Sidi Bou Said"},"content":{"rendered":"<h3>Erleben Sie die H\u00f6hepunkte von Karthago<\/h3>\n<p>Geschichte eindrucksvoll und intensiv erleben Sie unter anderem in den Antonius Pius Thermen, den Punischen H\u00e4fen und den ehemaligen Wohn-, Kult- und Begr\u00e4bnisst\u00e4tten der einst bl\u00fchenden r\u00f6mischen Stadt in Nordafrika!<\/p>\n<p>Neben Karthago begeistert Sie die wei\u00df blaue Stadt Sidi Bou Said, auch bekannt geworden als Santorini Nordafrikas! Die Sch\u00f6nheit dieses St\u00e4dtchens verzauberte einst auch Maler wie August Macke und Paul Klee, die das einmalige Ambiente in bekannten Bildern eingefangen haben.<\/p>\n<p>Schlendern Sie durch die malerischen Gassen, fotografieren Sie die Farbenpracht der orientalischen Portale und H\u00e4user und schlendern Sie durch die pittoreske, immer wieder mit tollen Ausblicken begeisternde Stadt \u00fcber der Bucht von Tunis.<\/p>\n<p>Ein weiteres Highlight ist der Besuch von Dar El Annabi, einem traditionellen Haus in Sidi Bou Sa\u00efd mit typisch wei\u00df blauer Architektur. Beim Rundgang entdecken Sie authentische Einblicke in die fr\u00fchere Wohnkultur und das allt\u00e4gliche Leben wohlhabender tunesischer Familien.<\/p>\n<p>Ein gelungener Tagesausflug mit H\u00f6hepunkten und Fotomotiven, die weit \u00fcber Tunesiens Grenzen ber\u00fchmt sind.<\/p>\n<p><strong>Ausflugsveranstalter:<\/strong> DTS &#8211; Destination Touristic Services<\/p>\n","protected":false},"excerpt":{"rendered":"<p>Erleben Sie die H\u00f6hepunkte von Karthago Geschichte eindrucksvoll und intensiv erleben Sie unter anderem in den Antonius Pius Thermen, den Punischen H\u00e4fen und den ehemaligen Wohn-, Kult- und Begr\u00e4bnisst\u00e4tten der einst bl\u00fchenden r\u00f6mischen Stadt in Nordafrika! Neben Karthago begeistert Sie die wei\u00df blaue Stadt Sidi Bou Said, auch bekannt geworden als Santorini Nordafrikas! Die Sch\u00f6nheit [&hellip;]<\/p>\n","protected":false},"featured_media":9703,"template":"","meta":{"_acf_changed":false,"ocean_post_layout":"","ocean_both_sidebars_style":"","ocean_both_sidebars_content_width":0,"ocean_both_sidebars_sidebars_width":0,"ocean_sidebar":"0","ocean_second_sidebar":"0","ocean_disable_margins":"enable","ocean_add_body_class":"","ocean_shortcode_before_top_bar":"","ocean_shortcode_after_top_bar":"","ocean_shortcode_before_header":"","ocean_shortcode_after_header":"","ocean_has_shortcode":"","ocean_shortcode_after_title":"","ocean_shortcode_before_footer_widgets":"","ocean_shortcode_after_footer_widgets":"","ocean_shortcode_before_footer_bottom":"","ocean_shortcode_after_footer_bottom":"","ocean_display_top_bar":"default","ocean_display_header":"default","ocean_header_style":"","ocean_center_header_left_menu":"0","ocean_custom_header_template":"0","ocean_custom_logo":0,"ocean_custom_retina_logo":0,"ocean_custom_logo_max_width":0,"ocean_custom_logo_tablet_max_width":0,"ocean_custom_logo_mobile_max_width":0,"ocean_custom_logo_max_height":0,"ocean_custom_logo_tablet_max_height":0,"ocean_custom_logo_mobile_max_height":0,"ocean_header_custom_menu":"0","ocean_menu_typo_font_family":"0","ocean_menu_typo_font_subset":"","ocean_menu_typo_font_size":0,"ocean_menu_typo_font_size_tablet":0,"ocean_menu_typo_font_size_mobile":0,"ocean_menu_typo_font_size_unit":"px","ocean_menu_typo_font_weight":"","ocean_menu_typo_font_weight_tablet":"","ocean_menu_typo_font_weight_mobile":"","ocean_menu_typo_transform":"","ocean_menu_typo_transform_tablet":"","ocean_menu_typo_transform_mobile":"","ocean_menu_typo_line_height":0,"ocean_menu_typo_line_height_tablet":0,"ocean_menu_typo_line_height_mobile":0,"ocean_menu_typo_line_height_unit":"","ocean_menu_typo_spacing":0,"ocean_menu_typo_spacing_tablet":0,"ocean_menu_typo_spacing_mobile":0,"ocean_menu_typo_spacing_unit":"","ocean_menu_link_color":"","ocean_menu_link_color_hover":"","ocean_menu_link_color_active":"","ocean_menu_link_background":"","ocean_menu_link_hover_background":"","ocean_menu_link_active_background":"","ocean_menu_social_links_bg":"","ocean_menu_social_hover_links_bg":"","ocean_menu_social_links_color":"","ocean_menu_social_hover_links_color":"","ocean_disable_title":"default","ocean_disable_heading":"default","ocean_post_title":"","ocean_post_subheading":"","ocean_post_title_style":"background-image","ocean_post_title_background_color":"","ocean_post_title_background":9720,"ocean_post_title_bg_image_position":"","ocean_post_title_bg_image_attachment":"","ocean_post_title_bg_image_repeat":"","ocean_post_title_bg_image_size":"","ocean_post_title_height":0,"ocean_post_title_bg_overlay":0.5,"ocean_post_title_bg_overlay_color":"","ocean_disable_breadcrumbs":"default","ocean_breadcrumbs_color":"","ocean_breadcrumbs_separator_color":"","ocean_breadcrumbs_links_color":"","ocean_breadcrumbs_links_hover_color":"","ocean_display_footer_widgets":"default","ocean_display_footer_bottom":"default","ocean_custom_footer_template":"0","omw_enable_modal_window":"enable","osh_disable_topbar_sticky":"default","osh_disable_header_sticky":"default","osh_sticky_header_style":"default","osh_sticky_header_effect":"","osh_custom_sticky_logo":0,"osh_custom_retina_sticky_logo":0,"osh_custom_sticky_logo_height":0,"osh_background_color":"","osh_links_color":"","osh_links_hover_color":"","osh_links_active_color":"","osh_links_bg_color":"","osh_links_hover_bg_color":"","osh_links_active_bg_color":"","osh_menu_social_links_color":"","osh_menu_social_hover_links_color":""},"ort":[463,461,464,462],"sichtbarkeit":[],"templateoption":[179],"product_brand":[],"product_cat":[182],"product_tag":[],"class_list":{"0":"post-9701","1":"product","2":"type-product","3":"status-publish","4":"has-post-thumbnail","6":"ort-monastir","7":"ort-port-el-kantaoui","8":"ort-skanes","9":"ort-sousse","10":"templateoption-dertrip-bc","11":"product_cat-ausfluege","13":"entry","14":"has-media","16":"first","17":"instock","18":"virtual","19":"purchasable","20":"product-type-simple","21":"has-product-nav","22":"col","23":"span_1_of_3","24":"owp-content-center","25":"owp-thumbs-layout-horizontal","26":"owp-btn-normal","27":"owp-tabs-layout-section"},"acf":[],"_links":{"self":[{"href":"https:\/\/www.dertour-reiseleitung.com\/tunesien-festland\/wp-json\/wp\/v2\/product\/9701","targetHints":{"allow":["GET"]}}],"collection":[{"href":"https:\/\/www.dertour-reiseleitung.com\/tunesien-festland\/wp-json\/wp\/v2\/product"}],"about":[{"href":"https:\/\/www.dertour-reiseleitung.com\/tunesien-festland\/wp-json\/wp\/v2\/types\/product"}],"version-history":[{"count":8,"href":"https:\/\/www.dertour-reiseleitung.com\/tunesien-festland\/wp-json\/wp\/v2\/product\/9701\/revisions"}],"predecessor-version":[{"id":14355,"href":"https:\/\/www.dertour-reiseleitung.com\/tunesien-festland\/wp-json\/wp\/v2\/product\/9701\/revisions\/14355"}],"wp:featuredmedia":[{"embeddable":true,"href":"https:\/\/www.dertour-reiseleitung.com\/tunesien-festland\/wp-json\/wp\/v2\/media\/9703"}],"wp:attachment":[{"href":"https:\/\/www.dertour-reiseleitung.com\/tunesien-festland\/wp-json\/wp\/v2\/media?parent=9701"}],"wp:term":[{"taxonomy":"ort","embeddable":true,"href":"https:\/\/www.dertour-reiseleitung.com\/tunesien-festland\/wp-json\/wp\/v2\/ort?post=9701"},{"taxonomy":"sichtbarkeit","embeddable":true,"href":"https:\/\/www.dertour-reiseleitung.com\/tunesien-festland\/wp-json\/wp\/v2\/sichtbarkeit?post=9701"},{"taxonomy":"templateoption","embeddable":true,"href":"https:\/\/www.dertour-reiseleitung.com\/tunesien-festland\/wp-json\/wp\/v2\/templateoption?post=9701"},{"taxonomy":"product_brand","embeddable":true,"href":"https:\/\/www.dertour-reiseleitung.com\/tunesien-festland\/wp-json\/wp\/v2\/product_brand?post=9701"},{"taxonomy":"product_cat","embeddable":true,"href":"https:\/\/www.dertour-reiseleitung.com\/tunesien-festland\/wp-json\/wp\/v2\/product_cat?post=9701"},{"taxonomy":"product_tag","embeddable":true,"href":"https:\/\/www.dertour-reiseleitung.com\/tunesien-festland\/wp-json\/wp\/v2\/product_tag?post=9701"}],"curies":[{"name":"wp","href":"https:\/\/api.w.org\/{rel}","templated":true}]}}