{"id":9746,"date":"2025-03-23T15:36:38","date_gmt":"2025-03-23T14:36:38","guid":{"rendered":"https:\/\/www.dertour-reiseleitung.com\/tunesien-festland\/aktivitaeten\/dougga-unesco-weltkulturerbe-ab-sousse-pek-monastir-hammamet\/"},"modified":"2026-02-17T10:44:59","modified_gmt":"2026-02-17T09:44:59","slug":"dougga-unesco-weltkulturerbe-dds-006-1","status":"publish","type":"product","link":"https:\/\/www.dertour-reiseleitung.com\/tunesien-festland\/aktivitaeten\/dougga-unesco-weltkulturerbe-dds-006-1\/","title":{"rendered":"Dougga &#8211; UNESCO Weltkulturerbe"},"content":{"rendered":"<h3>Das tunesische Pompeji im fruchtbaren Hinterland<\/h3>\n<p>Begeben Sie sich auf Zeitreise zu einer der am besten erhaltenen r\u00f6mischen St\u00e4tte au\u00dferhalb Italiens im gr\u00fcnen, fruchtbaren Hinterland Tunesiens.<\/p>\n<p>Dougga beeindruckt mit Kapitol, Tempel und r\u00f6mischem Theater, die allesamt die Pracht ehemals r\u00f6mischer Architektur und das opulente Savoir-vivre der R\u00f6mer widerspiegeln.<\/p>\n<p>Erleben Sie eine ausf\u00fchrliche Besichtigung der antiken Stadt, die ohne Zweifel eine der vollst\u00e4ndigsten und sehenswertesten r\u00f6mischen Ausgrabungsst\u00e4tten ist und die 1997 in die UNESCO-Liste des Weltkulturerbes aufgenommen wurde.<\/p>\n<p>Noch heute entdecken arch\u00e4ologische Teams \u00dcberreste ehemaliger Prachtbauten.<\/p>\n<p>Auf der Fahrt nach Dougga besichtigen Sie auch eine andere bedeutende r\u00f6mische St\u00e4tte der ehemaligen r\u00f6mischen Provinz Africa: Thuburbus Majus. Eingebettet in gr\u00fcner, l\u00e4ndlicher Umgebung, bietet sich Ihnen ein nostalgisches Bild des r\u00f6mischen Lebens vor 2.000 Jahren.<\/p>\n<p>Ein weiterer Stopp am Wassertempel von Zaghouan bezaubert an der eindrucksvollen, schroffen Nordseite am Berg Djebel Zaghouan. Dieser r\u00f6mische Wassertempel, der zu Ehren der Nymphe der Quelle erbaut wurde, versorgte einst \u00fcber Kan\u00e4le und Aqu\u00e4dukte die damalige Weltmacht Karthago.<\/p>\n<p>Genie\u00dfen Sie eindrucksvolle Geschichte im traditionellen Hinterland, abseits der touristischen Badeorte &#8211; garantiert ein spannender Tag mit vielen Fotomotiven!<\/p>\n<p><strong>Ausflugsveranstalter:<\/strong> DTS &#8211; Destination Touristic Services<\/p>\n","protected":false},"excerpt":{"rendered":"<p>Das tunesische Pompeji im fruchtbaren Hinterland Begeben Sie sich auf Zeitreise zu einer der am besten erhaltenen r\u00f6mischen St\u00e4tte au\u00dferhalb Italiens im gr\u00fcnen, fruchtbaren Hinterland Tunesiens. Dougga beeindruckt mit Kapitol, Tempel und r\u00f6mischem Theater, die allesamt die Pracht ehemals r\u00f6mischer Architektur und das opulente Savoir-vivre der R\u00f6mer widerspiegeln. Erleben Sie eine ausf\u00fchrliche Besichtigung der antiken [&hellip;]<\/p>\n","protected":false},"featured_media":9748,"template":"","meta":{"_acf_changed":false,"ocean_post_layout":"","ocean_both_sidebars_style":"","ocean_both_sidebars_content_width":0,"ocean_both_sidebars_sidebars_width":0,"ocean_sidebar":"0","ocean_second_sidebar":"0","ocean_disable_margins":"enable","ocean_add_body_class":"","ocean_shortcode_before_top_bar":"","ocean_shortcode_after_top_bar":"","ocean_shortcode_before_header":"","ocean_shortcode_after_header":"","ocean_has_shortcode":"","ocean_shortcode_after_title":"","ocean_shortcode_before_footer_widgets":"","ocean_shortcode_after_footer_widgets":"","ocean_shortcode_before_footer_bottom":"","ocean_shortcode_after_footer_bottom":"","ocean_display_top_bar":"default","ocean_display_header":"default","ocean_header_style":"","ocean_center_header_left_menu":"0","ocean_custom_header_template":"0","ocean_custom_logo":0,"ocean_custom_retina_logo":0,"ocean_custom_logo_max_width":0,"ocean_custom_logo_tablet_max_width":0,"ocean_custom_logo_mobile_max_width":0,"ocean_custom_logo_max_height":0,"ocean_custom_logo_tablet_max_height":0,"ocean_custom_logo_mobile_max_height":0,"ocean_header_custom_menu":"0","ocean_menu_typo_font_family":"0","ocean_menu_typo_font_subset":"","ocean_menu_typo_font_size":0,"ocean_menu_typo_font_size_tablet":0,"ocean_menu_typo_font_size_mobile":0,"ocean_menu_typo_font_size_unit":"px","ocean_menu_typo_font_weight":"","ocean_menu_typo_font_weight_tablet":"","ocean_menu_typo_font_weight_mobile":"","ocean_menu_typo_transform":"","ocean_menu_typo_transform_tablet":"","ocean_menu_typo_transform_mobile":"","ocean_menu_typo_line_height":0,"ocean_menu_typo_line_height_tablet":0,"ocean_menu_typo_line_height_mobile":0,"ocean_menu_typo_line_height_unit":"","ocean_menu_typo_spacing":0,"ocean_menu_typo_spacing_tablet":0,"ocean_menu_typo_spacing_mobile":0,"ocean_menu_typo_spacing_unit":"","ocean_menu_link_color":"","ocean_menu_link_color_hover":"","ocean_menu_link_color_active":"","ocean_menu_link_background":"","ocean_menu_link_hover_background":"","ocean_menu_link_active_background":"","ocean_menu_social_links_bg":"","ocean_menu_social_hover_links_bg":"","ocean_menu_social_links_color":"","ocean_menu_social_hover_links_color":"","ocean_disable_title":"default","ocean_disable_heading":"default","ocean_post_title":"","ocean_post_subheading":"","ocean_post_title_style":"background-image","ocean_post_title_background_color":"","ocean_post_title_background":9752,"ocean_post_title_bg_image_position":"","ocean_post_title_bg_image_attachment":"","ocean_post_title_bg_image_repeat":"","ocean_post_title_bg_image_size":"","ocean_post_title_height":0,"ocean_post_title_bg_overlay":0.5,"ocean_post_title_bg_overlay_color":"","ocean_disable_breadcrumbs":"default","ocean_breadcrumbs_color":"","ocean_breadcrumbs_separator_color":"","ocean_breadcrumbs_links_color":"","ocean_breadcrumbs_links_hover_color":"","ocean_display_footer_widgets":"default","ocean_display_footer_bottom":"default","ocean_custom_footer_template":"0","omw_enable_modal_window":"enable","osh_disable_topbar_sticky":"default","osh_disable_header_sticky":"default","osh_sticky_header_style":"default","osh_sticky_header_effect":"","osh_custom_sticky_logo":0,"osh_custom_retina_sticky_logo":0,"osh_custom_sticky_logo_height":0,"osh_background_color":"","osh_links_color":"","osh_links_hover_color":"","osh_links_active_color":"","osh_links_bg_color":"","osh_links_hover_bg_color":"","osh_links_active_bg_color":"","osh_menu_social_links_color":"","osh_menu_social_hover_links_color":""},"ort":[459,458,463,518,461,464,462,460],"sichtbarkeit":[],"templateoption":[179],"product_brand":[],"product_cat":[182],"product_tag":[],"class_list":{"0":"post-9746","1":"product","2":"type-product","3":"status-publish","4":"has-post-thumbnail","6":"ort-hammamet","7":"ort-korba","8":"ort-monastir","9":"ort-nabeul","10":"ort-port-el-kantaoui","11":"ort-skanes","12":"ort-sousse","13":"ort-yasmine-hammamet","14":"templateoption-dertrip-bc","15":"product_cat-ausfluege","17":"entry","18":"has-media","20":"first","21":"instock","22":"virtual","23":"purchasable","24":"product-type-simple","25":"has-product-nav","26":"col","27":"span_1_of_3","28":"owp-content-center","29":"owp-thumbs-layout-horizontal","30":"owp-btn-normal","31":"owp-tabs-layout-section"},"acf":[],"_links":{"self":[{"href":"https:\/\/www.dertour-reiseleitung.com\/tunesien-festland\/wp-json\/wp\/v2\/product\/9746","targetHints":{"allow":["GET"]}}],"collection":[{"href":"https:\/\/www.dertour-reiseleitung.com\/tunesien-festland\/wp-json\/wp\/v2\/product"}],"about":[{"href":"https:\/\/www.dertour-reiseleitung.com\/tunesien-festland\/wp-json\/wp\/v2\/types\/product"}],"version-history":[{"count":6,"href":"https:\/\/www.dertour-reiseleitung.com\/tunesien-festland\/wp-json\/wp\/v2\/product\/9746\/revisions"}],"predecessor-version":[{"id":14012,"href":"https:\/\/www.dertour-reiseleitung.com\/tunesien-festland\/wp-json\/wp\/v2\/product\/9746\/revisions\/14012"}],"wp:featuredmedia":[{"embeddable":true,"href":"https:\/\/www.dertour-reiseleitung.com\/tunesien-festland\/wp-json\/wp\/v2\/media\/9748"}],"wp:attachment":[{"href":"https:\/\/www.dertour-reiseleitung.com\/tunesien-festland\/wp-json\/wp\/v2\/media?parent=9746"}],"wp:term":[{"taxonomy":"ort","embeddable":true,"href":"https:\/\/www.dertour-reiseleitung.com\/tunesien-festland\/wp-json\/wp\/v2\/ort?post=9746"},{"taxonomy":"sichtbarkeit","embeddable":true,"href":"https:\/\/www.dertour-reiseleitung.com\/tunesien-festland\/wp-json\/wp\/v2\/sichtbarkeit?post=9746"},{"taxonomy":"templateoption","embeddable":true,"href":"https:\/\/www.dertour-reiseleitung.com\/tunesien-festland\/wp-json\/wp\/v2\/templateoption?post=9746"},{"taxonomy":"product_brand","embeddable":true,"href":"https:\/\/www.dertour-reiseleitung.com\/tunesien-festland\/wp-json\/wp\/v2\/product_brand?post=9746"},{"taxonomy":"product_cat","embeddable":true,"href":"https:\/\/www.dertour-reiseleitung.com\/tunesien-festland\/wp-json\/wp\/v2\/product_cat?post=9746"},{"taxonomy":"product_tag","embeddable":true,"href":"https:\/\/www.dertour-reiseleitung.com\/tunesien-festland\/wp-json\/wp\/v2\/product_tag?post=9746"}],"curies":[{"name":"wp","href":"https:\/\/api.w.org\/{rel}","templated":true}]}}