{"id":9778,"date":"2025-03-23T15:37:52","date_gmt":"2025-03-23T14:37:52","guid":{"rendered":"https:\/\/www.dertour-reiseleitung.com\/tunesien-festland\/aktivitaeten\/die-fantastischen-3-kairouan-el-jem-monastir-ab-mahdia\/"},"modified":"2026-02-17T10:40:51","modified_gmt":"2026-02-17T09:40:51","slug":"die-fantastischen-3-kairouan-el-jem-monastir-dds-004-2","status":"publish","type":"product","link":"https:\/\/www.dertour-reiseleitung.com\/tunesien-festland\/aktivitaeten\/die-fantastischen-3-kairouan-el-jem-monastir-dds-004-2\/","title":{"rendered":"Die fantastischen 3: Kairouan, El Jem &amp; Monastir"},"content":{"rendered":"<h3>Die fantastischen 3<\/h3>\n<p><strong>Kairouan<br \/>\n<\/strong>Das UNESCO-Weltkulturerbe wurde 671 von den Arabern gegr\u00fcndet und ist geistiges und religi\u00f6ses Zentrum Tunesiens &#8211; und nach Mekka, Medina und Jerusalem die viertheiligste Stadt des Islam. Sie sehen den Innenhof der Sidi Oqba Moschee, der ber\u00fchmtesten und \u00e4ltesten Moschee des Maghreb, sowie das Mausoleum Sidi Sahbi.<\/p>\n<p>Sobald Sie die Medina durch das Haupttor Bab Echouhada betreten, f\u00fchlen Sie sich von der Lebendigkeit der Gassen, den vielen L\u00e4den und Caf\u00e9s \u00fcberw\u00e4ltigt. Sie sehen das beeindruckende Wasserbecken der Aghlabiden aus dem 9. Jahrhundert.<\/p>\n<p>Hinweis: Bitte achten Sie auf angemessene Kleidung!<\/p>\n<p><strong>El Djem<\/strong><br \/>\nIm UNESCO-Weltkulturerbe El Djem befindet sich das r\u00f6mische Amphitheater, das einst \u00fcber 40.000 Zuschauer fasste und Schauplatz sportlicher Ereignisse und Gladiatorenk\u00e4mpfe war. Es ist das drittgr\u00f6\u00dfte Amphitheater der Welt und bestens erhalten.<\/p>\n<p><strong>Monastir<\/strong><br \/>\nNach der Wahl Habib Bourguibs zum ersten Pr\u00e4sidenten der tunesischen Republik entwickelte sich seine Geburtsstadt zu einer modernen Metropole mit Moscheen, Parkanlagen, modernen Geb\u00e4uden und einer Universit\u00e4t. Eine kleine lebendige Medina f\u00fcllt die Stadt mit Leben. Das Ribat, ein Wehrschloss, ist das bedeutendste Bauwerk. Das Mausoleum Bourguibas wurde zu Ehren des ehemaligen tunesischen Pr\u00e4sidenten errichtet.<\/p>\n<p><strong>Ausflugsveranstalter:<\/strong> Destination Touristic Services<\/p>\n","protected":false},"excerpt":{"rendered":"<p>Die fantastischen 3 Kairouan Das UNESCO-Weltkulturerbe wurde 671 von den Arabern gegr\u00fcndet und ist geistiges und religi\u00f6ses Zentrum Tunesiens &#8211; und nach Mekka, Medina und Jerusalem die viertheiligste Stadt des Islam. Sie sehen den Innenhof der Sidi Oqba Moschee, der ber\u00fchmtesten und \u00e4ltesten Moschee des Maghreb, sowie das Mausoleum Sidi Sahbi. Sobald Sie die Medina [&hellip;]<\/p>\n","protected":false},"featured_media":9772,"template":"","meta":{"_acf_changed":false,"ocean_post_layout":"","ocean_both_sidebars_style":"","ocean_both_sidebars_content_width":0,"ocean_both_sidebars_sidebars_width":0,"ocean_sidebar":"0","ocean_second_sidebar":"0","ocean_disable_margins":"enable","ocean_add_body_class":"","ocean_shortcode_before_top_bar":"","ocean_shortcode_after_top_bar":"","ocean_shortcode_before_header":"","ocean_shortcode_after_header":"","ocean_has_shortcode":"","ocean_shortcode_after_title":"","ocean_shortcode_before_footer_widgets":"","ocean_shortcode_after_footer_widgets":"","ocean_shortcode_before_footer_bottom":"","ocean_shortcode_after_footer_bottom":"","ocean_display_top_bar":"default","ocean_display_header":"default","ocean_header_style":"","ocean_center_header_left_menu":"0","ocean_custom_header_template":"0","ocean_custom_logo":0,"ocean_custom_retina_logo":0,"ocean_custom_logo_max_width":0,"ocean_custom_logo_tablet_max_width":0,"ocean_custom_logo_mobile_max_width":0,"ocean_custom_logo_max_height":0,"ocean_custom_logo_tablet_max_height":0,"ocean_custom_logo_mobile_max_height":0,"ocean_header_custom_menu":"0","ocean_menu_typo_font_family":"0","ocean_menu_typo_font_subset":"","ocean_menu_typo_font_size":0,"ocean_menu_typo_font_size_tablet":0,"ocean_menu_typo_font_size_mobile":0,"ocean_menu_typo_font_size_unit":"px","ocean_menu_typo_font_weight":"","ocean_menu_typo_font_weight_tablet":"","ocean_menu_typo_font_weight_mobile":"","ocean_menu_typo_transform":"","ocean_menu_typo_transform_tablet":"","ocean_menu_typo_transform_mobile":"","ocean_menu_typo_line_height":0,"ocean_menu_typo_line_height_tablet":0,"ocean_menu_typo_line_height_mobile":0,"ocean_menu_typo_line_height_unit":"","ocean_menu_typo_spacing":0,"ocean_menu_typo_spacing_tablet":0,"ocean_menu_typo_spacing_mobile":0,"ocean_menu_typo_spacing_unit":"","ocean_menu_link_color":"","ocean_menu_link_color_hover":"","ocean_menu_link_color_active":"","ocean_menu_link_background":"","ocean_menu_link_hover_background":"","ocean_menu_link_active_background":"","ocean_menu_social_links_bg":"","ocean_menu_social_hover_links_bg":"","ocean_menu_social_links_color":"","ocean_menu_social_hover_links_color":"","ocean_disable_title":"default","ocean_disable_heading":"default","ocean_post_title":"","ocean_post_subheading":"","ocean_post_title_style":"background-image","ocean_post_title_background_color":"","ocean_post_title_background":9781,"ocean_post_title_bg_image_position":"","ocean_post_title_bg_image_attachment":"","ocean_post_title_bg_image_repeat":"","ocean_post_title_bg_image_size":"","ocean_post_title_height":0,"ocean_post_title_bg_overlay":0.5,"ocean_post_title_bg_overlay_color":"","ocean_disable_breadcrumbs":"default","ocean_breadcrumbs_color":"","ocean_breadcrumbs_separator_color":"","ocean_breadcrumbs_links_color":"","ocean_breadcrumbs_links_hover_color":"","ocean_display_footer_widgets":"default","ocean_display_footer_bottom":"default","ocean_custom_footer_template":"0","omw_enable_modal_window":"enable","osh_disable_topbar_sticky":"default","osh_disable_header_sticky":"default","osh_sticky_header_style":"default","osh_sticky_header_effect":"","osh_custom_sticky_logo":0,"osh_custom_retina_sticky_logo":0,"osh_custom_sticky_logo_height":0,"osh_background_color":"","osh_links_color":"","osh_links_hover_color":"","osh_links_active_color":"","osh_links_bg_color":"","osh_links_hover_bg_color":"","osh_links_active_bg_color":"","osh_menu_social_links_color":"","osh_menu_social_hover_links_color":""},"ort":[465],"sichtbarkeit":[],"templateoption":[179],"product_brand":[],"product_cat":[182],"product_tag":[],"class_list":{"0":"post-9778","1":"product","2":"type-product","3":"status-publish","4":"has-post-thumbnail","6":"ort-mahdia","7":"templateoption-dertrip-bc","8":"product_cat-ausfluege","10":"entry","11":"has-media","13":"first","14":"instock","15":"virtual","16":"purchasable","17":"product-type-simple","18":"has-product-nav","19":"col","20":"span_1_of_3","21":"owp-content-center","22":"owp-thumbs-layout-horizontal","23":"owp-btn-normal","24":"owp-tabs-layout-section"},"acf":[],"_links":{"self":[{"href":"https:\/\/www.dertour-reiseleitung.com\/tunesien-festland\/wp-json\/wp\/v2\/product\/9778","targetHints":{"allow":["GET"]}}],"collection":[{"href":"https:\/\/www.dertour-reiseleitung.com\/tunesien-festland\/wp-json\/wp\/v2\/product"}],"about":[{"href":"https:\/\/www.dertour-reiseleitung.com\/tunesien-festland\/wp-json\/wp\/v2\/types\/product"}],"version-history":[{"count":8,"href":"https:\/\/www.dertour-reiseleitung.com\/tunesien-festland\/wp-json\/wp\/v2\/product\/9778\/revisions"}],"predecessor-version":[{"id":14004,"href":"https:\/\/www.dertour-reiseleitung.com\/tunesien-festland\/wp-json\/wp\/v2\/product\/9778\/revisions\/14004"}],"wp:featuredmedia":[{"embeddable":true,"href":"https:\/\/www.dertour-reiseleitung.com\/tunesien-festland\/wp-json\/wp\/v2\/media\/9772"}],"wp:attachment":[{"href":"https:\/\/www.dertour-reiseleitung.com\/tunesien-festland\/wp-json\/wp\/v2\/media?parent=9778"}],"wp:term":[{"taxonomy":"ort","embeddable":true,"href":"https:\/\/www.dertour-reiseleitung.com\/tunesien-festland\/wp-json\/wp\/v2\/ort?post=9778"},{"taxonomy":"sichtbarkeit","embeddable":true,"href":"https:\/\/www.dertour-reiseleitung.com\/tunesien-festland\/wp-json\/wp\/v2\/sichtbarkeit?post=9778"},{"taxonomy":"templateoption","embeddable":true,"href":"https:\/\/www.dertour-reiseleitung.com\/tunesien-festland\/wp-json\/wp\/v2\/templateoption?post=9778"},{"taxonomy":"product_brand","embeddable":true,"href":"https:\/\/www.dertour-reiseleitung.com\/tunesien-festland\/wp-json\/wp\/v2\/product_brand?post=9778"},{"taxonomy":"product_cat","embeddable":true,"href":"https:\/\/www.dertour-reiseleitung.com\/tunesien-festland\/wp-json\/wp\/v2\/product_cat?post=9778"},{"taxonomy":"product_tag","embeddable":true,"href":"https:\/\/www.dertour-reiseleitung.com\/tunesien-festland\/wp-json\/wp\/v2\/product_tag?post=9778"}],"curies":[{"name":"wp","href":"https:\/\/api.w.org\/{rel}","templated":true}]}}