{"id":9865,"date":"2025-03-23T15:40:39","date_gmt":"2025-03-23T14:40:39","guid":{"rendered":"https:\/\/www.dertour-reiseleitung.com\/tunesien-festland\/aktivitaeten\/enteckungstour-ab-hammamet\/"},"modified":"2026-05-07T13:17:30","modified_gmt":"2026-05-07T12:17:30","slug":"entdeckung-der-berberdoerfer-dds-001-1","status":"publish","type":"product","link":"https:\/\/www.dertour-reiseleitung.com\/tunesien-festland\/aktivitaeten\/entdeckung-der-berberdoerfer-dds-001-1\/","title":{"rendered":"Entdeckung der Berberd\u00f6rfer"},"content":{"rendered":"<h3>Entdeckung der Berberd\u00f6rfer<\/h3>\n<p>Der Ausflug beginnt mit der Fahrt nach Takrouna. Am Fu\u00dfe des Berberdorfes angekommen, haben Sie die M\u00f6glichkeit, bei einem Fotostopp die beeindruckende Aussicht zu genie\u00dfen. Der Reisef\u00fchrer erz\u00e4hlt Ihnen mehr \u00fcber die Traditionen und die Geschichte der Berber, der Ureinwohner Nordafrikas.<\/p>\n<p>Der Panoramablick auf das Dorf, das auf einem 190 Meter hohen H\u00fcgel liegt, ist atemberaubend.<\/p>\n<p>Anschlie\u00dfend geht die Fahrt weiter in das alte Berberdorf Zriba. Nach der Ankunft besichtigen Sie das Dorf und erkunden die Umgebung.<\/p>\n<p>Die n\u00e4chste Station ist Jeradou. Nach der Ankunft haben Sie freie Zeit, um das Berberdorf zu erkunden. Bei einem Besuch der Kunsthandwerker k\u00f6nnen Sie die Kunst des &#8222;Halfa&#8220;-Webens kennenlernen.<\/p>\n<p>Auf dem R\u00fcckweg nach Sousse machen Sie einen kurzen Halt in Hergla, wo Sie den Panoramablick auf den Fischerhafen genie\u00dfen k\u00f6nnen.<\/p>\n<p>Genie\u00dfen Sie einen erlebnisreichen Tag voller Kultur, Geschichte und atemberaubender Landschaften!<\/p>\n<p><strong>Ausflugsveranstalter:<\/strong> Destination Touristic Services<\/p>\n","protected":false},"excerpt":{"rendered":"<p>Entdeckung der Berberd\u00f6rfer Der Ausflug beginnt mit der Fahrt nach Takrouna. Am Fu\u00dfe des Berberdorfes angekommen, haben Sie die M\u00f6glichkeit, bei einem Fotostopp die beeindruckende Aussicht zu genie\u00dfen. Der Reisef\u00fchrer erz\u00e4hlt Ihnen mehr \u00fcber die Traditionen und die Geschichte der Berber, der Ureinwohner Nordafrikas. Der Panoramablick auf das Dorf, das auf einem 190 Meter hohen [&hellip;]<\/p>\n","protected":false},"featured_media":9867,"template":"","meta":{"_acf_changed":false,"ocean_post_layout":"","ocean_both_sidebars_style":"","ocean_both_sidebars_content_width":0,"ocean_both_sidebars_sidebars_width":0,"ocean_sidebar":"0","ocean_second_sidebar":"0","ocean_disable_margins":"enable","ocean_add_body_class":"","ocean_shortcode_before_top_bar":"","ocean_shortcode_after_top_bar":"","ocean_shortcode_before_header":"","ocean_shortcode_after_header":"","ocean_has_shortcode":"","ocean_shortcode_after_title":"","ocean_shortcode_before_footer_widgets":"","ocean_shortcode_after_footer_widgets":"","ocean_shortcode_before_footer_bottom":"","ocean_shortcode_after_footer_bottom":"","ocean_display_top_bar":"default","ocean_display_header":"default","ocean_header_style":"","ocean_center_header_left_menu":"0","ocean_custom_header_template":"0","ocean_custom_logo":0,"ocean_custom_retina_logo":0,"ocean_custom_logo_max_width":0,"ocean_custom_logo_tablet_max_width":0,"ocean_custom_logo_mobile_max_width":0,"ocean_custom_logo_max_height":0,"ocean_custom_logo_tablet_max_height":0,"ocean_custom_logo_mobile_max_height":0,"ocean_header_custom_menu":"0","ocean_menu_typo_font_family":"0","ocean_menu_typo_font_subset":"","ocean_menu_typo_font_size":0,"ocean_menu_typo_font_size_tablet":0,"ocean_menu_typo_font_size_mobile":0,"ocean_menu_typo_font_size_unit":"px","ocean_menu_typo_font_weight":"","ocean_menu_typo_font_weight_tablet":"","ocean_menu_typo_font_weight_mobile":"","ocean_menu_typo_transform":"","ocean_menu_typo_transform_tablet":"","ocean_menu_typo_transform_mobile":"","ocean_menu_typo_line_height":0,"ocean_menu_typo_line_height_tablet":0,"ocean_menu_typo_line_height_mobile":0,"ocean_menu_typo_line_height_unit":"","ocean_menu_typo_spacing":0,"ocean_menu_typo_spacing_tablet":0,"ocean_menu_typo_spacing_mobile":0,"ocean_menu_typo_spacing_unit":"","ocean_menu_link_color":"","ocean_menu_link_color_hover":"","ocean_menu_link_color_active":"","ocean_menu_link_background":"","ocean_menu_link_hover_background":"","ocean_menu_link_active_background":"","ocean_menu_social_links_bg":"","ocean_menu_social_hover_links_bg":"","ocean_menu_social_links_color":"","ocean_menu_social_hover_links_color":"","ocean_disable_title":"default","ocean_disable_heading":"default","ocean_post_title":"","ocean_post_subheading":"","ocean_post_title_style":"background-image","ocean_post_title_background_color":"","ocean_post_title_background":9769,"ocean_post_title_bg_image_position":"","ocean_post_title_bg_image_attachment":"","ocean_post_title_bg_image_repeat":"","ocean_post_title_bg_image_size":"","ocean_post_title_height":0,"ocean_post_title_bg_overlay":0.5,"ocean_post_title_bg_overlay_color":"","ocean_disable_breadcrumbs":"default","ocean_breadcrumbs_color":"","ocean_breadcrumbs_separator_color":"","ocean_breadcrumbs_links_color":"","ocean_breadcrumbs_links_hover_color":"","ocean_display_footer_widgets":"default","ocean_display_footer_bottom":"default","ocean_custom_footer_template":"0","omw_enable_modal_window":"enable","osh_disable_topbar_sticky":"default","osh_disable_header_sticky":"default","osh_sticky_header_style":"default","osh_sticky_header_effect":"","osh_custom_sticky_logo":0,"osh_custom_retina_sticky_logo":0,"osh_custom_sticky_logo_height":0,"osh_background_color":"","osh_links_color":"","osh_links_hover_color":"","osh_links_active_color":"","osh_links_bg_color":"","osh_links_hover_bg_color":"","osh_links_active_bg_color":"","osh_menu_social_links_color":"","osh_menu_social_hover_links_color":""},"ort":[459,458,518,460],"sichtbarkeit":[],"templateoption":[179],"product_brand":[],"product_cat":[182],"product_tag":[],"class_list":{"0":"post-9865","1":"product","2":"type-product","3":"status-publish","4":"has-post-thumbnail","6":"ort-hammamet","7":"ort-korba","8":"ort-nabeul","9":"ort-yasmine-hammamet","10":"templateoption-dertrip-bc","11":"product_cat-ausfluege","13":"entry","14":"has-media","16":"first","17":"instock","18":"virtual","19":"purchasable","20":"product-type-simple","21":"has-product-nav","22":"col","23":"span_1_of_3","24":"owp-content-center","25":"owp-thumbs-layout-horizontal","26":"owp-btn-normal","27":"owp-tabs-layout-section"},"acf":[],"_links":{"self":[{"href":"https:\/\/www.dertour-reiseleitung.com\/tunesien-festland\/wp-json\/wp\/v2\/product\/9865","targetHints":{"allow":["GET"]}}],"collection":[{"href":"https:\/\/www.dertour-reiseleitung.com\/tunesien-festland\/wp-json\/wp\/v2\/product"}],"about":[{"href":"https:\/\/www.dertour-reiseleitung.com\/tunesien-festland\/wp-json\/wp\/v2\/types\/product"}],"version-history":[{"count":9,"href":"https:\/\/www.dertour-reiseleitung.com\/tunesien-festland\/wp-json\/wp\/v2\/product\/9865\/revisions"}],"predecessor-version":[{"id":14194,"href":"https:\/\/www.dertour-reiseleitung.com\/tunesien-festland\/wp-json\/wp\/v2\/product\/9865\/revisions\/14194"}],"wp:featuredmedia":[{"embeddable":true,"href":"https:\/\/www.dertour-reiseleitung.com\/tunesien-festland\/wp-json\/wp\/v2\/media\/9867"}],"wp:attachment":[{"href":"https:\/\/www.dertour-reiseleitung.com\/tunesien-festland\/wp-json\/wp\/v2\/media?parent=9865"}],"wp:term":[{"taxonomy":"ort","embeddable":true,"href":"https:\/\/www.dertour-reiseleitung.com\/tunesien-festland\/wp-json\/wp\/v2\/ort?post=9865"},{"taxonomy":"sichtbarkeit","embeddable":true,"href":"https:\/\/www.dertour-reiseleitung.com\/tunesien-festland\/wp-json\/wp\/v2\/sichtbarkeit?post=9865"},{"taxonomy":"templateoption","embeddable":true,"href":"https:\/\/www.dertour-reiseleitung.com\/tunesien-festland\/wp-json\/wp\/v2\/templateoption?post=9865"},{"taxonomy":"product_brand","embeddable":true,"href":"https:\/\/www.dertour-reiseleitung.com\/tunesien-festland\/wp-json\/wp\/v2\/product_brand?post=9865"},{"taxonomy":"product_cat","embeddable":true,"href":"https:\/\/www.dertour-reiseleitung.com\/tunesien-festland\/wp-json\/wp\/v2\/product_cat?post=9865"},{"taxonomy":"product_tag","embeddable":true,"href":"https:\/\/www.dertour-reiseleitung.com\/tunesien-festland\/wp-json\/wp\/v2\/product_tag?post=9865"}],"curies":[{"name":"wp","href":"https:\/\/api.w.org\/{rel}","templated":true}]}}