{"id":9880,"date":"2025-03-23T15:40:57","date_gmt":"2025-03-23T14:40:57","guid":{"rendered":"https:\/\/www.dertour-reiseleitung.com\/tunesien-festland\/aktivitaeten\/hammamet-und-nabeul-wochenmarkt\/"},"modified":"2026-02-17T10:50:35","modified_gmt":"2026-02-17T09:50:35","slug":"hammamet-und-nabeul-wochenmarkt-dds-009-1","status":"publish","type":"product","link":"https:\/\/www.dertour-reiseleitung.com\/tunesien-festland\/aktivitaeten\/hammamet-und-nabeul-wochenmarkt-dds-009-1\/","title":{"rendered":"Hammamet und Nabeul Wochenmarkt"},"content":{"rendered":"<h3>Hammamet und Nabeul Wochenmarkt<\/h3>\n<p>Entdecken Sie auf einem spannenden Halbtagesausflug Nabeul, das \u00fcber die Landesgrenzen hinaus als Zentrum des T\u00f6pferhandwerks bekannt ist.<\/p>\n<p>Jeden Freitag verwandelt sich die Stadt in einen lebhaften Markt: Einer der gr\u00f6\u00dften M\u00e4rkte Tunesiens zieht H\u00e4ndler an, die ihre Waren feilbieten &#8211; ein idealer Ort, um Souvenirs zu kaufen. Nutzen Sie die Gelegenheit, Ihr Verhandlungsgeschick unter Beweis zu stellen.<\/p>\n<p>Ein weiterer H\u00f6hepunkt dieser Tour ist die malerische Medina von Hammamet, die auf einer weit ins Meer ragenden Felszunge liegt.<\/p>\n<p>Schlendern Sie durch die engen, belebten Gassen und genie\u00dfen Sie die einzigartige Atmosph\u00e4re dieses historischen Ortes.<\/p>\n<p><strong>Ausflugsveranstalter:<\/strong>\u00a0Destination Touristic Services<\/p>\n","protected":false},"excerpt":{"rendered":"<p>Hammamet und Nabeul Wochenmarkt Entdecken Sie auf einem spannenden Halbtagesausflug Nabeul, das \u00fcber die Landesgrenzen hinaus als Zentrum des T\u00f6pferhandwerks bekannt ist. Jeden Freitag verwandelt sich die Stadt in einen lebhaften Markt: Einer der gr\u00f6\u00dften M\u00e4rkte Tunesiens zieht H\u00e4ndler an, die ihre Waren feilbieten &#8211; ein idealer Ort, um Souvenirs zu kaufen. Nutzen Sie die [&hellip;]<\/p>\n","protected":false},"featured_media":9882,"template":"","meta":{"_acf_changed":false,"ocean_post_layout":"","ocean_both_sidebars_style":"","ocean_both_sidebars_content_width":0,"ocean_both_sidebars_sidebars_width":0,"ocean_sidebar":"0","ocean_second_sidebar":"0","ocean_disable_margins":"enable","ocean_add_body_class":"","ocean_shortcode_before_top_bar":"","ocean_shortcode_after_top_bar":"","ocean_shortcode_before_header":"","ocean_shortcode_after_header":"","ocean_has_shortcode":"","ocean_shortcode_after_title":"","ocean_shortcode_before_footer_widgets":"","ocean_shortcode_after_footer_widgets":"","ocean_shortcode_before_footer_bottom":"","ocean_shortcode_after_footer_bottom":"","ocean_display_top_bar":"default","ocean_display_header":"default","ocean_header_style":"","ocean_center_header_left_menu":"0","ocean_custom_header_template":"0","ocean_custom_logo":0,"ocean_custom_retina_logo":0,"ocean_custom_logo_max_width":0,"ocean_custom_logo_tablet_max_width":0,"ocean_custom_logo_mobile_max_width":0,"ocean_custom_logo_max_height":0,"ocean_custom_logo_tablet_max_height":0,"ocean_custom_logo_mobile_max_height":0,"ocean_header_custom_menu":"0","ocean_menu_typo_font_family":"0","ocean_menu_typo_font_subset":"","ocean_menu_typo_font_size":0,"ocean_menu_typo_font_size_tablet":0,"ocean_menu_typo_font_size_mobile":0,"ocean_menu_typo_font_size_unit":"px","ocean_menu_typo_font_weight":"","ocean_menu_typo_font_weight_tablet":"","ocean_menu_typo_font_weight_mobile":"","ocean_menu_typo_transform":"","ocean_menu_typo_transform_tablet":"","ocean_menu_typo_transform_mobile":"","ocean_menu_typo_line_height":0,"ocean_menu_typo_line_height_tablet":0,"ocean_menu_typo_line_height_mobile":0,"ocean_menu_typo_line_height_unit":"","ocean_menu_typo_spacing":0,"ocean_menu_typo_spacing_tablet":0,"ocean_menu_typo_spacing_mobile":0,"ocean_menu_typo_spacing_unit":"","ocean_menu_link_color":"","ocean_menu_link_color_hover":"","ocean_menu_link_color_active":"","ocean_menu_link_background":"","ocean_menu_link_hover_background":"","ocean_menu_link_active_background":"","ocean_menu_social_links_bg":"","ocean_menu_social_hover_links_bg":"","ocean_menu_social_links_color":"","ocean_menu_social_hover_links_color":"","ocean_disable_title":"default","ocean_disable_heading":"default","ocean_post_title":"","ocean_post_subheading":"","ocean_post_title_style":"background-image","ocean_post_title_background_color":"","ocean_post_title_background":9384,"ocean_post_title_bg_image_position":"","ocean_post_title_bg_image_attachment":"","ocean_post_title_bg_image_repeat":"","ocean_post_title_bg_image_size":"","ocean_post_title_height":0,"ocean_post_title_bg_overlay":0.5,"ocean_post_title_bg_overlay_color":"","ocean_disable_breadcrumbs":"default","ocean_breadcrumbs_color":"","ocean_breadcrumbs_separator_color":"","ocean_breadcrumbs_links_color":"","ocean_breadcrumbs_links_hover_color":"","ocean_display_footer_widgets":"default","ocean_display_footer_bottom":"default","ocean_custom_footer_template":"0","omw_enable_modal_window":"enable","osh_disable_topbar_sticky":"default","osh_disable_header_sticky":"default","osh_sticky_header_style":"default","osh_sticky_header_effect":"","osh_custom_sticky_logo":0,"osh_custom_retina_sticky_logo":0,"osh_custom_sticky_logo_height":0,"osh_background_color":"","osh_links_color":"","osh_links_hover_color":"","osh_links_active_color":"","osh_links_bg_color":"","osh_links_hover_bg_color":"","osh_links_active_bg_color":"","osh_menu_social_links_color":"","osh_menu_social_hover_links_color":""},"ort":[463,461,464,462],"sichtbarkeit":[],"templateoption":[179],"product_brand":[],"product_cat":[182],"product_tag":[],"class_list":{"0":"post-9880","1":"product","2":"type-product","3":"status-publish","4":"has-post-thumbnail","6":"ort-monastir","7":"ort-port-el-kantaoui","8":"ort-skanes","9":"ort-sousse","10":"templateoption-dertrip-bc","11":"product_cat-ausfluege","13":"entry","14":"has-media","16":"first","17":"instock","18":"virtual","19":"purchasable","20":"product-type-simple","21":"has-product-nav","22":"col","23":"span_1_of_3","24":"owp-content-center","25":"owp-thumbs-layout-horizontal","26":"owp-btn-normal","27":"owp-tabs-layout-section"},"acf":[],"_links":{"self":[{"href":"https:\/\/www.dertour-reiseleitung.com\/tunesien-festland\/wp-json\/wp\/v2\/product\/9880","targetHints":{"allow":["GET"]}}],"collection":[{"href":"https:\/\/www.dertour-reiseleitung.com\/tunesien-festland\/wp-json\/wp\/v2\/product"}],"about":[{"href":"https:\/\/www.dertour-reiseleitung.com\/tunesien-festland\/wp-json\/wp\/v2\/types\/product"}],"version-history":[{"count":7,"href":"https:\/\/www.dertour-reiseleitung.com\/tunesien-festland\/wp-json\/wp\/v2\/product\/9880\/revisions"}],"predecessor-version":[{"id":14015,"href":"https:\/\/www.dertour-reiseleitung.com\/tunesien-festland\/wp-json\/wp\/v2\/product\/9880\/revisions\/14015"}],"wp:featuredmedia":[{"embeddable":true,"href":"https:\/\/www.dertour-reiseleitung.com\/tunesien-festland\/wp-json\/wp\/v2\/media\/9882"}],"wp:attachment":[{"href":"https:\/\/www.dertour-reiseleitung.com\/tunesien-festland\/wp-json\/wp\/v2\/media?parent=9880"}],"wp:term":[{"taxonomy":"ort","embeddable":true,"href":"https:\/\/www.dertour-reiseleitung.com\/tunesien-festland\/wp-json\/wp\/v2\/ort?post=9880"},{"taxonomy":"sichtbarkeit","embeddable":true,"href":"https:\/\/www.dertour-reiseleitung.com\/tunesien-festland\/wp-json\/wp\/v2\/sichtbarkeit?post=9880"},{"taxonomy":"templateoption","embeddable":true,"href":"https:\/\/www.dertour-reiseleitung.com\/tunesien-festland\/wp-json\/wp\/v2\/templateoption?post=9880"},{"taxonomy":"product_brand","embeddable":true,"href":"https:\/\/www.dertour-reiseleitung.com\/tunesien-festland\/wp-json\/wp\/v2\/product_brand?post=9880"},{"taxonomy":"product_cat","embeddable":true,"href":"https:\/\/www.dertour-reiseleitung.com\/tunesien-festland\/wp-json\/wp\/v2\/product_cat?post=9880"},{"taxonomy":"product_tag","embeddable":true,"href":"https:\/\/www.dertour-reiseleitung.com\/tunesien-festland\/wp-json\/wp\/v2\/product_tag?post=9880"}],"curies":[{"name":"wp","href":"https:\/\/api.w.org\/{rel}","templated":true}]}}