{"id":9894,"date":"2025-03-23T15:41:38","date_gmt":"2025-03-23T14:41:38","guid":{"rendered":"https:\/\/www.dertour-reiseleitung.com\/tunesien-festland\/aktivitaeten\/zaghouan\/"},"modified":"2026-02-17T11:30:37","modified_gmt":"2026-02-17T10:30:37","slug":"zaghouan-dds-032-1","status":"publish","type":"product","link":"https:\/\/www.dertour-reiseleitung.com\/tunesien-festland\/aktivitaeten\/zaghouan-dds-032-1\/","title":{"rendered":"Zaghouan"},"content":{"rendered":"<h3>Zaghouan: Wo Natur auf andalusische Kultur trifft<\/h3>\n<p>Es erwarten Sie eine wundersch\u00f6ne Landschaft und ein tiefer Einblick in die Kultur der Region.<\/p>\n<p>Ihre Entdeckungsreise beginnt im Ecomuseum des Nationalparks in Zaghouan. Lernen Sie die faszinierende Geschichte der Region kennen und besuchen Sie den Wassertempel, auch Nymphaeum genannt. Dieser Tempel wurde in r\u00f6mischer Zeit erbaut und diente als Quelle f\u00fcr den Aqu\u00e4dukt, der Wasser nach Karthago transportierte.<\/p>\n<p>Nach der Reconquista in Spanien im 15. Jahrhundert lie\u00dfen sich viele Andalusier in Nordafrika, insbesondere in Tunesien, nieder. In der Stadt Zaghouan fanden einige dieser Fl\u00fcchtlinge eine neue Heimat und brachten ihre Kultur, ihre Traditionen sowie ihre landwirtschaftlichen und handwerklichen F\u00e4higkeiten mit, die die kulturelle und historische Identit\u00e4t der Region pr\u00e4gen.<\/p>\n<p>Das Programm wird im Dar Zaghouan fortgesetzt, einem traditionellen Bauernhof und G\u00e4stehaus. Das im klassischen tunesischen Stil mit andalusischen Einfl\u00fcssen erbaute Haus bietet Ihnen verschiedene Workshops an, die je nach Saison angeboten werden und in denen Sie die lokalen Spezialit\u00e4ten kennenlernen.<\/p>\n<p>Sie haben die M\u00f6glichkeit, an einem Kaak Ouarka-Workshop teilzunehmen und zu lernen, wie man andalusische Kekse herstellt, die K\u00e4seproduktion in der hofeigenen K\u00e4serei zu beobachten und einen Spaziergang durch den Bio-Gem\u00fcsegarten zu machen.<\/p>\n<p>Je nach Saison stehen ebenfalls eine Demonstration der Destillation von Pflanzen zu medizinischen Zwecken und die traditionelle Herstellung von extra nativem Oliven\u00f6l auf dem Programm.<\/p>\n<p><strong>Ausflugsanbieter:<\/strong> Destination Touristic Services<\/p>\n","protected":false},"excerpt":{"rendered":"<p>Zaghouan: Wo Natur auf andalusische Kultur trifft Es erwarten Sie eine wundersch\u00f6ne Landschaft und ein tiefer Einblick in die Kultur der Region. Ihre Entdeckungsreise beginnt im Ecomuseum des Nationalparks in Zaghouan. Lernen Sie die faszinierende Geschichte der Region kennen und besuchen Sie den Wassertempel, auch Nymphaeum genannt. Dieser Tempel wurde in r\u00f6mischer Zeit erbaut und [&hellip;]<\/p>\n","protected":false},"featured_media":9896,"template":"","meta":{"_acf_changed":false,"ocean_post_layout":"","ocean_both_sidebars_style":"","ocean_both_sidebars_content_width":0,"ocean_both_sidebars_sidebars_width":0,"ocean_sidebar":"0","ocean_second_sidebar":"0","ocean_disable_margins":"enable","ocean_add_body_class":"","ocean_shortcode_before_top_bar":"","ocean_shortcode_after_top_bar":"","ocean_shortcode_before_header":"","ocean_shortcode_after_header":"","ocean_has_shortcode":"","ocean_shortcode_after_title":"","ocean_shortcode_before_footer_widgets":"","ocean_shortcode_after_footer_widgets":"","ocean_shortcode_before_footer_bottom":"","ocean_shortcode_after_footer_bottom":"","ocean_display_top_bar":"default","ocean_display_header":"default","ocean_header_style":"","ocean_center_header_left_menu":"0","ocean_custom_header_template":"0","ocean_custom_logo":0,"ocean_custom_retina_logo":0,"ocean_custom_logo_max_width":0,"ocean_custom_logo_tablet_max_width":0,"ocean_custom_logo_mobile_max_width":0,"ocean_custom_logo_max_height":0,"ocean_custom_logo_tablet_max_height":0,"ocean_custom_logo_mobile_max_height":0,"ocean_header_custom_menu":"0","ocean_menu_typo_font_family":"0","ocean_menu_typo_font_subset":"","ocean_menu_typo_font_size":0,"ocean_menu_typo_font_size_tablet":0,"ocean_menu_typo_font_size_mobile":0,"ocean_menu_typo_font_size_unit":"px","ocean_menu_typo_font_weight":"","ocean_menu_typo_font_weight_tablet":"","ocean_menu_typo_font_weight_mobile":"","ocean_menu_typo_transform":"","ocean_menu_typo_transform_tablet":"","ocean_menu_typo_transform_mobile":"","ocean_menu_typo_line_height":0,"ocean_menu_typo_line_height_tablet":0,"ocean_menu_typo_line_height_mobile":0,"ocean_menu_typo_line_height_unit":"","ocean_menu_typo_spacing":0,"ocean_menu_typo_spacing_tablet":0,"ocean_menu_typo_spacing_mobile":0,"ocean_menu_typo_spacing_unit":"","ocean_menu_link_color":"","ocean_menu_link_color_hover":"","ocean_menu_link_color_active":"","ocean_menu_link_background":"","ocean_menu_link_hover_background":"","ocean_menu_link_active_background":"","ocean_menu_social_links_bg":"","ocean_menu_social_hover_links_bg":"","ocean_menu_social_links_color":"","ocean_menu_social_hover_links_color":"","ocean_disable_title":"default","ocean_disable_heading":"default","ocean_post_title":"","ocean_post_subheading":"","ocean_post_title_style":"background-image","ocean_post_title_background_color":"","ocean_post_title_background":9713,"ocean_post_title_bg_image_position":"","ocean_post_title_bg_image_attachment":"","ocean_post_title_bg_image_repeat":"","ocean_post_title_bg_image_size":"","ocean_post_title_height":0,"ocean_post_title_bg_overlay":0.5,"ocean_post_title_bg_overlay_color":"","ocean_disable_breadcrumbs":"default","ocean_breadcrumbs_color":"","ocean_breadcrumbs_separator_color":"","ocean_breadcrumbs_links_color":"","ocean_breadcrumbs_links_hover_color":"","ocean_display_footer_widgets":"default","ocean_display_footer_bottom":"default","ocean_custom_footer_template":"0","omw_enable_modal_window":"enable","osh_disable_topbar_sticky":"default","osh_disable_header_sticky":"default","osh_sticky_header_style":"default","osh_sticky_header_effect":"","osh_custom_sticky_logo":0,"osh_custom_retina_sticky_logo":0,"osh_custom_sticky_logo_height":0,"osh_background_color":"","osh_links_color":"","osh_links_hover_color":"","osh_links_active_color":"","osh_links_bg_color":"","osh_links_hover_bg_color":"","osh_links_active_bg_color":"","osh_menu_social_links_color":"","osh_menu_social_hover_links_color":""},"ort":[459,458,463,518,461,462,460],"sichtbarkeit":[],"templateoption":[179],"product_brand":[],"product_cat":[182],"product_tag":[],"class_list":{"0":"post-9894","1":"product","2":"type-product","3":"status-publish","4":"has-post-thumbnail","6":"ort-hammamet","7":"ort-korba","8":"ort-monastir","9":"ort-nabeul","10":"ort-port-el-kantaoui","11":"ort-sousse","12":"ort-yasmine-hammamet","13":"templateoption-dertrip-bc","14":"product_cat-ausfluege","16":"entry","17":"has-media","19":"first","20":"instock","21":"virtual","22":"purchasable","23":"product-type-simple","24":"has-product-nav","25":"col","26":"span_1_of_3","27":"owp-content-center","28":"owp-thumbs-layout-horizontal","29":"owp-btn-normal","30":"owp-tabs-layout-section"},"acf":[],"_links":{"self":[{"href":"https:\/\/www.dertour-reiseleitung.com\/tunesien-festland\/wp-json\/wp\/v2\/product\/9894","targetHints":{"allow":["GET"]}}],"collection":[{"href":"https:\/\/www.dertour-reiseleitung.com\/tunesien-festland\/wp-json\/wp\/v2\/product"}],"about":[{"href":"https:\/\/www.dertour-reiseleitung.com\/tunesien-festland\/wp-json\/wp\/v2\/types\/product"}],"version-history":[{"count":8,"href":"https:\/\/www.dertour-reiseleitung.com\/tunesien-festland\/wp-json\/wp\/v2\/product\/9894\/revisions"}],"predecessor-version":[{"id":14040,"href":"https:\/\/www.dertour-reiseleitung.com\/tunesien-festland\/wp-json\/wp\/v2\/product\/9894\/revisions\/14040"}],"wp:featuredmedia":[{"embeddable":true,"href":"https:\/\/www.dertour-reiseleitung.com\/tunesien-festland\/wp-json\/wp\/v2\/media\/9896"}],"wp:attachment":[{"href":"https:\/\/www.dertour-reiseleitung.com\/tunesien-festland\/wp-json\/wp\/v2\/media?parent=9894"}],"wp:term":[{"taxonomy":"ort","embeddable":true,"href":"https:\/\/www.dertour-reiseleitung.com\/tunesien-festland\/wp-json\/wp\/v2\/ort?post=9894"},{"taxonomy":"sichtbarkeit","embeddable":true,"href":"https:\/\/www.dertour-reiseleitung.com\/tunesien-festland\/wp-json\/wp\/v2\/sichtbarkeit?post=9894"},{"taxonomy":"templateoption","embeddable":true,"href":"https:\/\/www.dertour-reiseleitung.com\/tunesien-festland\/wp-json\/wp\/v2\/templateoption?post=9894"},{"taxonomy":"product_brand","embeddable":true,"href":"https:\/\/www.dertour-reiseleitung.com\/tunesien-festland\/wp-json\/wp\/v2\/product_brand?post=9894"},{"taxonomy":"product_cat","embeddable":true,"href":"https:\/\/www.dertour-reiseleitung.com\/tunesien-festland\/wp-json\/wp\/v2\/product_cat?post=9894"},{"taxonomy":"product_tag","embeddable":true,"href":"https:\/\/www.dertour-reiseleitung.com\/tunesien-festland\/wp-json\/wp\/v2\/product_tag?post=9894"}],"curies":[{"name":"wp","href":"https:\/\/api.w.org\/{rel}","templated":true}]}}