{"id":10432,"date":"2025-06-09T18:19:25","date_gmt":"2025-06-09T14:19:25","guid":{"rendered":"https:\/\/www.dertour-reiseleitung.com\/vereinigte-arabische-emirate\/?post_type=product&#038;p=10432"},"modified":"2025-12-15T17:31:58","modified_gmt":"2025-12-15T13:31:58","slug":"mega-safari-duenen-buggy-dds-006-1","status":"publish","type":"product","link":"https:\/\/www.dertour-reiseleitung.com\/vereinigte-arabische-emirate\/aktivitaeten\/mega-safari-duenen-buggy-dds-006-1\/","title":{"rendered":"Mega Safari &amp; D\u00fcnen-Buggy"},"content":{"rendered":"<h3>Adrenalin und Abenteuer in der W\u00fcste<\/h3>\n<p>Die Mega Safari ist ein aufregendes, actionreiches Abenteuer, das den Nervenkitzel des Dune Bashings mit der Spannung des Fahrens eines Dune Buggys durch die weite Arabische W\u00fcste kombiniert. Es ist ein perfektes Erlebnis f\u00fcr diejenigen, die eine praxisorientierte, adrenalingeladene W\u00fcstensafari mit einzigartigen kulturellen und Freizeitaktivit\u00e4ten suchen. Diese Safari bietet den G\u00e4sten eine ganzt\u00e4gige Erkundung der W\u00fcste mit zahlreichen energiegeladenen Aktivit\u00e4ten, kultureller Immersion und einem k\u00f6stlichen traditionellen Abendessen.<\/p>\n<p>Hauptmerkmale der Mega Safari:<\/p>\n<ul class=\"square\">\n<li>D\u00fcnen-Buggy-Abenteuer (30 Minuten)<\/li>\n<li>W\u00fcstenfahrt &amp; Dune Bashing (45 Minuten)<\/li>\n<li>Camp im Bassata Village<\/li>\n<li>Kamelreiten<\/li>\n<li>Erlebnis im traditionellen Beduinen-Camp<\/li>\n<li>Traditionelles arabisches Abendessen<\/li>\n<li>Heritage-Aktivit\u00e4ten<\/li>\n<li>Live-Unterhaltung<\/li>\n<\/ul>\n<p><strong>Ausflugsveranstalter:<\/strong> Destination Touristic Services<\/p>\n","protected":false},"excerpt":{"rendered":"<p>Adrenalin und Abenteuer in der W\u00fcste Die Mega Safari ist ein aufregendes, actionreiches Abenteuer, das den Nervenkitzel des Dune Bashings mit der Spannung des Fahrens eines Dune Buggys durch die weite Arabische W\u00fcste kombiniert. Es ist ein perfektes Erlebnis f\u00fcr diejenigen, die eine praxisorientierte, adrenalingeladene W\u00fcstensafari mit einzigartigen kulturellen und Freizeitaktivit\u00e4ten suchen. Diese Safari bietet [&hellip;]<\/p>\n","protected":false},"featured_media":9865,"template":"","meta":{"_acf_changed":false,"ocean_post_layout":"","ocean_both_sidebars_style":"","ocean_both_sidebars_content_width":0,"ocean_both_sidebars_sidebars_width":0,"ocean_sidebar":"0","ocean_second_sidebar":"0","ocean_disable_margins":"enable","ocean_add_body_class":"","ocean_shortcode_before_top_bar":"","ocean_shortcode_after_top_bar":"","ocean_shortcode_before_header":"","ocean_shortcode_after_header":"","ocean_has_shortcode":"","ocean_shortcode_after_title":"","ocean_shortcode_before_footer_widgets":"","ocean_shortcode_after_footer_widgets":"","ocean_shortcode_before_footer_bottom":"","ocean_shortcode_after_footer_bottom":"","ocean_display_top_bar":"default","ocean_display_header":"default","ocean_header_style":"","ocean_center_header_left_menu":"0","ocean_custom_header_template":"0","ocean_custom_logo":0,"ocean_custom_retina_logo":0,"ocean_custom_logo_max_width":0,"ocean_custom_logo_tablet_max_width":0,"ocean_custom_logo_mobile_max_width":0,"ocean_custom_logo_max_height":0,"ocean_custom_logo_tablet_max_height":0,"ocean_custom_logo_mobile_max_height":0,"ocean_header_custom_menu":"0","ocean_menu_typo_font_family":"0","ocean_menu_typo_font_subset":"","ocean_menu_typo_font_size":0,"ocean_menu_typo_font_size_tablet":0,"ocean_menu_typo_font_size_mobile":0,"ocean_menu_typo_font_size_unit":"px","ocean_menu_typo_font_weight":"","ocean_menu_typo_font_weight_tablet":"","ocean_menu_typo_font_weight_mobile":"","ocean_menu_typo_transform":"","ocean_menu_typo_transform_tablet":"","ocean_menu_typo_transform_mobile":"","ocean_menu_typo_line_height":0,"ocean_menu_typo_line_height_tablet":0,"ocean_menu_typo_line_height_mobile":0,"ocean_menu_typo_line_height_unit":"","ocean_menu_typo_spacing":0,"ocean_menu_typo_spacing_tablet":0,"ocean_menu_typo_spacing_mobile":0,"ocean_menu_typo_spacing_unit":"","ocean_menu_link_color":"","ocean_menu_link_color_hover":"","ocean_menu_link_color_active":"","ocean_menu_link_background":"","ocean_menu_link_hover_background":"","ocean_menu_link_active_background":"","ocean_menu_social_links_bg":"","ocean_menu_social_hover_links_bg":"","ocean_menu_social_links_color":"","ocean_menu_social_hover_links_color":"","ocean_disable_title":"default","ocean_disable_heading":"default","ocean_post_title":"","ocean_post_subheading":"","ocean_post_title_style":"background-image","ocean_post_title_background_color":"","ocean_post_title_background":9866,"ocean_post_title_bg_image_position":"","ocean_post_title_bg_image_attachment":"","ocean_post_title_bg_image_repeat":"","ocean_post_title_bg_image_size":"","ocean_post_title_height":0,"ocean_post_title_bg_overlay":0.5,"ocean_post_title_bg_overlay_color":"","ocean_disable_breadcrumbs":"default","ocean_breadcrumbs_color":"","ocean_breadcrumbs_separator_color":"","ocean_breadcrumbs_links_color":"","ocean_breadcrumbs_links_hover_color":"","ocean_display_footer_widgets":"default","ocean_display_footer_bottom":"default","ocean_custom_footer_template":"0","omw_enable_modal_window":"enable","osh_disable_topbar_sticky":"default","osh_disable_header_sticky":"default","osh_sticky_header_style":"default","osh_sticky_header_effect":"","osh_custom_sticky_logo":0,"osh_custom_retina_sticky_logo":0,"osh_custom_sticky_logo_height":0,"osh_background_color":"","osh_links_color":"","osh_links_hover_color":"","osh_links_active_color":"","osh_links_bg_color":"","osh_links_hover_bg_color":"","osh_links_active_bg_color":"","osh_menu_social_links_color":"","osh_menu_social_hover_links_color":""},"ort":[538,541,539,542,543],"sichtbarkeit":[],"templateoption":[176],"product_brand":[],"product_cat":[182],"product_tag":[],"class_list":{"0":"post-10432","1":"product","2":"type-product","3":"status-publish","4":"has-post-thumbnail","6":"ort-dubai","7":"ort-fujairah","8":"ort-jebel-ali","9":"ort-ras-al-khaimah","10":"ort-umm-al-quwain","11":"templateoption-ohne-buchungskalender","12":"product_cat-ausfluege","14":"entry","15":"has-media","17":"first","18":"instock","19":"virtual","20":"purchasable","21":"product-type-simple","22":"has-product-nav","23":"col","24":"span_1_of_3","25":"owp-content-center","26":"owp-thumbs-layout-horizontal","27":"owp-btn-normal","28":"owp-tabs-layout-section"},"acf":[],"_links":{"self":[{"href":"https:\/\/www.dertour-reiseleitung.com\/vereinigte-arabische-emirate\/wp-json\/wp\/v2\/product\/10432","targetHints":{"allow":["GET"]}}],"collection":[{"href":"https:\/\/www.dertour-reiseleitung.com\/vereinigte-arabische-emirate\/wp-json\/wp\/v2\/product"}],"about":[{"href":"https:\/\/www.dertour-reiseleitung.com\/vereinigte-arabische-emirate\/wp-json\/wp\/v2\/types\/product"}],"version-history":[{"count":8,"href":"https:\/\/www.dertour-reiseleitung.com\/vereinigte-arabische-emirate\/wp-json\/wp\/v2\/product\/10432\/revisions"}],"predecessor-version":[{"id":10535,"href":"https:\/\/www.dertour-reiseleitung.com\/vereinigte-arabische-emirate\/wp-json\/wp\/v2\/product\/10432\/revisions\/10535"}],"wp:featuredmedia":[{"embeddable":true,"href":"https:\/\/www.dertour-reiseleitung.com\/vereinigte-arabische-emirate\/wp-json\/wp\/v2\/media\/9865"}],"wp:attachment":[{"href":"https:\/\/www.dertour-reiseleitung.com\/vereinigte-arabische-emirate\/wp-json\/wp\/v2\/media?parent=10432"}],"wp:term":[{"taxonomy":"ort","embeddable":true,"href":"https:\/\/www.dertour-reiseleitung.com\/vereinigte-arabische-emirate\/wp-json\/wp\/v2\/ort?post=10432"},{"taxonomy":"sichtbarkeit","embeddable":true,"href":"https:\/\/www.dertour-reiseleitung.com\/vereinigte-arabische-emirate\/wp-json\/wp\/v2\/sichtbarkeit?post=10432"},{"taxonomy":"templateoption","embeddable":true,"href":"https:\/\/www.dertour-reiseleitung.com\/vereinigte-arabische-emirate\/wp-json\/wp\/v2\/templateoption?post=10432"},{"taxonomy":"product_brand","embeddable":true,"href":"https:\/\/www.dertour-reiseleitung.com\/vereinigte-arabische-emirate\/wp-json\/wp\/v2\/product_brand?post=10432"},{"taxonomy":"product_cat","embeddable":true,"href":"https:\/\/www.dertour-reiseleitung.com\/vereinigte-arabische-emirate\/wp-json\/wp\/v2\/product_cat?post=10432"},{"taxonomy":"product_tag","embeddable":true,"href":"https:\/\/www.dertour-reiseleitung.com\/vereinigte-arabische-emirate\/wp-json\/wp\/v2\/product_tag?post=10432"}],"curies":[{"name":"wp","href":"https:\/\/api.w.org\/{rel}","templated":true}]}}