{"id":10819,"date":"2026-02-23T15:19:10","date_gmt":"2026-02-23T11:19:10","guid":{"rendered":"https:\/\/www.dertour-reiseleitung.com\/vereinigte-arabische-emirate\/?post_type=product&#038;p=10819"},"modified":"2026-02-23T16:37:49","modified_gmt":"2026-02-23T12:37:49","slug":"ain-dubai-view-off-peak-dds-035-1","status":"publish","type":"product","link":"https:\/\/www.dertour-reiseleitung.com\/vereinigte-arabische-emirate\/aktivitaeten\/ain-dubai-view-off-peak-dds-035-1\/","title":{"rendered":"Ain Dubai View (Off-Peak)"},"content":{"rendered":"<p>Ain Dubai ist eines der beeindruckendsten Wahrzeichen der Stadt und zugleich das h\u00f6chste Riesenrad der Welt. Auf Bluewaters Island gelegen, erhebt es sich 250 Meter \u00fcber Dubai und bietet Ihnen w\u00e4hrend der rund 38\u2011min\u00fctigen Fahrt spektakul\u00e4re Panoramablicke. Besonders beliebt sind Fahrten zum Sonnenuntergang oder nach Einbruch der Dunkelheit, wenn die Skyline in voller Beleuchtung erstrahlt. Ain Dubai erm\u00f6glicht Ihnen eine einzigartige und unvergessliche Perspektive auf die Metropole.<\/p>\n<p>Was Sie erwartet<\/p>\n<p>Vor dem Einstieg erwarten Sie spannende, informative und interaktive Displays, die Sie optimal auf Ihr Erlebnis einstimmen.<\/p>\n<ul class=\"square\">\n<li>Sie verbringen etwa 38 Minuten in einer komfortablen, klimatisierten Kabine.<\/li>\n<li>Genie\u00dfen Sie beeindruckende Ausblicke auf Dubais Skyline \u2013 ob in der goldenen Abendstimmung oder unter den funkelnden Lichtern der Nacht.<\/li>\n<li>Bewundern Sie die au\u00dfergew\u00f6hnliche Ingenieurskunst des h\u00f6chsten Riesenrads der Welt.<\/li>\n<li>Bewegen Sie sich frei in der Kabine und halten Sie unvergessliche Fotos von Wahrzeichen wie der Palm Jumeirah, der Dubai Marina oder dem Burj Al Arab fest.<\/li>\n<li>Vor dem Einstieg erwarten Sie spannende, informative und interaktive Displays, die Sie optimal auf Ihr Erlebnis einstimmen.<\/li>\n<\/ul>\n<p><strong>Ausflugsveranstalter:<\/strong> Destination Touristic Services<\/p>\n","protected":false},"excerpt":{"rendered":"<p>Ain Dubai ist eines der beeindruckendsten Wahrzeichen der Stadt und zugleich das h\u00f6chste Riesenrad der Welt. Auf Bluewaters Island gelegen, erhebt es sich 250 Meter \u00fcber Dubai und bietet Ihnen w\u00e4hrend der rund 38\u2011min\u00fctigen Fahrt spektakul\u00e4re Panoramablicke. Besonders beliebt sind Fahrten zum Sonnenuntergang oder nach Einbruch der Dunkelheit, wenn die Skyline in voller Beleuchtung erstrahlt. [&hellip;]<\/p>\n","protected":false},"featured_media":10815,"template":"","meta":{"_acf_changed":false,"ocean_post_layout":"","ocean_both_sidebars_style":"","ocean_both_sidebars_content_width":0,"ocean_both_sidebars_sidebars_width":0,"ocean_sidebar":"0","ocean_second_sidebar":"0","ocean_disable_margins":"enable","ocean_add_body_class":"","ocean_shortcode_before_top_bar":"","ocean_shortcode_after_top_bar":"","ocean_shortcode_before_header":"","ocean_shortcode_after_header":"","ocean_has_shortcode":"","ocean_shortcode_after_title":"","ocean_shortcode_before_footer_widgets":"","ocean_shortcode_after_footer_widgets":"","ocean_shortcode_before_footer_bottom":"","ocean_shortcode_after_footer_bottom":"","ocean_display_top_bar":"default","ocean_display_header":"default","ocean_header_style":"","ocean_center_header_left_menu":"0","ocean_custom_header_template":"0","ocean_custom_logo":0,"ocean_custom_retina_logo":0,"ocean_custom_logo_max_width":0,"ocean_custom_logo_tablet_max_width":0,"ocean_custom_logo_mobile_max_width":0,"ocean_custom_logo_max_height":0,"ocean_custom_logo_tablet_max_height":0,"ocean_custom_logo_mobile_max_height":0,"ocean_header_custom_menu":"0","ocean_menu_typo_font_family":"0","ocean_menu_typo_font_subset":"","ocean_menu_typo_font_size":0,"ocean_menu_typo_font_size_tablet":0,"ocean_menu_typo_font_size_mobile":0,"ocean_menu_typo_font_size_unit":"px","ocean_menu_typo_font_weight":"","ocean_menu_typo_font_weight_tablet":"","ocean_menu_typo_font_weight_mobile":"","ocean_menu_typo_transform":"","ocean_menu_typo_transform_tablet":"","ocean_menu_typo_transform_mobile":"","ocean_menu_typo_line_height":0,"ocean_menu_typo_line_height_tablet":0,"ocean_menu_typo_line_height_mobile":0,"ocean_menu_typo_line_height_unit":"","ocean_menu_typo_spacing":0,"ocean_menu_typo_spacing_tablet":0,"ocean_menu_typo_spacing_mobile":0,"ocean_menu_typo_spacing_unit":"","ocean_menu_link_color":"","ocean_menu_link_color_hover":"","ocean_menu_link_color_active":"","ocean_menu_link_background":"","ocean_menu_link_hover_background":"","ocean_menu_link_active_background":"","ocean_menu_social_links_bg":"","ocean_menu_social_hover_links_bg":"","ocean_menu_social_links_color":"","ocean_menu_social_hover_links_color":"","ocean_disable_title":"default","ocean_disable_heading":"default","ocean_post_title":"","ocean_post_subheading":"","ocean_post_title_style":"background-image","ocean_post_title_background_color":"","ocean_post_title_background":10816,"ocean_post_title_bg_image_position":"","ocean_post_title_bg_image_attachment":"","ocean_post_title_bg_image_repeat":"","ocean_post_title_bg_image_size":"","ocean_post_title_height":0,"ocean_post_title_bg_overlay":0.5,"ocean_post_title_bg_overlay_color":"","ocean_disable_breadcrumbs":"default","ocean_breadcrumbs_color":"","ocean_breadcrumbs_separator_color":"","ocean_breadcrumbs_links_color":"","ocean_breadcrumbs_links_hover_color":"","ocean_display_footer_widgets":"default","ocean_display_footer_bottom":"default","ocean_custom_footer_template":"0","omw_enable_modal_window":"enable","osh_disable_topbar_sticky":"default","osh_disable_header_sticky":"default","osh_sticky_header_style":"default","osh_sticky_header_effect":"","osh_custom_sticky_logo":0,"osh_custom_retina_sticky_logo":0,"osh_custom_sticky_logo_height":0,"osh_background_color":"","osh_links_color":"","osh_links_hover_color":"","osh_links_active_color":"","osh_links_bg_color":"","osh_links_hover_bg_color":"","osh_links_active_bg_color":"","osh_menu_social_links_color":"","osh_menu_social_hover_links_color":""},"ort":[532,535,537,536,538,540,541,533,539,542,534,543],"sichtbarkeit":[],"templateoption":[176],"product_brand":[],"product_cat":[24],"product_tag":[],"class_list":{"0":"post-10819","1":"product","2":"type-product","3":"status-publish","4":"has-post-thumbnail","6":"ort-abu-dhabi","7":"ort-abu-dhabi-desert-qasr-al-sarab","8":"ort-ajman","9":"ort-al-ain","10":"ort-dubai","11":"ort-dubai-desert","12":"ort-fujairah","13":"ort-ghantoot","14":"ort-jebel-ali","15":"ort-ras-al-khaimah","16":"ort-sir-bani-yas-island","17":"ort-umm-al-quwain","18":"templateoption-ohne-buchungskalender","19":"product_cat-aktivitaeten","21":"entry","22":"has-media","24":"first","25":"instock","26":"shipping-taxable","27":"purchasable","28":"product-type-simple","29":"has-product-nav","30":"col","31":"span_1_of_3","32":"owp-content-center","33":"owp-thumbs-layout-horizontal","34":"owp-btn-normal","35":"owp-tabs-layout-section"},"acf":[],"_links":{"self":[{"href":"https:\/\/www.dertour-reiseleitung.com\/vereinigte-arabische-emirate\/wp-json\/wp\/v2\/product\/10819","targetHints":{"allow":["GET"]}}],"collection":[{"href":"https:\/\/www.dertour-reiseleitung.com\/vereinigte-arabische-emirate\/wp-json\/wp\/v2\/product"}],"about":[{"href":"https:\/\/www.dertour-reiseleitung.com\/vereinigte-arabische-emirate\/wp-json\/wp\/v2\/types\/product"}],"version-history":[{"count":3,"href":"https:\/\/www.dertour-reiseleitung.com\/vereinigte-arabische-emirate\/wp-json\/wp\/v2\/product\/10819\/revisions"}],"predecessor-version":[{"id":10822,"href":"https:\/\/www.dertour-reiseleitung.com\/vereinigte-arabische-emirate\/wp-json\/wp\/v2\/product\/10819\/revisions\/10822"}],"wp:featuredmedia":[{"embeddable":true,"href":"https:\/\/www.dertour-reiseleitung.com\/vereinigte-arabische-emirate\/wp-json\/wp\/v2\/media\/10815"}],"wp:attachment":[{"href":"https:\/\/www.dertour-reiseleitung.com\/vereinigte-arabische-emirate\/wp-json\/wp\/v2\/media?parent=10819"}],"wp:term":[{"taxonomy":"ort","embeddable":true,"href":"https:\/\/www.dertour-reiseleitung.com\/vereinigte-arabische-emirate\/wp-json\/wp\/v2\/ort?post=10819"},{"taxonomy":"sichtbarkeit","embeddable":true,"href":"https:\/\/www.dertour-reiseleitung.com\/vereinigte-arabische-emirate\/wp-json\/wp\/v2\/sichtbarkeit?post=10819"},{"taxonomy":"templateoption","embeddable":true,"href":"https:\/\/www.dertour-reiseleitung.com\/vereinigte-arabische-emirate\/wp-json\/wp\/v2\/templateoption?post=10819"},{"taxonomy":"product_brand","embeddable":true,"href":"https:\/\/www.dertour-reiseleitung.com\/vereinigte-arabische-emirate\/wp-json\/wp\/v2\/product_brand?post=10819"},{"taxonomy":"product_cat","embeddable":true,"href":"https:\/\/www.dertour-reiseleitung.com\/vereinigte-arabische-emirate\/wp-json\/wp\/v2\/product_cat?post=10819"},{"taxonomy":"product_tag","embeddable":true,"href":"https:\/\/www.dertour-reiseleitung.com\/vereinigte-arabische-emirate\/wp-json\/wp\/v2\/product_tag?post=10819"}],"curies":[{"name":"wp","href":"https:\/\/api.w.org\/{rel}","templated":true}]}}