{"id":9462,"date":"2025-03-29T21:55:23","date_gmt":"2025-03-29T20:55:23","guid":{"rendered":"https:\/\/www.dertour-reiseleitung.com\/vereinigte-arabische-emirate\/aktivitaeten\/mega-safari-mit-bbq\/"},"modified":"2026-01-14T14:20:09","modified_gmt":"2026-01-14T10:20:09","slug":"mega-safari-mit-bbq-dds-031-1","status":"publish","type":"product","link":"https:\/\/www.dertour-reiseleitung.com\/vereinigte-arabische-emirate\/aktivitaeten\/mega-safari-mit-bbq-dds-031-1\/","title":{"rendered":"Mega Safari mit BBQ"},"content":{"rendered":"<p>Nehmen Sie an einer aufregenden, actiongeladenen Abendsafari in der W\u00fcste teil.<\/p>\n<p>Genie\u00dfen Sie eine rasante D\u00fcnenfahrt im Gel\u00e4ndewagen, eine 30-min\u00fctige Fahrt mit dem D\u00fcnenbuggy und reiten Sie auf einem Kamel.<\/p>\n<p>Beenden Sie den Abend mit einem BBQ-Buffet in einem sch\u00f6nen W\u00fcstencamp, begleitet von traditioneller Musik und Tanz.<\/p>\n<p><strong>Ausflugsveranstalter:<\/strong> Destination Touristic Services<\/p>\n","protected":false},"excerpt":{"rendered":"<p>Nehmen Sie an einer aufregenden, actiongeladenen Abendsafari in der W\u00fcste teil. Genie\u00dfen Sie eine rasante D\u00fcnenfahrt im Gel\u00e4ndewagen, eine 30-min\u00fctige Fahrt mit dem D\u00fcnenbuggy und reiten Sie auf einem Kamel. Beenden Sie den Abend mit einem BBQ-Buffet in einem sch\u00f6nen W\u00fcstencamp, begleitet von traditioneller Musik und Tanz. Ausflugsveranstalter: Destination Touristic Services<\/p>\n","protected":false},"featured_media":10782,"template":"","meta":{"_acf_changed":false,"ocean_post_layout":"","ocean_both_sidebars_style":"","ocean_both_sidebars_content_width":0,"ocean_both_sidebars_sidebars_width":0,"ocean_sidebar":"0","ocean_second_sidebar":"0","ocean_disable_margins":"enable","ocean_add_body_class":"","ocean_shortcode_before_top_bar":"","ocean_shortcode_after_top_bar":"","ocean_shortcode_before_header":"","ocean_shortcode_after_header":"","ocean_has_shortcode":"","ocean_shortcode_after_title":"","ocean_shortcode_before_footer_widgets":"","ocean_shortcode_after_footer_widgets":"","ocean_shortcode_before_footer_bottom":"","ocean_shortcode_after_footer_bottom":"","ocean_display_top_bar":"default","ocean_display_header":"default","ocean_header_style":"","ocean_center_header_left_menu":"0","ocean_custom_header_template":"0","ocean_custom_logo":0,"ocean_custom_retina_logo":0,"ocean_custom_logo_max_width":0,"ocean_custom_logo_tablet_max_width":0,"ocean_custom_logo_mobile_max_width":0,"ocean_custom_logo_max_height":0,"ocean_custom_logo_tablet_max_height":0,"ocean_custom_logo_mobile_max_height":0,"ocean_header_custom_menu":"0","ocean_menu_typo_font_family":"0","ocean_menu_typo_font_subset":"","ocean_menu_typo_font_size":0,"ocean_menu_typo_font_size_tablet":0,"ocean_menu_typo_font_size_mobile":0,"ocean_menu_typo_font_size_unit":"px","ocean_menu_typo_font_weight":"","ocean_menu_typo_font_weight_tablet":"","ocean_menu_typo_font_weight_mobile":"","ocean_menu_typo_transform":"","ocean_menu_typo_transform_tablet":"","ocean_menu_typo_transform_mobile":"","ocean_menu_typo_line_height":0,"ocean_menu_typo_line_height_tablet":0,"ocean_menu_typo_line_height_mobile":0,"ocean_menu_typo_line_height_unit":"","ocean_menu_typo_spacing":0,"ocean_menu_typo_spacing_tablet":0,"ocean_menu_typo_spacing_mobile":0,"ocean_menu_typo_spacing_unit":"","ocean_menu_link_color":"","ocean_menu_link_color_hover":"","ocean_menu_link_color_active":"","ocean_menu_link_background":"","ocean_menu_link_hover_background":"","ocean_menu_link_active_background":"","ocean_menu_social_links_bg":"","ocean_menu_social_hover_links_bg":"","ocean_menu_social_links_color":"","ocean_menu_social_hover_links_color":"","ocean_disable_title":"default","ocean_disable_heading":"default","ocean_post_title":"","ocean_post_subheading":"","ocean_post_title_style":"background-image","ocean_post_title_background_color":"","ocean_post_title_background":10784,"ocean_post_title_bg_image_position":"","ocean_post_title_bg_image_attachment":"","ocean_post_title_bg_image_repeat":"","ocean_post_title_bg_image_size":"","ocean_post_title_height":0,"ocean_post_title_bg_overlay":0.5,"ocean_post_title_bg_overlay_color":"","ocean_disable_breadcrumbs":"default","ocean_breadcrumbs_color":"","ocean_breadcrumbs_separator_color":"","ocean_breadcrumbs_links_color":"","ocean_breadcrumbs_links_hover_color":"","ocean_display_footer_widgets":"default","ocean_display_footer_bottom":"default","ocean_custom_footer_template":"0","omw_enable_modal_window":"enable","osh_disable_topbar_sticky":"default","osh_disable_header_sticky":"default","osh_sticky_header_style":"default","osh_sticky_header_effect":"","osh_custom_sticky_logo":0,"osh_custom_retina_sticky_logo":0,"osh_custom_sticky_logo_height":0,"osh_background_color":"","osh_links_color":"","osh_links_hover_color":"","osh_links_active_color":"","osh_links_bg_color":"","osh_links_hover_bg_color":"","osh_links_active_bg_color":"","osh_menu_social_links_color":"","osh_menu_social_hover_links_color":""},"ort":[537,538,541,539,542,543],"sichtbarkeit":[],"templateoption":[176],"product_brand":[],"product_cat":[182],"product_tag":[],"class_list":{"0":"post-9462","1":"product","2":"type-product","3":"status-publish","4":"has-post-thumbnail","6":"ort-ajman","7":"ort-dubai","8":"ort-fujairah","9":"ort-jebel-ali","10":"ort-ras-al-khaimah","11":"ort-umm-al-quwain","12":"templateoption-ohne-buchungskalender","13":"product_cat-ausfluege","15":"entry","16":"has-media","18":"first","19":"instock","20":"purchasable","21":"product-type-simple","22":"has-product-nav","23":"col","24":"span_1_of_3","25":"owp-content-center","26":"owp-thumbs-layout-horizontal","27":"owp-btn-normal","28":"owp-tabs-layout-section"},"acf":[],"_links":{"self":[{"href":"https:\/\/www.dertour-reiseleitung.com\/vereinigte-arabische-emirate\/wp-json\/wp\/v2\/product\/9462","targetHints":{"allow":["GET"]}}],"collection":[{"href":"https:\/\/www.dertour-reiseleitung.com\/vereinigte-arabische-emirate\/wp-json\/wp\/v2\/product"}],"about":[{"href":"https:\/\/www.dertour-reiseleitung.com\/vereinigte-arabische-emirate\/wp-json\/wp\/v2\/types\/product"}],"version-history":[{"count":2,"href":"https:\/\/www.dertour-reiseleitung.com\/vereinigte-arabische-emirate\/wp-json\/wp\/v2\/product\/9462\/revisions"}],"predecessor-version":[{"id":10681,"href":"https:\/\/www.dertour-reiseleitung.com\/vereinigte-arabische-emirate\/wp-json\/wp\/v2\/product\/9462\/revisions\/10681"}],"wp:featuredmedia":[{"embeddable":true,"href":"https:\/\/www.dertour-reiseleitung.com\/vereinigte-arabische-emirate\/wp-json\/wp\/v2\/media\/10782"}],"wp:attachment":[{"href":"https:\/\/www.dertour-reiseleitung.com\/vereinigte-arabische-emirate\/wp-json\/wp\/v2\/media?parent=9462"}],"wp:term":[{"taxonomy":"ort","embeddable":true,"href":"https:\/\/www.dertour-reiseleitung.com\/vereinigte-arabische-emirate\/wp-json\/wp\/v2\/ort?post=9462"},{"taxonomy":"sichtbarkeit","embeddable":true,"href":"https:\/\/www.dertour-reiseleitung.com\/vereinigte-arabische-emirate\/wp-json\/wp\/v2\/sichtbarkeit?post=9462"},{"taxonomy":"templateoption","embeddable":true,"href":"https:\/\/www.dertour-reiseleitung.com\/vereinigte-arabische-emirate\/wp-json\/wp\/v2\/templateoption?post=9462"},{"taxonomy":"product_brand","embeddable":true,"href":"https:\/\/www.dertour-reiseleitung.com\/vereinigte-arabische-emirate\/wp-json\/wp\/v2\/product_brand?post=9462"},{"taxonomy":"product_cat","embeddable":true,"href":"https:\/\/www.dertour-reiseleitung.com\/vereinigte-arabische-emirate\/wp-json\/wp\/v2\/product_cat?post=9462"},{"taxonomy":"product_tag","embeddable":true,"href":"https:\/\/www.dertour-reiseleitung.com\/vereinigte-arabische-emirate\/wp-json\/wp\/v2\/product_tag?post=9462"}],"curies":[{"name":"wp","href":"https:\/\/api.w.org\/{rel}","templated":true}]}}