{"id":9594,"date":"2025-03-29T21:59:17","date_gmt":"2025-03-29T20:59:17","guid":{"rendered":"https:\/\/www.dertour-reiseleitung.com\/vereinigte-arabische-emirate\/aktivitaeten\/jebel-jais-zip-line\/"},"modified":"2026-01-12T15:44:55","modified_gmt":"2026-01-12T11:44:55","slug":"jebel-jais-zip-line-dds-018-1","status":"publish","type":"product","link":"https:\/\/www.dertour-reiseleitung.com\/vereinigte-arabische-emirate\/aktivitaeten\/jebel-jais-zip-line-dds-018-1\/","title":{"rendered":"Jebel Jais Zip Line"},"content":{"rendered":"<p>Jais Flight ist mit 2,83 km die l\u00e4ngste Zipline der Welt. Schwingen Sie \u00fcber zerkl\u00fcftete Berggipfel und durch tiefe Schluchten bei haarstr\u00e4ubenden Geschwindigkeiten von bis zu 150 km\/h. Drei Minuten adrenalingeladenes Abenteuer in 1.680 m H\u00f6he \u00fcber dem Arabischen Golf werden Sie mit einem \u00a0einmaligen Gef\u00fchl von Superheldenmagie erf\u00fcllen.<\/p>\n<p>Jais Flight befindet sich auf dem wolkenverhangenen Gipfel des Jebel Jais Mountain in\u00a0Ras Al Khaimah, dem n\u00f6rdlichsten Emirat der Vereinigten Arabischen Emirate.<\/p>\n<p>Das professionell ausgebildete Team ist bestrebt, Ihnen das aufregendste Flugerlebnis aller Zeiten zu bieten und dabei die h\u00f6chsten Sicherheitsstandards einzuhalten. Jeder Teilnehmer wird mit dem richtigen Anzug mit Gurtzeug im Superhelden-Stil ausgestattet.<\/p>\n<p><strong>Ausflugsveranstalter:<\/strong> Destination Touristic Services<\/p>\n","protected":false},"excerpt":{"rendered":"<p>Jais Flight ist mit 2,83 km die l\u00e4ngste Zipline der Welt. Schwingen Sie \u00fcber zerkl\u00fcftete Berggipfel und durch tiefe Schluchten bei haarstr\u00e4ubenden Geschwindigkeiten von bis zu 150 km\/h. Drei Minuten adrenalingeladenes Abenteuer in 1.680 m H\u00f6he \u00fcber dem Arabischen Golf werden Sie mit einem \u00a0einmaligen Gef\u00fchl von Superheldenmagie erf\u00fcllen. Jais Flight befindet sich auf dem [&hellip;]<\/p>\n","protected":false},"featured_media":9596,"template":"","meta":{"_acf_changed":false,"ocean_post_layout":"","ocean_both_sidebars_style":"","ocean_both_sidebars_content_width":0,"ocean_both_sidebars_sidebars_width":0,"ocean_sidebar":"0","ocean_second_sidebar":"0","ocean_disable_margins":"enable","ocean_add_body_class":"","ocean_shortcode_before_top_bar":"","ocean_shortcode_after_top_bar":"","ocean_shortcode_before_header":"","ocean_shortcode_after_header":"","ocean_has_shortcode":"","ocean_shortcode_after_title":"","ocean_shortcode_before_footer_widgets":"","ocean_shortcode_after_footer_widgets":"","ocean_shortcode_before_footer_bottom":"","ocean_shortcode_after_footer_bottom":"","ocean_display_top_bar":"default","ocean_display_header":"default","ocean_header_style":"","ocean_center_header_left_menu":"0","ocean_custom_header_template":"0","ocean_custom_logo":0,"ocean_custom_retina_logo":0,"ocean_custom_logo_max_width":0,"ocean_custom_logo_tablet_max_width":0,"ocean_custom_logo_mobile_max_width":0,"ocean_custom_logo_max_height":0,"ocean_custom_logo_tablet_max_height":0,"ocean_custom_logo_mobile_max_height":0,"ocean_header_custom_menu":"0","ocean_menu_typo_font_family":"0","ocean_menu_typo_font_subset":"","ocean_menu_typo_font_size":0,"ocean_menu_typo_font_size_tablet":0,"ocean_menu_typo_font_size_mobile":0,"ocean_menu_typo_font_size_unit":"px","ocean_menu_typo_font_weight":"","ocean_menu_typo_font_weight_tablet":"","ocean_menu_typo_font_weight_mobile":"","ocean_menu_typo_transform":"","ocean_menu_typo_transform_tablet":"","ocean_menu_typo_transform_mobile":"","ocean_menu_typo_line_height":0,"ocean_menu_typo_line_height_tablet":0,"ocean_menu_typo_line_height_mobile":0,"ocean_menu_typo_line_height_unit":"","ocean_menu_typo_spacing":0,"ocean_menu_typo_spacing_tablet":0,"ocean_menu_typo_spacing_mobile":0,"ocean_menu_typo_spacing_unit":"","ocean_menu_link_color":"","ocean_menu_link_color_hover":"","ocean_menu_link_color_active":"","ocean_menu_link_background":"","ocean_menu_link_hover_background":"","ocean_menu_link_active_background":"","ocean_menu_social_links_bg":"","ocean_menu_social_hover_links_bg":"","ocean_menu_social_links_color":"","ocean_menu_social_hover_links_color":"","ocean_disable_title":"default","ocean_disable_heading":"default","ocean_post_title":"","ocean_post_subheading":"","ocean_post_title_style":"background-image","ocean_post_title_background_color":"","ocean_post_title_background":9600,"ocean_post_title_bg_image_position":"","ocean_post_title_bg_image_attachment":"","ocean_post_title_bg_image_repeat":"","ocean_post_title_bg_image_size":"","ocean_post_title_height":0,"ocean_post_title_bg_overlay":0.5,"ocean_post_title_bg_overlay_color":"","ocean_disable_breadcrumbs":"default","ocean_breadcrumbs_color":"","ocean_breadcrumbs_separator_color":"","ocean_breadcrumbs_links_color":"","ocean_breadcrumbs_links_hover_color":"","ocean_display_footer_widgets":"default","ocean_display_footer_bottom":"default","ocean_custom_footer_template":"0","omw_enable_modal_window":"enable","osh_disable_topbar_sticky":"default","osh_disable_header_sticky":"default","osh_sticky_header_style":"default","osh_sticky_header_effect":"","osh_custom_sticky_logo":0,"osh_custom_retina_sticky_logo":0,"osh_custom_sticky_logo_height":0,"osh_background_color":"","osh_links_color":"","osh_links_hover_color":"","osh_links_active_color":"","osh_links_bg_color":"","osh_links_hover_bg_color":"","osh_links_active_bg_color":"","osh_menu_social_links_color":"","osh_menu_social_hover_links_color":""},"ort":[532,535,537,536,538,540,541,533,539,542,534,543],"sichtbarkeit":[],"templateoption":[176],"product_brand":[],"product_cat":[182],"product_tag":[],"class_list":{"0":"post-9594","1":"product","2":"type-product","3":"status-publish","4":"has-post-thumbnail","6":"ort-abu-dhabi","7":"ort-abu-dhabi-desert-qasr-al-sarab","8":"ort-ajman","9":"ort-al-ain","10":"ort-dubai","11":"ort-dubai-desert","12":"ort-fujairah","13":"ort-ghantoot","14":"ort-jebel-ali","15":"ort-ras-al-khaimah","16":"ort-sir-bani-yas-island","17":"ort-umm-al-quwain","18":"templateoption-ohne-buchungskalender","19":"product_cat-ausfluege","21":"entry","22":"has-media","24":"first","25":"instock","26":"purchasable","27":"product-type-simple","28":"has-product-nav","29":"col","30":"span_1_of_3","31":"owp-content-center","32":"owp-thumbs-layout-horizontal","33":"owp-btn-normal","34":"owp-tabs-layout-section"},"acf":[],"_links":{"self":[{"href":"https:\/\/www.dertour-reiseleitung.com\/vereinigte-arabische-emirate\/wp-json\/wp\/v2\/product\/9594","targetHints":{"allow":["GET"]}}],"collection":[{"href":"https:\/\/www.dertour-reiseleitung.com\/vereinigte-arabische-emirate\/wp-json\/wp\/v2\/product"}],"about":[{"href":"https:\/\/www.dertour-reiseleitung.com\/vereinigte-arabische-emirate\/wp-json\/wp\/v2\/types\/product"}],"version-history":[{"count":5,"href":"https:\/\/www.dertour-reiseleitung.com\/vereinigte-arabische-emirate\/wp-json\/wp\/v2\/product\/9594\/revisions"}],"predecessor-version":[{"id":10763,"href":"https:\/\/www.dertour-reiseleitung.com\/vereinigte-arabische-emirate\/wp-json\/wp\/v2\/product\/9594\/revisions\/10763"}],"wp:featuredmedia":[{"embeddable":true,"href":"https:\/\/www.dertour-reiseleitung.com\/vereinigte-arabische-emirate\/wp-json\/wp\/v2\/media\/9596"}],"wp:attachment":[{"href":"https:\/\/www.dertour-reiseleitung.com\/vereinigte-arabische-emirate\/wp-json\/wp\/v2\/media?parent=9594"}],"wp:term":[{"taxonomy":"ort","embeddable":true,"href":"https:\/\/www.dertour-reiseleitung.com\/vereinigte-arabische-emirate\/wp-json\/wp\/v2\/ort?post=9594"},{"taxonomy":"sichtbarkeit","embeddable":true,"href":"https:\/\/www.dertour-reiseleitung.com\/vereinigte-arabische-emirate\/wp-json\/wp\/v2\/sichtbarkeit?post=9594"},{"taxonomy":"templateoption","embeddable":true,"href":"https:\/\/www.dertour-reiseleitung.com\/vereinigte-arabische-emirate\/wp-json\/wp\/v2\/templateoption?post=9594"},{"taxonomy":"product_brand","embeddable":true,"href":"https:\/\/www.dertour-reiseleitung.com\/vereinigte-arabische-emirate\/wp-json\/wp\/v2\/product_brand?post=9594"},{"taxonomy":"product_cat","embeddable":true,"href":"https:\/\/www.dertour-reiseleitung.com\/vereinigte-arabische-emirate\/wp-json\/wp\/v2\/product_cat?post=9594"},{"taxonomy":"product_tag","embeddable":true,"href":"https:\/\/www.dertour-reiseleitung.com\/vereinigte-arabische-emirate\/wp-json\/wp\/v2\/product_tag?post=9594"}],"curies":[{"name":"wp","href":"https:\/\/api.w.org\/{rel}","templated":true}]}}