{"id":9637,"date":"2025-03-29T22:00:35","date_gmt":"2025-03-29T21:00:35","guid":{"rendered":"https:\/\/www.dertour-reiseleitung.com\/vereinigte-arabische-emirate\/aktivitaeten\/helikopter-tour-22-minuten\/"},"modified":"2026-01-12T15:17:29","modified_gmt":"2026-01-12T11:17:29","slug":"helikopter-tour-22-minuten-dds-021-3","status":"publish","type":"product","link":"https:\/\/www.dertour-reiseleitung.com\/vereinigte-arabische-emirate\/aktivitaeten\/helikopter-tour-22-minuten-dds-021-3\/","title":{"rendered":"Helikopter Tour &#8211; 22 Minuten"},"content":{"rendered":"<h3>Dubai aus der Vogelperspektive<\/h3>\n<p>Bei dieser 22-min\u00fctigen Helikopter Tour \u00fcber Dubai erkunden Sie folgende Sehensw\u00fcrdigkeiten aus der Luft:<\/p>\n<ul class=\"square\">\n<li>The Palm<\/li>\n<li>Burj Al Arab<\/li>\n<li>Burj Khalifa<\/li>\n<li>The World Islands<\/li>\n<li>Corniche Dubai<\/li>\n<li>Dubai Creek<\/li>\n<li>Heritage Village<\/li>\n<li>The Trade Souks<\/li>\n<li style=\"padding-bottom: 10px\">Historische Wind Tower und Moscheen<\/li>\n<\/ul>\n<p><strong>Schlechte Wetterbedingungen:<\/strong><br \/>\nSollten ung\u00fcnstige Wetterverh\u00e4ltnisse oder andere \u00e4u\u00dfere Umst\u00e4nde eintreten, die au\u00dferhalb unserer zumutbaren Kontrolle liegen, kann der Flug kurzfristig und ohne Kosten f\u00fcr den Kunden abgesagt werden. Eine Umbuchung ist nach Absprache m\u00f6glich. Wenn keine Umbuchung erfolgt, wird der Flugpreis erstattet.<\/p>\n<p><strong>H\u00f6here Gewalt:<\/strong><br \/>\nBei unvorhersehbaren Ereignissen, die au\u00dferhalb unserer Kontrolle liegen \u2013 darunter schlechte Wetterbedingungen, technische Probleme oder beh\u00f6rdliche Einschr\u00e4nkungen \u2013 \u00fcbernehmen DerTour und\/oder der Dienstleister keine Haftung f\u00fcr zus\u00e4tzliche Kosten, die durch Flugversp\u00e4tungen oder -ausf\u00e4lle entstehen.<\/p>\n<p><strong>Flugroute und -dauer:<\/strong><br \/>\nRoute und Dauer des Fluges k\u00f6nnen sich aufgrund von Vorgaben der Flugsicherung oder anderen unvorhergesehenen Umst\u00e4nden \u00e4ndern, die au\u00dferhalb der zumutbaren Kontrolle von HeliDubai liegen.<\/p>\n<p><strong>Allgemeine Bedingungen:<\/strong><br \/>\nAlle Fl\u00fcge stehen unter dem Vorbehalt h\u00f6herer Gewalt, der Verf\u00fcgbarkeit des Hubschraubers, der Genehmigung durch die Flugsicherung, der Wetterlage sowie der beh\u00f6rdlichen Betriebserlaubnis.<\/p>\n<p><strong>Ausflugsveranstalter:<\/strong> Destination Touristic Services<\/p>\n","protected":false},"excerpt":{"rendered":"<p>Dubai aus der Vogelperspektive Bei dieser 22-min\u00fctigen Helikopter Tour \u00fcber Dubai erkunden Sie folgende Sehensw\u00fcrdigkeiten aus der Luft: The Palm Burj Al Arab Burj Khalifa The World Islands Corniche Dubai Dubai Creek Heritage Village The Trade Souks Historische Wind Tower und Moscheen Schlechte Wetterbedingungen: Sollten ung\u00fcnstige Wetterverh\u00e4ltnisse oder andere \u00e4u\u00dfere Umst\u00e4nde eintreten, die au\u00dferhalb unserer [&hellip;]<\/p>\n","protected":false},"featured_media":9639,"template":"","meta":{"_acf_changed":false,"ocean_post_layout":"","ocean_both_sidebars_style":"","ocean_both_sidebars_content_width":0,"ocean_both_sidebars_sidebars_width":0,"ocean_sidebar":"0","ocean_second_sidebar":"0","ocean_disable_margins":"enable","ocean_add_body_class":"","ocean_shortcode_before_top_bar":"","ocean_shortcode_after_top_bar":"","ocean_shortcode_before_header":"","ocean_shortcode_after_header":"","ocean_has_shortcode":"","ocean_shortcode_after_title":"","ocean_shortcode_before_footer_widgets":"","ocean_shortcode_after_footer_widgets":"","ocean_shortcode_before_footer_bottom":"","ocean_shortcode_after_footer_bottom":"","ocean_display_top_bar":"default","ocean_display_header":"default","ocean_header_style":"","ocean_center_header_left_menu":"0","ocean_custom_header_template":"0","ocean_custom_logo":0,"ocean_custom_retina_logo":0,"ocean_custom_logo_max_width":0,"ocean_custom_logo_tablet_max_width":0,"ocean_custom_logo_mobile_max_width":0,"ocean_custom_logo_max_height":0,"ocean_custom_logo_tablet_max_height":0,"ocean_custom_logo_mobile_max_height":0,"ocean_header_custom_menu":"0","ocean_menu_typo_font_family":"0","ocean_menu_typo_font_subset":"","ocean_menu_typo_font_size":0,"ocean_menu_typo_font_size_tablet":0,"ocean_menu_typo_font_size_mobile":0,"ocean_menu_typo_font_size_unit":"px","ocean_menu_typo_font_weight":"","ocean_menu_typo_font_weight_tablet":"","ocean_menu_typo_font_weight_mobile":"","ocean_menu_typo_transform":"","ocean_menu_typo_transform_tablet":"","ocean_menu_typo_transform_mobile":"","ocean_menu_typo_line_height":0,"ocean_menu_typo_line_height_tablet":0,"ocean_menu_typo_line_height_mobile":0,"ocean_menu_typo_line_height_unit":"","ocean_menu_typo_spacing":0,"ocean_menu_typo_spacing_tablet":0,"ocean_menu_typo_spacing_mobile":0,"ocean_menu_typo_spacing_unit":"","ocean_menu_link_color":"","ocean_menu_link_color_hover":"","ocean_menu_link_color_active":"","ocean_menu_link_background":"","ocean_menu_link_hover_background":"","ocean_menu_link_active_background":"","ocean_menu_social_links_bg":"","ocean_menu_social_hover_links_bg":"","ocean_menu_social_links_color":"","ocean_menu_social_hover_links_color":"","ocean_disable_title":"default","ocean_disable_heading":"default","ocean_post_title":"","ocean_post_subheading":"","ocean_post_title_style":"background-image","ocean_post_title_background_color":"","ocean_post_title_background":9517,"ocean_post_title_bg_image_position":"","ocean_post_title_bg_image_attachment":"","ocean_post_title_bg_image_repeat":"","ocean_post_title_bg_image_size":"","ocean_post_title_height":0,"ocean_post_title_bg_overlay":0.5,"ocean_post_title_bg_overlay_color":"","ocean_disable_breadcrumbs":"default","ocean_breadcrumbs_color":"","ocean_breadcrumbs_separator_color":"","ocean_breadcrumbs_links_color":"","ocean_breadcrumbs_links_hover_color":"","ocean_display_footer_widgets":"default","ocean_display_footer_bottom":"default","ocean_custom_footer_template":"0","omw_enable_modal_window":"enable","osh_disable_topbar_sticky":"default","osh_disable_header_sticky":"default","osh_sticky_header_style":"default","osh_sticky_header_effect":"","osh_custom_sticky_logo":0,"osh_custom_retina_sticky_logo":0,"osh_custom_sticky_logo_height":0,"osh_background_color":"","osh_links_color":"","osh_links_hover_color":"","osh_links_active_color":"","osh_links_bg_color":"","osh_links_hover_bg_color":"","osh_links_active_bg_color":"","osh_menu_social_links_color":"","osh_menu_social_hover_links_color":""},"ort":[537,538,539],"sichtbarkeit":[],"templateoption":[176],"product_brand":[],"product_cat":[182],"product_tag":[],"class_list":{"0":"post-9637","1":"product","2":"type-product","3":"status-publish","4":"has-post-thumbnail","6":"ort-ajman","7":"ort-dubai","8":"ort-jebel-ali","9":"templateoption-ohne-buchungskalender","10":"product_cat-ausfluege","12":"entry","13":"has-media","15":"first","16":"instock","17":"purchasable","18":"product-type-simple","19":"has-product-nav","20":"col","21":"span_1_of_3","22":"owp-content-center","23":"owp-thumbs-layout-horizontal","24":"owp-btn-normal","25":"owp-tabs-layout-section"},"acf":[],"_links":{"self":[{"href":"https:\/\/www.dertour-reiseleitung.com\/vereinigte-arabische-emirate\/wp-json\/wp\/v2\/product\/9637","targetHints":{"allow":["GET"]}}],"collection":[{"href":"https:\/\/www.dertour-reiseleitung.com\/vereinigte-arabische-emirate\/wp-json\/wp\/v2\/product"}],"about":[{"href":"https:\/\/www.dertour-reiseleitung.com\/vereinigte-arabische-emirate\/wp-json\/wp\/v2\/types\/product"}],"version-history":[{"count":8,"href":"https:\/\/www.dertour-reiseleitung.com\/vereinigte-arabische-emirate\/wp-json\/wp\/v2\/product\/9637\/revisions"}],"predecessor-version":[{"id":10759,"href":"https:\/\/www.dertour-reiseleitung.com\/vereinigte-arabische-emirate\/wp-json\/wp\/v2\/product\/9637\/revisions\/10759"}],"wp:featuredmedia":[{"embeddable":true,"href":"https:\/\/www.dertour-reiseleitung.com\/vereinigte-arabische-emirate\/wp-json\/wp\/v2\/media\/9639"}],"wp:attachment":[{"href":"https:\/\/www.dertour-reiseleitung.com\/vereinigte-arabische-emirate\/wp-json\/wp\/v2\/media?parent=9637"}],"wp:term":[{"taxonomy":"ort","embeddable":true,"href":"https:\/\/www.dertour-reiseleitung.com\/vereinigte-arabische-emirate\/wp-json\/wp\/v2\/ort?post=9637"},{"taxonomy":"sichtbarkeit","embeddable":true,"href":"https:\/\/www.dertour-reiseleitung.com\/vereinigte-arabische-emirate\/wp-json\/wp\/v2\/sichtbarkeit?post=9637"},{"taxonomy":"templateoption","embeddable":true,"href":"https:\/\/www.dertour-reiseleitung.com\/vereinigte-arabische-emirate\/wp-json\/wp\/v2\/templateoption?post=9637"},{"taxonomy":"product_brand","embeddable":true,"href":"https:\/\/www.dertour-reiseleitung.com\/vereinigte-arabische-emirate\/wp-json\/wp\/v2\/product_brand?post=9637"},{"taxonomy":"product_cat","embeddable":true,"href":"https:\/\/www.dertour-reiseleitung.com\/vereinigte-arabische-emirate\/wp-json\/wp\/v2\/product_cat?post=9637"},{"taxonomy":"product_tag","embeddable":true,"href":"https:\/\/www.dertour-reiseleitung.com\/vereinigte-arabische-emirate\/wp-json\/wp\/v2\/product_tag?post=9637"}],"curies":[{"name":"wp","href":"https:\/\/api.w.org\/{rel}","templated":true}]}}