{"id":9764,"date":"2025-03-29T20:42:48","date_gmt":"2025-03-29T19:42:48","guid":{"rendered":"https:\/\/www.dertour-reiseleitung.com\/zypern\/aktivitaeten\/jeep-tour-surf-turf-blue-lagoon-ab-limassol-pafos\/"},"modified":"2026-04-07T12:32:44","modified_gmt":"2026-04-07T09:32:44","slug":"jeep-tour-surf-turf-blue-lagoon-ab-limassol-pafos","status":"publish","type":"product","link":"https:\/\/www.dertour-reiseleitung.com\/zypern\/aktivitaeten\/jeep-tour-surf-turf-blue-lagoon-ab-limassol-pafos\/","title":{"rendered":"Jeep Tour &#8211; Surf &amp; Turf &amp; Blue Lagoon"},"content":{"rendered":"<h3>Mit Jeep und Boot \u2013 ein Ausflug zu Wasser und zu Lande<\/h3>\n<p>Dieses ganzt\u00e4gige Abenteuer ist die perfekte Art und Weise, Zyperns Landschaft und das Meer zu genie\u00dfen. Die Route beinhaltet mehrere \u201cOff-Road\u201c-Abschnitte. Zu Beginn erkunden Sie mit dem Jeep die Sehensw\u00fcrdigkeiten im Nord-Westen der Akamas-Halbinsel, die unter Naturschutz steht.<\/p>\n<p><strong>Die Avakas-Schlucht<\/strong><br \/>\nDiese tiefe Schlucht ist vielleicht das beeindruckendste Naturwunder Zyperns und ber\u00fchmt f\u00fcr ihre steilen Kalksteinw\u00e4nde, die eng zusammenlaufen und einen nat\u00fcrlichen Tunnel bilden. Ein nicht allzu anstrengender Spaziergang von insgesamt 30-40 Minuten Dauer ist erforderlich, um die besten Teile der Schlucht zu sehen. (Denken Sie an entsprechendes Schuhwerk.)<\/p>\n<p><strong>Lara und das Schildkr\u00f6ten-Schutzprojekt<\/strong><br \/>\nSie besuchen einen der wichtigsten (und unber\u00fchrtesten) Str\u00e4nde des gesamten Mittelmeers, den Lara Beach, an dem das Cyprus Turtle Conservation Project seit drei Jahrzehnten bedrohte Meeresschildkr\u00f6ten vor dem Aussterben bewahrt. Lernen Sie die Geheimnisse dieser sensiblen und entz\u00fcckenden Meeresbewohner kennen, w\u00e4hrend Sie durch die Schutzausstellungen am Strand gef\u00fchrt werden. (Hinweis: Die Nistzeit der Schildkr\u00f6ten ist von Juni bis August; die Nester schl\u00fcpfen bis Anfang Oktober).<\/p>\n<p><strong>Der Aussichtspunkt<\/strong><br \/>\nFantastische Ausblicke auf die wundersch\u00f6ne Umgebung der Akamas-Halbinsel und eine gro\u00dfartige Gelegenheit, um einige tolle Fotos zu machen.<\/p>\n<p><strong>Das &#8222;Bad der Aphrodite&#8220;<\/strong><br \/>\nDiese S\u00fc\u00dfwasserquelle ist eines der Wahrzeichen der Akamas-Halbinsel und steht im Zusammenhang mit dem Mythos der zypriotischen Liebesg\u00f6ttin, die hier geboren wurde. Dem Mythos nach wurde die G\u00f6ttin hier von Akamas, Sohn des Theseus, beim Baden beobachtet. Sie soll sich hier mit ihren Liebhabern getroffen haben.<\/p>\n<p><strong>Die Blaue Lagune<\/strong><br \/>\nDie Halbinsel im Nordwesten Zyperns verf\u00fcgt \u00fcber eine der eindrucksvollsten K\u00fcstenlinien Zyperns. Das unglaublich klare, t\u00fcrkisfarbene Wasser, die steilen, bewaldeten Klippen und die vielf\u00e4ltige Tierwelt schaffen eine magische Landschaft mit visueller Wirkung. Um diese Gegend von ihrer besten Seite zu erleben, gehen Sie an Bord eines Ausflugsbootes, um die verschiedenen Buchten und vorgelagerten Inseln zu erkunden, nach Meeresschildkr\u00f6ten und Schw\u00e4mmen Ausschau zu halten und an der &#8222;blauesten Bucht Zyperns&#8220; f\u00fcr einen entspannten Badestopp anzuhalten.<\/p>\n<p>Dieses ganzt\u00e4gige Abenteuer beinhaltet mehrere Abschnitte mit &#8222;Off-Road&#8220; Fahrten.<\/p>\n<p><strong>Ausflugsveranstalter:<\/strong> Summertimes Travel Ltd.<\/p>\n","protected":false},"excerpt":{"rendered":"<p>Mit Jeep und Boot \u2013 ein Ausflug zu Wasser und zu Lande Dieses ganzt\u00e4gige Abenteuer ist die perfekte Art und Weise, Zyperns Landschaft und das Meer zu genie\u00dfen. Die Route beinhaltet mehrere \u201cOff-Road\u201c-Abschnitte. Zu Beginn erkunden Sie mit dem Jeep die Sehensw\u00fcrdigkeiten im Nord-Westen der Akamas-Halbinsel, die unter Naturschutz steht. Die Avakas-Schlucht Diese tiefe Schlucht [&hellip;]<\/p>\n","protected":false},"featured_media":9766,"template":"","meta":{"_acf_changed":false,"ocean_post_layout":"","ocean_both_sidebars_style":"","ocean_both_sidebars_content_width":0,"ocean_both_sidebars_sidebars_width":0,"ocean_sidebar":"0","ocean_second_sidebar":"0","ocean_disable_margins":"enable","ocean_add_body_class":"","ocean_shortcode_before_top_bar":"","ocean_shortcode_after_top_bar":"","ocean_shortcode_before_header":"","ocean_shortcode_after_header":"","ocean_has_shortcode":"","ocean_shortcode_after_title":"","ocean_shortcode_before_footer_widgets":"","ocean_shortcode_after_footer_widgets":"","ocean_shortcode_before_footer_bottom":"","ocean_shortcode_after_footer_bottom":"","ocean_display_top_bar":"default","ocean_display_header":"default","ocean_header_style":"","ocean_center_header_left_menu":"0","ocean_custom_header_template":"0","ocean_custom_logo":0,"ocean_custom_retina_logo":0,"ocean_custom_logo_max_width":0,"ocean_custom_logo_tablet_max_width":0,"ocean_custom_logo_mobile_max_width":0,"ocean_custom_logo_max_height":0,"ocean_custom_logo_tablet_max_height":0,"ocean_custom_logo_mobile_max_height":0,"ocean_header_custom_menu":"0","ocean_menu_typo_font_family":"0","ocean_menu_typo_font_subset":"","ocean_menu_typo_font_size":0,"ocean_menu_typo_font_size_tablet":0,"ocean_menu_typo_font_size_mobile":0,"ocean_menu_typo_font_size_unit":"px","ocean_menu_typo_font_weight":"","ocean_menu_typo_font_weight_tablet":"","ocean_menu_typo_font_weight_mobile":"","ocean_menu_typo_transform":"","ocean_menu_typo_transform_tablet":"","ocean_menu_typo_transform_mobile":"","ocean_menu_typo_line_height":0,"ocean_menu_typo_line_height_tablet":0,"ocean_menu_typo_line_height_mobile":0,"ocean_menu_typo_line_height_unit":"","ocean_menu_typo_spacing":0,"ocean_menu_typo_spacing_tablet":0,"ocean_menu_typo_spacing_mobile":0,"ocean_menu_typo_spacing_unit":"","ocean_menu_link_color":"","ocean_menu_link_color_hover":"","ocean_menu_link_color_active":"","ocean_menu_link_background":"","ocean_menu_link_hover_background":"","ocean_menu_link_active_background":"","ocean_menu_social_links_bg":"","ocean_menu_social_hover_links_bg":"","ocean_menu_social_links_color":"","ocean_menu_social_hover_links_color":"","ocean_disable_title":"default","ocean_disable_heading":"default","ocean_post_title":"","ocean_post_subheading":"","ocean_post_title_style":"background-image","ocean_post_title_background_color":"","ocean_post_title_background":9939,"ocean_post_title_bg_image_position":"","ocean_post_title_bg_image_attachment":"","ocean_post_title_bg_image_repeat":"","ocean_post_title_bg_image_size":"","ocean_post_title_height":0,"ocean_post_title_bg_overlay":0.5,"ocean_post_title_bg_overlay_color":"","ocean_disable_breadcrumbs":"default","ocean_breadcrumbs_color":"","ocean_breadcrumbs_separator_color":"","ocean_breadcrumbs_links_color":"","ocean_breadcrumbs_links_hover_color":"","ocean_display_footer_widgets":"default","ocean_display_footer_bottom":"default","ocean_custom_footer_template":"0","omw_enable_modal_window":"enable","osh_disable_topbar_sticky":"default","osh_disable_header_sticky":"default","osh_sticky_header_style":"default","osh_sticky_header_effect":"","osh_custom_sticky_logo":0,"osh_custom_retina_sticky_logo":0,"osh_custom_sticky_logo_height":0,"osh_background_color":"","osh_links_color":"","osh_links_hover_color":"","osh_links_active_color":"","osh_links_bg_color":"","osh_links_hover_bg_color":"","osh_links_active_bg_color":"","osh_menu_social_links_color":"","osh_menu_social_hover_links_color":""},"ort":[517,518],"sichtbarkeit":[],"templateoption":[176],"product_brand":[],"product_cat":[182],"product_tag":[],"class_list":{"0":"post-9764","1":"product","2":"type-product","3":"status-publish","4":"has-post-thumbnail","6":"ort-limassol","7":"ort-paphos","8":"templateoption-ohne-buchungskalender","9":"product_cat-ausfluege","11":"entry","12":"has-media","14":"first","15":"instock","16":"product-type-simple","17":"has-product-nav","18":"col","19":"span_1_of_3","20":"owp-content-center","21":"owp-thumbs-layout-horizontal","22":"owp-btn-normal","23":"owp-tabs-layout-section"},"acf":[],"_links":{"self":[{"href":"https:\/\/www.dertour-reiseleitung.com\/zypern\/wp-json\/wp\/v2\/product\/9764","targetHints":{"allow":["GET"]}}],"collection":[{"href":"https:\/\/www.dertour-reiseleitung.com\/zypern\/wp-json\/wp\/v2\/product"}],"about":[{"href":"https:\/\/www.dertour-reiseleitung.com\/zypern\/wp-json\/wp\/v2\/types\/product"}],"version-history":[{"count":5,"href":"https:\/\/www.dertour-reiseleitung.com\/zypern\/wp-json\/wp\/v2\/product\/9764\/revisions"}],"predecessor-version":[{"id":10839,"href":"https:\/\/www.dertour-reiseleitung.com\/zypern\/wp-json\/wp\/v2\/product\/9764\/revisions\/10839"}],"wp:featuredmedia":[{"embeddable":true,"href":"https:\/\/www.dertour-reiseleitung.com\/zypern\/wp-json\/wp\/v2\/media\/9766"}],"wp:attachment":[{"href":"https:\/\/www.dertour-reiseleitung.com\/zypern\/wp-json\/wp\/v2\/media?parent=9764"}],"wp:term":[{"taxonomy":"ort","embeddable":true,"href":"https:\/\/www.dertour-reiseleitung.com\/zypern\/wp-json\/wp\/v2\/ort?post=9764"},{"taxonomy":"sichtbarkeit","embeddable":true,"href":"https:\/\/www.dertour-reiseleitung.com\/zypern\/wp-json\/wp\/v2\/sichtbarkeit?post=9764"},{"taxonomy":"templateoption","embeddable":true,"href":"https:\/\/www.dertour-reiseleitung.com\/zypern\/wp-json\/wp\/v2\/templateoption?post=9764"},{"taxonomy":"product_brand","embeddable":true,"href":"https:\/\/www.dertour-reiseleitung.com\/zypern\/wp-json\/wp\/v2\/product_brand?post=9764"},{"taxonomy":"product_cat","embeddable":true,"href":"https:\/\/www.dertour-reiseleitung.com\/zypern\/wp-json\/wp\/v2\/product_cat?post=9764"},{"taxonomy":"product_tag","embeddable":true,"href":"https:\/\/www.dertour-reiseleitung.com\/zypern\/wp-json\/wp\/v2\/product_tag?post=9764"}],"curies":[{"name":"wp","href":"https:\/\/api.w.org\/{rel}","templated":true}]}}