{"id":9785,"date":"2025-03-29T20:43:18","date_gmt":"2025-03-29T19:43:18","guid":{"rendered":"https:\/\/www.dertour-reiseleitung.com\/zypern\/aktivitaeten\/jeep-tour-die-grand-tour-ab-ayia-napa-protaras-larnaca\/"},"modified":"2025-10-07T16:21:50","modified_gmt":"2025-10-07T13:21:50","slug":"jeep-tour-die-grand-tour-ab-ayia-napa-protaras-larnaca","status":"publish","type":"product","link":"https:\/\/www.dertour-reiseleitung.com\/zypern\/aktivitaeten\/jeep-tour-die-grand-tour-ab-ayia-napa-protaras-larnaca\/","title":{"rendered":"Jeep-Tour: Die Grand-Tour"},"content":{"rendered":"<h3>Abenteuerfahrt ins Troodos-Gebirge<\/h3>\n<p>Fahren Sie bei diesem Ausflug in das Landesinnere Zyperns und lernen Sie Landschaften und Orte fernab vom Tourismus kennen. Das anspruchsvolle Programm bietet Ihnen eine Kombination von kleinen asphaltierten Stra\u00dfen und gut erhaltenen, kleinen Tonwegen. F\u00fcr ein reichhaltiges Mittagessen besuchen Sie eine Dorftaverne auf einer H\u00f6he von 1.100 m, wo Ihnen ein reichhaltiges Men\u00fc aus verschiedenen lokalen Spezialit\u00e4ten (auch f\u00fcr Vegetarier) serviert wird. Wein, Wasser, Limonade sind inklusive.<\/p>\n<p>Entdecken Sie Zypern von seiner besten und urspr\u00fcnglichsten Seite und lassen Sie Kultur, Natur, Land und Leute auf sich wirken.<\/p>\n<p><strong>4&#215;4 On- und Offroadabenteuer<br \/>\n<\/strong>\u00a0Unterwegs auf gut erhaltenen Tonstra\u00dfen bewundern Sie die abwechslungsreiche Landschaft. Spazieren Sie in einem Dorf die sch\u00f6nen, malerischen Gassen und lernen Sie die lokale Architektur kennen.<\/p>\n<p><strong>Dipotamos Damm<br \/>\n<\/strong>Beim Dipotamos Damm machen Sie eine kurze Fotopause und genie\u00dfen anschlie\u00dfend die abwechslungsreiche Weiterfahrt zum Dorf Lefkara.<\/p>\n<p><strong>Besuch des Dorfes Lefkara<br \/>\n<\/strong>Das Dorf Lefkara ist f\u00fcr seine Stickereien und Silberwaren bekannt. Hier werden Sie mit einer Erfrischung willkommen gehei\u00dfen.<\/p>\n<p><strong>Mesa Potamos Wald<br \/>\n<\/strong>Weiter geht es bergauf durch die W\u00e4lder des Troodos-Gebirges &#8211; bekannt als das Gr\u00fcne Herz Zyperns. Entlang des Flusses erreichen Sie die Alpen Flora (Vegetationswechsel) von Zypern f\u00fcr einen kleine Wanderung und sch\u00f6ne Fotos.<\/p>\n<p><strong>Das Naturwunder<br \/>\n<\/strong>Die Begegnung mit dem wundersch\u00f6nen Wasserfall, umgeben von wundersch\u00f6ner Natur, erholt Leib und Seele.<\/p>\n<p><strong>Lofou Dorf<br \/>\n<\/strong>Als Abschluss besichtigen Sie das ber\u00fchmte, am Fu\u00dfe des Troodos Gebirges liegende Dorf Lofou. Auf f\u00fcnf H\u00fcgeln mit traditionellen Steinbauten errichtet, ist das Dorf ein Meisterwerk der Architektur. Besuchen Sie das traditionelle Kafenion (Gastst\u00e4tte) und kosten Sie zypriotischen Kaffee.<\/p>\n<p><strong>Ausflugsveranstalter:<\/strong> Summertimes Travel Ltd.<\/p>\n","protected":false},"excerpt":{"rendered":"<p>Abenteuerfahrt ins Troodos-Gebirge Fahren Sie bei diesem Ausflug in das Landesinnere Zyperns und lernen Sie Landschaften und Orte fernab vom Tourismus kennen. Das anspruchsvolle Programm bietet Ihnen eine Kombination von kleinen asphaltierten Stra\u00dfen und gut erhaltenen, kleinen Tonwegen. F\u00fcr ein reichhaltiges Mittagessen besuchen Sie eine Dorftaverne auf einer H\u00f6he von 1.100 m, wo Ihnen ein [&hellip;]<\/p>\n","protected":false},"featured_media":9787,"template":"","meta":{"_acf_changed":false,"ocean_post_layout":"","ocean_both_sidebars_style":"","ocean_both_sidebars_content_width":0,"ocean_both_sidebars_sidebars_width":0,"ocean_sidebar":"0","ocean_second_sidebar":"0","ocean_disable_margins":"enable","ocean_add_body_class":"","ocean_shortcode_before_top_bar":"","ocean_shortcode_after_top_bar":"","ocean_shortcode_before_header":"","ocean_shortcode_after_header":"","ocean_has_shortcode":"","ocean_shortcode_after_title":"","ocean_shortcode_before_footer_widgets":"","ocean_shortcode_after_footer_widgets":"","ocean_shortcode_before_footer_bottom":"","ocean_shortcode_after_footer_bottom":"","ocean_display_top_bar":"default","ocean_display_header":"default","ocean_header_style":"","ocean_center_header_left_menu":"0","ocean_custom_header_template":"0","ocean_custom_logo":0,"ocean_custom_retina_logo":0,"ocean_custom_logo_max_width":0,"ocean_custom_logo_tablet_max_width":0,"ocean_custom_logo_mobile_max_width":0,"ocean_custom_logo_max_height":0,"ocean_custom_logo_tablet_max_height":0,"ocean_custom_logo_mobile_max_height":0,"ocean_header_custom_menu":"0","ocean_menu_typo_font_family":"0","ocean_menu_typo_font_subset":"","ocean_menu_typo_font_size":0,"ocean_menu_typo_font_size_tablet":0,"ocean_menu_typo_font_size_mobile":0,"ocean_menu_typo_font_size_unit":"px","ocean_menu_typo_font_weight":"","ocean_menu_typo_font_weight_tablet":"","ocean_menu_typo_font_weight_mobile":"","ocean_menu_typo_transform":"","ocean_menu_typo_transform_tablet":"","ocean_menu_typo_transform_mobile":"","ocean_menu_typo_line_height":0,"ocean_menu_typo_line_height_tablet":0,"ocean_menu_typo_line_height_mobile":0,"ocean_menu_typo_line_height_unit":"","ocean_menu_typo_spacing":0,"ocean_menu_typo_spacing_tablet":0,"ocean_menu_typo_spacing_mobile":0,"ocean_menu_typo_spacing_unit":"","ocean_menu_link_color":"","ocean_menu_link_color_hover":"","ocean_menu_link_color_active":"","ocean_menu_link_background":"","ocean_menu_link_hover_background":"","ocean_menu_link_active_background":"","ocean_menu_social_links_bg":"","ocean_menu_social_hover_links_bg":"","ocean_menu_social_links_color":"","ocean_menu_social_hover_links_color":"","ocean_disable_title":"default","ocean_disable_heading":"default","ocean_post_title":"","ocean_post_subheading":"","ocean_post_title_style":"background-image","ocean_post_title_background_color":"","ocean_post_title_background":9933,"ocean_post_title_bg_image_position":"","ocean_post_title_bg_image_attachment":"","ocean_post_title_bg_image_repeat":"","ocean_post_title_bg_image_size":"","ocean_post_title_height":0,"ocean_post_title_bg_overlay":0.5,"ocean_post_title_bg_overlay_color":"","ocean_disable_breadcrumbs":"default","ocean_breadcrumbs_color":"","ocean_breadcrumbs_separator_color":"","ocean_breadcrumbs_links_color":"","ocean_breadcrumbs_links_hover_color":"","ocean_display_footer_widgets":"default","ocean_display_footer_bottom":"default","ocean_custom_footer_template":"0","omw_enable_modal_window":"enable","osh_disable_topbar_sticky":"default","osh_disable_header_sticky":"default","osh_sticky_header_style":"default","osh_sticky_header_effect":"","osh_custom_sticky_logo":0,"osh_custom_retina_sticky_logo":0,"osh_custom_sticky_logo_height":0,"osh_background_color":"","osh_links_color":"","osh_links_hover_color":"","osh_links_active_color":"","osh_links_bg_color":"","osh_links_hover_bg_color":"","osh_links_active_bg_color":"","osh_menu_social_links_color":"","osh_menu_social_hover_links_color":""},"ort":[511,514,515,517,522],"sichtbarkeit":[],"templateoption":[176],"product_brand":[],"product_cat":[182],"product_tag":[],"class_list":{"0":"post-9785","1":"product","2":"type-product","3":"status-publish","4":"has-post-thumbnail","6":"ort-agia-napa","7":"ort-larnaca","8":"ort-larnaca-bay","9":"ort-limassol","10":"ort-protaras","11":"templateoption-ohne-buchungskalender","12":"product_cat-ausfluege","14":"entry","15":"has-media","17":"first","18":"instock","19":"product-type-simple","20":"has-product-nav","21":"col","22":"span_1_of_3","23":"owp-content-center","24":"owp-thumbs-layout-horizontal","25":"owp-btn-normal","26":"owp-tabs-layout-section"},"acf":[],"_links":{"self":[{"href":"https:\/\/www.dertour-reiseleitung.com\/zypern\/wp-json\/wp\/v2\/product\/9785","targetHints":{"allow":["GET"]}}],"collection":[{"href":"https:\/\/www.dertour-reiseleitung.com\/zypern\/wp-json\/wp\/v2\/product"}],"about":[{"href":"https:\/\/www.dertour-reiseleitung.com\/zypern\/wp-json\/wp\/v2\/types\/product"}],"version-history":[{"count":4,"href":"https:\/\/www.dertour-reiseleitung.com\/zypern\/wp-json\/wp\/v2\/product\/9785\/revisions"}],"predecessor-version":[{"id":10570,"href":"https:\/\/www.dertour-reiseleitung.com\/zypern\/wp-json\/wp\/v2\/product\/9785\/revisions\/10570"}],"wp:featuredmedia":[{"embeddable":true,"href":"https:\/\/www.dertour-reiseleitung.com\/zypern\/wp-json\/wp\/v2\/media\/9787"}],"wp:attachment":[{"href":"https:\/\/www.dertour-reiseleitung.com\/zypern\/wp-json\/wp\/v2\/media?parent=9785"}],"wp:term":[{"taxonomy":"ort","embeddable":true,"href":"https:\/\/www.dertour-reiseleitung.com\/zypern\/wp-json\/wp\/v2\/ort?post=9785"},{"taxonomy":"sichtbarkeit","embeddable":true,"href":"https:\/\/www.dertour-reiseleitung.com\/zypern\/wp-json\/wp\/v2\/sichtbarkeit?post=9785"},{"taxonomy":"templateoption","embeddable":true,"href":"https:\/\/www.dertour-reiseleitung.com\/zypern\/wp-json\/wp\/v2\/templateoption?post=9785"},{"taxonomy":"product_brand","embeddable":true,"href":"https:\/\/www.dertour-reiseleitung.com\/zypern\/wp-json\/wp\/v2\/product_brand?post=9785"},{"taxonomy":"product_cat","embeddable":true,"href":"https:\/\/www.dertour-reiseleitung.com\/zypern\/wp-json\/wp\/v2\/product_cat?post=9785"},{"taxonomy":"product_tag","embeddable":true,"href":"https:\/\/www.dertour-reiseleitung.com\/zypern\/wp-json\/wp\/v2\/product_tag?post=9785"}],"curies":[{"name":"wp","href":"https:\/\/api.w.org\/{rel}","templated":true}]}}