{"id":9793,"date":"2025-03-29T20:43:59","date_gmt":"2025-03-29T19:43:59","guid":{"rendered":"https:\/\/www.dertour-reiseleitung.com\/zypern\/aktivitaeten\/tauchen-cydive-ab-pafos\/"},"modified":"2025-09-16T11:54:13","modified_gmt":"2025-09-16T08:54:13","slug":"tauchen-cydive-ab-pafos","status":"publish","type":"product","link":"https:\/\/www.dertour-reiseleitung.com\/zypern\/aktivitaeten\/tauchen-cydive-ab-pafos\/","title":{"rendered":"Tauchen Cydive"},"content":{"rendered":"<p>Cydive ist in Paphos auf Zypern seit \u00fcber 39 Jahren etabliert und war die erste Tauchschule &amp; Tauchbasis in Zypern, die die begehrte PADI IDC Five Star Akkreditierung erhalten hat.<\/p>\n<p>Alle Aktivit\u00e4ten werden beaufsichtigt und Sie k\u00f6nnen sich auf das hochqualifizierte Personal verlassen. Sicherheit und Spa\u00df ist zu jeder Zeit gew\u00e4hrleistet.<\/p>\n<p>Das Tauchen im Mittelmeer bietet gro\u00dfartige Sichtweiten, warme Temperaturen, minimale Unterwasserstr\u00f6mungen und interessante Tauchpl\u00e4tze. Sie werden hier etwas f\u00fcr jeden Taucher finden, egal ob Sie neu in der Tauchwelt sind oder ein erfahrener Taucher!<\/p>\n<p>Beim Tauchen in Zypern gibt es einen Tauchplatz, der auf der Liste eines jeden Tauchers ganz oben steht&#8230; Das Wrack der MS Zenobia! W\u00e4hrend der Saison werden regelm\u00e4\u00dfig Ganztagestouren zur Zenobia angeboten, bei denen Sie dieses erstaunliche Wrack erkunden k\u00f6nnen.<\/p>\n<p>Sie sind auf der Suche nach einem entspannten Tagesausflug, bei dem auch einige erstaunliche Tauchg\u00e4nge inbegriffen sind? Dann ist ein Tagesausflug zur Blauen Lagune und den Akamas ideal! Dieser Ausflug ist sowohl f\u00fcr Einzeltaucher, als auch f\u00fcr Paare und Familien geeignet.<\/p>\n<p>Wenn Sie kein Taucher sind, aber die Unterwasserwelt erkunden wollen, dann schlie\u00dfen Sie sich einem der Schnorchelausfl\u00fcge an. Der halbt\u00e4gige \u00d6ko-Schnorchelausflug ist neu im Programm 2021 und bietet einen lustigen und lehrreichen Ausflug f\u00fcr Kinder und Erwachsene gleicherma\u00dfen.<\/p>\n<p><strong>Ausflugsveranstalter:<\/strong> Summertimes Travel Ltd.<\/p>\n","protected":false},"excerpt":{"rendered":"<p>Cydive ist in Paphos auf Zypern seit \u00fcber 39 Jahren etabliert und war die erste Tauchschule &amp; Tauchbasis in Zypern, die die begehrte PADI IDC Five Star Akkreditierung erhalten hat. Alle Aktivit\u00e4ten werden beaufsichtigt und Sie k\u00f6nnen sich auf das hochqualifizierte Personal verlassen. Sicherheit und Spa\u00df ist zu jeder Zeit gew\u00e4hrleistet. Das Tauchen im Mittelmeer [&hellip;]<\/p>\n","protected":false},"featured_media":9796,"template":"","meta":{"_acf_changed":false,"ocean_post_layout":"","ocean_both_sidebars_style":"","ocean_both_sidebars_content_width":0,"ocean_both_sidebars_sidebars_width":0,"ocean_sidebar":"0","ocean_second_sidebar":"0","ocean_disable_margins":"enable","ocean_add_body_class":"","ocean_shortcode_before_top_bar":"","ocean_shortcode_after_top_bar":"","ocean_shortcode_before_header":"","ocean_shortcode_after_header":"","ocean_has_shortcode":"","ocean_shortcode_after_title":"","ocean_shortcode_before_footer_widgets":"","ocean_shortcode_after_footer_widgets":"","ocean_shortcode_before_footer_bottom":"","ocean_shortcode_after_footer_bottom":"","ocean_display_top_bar":"default","ocean_display_header":"default","ocean_header_style":"","ocean_center_header_left_menu":"0","ocean_custom_header_template":"0","ocean_custom_logo":0,"ocean_custom_retina_logo":0,"ocean_custom_logo_max_width":0,"ocean_custom_logo_tablet_max_width":0,"ocean_custom_logo_mobile_max_width":0,"ocean_custom_logo_max_height":0,"ocean_custom_logo_tablet_max_height":0,"ocean_custom_logo_mobile_max_height":0,"ocean_header_custom_menu":"0","ocean_menu_typo_font_family":"0","ocean_menu_typo_font_subset":"","ocean_menu_typo_font_size":0,"ocean_menu_typo_font_size_tablet":0,"ocean_menu_typo_font_size_mobile":0,"ocean_menu_typo_font_size_unit":"px","ocean_menu_typo_font_weight":"","ocean_menu_typo_font_weight_tablet":"","ocean_menu_typo_font_weight_mobile":"","ocean_menu_typo_transform":"","ocean_menu_typo_transform_tablet":"","ocean_menu_typo_transform_mobile":"","ocean_menu_typo_line_height":0,"ocean_menu_typo_line_height_tablet":0,"ocean_menu_typo_line_height_mobile":0,"ocean_menu_typo_line_height_unit":"","ocean_menu_typo_spacing":0,"ocean_menu_typo_spacing_tablet":0,"ocean_menu_typo_spacing_mobile":0,"ocean_menu_typo_spacing_unit":"","ocean_menu_link_color":"","ocean_menu_link_color_hover":"","ocean_menu_link_color_active":"","ocean_menu_link_background":"","ocean_menu_link_hover_background":"","ocean_menu_link_active_background":"","ocean_menu_social_links_bg":"","ocean_menu_social_hover_links_bg":"","ocean_menu_social_links_color":"","ocean_menu_social_hover_links_color":"","ocean_disable_title":"default","ocean_disable_heading":"default","ocean_post_title":"","ocean_post_subheading":"","ocean_post_title_style":"background-image","ocean_post_title_background_color":"","ocean_post_title_background":9797,"ocean_post_title_bg_image_position":"","ocean_post_title_bg_image_attachment":"","ocean_post_title_bg_image_repeat":"","ocean_post_title_bg_image_size":"","ocean_post_title_height":0,"ocean_post_title_bg_overlay":0.5,"ocean_post_title_bg_overlay_color":"","ocean_disable_breadcrumbs":"default","ocean_breadcrumbs_color":"","ocean_breadcrumbs_separator_color":"","ocean_breadcrumbs_links_color":"","ocean_breadcrumbs_links_hover_color":"","ocean_display_footer_widgets":"default","ocean_display_footer_bottom":"default","ocean_custom_footer_template":"0","omw_enable_modal_window":"enable","osh_disable_topbar_sticky":"default","osh_disable_header_sticky":"default","osh_sticky_header_style":"default","osh_sticky_header_effect":"","osh_custom_sticky_logo":0,"osh_custom_retina_sticky_logo":0,"osh_custom_sticky_logo_height":0,"osh_background_color":"","osh_links_color":"","osh_links_hover_color":"","osh_links_active_color":"","osh_links_bg_color":"","osh_links_hover_bg_color":"","osh_links_active_bg_color":"","osh_menu_social_links_color":"","osh_menu_social_hover_links_color":""},"ort":[518],"sichtbarkeit":[],"templateoption":[176],"product_brand":[],"product_cat":[182],"product_tag":[],"class_list":{"0":"post-9793","1":"product","2":"type-product","3":"status-publish","4":"has-post-thumbnail","6":"ort-paphos","7":"templateoption-ohne-buchungskalender","8":"product_cat-ausfluege","10":"entry","11":"has-media","13":"first","14":"instock","15":"product-type-simple","16":"has-product-nav","17":"col","18":"span_1_of_3","19":"owp-content-center","20":"owp-thumbs-layout-horizontal","21":"owp-btn-normal","22":"owp-tabs-layout-section"},"acf":[],"_links":{"self":[{"href":"https:\/\/www.dertour-reiseleitung.com\/zypern\/wp-json\/wp\/v2\/product\/9793","targetHints":{"allow":["GET"]}}],"collection":[{"href":"https:\/\/www.dertour-reiseleitung.com\/zypern\/wp-json\/wp\/v2\/product"}],"about":[{"href":"https:\/\/www.dertour-reiseleitung.com\/zypern\/wp-json\/wp\/v2\/types\/product"}],"version-history":[{"count":1,"href":"https:\/\/www.dertour-reiseleitung.com\/zypern\/wp-json\/wp\/v2\/product\/9793\/revisions"}],"predecessor-version":[{"id":9794,"href":"https:\/\/www.dertour-reiseleitung.com\/zypern\/wp-json\/wp\/v2\/product\/9793\/revisions\/9794"}],"wp:featuredmedia":[{"embeddable":true,"href":"https:\/\/www.dertour-reiseleitung.com\/zypern\/wp-json\/wp\/v2\/media\/9796"}],"wp:attachment":[{"href":"https:\/\/www.dertour-reiseleitung.com\/zypern\/wp-json\/wp\/v2\/media?parent=9793"}],"wp:term":[{"taxonomy":"ort","embeddable":true,"href":"https:\/\/www.dertour-reiseleitung.com\/zypern\/wp-json\/wp\/v2\/ort?post=9793"},{"taxonomy":"sichtbarkeit","embeddable":true,"href":"https:\/\/www.dertour-reiseleitung.com\/zypern\/wp-json\/wp\/v2\/sichtbarkeit?post=9793"},{"taxonomy":"templateoption","embeddable":true,"href":"https:\/\/www.dertour-reiseleitung.com\/zypern\/wp-json\/wp\/v2\/templateoption?post=9793"},{"taxonomy":"product_brand","embeddable":true,"href":"https:\/\/www.dertour-reiseleitung.com\/zypern\/wp-json\/wp\/v2\/product_brand?post=9793"},{"taxonomy":"product_cat","embeddable":true,"href":"https:\/\/www.dertour-reiseleitung.com\/zypern\/wp-json\/wp\/v2\/product_cat?post=9793"},{"taxonomy":"product_tag","embeddable":true,"href":"https:\/\/www.dertour-reiseleitung.com\/zypern\/wp-json\/wp\/v2\/product_tag?post=9793"}],"curies":[{"name":"wp","href":"https:\/\/api.w.org\/{rel}","templated":true}]}}