{"id":9818,"date":"2025-03-29T20:44:25","date_gmt":"2025-03-29T19:44:25","guid":{"rendered":"https:\/\/www.dertour-reiseleitung.com\/zypern\/aktivitaeten\/trans-divers-ab-ayia-napa-protaras\/"},"modified":"2025-10-07T16:21:36","modified_gmt":"2025-10-07T13:21:36","slug":"trans-divers-ab-ayia-napa-protaras","status":"publish","type":"product","link":"https:\/\/www.dertour-reiseleitung.com\/zypern\/aktivitaeten\/trans-divers-ab-ayia-napa-protaras\/","title":{"rendered":"Trans Divers"},"content":{"rendered":"<h3>Vom Schnuppertauchen, Tauchg\u00e4ngen und Tauchkursen bis hin zum Tief-, Wrack-, H\u00f6hlen- und Nachttauchen<\/h3>\n<p>Die zypriotische Unterwasserwelt steckt voller Leben. Korallen, Mur\u00e4nen, Tintenfische, Muscheln, Schildkr\u00f6ten, Feuerw\u00fcrmer und vieles mehr&#8230;<\/p>\n<p>Versuchen Sie es doch einfach mal mit einem Schnuppertauchgang. Nach einer aufschlussreichen Einweisung geht es langsam vom Land aus in und unter Wasser. F\u00fchlen Sie sich erfrischend sicher und besonders gut aufgehoben bei einer top bewerteten schweizerisch-deutschen Tauchschule. Entspannt abtauchen, schwerelos sein, treiben lassen.<br \/>\nFast t\u00e4glich vor- oder nachmittags m\u00f6glich (inkl. Ausr\u00fcstung)<\/p>\n<p>F\u00fcr erfahrene Taucher bietet Ihnen unser Partner ein vielf\u00e4ltiges Angebot an.<\/p>\n<p>Das absolute Highlight ist das weltbekannte Zenobia Wrack.<\/p>\n<p>Die Zenobia ist heutzutage ein unter Tauchern beliebtes Wrack. Es ist mit seiner L\u00e4nge von 172 m und 23 m Breite das gr\u00f6\u00dfte betauchbare Wrack im Mittelmeer und l\u00e4sst sich f\u00fcr Taucher mit unterschiedlichen Ausbildungsst\u00e4nden gut betauchen. Es gilt als eines der Top-Ten-Wracks weltweit, da die Sicht normalerweise sehr gut ist (rund 15 m), die Wassertemperaturen mild sind (im Sommer in 30 m Tiefe um 20 \u00b0C) und die Str\u00f6mung meistens gering ist.<\/p>\n<p>Die Zenobia liegt auf der Backbordseite auf einer Sandbank in einer Tiefe von 43 m. Die steuerbordseitige Bordwand erreicht man in einer Tiefe von rund 18 m. Je nach Fertigkeiten besteht die M\u00f6glichkeit f\u00fcr fortgeschrittene Taucher, in das Wrack der Zenobia einzudringen.<\/p>\n<p><strong>Ausflugsveranstalter:<\/strong> Summertimes Travel Ltd.<\/p>\n","protected":false},"excerpt":{"rendered":"<p>Vom Schnuppertauchen, Tauchg\u00e4ngen und Tauchkursen bis hin zum Tief-, Wrack-, H\u00f6hlen- und Nachttauchen Die zypriotische Unterwasserwelt steckt voller Leben. Korallen, Mur\u00e4nen, Tintenfische, Muscheln, Schildkr\u00f6ten, Feuerw\u00fcrmer und vieles mehr&#8230; Versuchen Sie es doch einfach mal mit einem Schnuppertauchgang. Nach einer aufschlussreichen Einweisung geht es langsam vom Land aus in und unter Wasser. F\u00fchlen Sie sich erfrischend [&hellip;]<\/p>\n","protected":false},"featured_media":9820,"template":"","meta":{"_acf_changed":false,"ocean_post_layout":"","ocean_both_sidebars_style":"","ocean_both_sidebars_content_width":0,"ocean_both_sidebars_sidebars_width":0,"ocean_sidebar":"0","ocean_second_sidebar":"0","ocean_disable_margins":"enable","ocean_add_body_class":"","ocean_shortcode_before_top_bar":"","ocean_shortcode_after_top_bar":"","ocean_shortcode_before_header":"","ocean_shortcode_after_header":"","ocean_has_shortcode":"","ocean_shortcode_after_title":"","ocean_shortcode_before_footer_widgets":"","ocean_shortcode_after_footer_widgets":"","ocean_shortcode_before_footer_bottom":"","ocean_shortcode_after_footer_bottom":"","ocean_display_top_bar":"default","ocean_display_header":"default","ocean_header_style":"","ocean_center_header_left_menu":"0","ocean_custom_header_template":"0","ocean_custom_logo":0,"ocean_custom_retina_logo":0,"ocean_custom_logo_max_width":0,"ocean_custom_logo_tablet_max_width":0,"ocean_custom_logo_mobile_max_width":0,"ocean_custom_logo_max_height":0,"ocean_custom_logo_tablet_max_height":0,"ocean_custom_logo_mobile_max_height":0,"ocean_header_custom_menu":"0","ocean_menu_typo_font_family":"0","ocean_menu_typo_font_subset":"","ocean_menu_typo_font_size":0,"ocean_menu_typo_font_size_tablet":0,"ocean_menu_typo_font_size_mobile":0,"ocean_menu_typo_font_size_unit":"px","ocean_menu_typo_font_weight":"","ocean_menu_typo_font_weight_tablet":"","ocean_menu_typo_font_weight_mobile":"","ocean_menu_typo_transform":"","ocean_menu_typo_transform_tablet":"","ocean_menu_typo_transform_mobile":"","ocean_menu_typo_line_height":0,"ocean_menu_typo_line_height_tablet":0,"ocean_menu_typo_line_height_mobile":0,"ocean_menu_typo_line_height_unit":"","ocean_menu_typo_spacing":0,"ocean_menu_typo_spacing_tablet":0,"ocean_menu_typo_spacing_mobile":0,"ocean_menu_typo_spacing_unit":"","ocean_menu_link_color":"","ocean_menu_link_color_hover":"","ocean_menu_link_color_active":"","ocean_menu_link_background":"","ocean_menu_link_hover_background":"","ocean_menu_link_active_background":"","ocean_menu_social_links_bg":"","ocean_menu_social_hover_links_bg":"","ocean_menu_social_links_color":"","ocean_menu_social_hover_links_color":"","ocean_disable_title":"default","ocean_disable_heading":"default","ocean_post_title":"","ocean_post_subheading":"","ocean_post_title_style":"background-image","ocean_post_title_background_color":"","ocean_post_title_background":9820,"ocean_post_title_bg_image_position":"","ocean_post_title_bg_image_attachment":"","ocean_post_title_bg_image_repeat":"","ocean_post_title_bg_image_size":"","ocean_post_title_height":0,"ocean_post_title_bg_overlay":0.5,"ocean_post_title_bg_overlay_color":"","ocean_disable_breadcrumbs":"default","ocean_breadcrumbs_color":"","ocean_breadcrumbs_separator_color":"","ocean_breadcrumbs_links_color":"","ocean_breadcrumbs_links_hover_color":"","ocean_display_footer_widgets":"default","ocean_display_footer_bottom":"default","ocean_custom_footer_template":"0","omw_enable_modal_window":"enable","osh_disable_topbar_sticky":"default","osh_disable_header_sticky":"default","osh_sticky_header_style":"default","osh_sticky_header_effect":"","osh_custom_sticky_logo":0,"osh_custom_retina_sticky_logo":0,"osh_custom_sticky_logo_height":0,"osh_background_color":"","osh_links_color":"","osh_links_hover_color":"","osh_links_active_color":"","osh_links_bg_color":"","osh_links_hover_bg_color":"","osh_links_active_bg_color":"","osh_menu_social_links_color":"","osh_menu_social_hover_links_color":""},"ort":[511,522],"sichtbarkeit":[],"templateoption":[176],"product_brand":[],"product_cat":[182],"product_tag":[],"class_list":{"0":"post-9818","1":"product","2":"type-product","3":"status-publish","4":"has-post-thumbnail","6":"ort-agia-napa","7":"ort-protaras","8":"templateoption-ohne-buchungskalender","9":"product_cat-ausfluege","11":"entry","12":"has-media","14":"first","15":"instock","16":"product-type-simple","17":"has-product-nav","18":"col","19":"span_1_of_3","20":"owp-content-center","21":"owp-thumbs-layout-horizontal","22":"owp-btn-normal","23":"owp-tabs-layout-section"},"acf":[],"_links":{"self":[{"href":"https:\/\/www.dertour-reiseleitung.com\/zypern\/wp-json\/wp\/v2\/product\/9818","targetHints":{"allow":["GET"]}}],"collection":[{"href":"https:\/\/www.dertour-reiseleitung.com\/zypern\/wp-json\/wp\/v2\/product"}],"about":[{"href":"https:\/\/www.dertour-reiseleitung.com\/zypern\/wp-json\/wp\/v2\/types\/product"}],"version-history":[{"count":2,"href":"https:\/\/www.dertour-reiseleitung.com\/zypern\/wp-json\/wp\/v2\/product\/9818\/revisions"}],"predecessor-version":[{"id":10569,"href":"https:\/\/www.dertour-reiseleitung.com\/zypern\/wp-json\/wp\/v2\/product\/9818\/revisions\/10569"}],"wp:featuredmedia":[{"embeddable":true,"href":"https:\/\/www.dertour-reiseleitung.com\/zypern\/wp-json\/wp\/v2\/media\/9820"}],"wp:attachment":[{"href":"https:\/\/www.dertour-reiseleitung.com\/zypern\/wp-json\/wp\/v2\/media?parent=9818"}],"wp:term":[{"taxonomy":"ort","embeddable":true,"href":"https:\/\/www.dertour-reiseleitung.com\/zypern\/wp-json\/wp\/v2\/ort?post=9818"},{"taxonomy":"sichtbarkeit","embeddable":true,"href":"https:\/\/www.dertour-reiseleitung.com\/zypern\/wp-json\/wp\/v2\/sichtbarkeit?post=9818"},{"taxonomy":"templateoption","embeddable":true,"href":"https:\/\/www.dertour-reiseleitung.com\/zypern\/wp-json\/wp\/v2\/templateoption?post=9818"},{"taxonomy":"product_brand","embeddable":true,"href":"https:\/\/www.dertour-reiseleitung.com\/zypern\/wp-json\/wp\/v2\/product_brand?post=9818"},{"taxonomy":"product_cat","embeddable":true,"href":"https:\/\/www.dertour-reiseleitung.com\/zypern\/wp-json\/wp\/v2\/product_cat?post=9818"},{"taxonomy":"product_tag","embeddable":true,"href":"https:\/\/www.dertour-reiseleitung.com\/zypern\/wp-json\/wp\/v2\/product_tag?post=9818"}],"curies":[{"name":"wp","href":"https:\/\/api.w.org\/{rel}","templated":true}]}}