{"id":9857,"date":"2025-03-29T20:47:18","date_gmt":"2025-03-29T19:47:18","guid":{"rendered":"https:\/\/www.dertour-reiseleitung.com\/zypern\/aktivitaeten\/land-und-leute-ab-ayia-napa-protaras-larnaca\/"},"modified":"2025-10-07T16:21:22","modified_gmt":"2025-10-07T13:21:22","slug":"land-und-leute-ab-ayia-napa-protaras-larnaca","status":"publish","type":"product","link":"https:\/\/www.dertour-reiseleitung.com\/zypern\/aktivitaeten\/land-und-leute-ab-ayia-napa-protaras-larnaca\/","title":{"rendered":"Land und Leute"},"content":{"rendered":"<h3>Unterwegs im Minibus<\/h3>\n<p>Das Troodosgebirge ist die gr\u00f6\u00dfte und h\u00f6chste Gebirgskette Zyperns. Tradition und Erbe spielen hier noch heute eine sehr wichtige Rolle. Mitten in der atemberaubenden Landschaft gelegen, existieren seit Jahrhunderten kleine Gemeinden und D\u00f6rfer.<\/p>\n<p>Lokale Feste und Veranstaltungen sind oft dem Schutzheiligen des Dorfes, der Handwerkskunst, der Produktherstellung oder der Volkskunst gewidmet.<\/p>\n<p>Ihr erster Stopp f\u00fchrt Sie ins Dorf Pera, wo Sie einen kleinen Spaziergang machen. Weiter geht es ins UNESCO gesch\u00fctzte Dorf Fikardou. Die Reiseleitung reicht Ihnen hier ein kleines Fr\u00fchst\u00fcck, typische K\u00f6stlichkeiten zum Probieren. Nat\u00fcrlich werden Sie dieses kleine Dorf auch erkunden.<\/p>\n<p>Das n\u00e4chste Ziel ist der Besuch des Klosters Machairas, gegr\u00fcndet Ende des 12. Jhd. und der Jungfrau Maria gewidmet. Bitte beachten Sie die Kleidervorschriften. Dar\u00fcber hinaus ist im Inneren des Klosters das Fotografieren und Filmen nicht erlaubt. Das Kloster verf\u00fcgt \u00fcber einen eigenen Kr\u00e4uter- und Obstgarten und bietet verschiedene Erzeugnisse im eigenen Laden an.<\/p>\n<p>Der Minibus bringt Sie noch weiter in die H\u00f6he. Im Dorf Vavatsinia warten Takis und seine Familie in deren Taverne auf Sie und werden Sie mit vielen K\u00f6stlichkeiten verw\u00f6hnen &#8211; das typische Meze. Auch kommen Sie dank seiner Gastfreundschaft in den Genuss der zypriotischen Gem\u00fctlichkeit und Fr\u00f6hlichkeit.<\/p>\n<p>Zum Abschluss f\u00fchrt Sie dieser sch\u00f6ne Ausflug nach Lefkara. Spazieren Sie durch die kleinen Gassen und vielleicht finden Sie hier noch ein passendes Souvenir, denn Lefkara ist bekannt f\u00fcr seine Silber und Stickkunst.<\/p>\n<p><strong>Ausflugsveranstalter:<\/strong> Summertimes Travel Ltd.<\/p>\n","protected":false},"excerpt":{"rendered":"<p>Unterwegs im Minibus Das Troodosgebirge ist die gr\u00f6\u00dfte und h\u00f6chste Gebirgskette Zyperns. Tradition und Erbe spielen hier noch heute eine sehr wichtige Rolle. Mitten in der atemberaubenden Landschaft gelegen, existieren seit Jahrhunderten kleine Gemeinden und D\u00f6rfer. Lokale Feste und Veranstaltungen sind oft dem Schutzheiligen des Dorfes, der Handwerkskunst, der Produktherstellung oder der Volkskunst gewidmet. Ihr [&hellip;]<\/p>\n","protected":false},"featured_media":9859,"template":"","meta":{"_acf_changed":false,"ocean_post_layout":"","ocean_both_sidebars_style":"","ocean_both_sidebars_content_width":0,"ocean_both_sidebars_sidebars_width":0,"ocean_sidebar":"0","ocean_second_sidebar":"0","ocean_disable_margins":"enable","ocean_add_body_class":"","ocean_shortcode_before_top_bar":"","ocean_shortcode_after_top_bar":"","ocean_shortcode_before_header":"","ocean_shortcode_after_header":"","ocean_has_shortcode":"","ocean_shortcode_after_title":"","ocean_shortcode_before_footer_widgets":"","ocean_shortcode_after_footer_widgets":"","ocean_shortcode_before_footer_bottom":"","ocean_shortcode_after_footer_bottom":"","ocean_display_top_bar":"default","ocean_display_header":"default","ocean_header_style":"","ocean_center_header_left_menu":"0","ocean_custom_header_template":"0","ocean_custom_logo":0,"ocean_custom_retina_logo":0,"ocean_custom_logo_max_width":0,"ocean_custom_logo_tablet_max_width":0,"ocean_custom_logo_mobile_max_width":0,"ocean_custom_logo_max_height":0,"ocean_custom_logo_tablet_max_height":0,"ocean_custom_logo_mobile_max_height":0,"ocean_header_custom_menu":"0","ocean_menu_typo_font_family":"0","ocean_menu_typo_font_subset":"","ocean_menu_typo_font_size":0,"ocean_menu_typo_font_size_tablet":0,"ocean_menu_typo_font_size_mobile":0,"ocean_menu_typo_font_size_unit":"px","ocean_menu_typo_font_weight":"","ocean_menu_typo_font_weight_tablet":"","ocean_menu_typo_font_weight_mobile":"","ocean_menu_typo_transform":"","ocean_menu_typo_transform_tablet":"","ocean_menu_typo_transform_mobile":"","ocean_menu_typo_line_height":0,"ocean_menu_typo_line_height_tablet":0,"ocean_menu_typo_line_height_mobile":0,"ocean_menu_typo_line_height_unit":"","ocean_menu_typo_spacing":0,"ocean_menu_typo_spacing_tablet":0,"ocean_menu_typo_spacing_mobile":0,"ocean_menu_typo_spacing_unit":"","ocean_menu_link_color":"","ocean_menu_link_color_hover":"","ocean_menu_link_color_active":"","ocean_menu_link_background":"","ocean_menu_link_hover_background":"","ocean_menu_link_active_background":"","ocean_menu_social_links_bg":"","ocean_menu_social_hover_links_bg":"","ocean_menu_social_links_color":"","ocean_menu_social_hover_links_color":"","ocean_disable_title":"default","ocean_disable_heading":"default","ocean_post_title":"","ocean_post_subheading":"","ocean_post_title_style":"background-image","ocean_post_title_background_color":"","ocean_post_title_background":9403,"ocean_post_title_bg_image_position":"","ocean_post_title_bg_image_attachment":"","ocean_post_title_bg_image_repeat":"","ocean_post_title_bg_image_size":"","ocean_post_title_height":0,"ocean_post_title_bg_overlay":0.5,"ocean_post_title_bg_overlay_color":"","ocean_disable_breadcrumbs":"default","ocean_breadcrumbs_color":"","ocean_breadcrumbs_separator_color":"","ocean_breadcrumbs_links_color":"","ocean_breadcrumbs_links_hover_color":"","ocean_display_footer_widgets":"default","ocean_display_footer_bottom":"default","ocean_custom_footer_template":"0","omw_enable_modal_window":"enable","osh_disable_topbar_sticky":"default","osh_disable_header_sticky":"default","osh_sticky_header_style":"default","osh_sticky_header_effect":"","osh_custom_sticky_logo":0,"osh_custom_retina_sticky_logo":0,"osh_custom_sticky_logo_height":0,"osh_background_color":"","osh_links_color":"","osh_links_hover_color":"","osh_links_active_color":"","osh_links_bg_color":"","osh_links_hover_bg_color":"","osh_links_active_bg_color":"","osh_menu_social_links_color":"","osh_menu_social_hover_links_color":""},"ort":[511,514,515,522],"sichtbarkeit":[],"templateoption":[176],"product_brand":[],"product_cat":[182],"product_tag":[],"class_list":{"0":"post-9857","1":"product","2":"type-product","3":"status-publish","4":"has-post-thumbnail","6":"ort-agia-napa","7":"ort-larnaca","8":"ort-larnaca-bay","9":"ort-protaras","10":"templateoption-ohne-buchungskalender","11":"product_cat-ausfluege","13":"entry","14":"has-media","16":"first","17":"instock","18":"product-type-simple","19":"has-product-nav","20":"col","21":"span_1_of_3","22":"owp-content-center","23":"owp-thumbs-layout-horizontal","24":"owp-btn-normal","25":"owp-tabs-layout-section"},"acf":[],"_links":{"self":[{"href":"https:\/\/www.dertour-reiseleitung.com\/zypern\/wp-json\/wp\/v2\/product\/9857","targetHints":{"allow":["GET"]}}],"collection":[{"href":"https:\/\/www.dertour-reiseleitung.com\/zypern\/wp-json\/wp\/v2\/product"}],"about":[{"href":"https:\/\/www.dertour-reiseleitung.com\/zypern\/wp-json\/wp\/v2\/types\/product"}],"version-history":[{"count":6,"href":"https:\/\/www.dertour-reiseleitung.com\/zypern\/wp-json\/wp\/v2\/product\/9857\/revisions"}],"predecessor-version":[{"id":10568,"href":"https:\/\/www.dertour-reiseleitung.com\/zypern\/wp-json\/wp\/v2\/product\/9857\/revisions\/10568"}],"wp:featuredmedia":[{"embeddable":true,"href":"https:\/\/www.dertour-reiseleitung.com\/zypern\/wp-json\/wp\/v2\/media\/9859"}],"wp:attachment":[{"href":"https:\/\/www.dertour-reiseleitung.com\/zypern\/wp-json\/wp\/v2\/media?parent=9857"}],"wp:term":[{"taxonomy":"ort","embeddable":true,"href":"https:\/\/www.dertour-reiseleitung.com\/zypern\/wp-json\/wp\/v2\/ort?post=9857"},{"taxonomy":"sichtbarkeit","embeddable":true,"href":"https:\/\/www.dertour-reiseleitung.com\/zypern\/wp-json\/wp\/v2\/sichtbarkeit?post=9857"},{"taxonomy":"templateoption","embeddable":true,"href":"https:\/\/www.dertour-reiseleitung.com\/zypern\/wp-json\/wp\/v2\/templateoption?post=9857"},{"taxonomy":"product_brand","embeddable":true,"href":"https:\/\/www.dertour-reiseleitung.com\/zypern\/wp-json\/wp\/v2\/product_brand?post=9857"},{"taxonomy":"product_cat","embeddable":true,"href":"https:\/\/www.dertour-reiseleitung.com\/zypern\/wp-json\/wp\/v2\/product_cat?post=9857"},{"taxonomy":"product_tag","embeddable":true,"href":"https:\/\/www.dertour-reiseleitung.com\/zypern\/wp-json\/wp\/v2\/product_tag?post=9857"}],"curies":[{"name":"wp","href":"https:\/\/api.w.org\/{rel}","templated":true}]}}