{"id":9879,"date":"2025-03-29T20:48:11","date_gmt":"2025-03-29T19:48:11","guid":{"rendered":"https:\/\/www.dertour-reiseleitung.com\/zypern\/aktivitaeten\/kykkos-vip-ab-pafos\/"},"modified":"2025-09-16T11:35:16","modified_gmt":"2025-09-16T08:35:16","slug":"kykkos-vip-ab-pafos","status":"publish","type":"product","link":"https:\/\/www.dertour-reiseleitung.com\/zypern\/aktivitaeten\/kykkos-vip-ab-pafos\/","title":{"rendered":"Kykkos VIP"},"content":{"rendered":"<p>Der Ausflug f\u00fchrt Sie zu urspr\u00fcnglicher Natur und traditionellen D\u00f6rfern um Ihnen Land und Leute n\u00e4her zu bringen.<\/p>\n<p>Entlang der Weinroute entdecken Sie die Kultur und die Geschichte der Insel, die auch immer vom Weinanbau gepr\u00e4gt war. In dem typischen D\u00f6rfchen Arsos, k\u00f6nnen wir eine Kaffeepause machen.<\/p>\n<p>Weiter geht es durch das vertr\u00e4umte Kelefos Tal zum bekanntesten Kloster der Insel, dem Kykkos Kloster. Das Troodos ist das gr\u00fcne Herz Zyperns und \u00fcberrascht mit seiner vielf\u00e4ltigen Natur und sch\u00f6nen Ausblicken. Bitte beachten Sie, dass das Kloster nicht mit kurzen Hosen oder R\u00f6cken betreten werden darf.<\/p>\n<p>Nach einem gem\u00fctlichen Mittagessen besichtigen Sie eine der ber\u00fchmten byzantinischen Kirchen, die Kirche des Hl. Michael in Pedhoulas. Durch den Wald und \u00fcber Weind\u00f6rfer geht es zur\u00fcck nach Limassol.<\/p>\n<p><strong>Ausflugsveranstalter:<\/strong> Summertimes Travel Ltd.<\/p>\n","protected":false},"excerpt":{"rendered":"<p>Der Ausflug f\u00fchrt Sie zu urspr\u00fcnglicher Natur und traditionellen D\u00f6rfern um Ihnen Land und Leute n\u00e4her zu bringen. Entlang der Weinroute entdecken Sie die Kultur und die Geschichte der Insel, die auch immer vom Weinanbau gepr\u00e4gt war. In dem typischen D\u00f6rfchen Arsos, k\u00f6nnen wir eine Kaffeepause machen. Weiter geht es durch das vertr\u00e4umte Kelefos Tal [&hellip;]<\/p>\n","protected":false},"featured_media":9881,"template":"","meta":{"_acf_changed":false,"ocean_post_layout":"","ocean_both_sidebars_style":"","ocean_both_sidebars_content_width":0,"ocean_both_sidebars_sidebars_width":0,"ocean_sidebar":"0","ocean_second_sidebar":"0","ocean_disable_margins":"enable","ocean_add_body_class":"","ocean_shortcode_before_top_bar":"","ocean_shortcode_after_top_bar":"","ocean_shortcode_before_header":"","ocean_shortcode_after_header":"","ocean_has_shortcode":"","ocean_shortcode_after_title":"","ocean_shortcode_before_footer_widgets":"","ocean_shortcode_after_footer_widgets":"","ocean_shortcode_before_footer_bottom":"","ocean_shortcode_after_footer_bottom":"","ocean_display_top_bar":"default","ocean_display_header":"default","ocean_header_style":"","ocean_center_header_left_menu":"0","ocean_custom_header_template":"0","ocean_custom_logo":0,"ocean_custom_retina_logo":0,"ocean_custom_logo_max_width":0,"ocean_custom_logo_tablet_max_width":0,"ocean_custom_logo_mobile_max_width":0,"ocean_custom_logo_max_height":0,"ocean_custom_logo_tablet_max_height":0,"ocean_custom_logo_mobile_max_height":0,"ocean_header_custom_menu":"0","ocean_menu_typo_font_family":"0","ocean_menu_typo_font_subset":"","ocean_menu_typo_font_size":0,"ocean_menu_typo_font_size_tablet":0,"ocean_menu_typo_font_size_mobile":0,"ocean_menu_typo_font_size_unit":"px","ocean_menu_typo_font_weight":"","ocean_menu_typo_font_weight_tablet":"","ocean_menu_typo_font_weight_mobile":"","ocean_menu_typo_transform":"","ocean_menu_typo_transform_tablet":"","ocean_menu_typo_transform_mobile":"","ocean_menu_typo_line_height":0,"ocean_menu_typo_line_height_tablet":0,"ocean_menu_typo_line_height_mobile":0,"ocean_menu_typo_line_height_unit":"","ocean_menu_typo_spacing":0,"ocean_menu_typo_spacing_tablet":0,"ocean_menu_typo_spacing_mobile":0,"ocean_menu_typo_spacing_unit":"","ocean_menu_link_color":"","ocean_menu_link_color_hover":"","ocean_menu_link_color_active":"","ocean_menu_link_background":"","ocean_menu_link_hover_background":"","ocean_menu_link_active_background":"","ocean_menu_social_links_bg":"","ocean_menu_social_hover_links_bg":"","ocean_menu_social_links_color":"","ocean_menu_social_hover_links_color":"","ocean_disable_title":"default","ocean_disable_heading":"default","ocean_post_title":"","ocean_post_subheading":"","ocean_post_title_style":"background-image","ocean_post_title_background_color":"","ocean_post_title_background":9885,"ocean_post_title_bg_image_position":"","ocean_post_title_bg_image_attachment":"","ocean_post_title_bg_image_repeat":"","ocean_post_title_bg_image_size":"","ocean_post_title_height":0,"ocean_post_title_bg_overlay":0.5,"ocean_post_title_bg_overlay_color":"","ocean_disable_breadcrumbs":"default","ocean_breadcrumbs_color":"","ocean_breadcrumbs_separator_color":"","ocean_breadcrumbs_links_color":"","ocean_breadcrumbs_links_hover_color":"","ocean_display_footer_widgets":"default","ocean_display_footer_bottom":"default","ocean_custom_footer_template":"0","omw_enable_modal_window":"enable","osh_disable_topbar_sticky":"default","osh_disable_header_sticky":"default","osh_sticky_header_style":"default","osh_sticky_header_effect":"","osh_custom_sticky_logo":0,"osh_custom_retina_sticky_logo":0,"osh_custom_sticky_logo_height":0,"osh_background_color":"","osh_links_color":"","osh_links_hover_color":"","osh_links_active_color":"","osh_links_bg_color":"","osh_links_hover_bg_color":"","osh_links_active_bg_color":"","osh_menu_social_links_color":"","osh_menu_social_hover_links_color":""},"ort":[518],"sichtbarkeit":[],"templateoption":[176],"product_brand":[],"product_cat":[182],"product_tag":[],"class_list":{"0":"post-9879","1":"product","2":"type-product","3":"status-publish","4":"has-post-thumbnail","6":"ort-paphos","7":"templateoption-ohne-buchungskalender","8":"product_cat-ausfluege","10":"entry","11":"has-media","13":"first","14":"instock","15":"product-type-simple","16":"has-product-nav","17":"col","18":"span_1_of_3","19":"owp-content-center","20":"owp-thumbs-layout-horizontal","21":"owp-btn-normal","22":"owp-tabs-layout-section"},"acf":[],"_links":{"self":[{"href":"https:\/\/www.dertour-reiseleitung.com\/zypern\/wp-json\/wp\/v2\/product\/9879","targetHints":{"allow":["GET"]}}],"collection":[{"href":"https:\/\/www.dertour-reiseleitung.com\/zypern\/wp-json\/wp\/v2\/product"}],"about":[{"href":"https:\/\/www.dertour-reiseleitung.com\/zypern\/wp-json\/wp\/v2\/types\/product"}],"version-history":[{"count":1,"href":"https:\/\/www.dertour-reiseleitung.com\/zypern\/wp-json\/wp\/v2\/product\/9879\/revisions"}],"predecessor-version":[{"id":9880,"href":"https:\/\/www.dertour-reiseleitung.com\/zypern\/wp-json\/wp\/v2\/product\/9879\/revisions\/9880"}],"wp:featuredmedia":[{"embeddable":true,"href":"https:\/\/www.dertour-reiseleitung.com\/zypern\/wp-json\/wp\/v2\/media\/9881"}],"wp:attachment":[{"href":"https:\/\/www.dertour-reiseleitung.com\/zypern\/wp-json\/wp\/v2\/media?parent=9879"}],"wp:term":[{"taxonomy":"ort","embeddable":true,"href":"https:\/\/www.dertour-reiseleitung.com\/zypern\/wp-json\/wp\/v2\/ort?post=9879"},{"taxonomy":"sichtbarkeit","embeddable":true,"href":"https:\/\/www.dertour-reiseleitung.com\/zypern\/wp-json\/wp\/v2\/sichtbarkeit?post=9879"},{"taxonomy":"templateoption","embeddable":true,"href":"https:\/\/www.dertour-reiseleitung.com\/zypern\/wp-json\/wp\/v2\/templateoption?post=9879"},{"taxonomy":"product_brand","embeddable":true,"href":"https:\/\/www.dertour-reiseleitung.com\/zypern\/wp-json\/wp\/v2\/product_brand?post=9879"},{"taxonomy":"product_cat","embeddable":true,"href":"https:\/\/www.dertour-reiseleitung.com\/zypern\/wp-json\/wp\/v2\/product_cat?post=9879"},{"taxonomy":"product_tag","embeddable":true,"href":"https:\/\/www.dertour-reiseleitung.com\/zypern\/wp-json\/wp\/v2\/product_tag?post=9879"}],"curies":[{"name":"wp","href":"https:\/\/api.w.org\/{rel}","templated":true}]}}