{"id":9891,"date":"2025-03-29T20:49:05","date_gmt":"2025-03-29T19:49:05","guid":{"rendered":"https:\/\/www.dertour-reiseleitung.com\/zypern\/aktivitaeten\/jeep-tour-die-grand-tour-ab-pafos\/"},"modified":"2025-10-07T16:20:57","modified_gmt":"2025-10-07T13:20:57","slug":"jeep-tour-die-grand-tour-ab-pafos","status":"publish","type":"product","link":"https:\/\/www.dertour-reiseleitung.com\/zypern\/aktivitaeten\/jeep-tour-die-grand-tour-ab-pafos\/","title":{"rendered":"Jeep-Tour: Die Grand-Tour"},"content":{"rendered":"<p>Reisen Sie tief in das Innere der Insel, um Landschaften, Natur und verschiedene Ortschaften kennenzulernen. Die abenteuerliche Route bildet eine Kombination aus kleinen asphaltierten Stra\u00dfen und gut gepflegten Feldwegen. In diesem Erlebnispaket ist ein unvergessliches Mittagessen mit einer Auswahl an frisch zubereiteten lokalen Gerichten enthalten, darunter auch vegetarische Optionen. Wein, Wasser und Limonade werden in einer gem\u00fctlichen Taverne in einem Bergdorf kostenlos serviert.<\/p>\n<p>Lassen Sie sich die beste und authentischste Seite Zyperns zeigen.<\/p>\n<p>Highlights:<\/p>\n<ul class=\"square\">\n<li>Kurze Spazierg\u00e4nge durch ethnische D\u00f6rfer mit engen Gassen und gro\u00dfartiger Steinarchitektur, spektakul\u00e4re Aussichten und die M\u00f6glichkeit, ein traditionelles Kafenion f\u00fcr eine Erfrischung oder einen zypriotischen Kaffee zu besuchen.<\/li>\n<li>Sie passieren bemerkenswerte Felsformationen, die sich innerhalb eines kleinen, malerischen Dorfes befinden, welches ebenfalls aus Stein gebaut wurde.<\/li>\n<li>Fahren Sie tief in die Troodos-W\u00e4lder hinein, um erstaunliche alte Steinbr\u00fccken zu besichtigen, die von den Venezianern \u00fcber einen rei\u00dfenden Fluss gebaut wurden. Auf dem Weg zum Fluss besteht die M\u00f6glichkeit zu einer kleinen Mini-Wanderung (fakultativ) durch den Wald.<\/li>\n<li>Durch eine spektakul\u00e4ren Pinienwald setzen Sie Ihre Fahrt fort zu einem Wasserfall, der sich beeindruckend durch plutonisches Gestein schl\u00e4ngelt. Das Wasser erfrischt Leib und Seele.<\/li>\n<li>Besuchen Sie das Dorf Omodos, das wichtigste Dorf im Weinanbaugebiet von Limassol, und schlendern Sie durch die gepflasterten Stra\u00dfen. Besuchen Sie die Lokalit\u00e4ten mit traditionellen Produkten oder besichtigen Sie das Kloster des Heiligen Kreuzes, das im Auftrag der Heiligen Helena im Jahr 327 n. Chr. gegr\u00fcndet wurde.<\/li>\n<li>Entdecken Sie Petra tou Romiou, den mythischen Geburtsort der Aphrodite, zum Baden und f\u00fcr unvergessliche Fotos.<\/li>\n<\/ul>\n<p><strong>Ausflugsveranstalter:<\/strong> Summertimes Travel Ltd.<\/p>\n","protected":false},"excerpt":{"rendered":"<p>Reisen Sie tief in das Innere der Insel, um Landschaften, Natur und verschiedene Ortschaften kennenzulernen. Die abenteuerliche Route bildet eine Kombination aus kleinen asphaltierten Stra\u00dfen und gut gepflegten Feldwegen. In diesem Erlebnispaket ist ein unvergessliches Mittagessen mit einer Auswahl an frisch zubereiteten lokalen Gerichten enthalten, darunter auch vegetarische Optionen. Wein, Wasser und Limonade werden in [&hellip;]<\/p>\n","protected":false},"featured_media":9787,"template":"","meta":{"_acf_changed":false,"ocean_post_layout":"","ocean_both_sidebars_style":"","ocean_both_sidebars_content_width":0,"ocean_both_sidebars_sidebars_width":0,"ocean_sidebar":"0","ocean_second_sidebar":"0","ocean_disable_margins":"enable","ocean_add_body_class":"","ocean_shortcode_before_top_bar":"","ocean_shortcode_after_top_bar":"","ocean_shortcode_before_header":"","ocean_shortcode_after_header":"","ocean_has_shortcode":"","ocean_shortcode_after_title":"","ocean_shortcode_before_footer_widgets":"","ocean_shortcode_after_footer_widgets":"","ocean_shortcode_before_footer_bottom":"","ocean_shortcode_after_footer_bottom":"","ocean_display_top_bar":"default","ocean_display_header":"default","ocean_header_style":"","ocean_center_header_left_menu":"0","ocean_custom_header_template":"0","ocean_custom_logo":0,"ocean_custom_retina_logo":0,"ocean_custom_logo_max_width":0,"ocean_custom_logo_tablet_max_width":0,"ocean_custom_logo_mobile_max_width":0,"ocean_custom_logo_max_height":0,"ocean_custom_logo_tablet_max_height":0,"ocean_custom_logo_mobile_max_height":0,"ocean_header_custom_menu":"0","ocean_menu_typo_font_family":"0","ocean_menu_typo_font_subset":"","ocean_menu_typo_font_size":0,"ocean_menu_typo_font_size_tablet":0,"ocean_menu_typo_font_size_mobile":0,"ocean_menu_typo_font_size_unit":"px","ocean_menu_typo_font_weight":"","ocean_menu_typo_font_weight_tablet":"","ocean_menu_typo_font_weight_mobile":"","ocean_menu_typo_transform":"","ocean_menu_typo_transform_tablet":"","ocean_menu_typo_transform_mobile":"","ocean_menu_typo_line_height":0,"ocean_menu_typo_line_height_tablet":0,"ocean_menu_typo_line_height_mobile":0,"ocean_menu_typo_line_height_unit":"","ocean_menu_typo_spacing":0,"ocean_menu_typo_spacing_tablet":0,"ocean_menu_typo_spacing_mobile":0,"ocean_menu_typo_spacing_unit":"","ocean_menu_link_color":"","ocean_menu_link_color_hover":"","ocean_menu_link_color_active":"","ocean_menu_link_background":"","ocean_menu_link_hover_background":"","ocean_menu_link_active_background":"","ocean_menu_social_links_bg":"","ocean_menu_social_hover_links_bg":"","ocean_menu_social_links_color":"","ocean_menu_social_hover_links_color":"","ocean_disable_title":"default","ocean_disable_heading":"default","ocean_post_title":"","ocean_post_subheading":"","ocean_post_title_style":"background-image","ocean_post_title_background_color":"","ocean_post_title_background":9933,"ocean_post_title_bg_image_position":"","ocean_post_title_bg_image_attachment":"","ocean_post_title_bg_image_repeat":"","ocean_post_title_bg_image_size":"","ocean_post_title_height":0,"ocean_post_title_bg_overlay":0.5,"ocean_post_title_bg_overlay_color":"","ocean_disable_breadcrumbs":"default","ocean_breadcrumbs_color":"","ocean_breadcrumbs_separator_color":"","ocean_breadcrumbs_links_color":"","ocean_breadcrumbs_links_hover_color":"","ocean_display_footer_widgets":"default","ocean_display_footer_bottom":"default","ocean_custom_footer_template":"0","omw_enable_modal_window":"enable","osh_disable_topbar_sticky":"default","osh_disable_header_sticky":"default","osh_sticky_header_style":"default","osh_sticky_header_effect":"","osh_custom_sticky_logo":0,"osh_custom_retina_sticky_logo":0,"osh_custom_sticky_logo_height":0,"osh_background_color":"","osh_links_color":"","osh_links_hover_color":"","osh_links_active_color":"","osh_links_bg_color":"","osh_links_hover_bg_color":"","osh_links_active_bg_color":"","osh_menu_social_links_color":"","osh_menu_social_hover_links_color":""},"ort":[511,514,515,517,522],"sichtbarkeit":[],"templateoption":[176],"product_brand":[],"product_cat":[182],"product_tag":[],"class_list":{"0":"post-9891","1":"product","2":"type-product","3":"status-publish","4":"has-post-thumbnail","6":"ort-agia-napa","7":"ort-larnaca","8":"ort-larnaca-bay","9":"ort-limassol","10":"ort-protaras","11":"templateoption-ohne-buchungskalender","12":"product_cat-ausfluege","14":"entry","15":"has-media","17":"first","18":"instock","19":"product-type-simple","20":"has-product-nav","21":"col","22":"span_1_of_3","23":"owp-content-center","24":"owp-thumbs-layout-horizontal","25":"owp-btn-normal","26":"owp-tabs-layout-section"},"acf":[],"_links":{"self":[{"href":"https:\/\/www.dertour-reiseleitung.com\/zypern\/wp-json\/wp\/v2\/product\/9891","targetHints":{"allow":["GET"]}}],"collection":[{"href":"https:\/\/www.dertour-reiseleitung.com\/zypern\/wp-json\/wp\/v2\/product"}],"about":[{"href":"https:\/\/www.dertour-reiseleitung.com\/zypern\/wp-json\/wp\/v2\/types\/product"}],"version-history":[{"count":3,"href":"https:\/\/www.dertour-reiseleitung.com\/zypern\/wp-json\/wp\/v2\/product\/9891\/revisions"}],"predecessor-version":[{"id":10565,"href":"https:\/\/www.dertour-reiseleitung.com\/zypern\/wp-json\/wp\/v2\/product\/9891\/revisions\/10565"}],"wp:featuredmedia":[{"embeddable":true,"href":"https:\/\/www.dertour-reiseleitung.com\/zypern\/wp-json\/wp\/v2\/media\/9787"}],"wp:attachment":[{"href":"https:\/\/www.dertour-reiseleitung.com\/zypern\/wp-json\/wp\/v2\/media?parent=9891"}],"wp:term":[{"taxonomy":"ort","embeddable":true,"href":"https:\/\/www.dertour-reiseleitung.com\/zypern\/wp-json\/wp\/v2\/ort?post=9891"},{"taxonomy":"sichtbarkeit","embeddable":true,"href":"https:\/\/www.dertour-reiseleitung.com\/zypern\/wp-json\/wp\/v2\/sichtbarkeit?post=9891"},{"taxonomy":"templateoption","embeddable":true,"href":"https:\/\/www.dertour-reiseleitung.com\/zypern\/wp-json\/wp\/v2\/templateoption?post=9891"},{"taxonomy":"product_brand","embeddable":true,"href":"https:\/\/www.dertour-reiseleitung.com\/zypern\/wp-json\/wp\/v2\/product_brand?post=9891"},{"taxonomy":"product_cat","embeddable":true,"href":"https:\/\/www.dertour-reiseleitung.com\/zypern\/wp-json\/wp\/v2\/product_cat?post=9891"},{"taxonomy":"product_tag","embeddable":true,"href":"https:\/\/www.dertour-reiseleitung.com\/zypern\/wp-json\/wp\/v2\/product_tag?post=9891"}],"curies":[{"name":"wp","href":"https:\/\/api.w.org\/{rel}","templated":true}]}}