{"id":9893,"date":"2025-03-29T20:49:11","date_gmt":"2025-03-29T19:49:11","guid":{"rendered":"https:\/\/www.dertour-reiseleitung.com\/zypern\/aktivitaeten\/jacht-ausflug-auf-der-diamond-adults-only\/"},"modified":"2025-09-16T11:22:34","modified_gmt":"2025-09-16T08:22:34","slug":"jacht-ausflug-auf-der-diamond-adults-only","status":"publish","type":"product","link":"https:\/\/www.dertour-reiseleitung.com\/zypern\/aktivitaeten\/jacht-ausflug-auf-der-diamond-adults-only\/","title":{"rendered":"Jacht Ausflug auf der Diamond &#8211; Adults only"},"content":{"rendered":"<p>Sie sind auf der Suche nach einem einzigartigen Erlebnis auf einer luxuri\u00f6sen Motorjacht? Dann kommen Sie an Bord und genie\u00dfen Sie eine entspannte Kreuzfahrt nur f\u00fcr Erwachsene!<\/p>\n<p>Bei Ankunft erwartet Sie ein Glas gek\u00fchlter Champagner und eine Auswahl an Canap\u00e9s.<\/p>\n<p>Auf der luxuri\u00f6sen Diamond Jacht (maximal 36 Passagiere) fahren Sie zur Geisterstadt Famagusta. Von der Bucht von Derynia aus fahren Sie entlang der K\u00fcste, vorbei an der Feigenbaumbucht, bevor Sie in der Gegend von Cap Greco und der wundersch\u00f6nen Blauen Lagune ankommen. Badestopps werden unterwegs eingelegt.<\/p>\n<p>Genie\u00dfen Sie erfrischende Getr\u00e4nke von der kostenlosen Bar, sowie ein Mittagsbuffet mit frischem Obst der Saison und Desserts.<\/p>\n<p>Dieser Ausflug ist auch als <strong>VIP Sunset Tour<\/strong> am Nachmittag\/Abend buchbar!<\/p>\n<p><strong>Ausflugsanbieter:<\/strong> Summertimes Travel Ltd.<\/p>\n","protected":false},"excerpt":{"rendered":"<p>Sie sind auf der Suche nach einem einzigartigen Erlebnis auf einer luxuri\u00f6sen Motorjacht? Dann kommen Sie an Bord und genie\u00dfen Sie eine entspannte Kreuzfahrt nur f\u00fcr Erwachsene! Bei Ankunft erwartet Sie ein Glas gek\u00fchlter Champagner und eine Auswahl an Canap\u00e9s. Auf der luxuri\u00f6sen Diamond Jacht (maximal 36 Passagiere) fahren Sie zur Geisterstadt Famagusta. Von der [&hellip;]<\/p>\n","protected":false},"featured_media":9895,"template":"","meta":{"_acf_changed":false,"ocean_post_layout":"","ocean_both_sidebars_style":"","ocean_both_sidebars_content_width":0,"ocean_both_sidebars_sidebars_width":0,"ocean_sidebar":"0","ocean_second_sidebar":"0","ocean_disable_margins":"enable","ocean_add_body_class":"","ocean_shortcode_before_top_bar":"","ocean_shortcode_after_top_bar":"","ocean_shortcode_before_header":"","ocean_shortcode_after_header":"","ocean_has_shortcode":"","ocean_shortcode_after_title":"","ocean_shortcode_before_footer_widgets":"","ocean_shortcode_after_footer_widgets":"","ocean_shortcode_before_footer_bottom":"","ocean_shortcode_after_footer_bottom":"","ocean_display_top_bar":"default","ocean_display_header":"default","ocean_header_style":"","ocean_center_header_left_menu":"0","ocean_custom_header_template":"0","ocean_custom_logo":0,"ocean_custom_retina_logo":0,"ocean_custom_logo_max_width":0,"ocean_custom_logo_tablet_max_width":0,"ocean_custom_logo_mobile_max_width":0,"ocean_custom_logo_max_height":0,"ocean_custom_logo_tablet_max_height":0,"ocean_custom_logo_mobile_max_height":0,"ocean_header_custom_menu":"0","ocean_menu_typo_font_family":"0","ocean_menu_typo_font_subset":"","ocean_menu_typo_font_size":0,"ocean_menu_typo_font_size_tablet":0,"ocean_menu_typo_font_size_mobile":0,"ocean_menu_typo_font_size_unit":"px","ocean_menu_typo_font_weight":"","ocean_menu_typo_font_weight_tablet":"","ocean_menu_typo_font_weight_mobile":"","ocean_menu_typo_transform":"","ocean_menu_typo_transform_tablet":"","ocean_menu_typo_transform_mobile":"","ocean_menu_typo_line_height":0,"ocean_menu_typo_line_height_tablet":0,"ocean_menu_typo_line_height_mobile":0,"ocean_menu_typo_line_height_unit":"","ocean_menu_typo_spacing":0,"ocean_menu_typo_spacing_tablet":0,"ocean_menu_typo_spacing_mobile":0,"ocean_menu_typo_spacing_unit":"","ocean_menu_link_color":"","ocean_menu_link_color_hover":"","ocean_menu_link_color_active":"","ocean_menu_link_background":"","ocean_menu_link_hover_background":"","ocean_menu_link_active_background":"","ocean_menu_social_links_bg":"","ocean_menu_social_hover_links_bg":"","ocean_menu_social_links_color":"","ocean_menu_social_hover_links_color":"","ocean_disable_title":"default","ocean_disable_heading":"default","ocean_post_title":"","ocean_post_subheading":"","ocean_post_title_style":"background-image","ocean_post_title_background_color":"","ocean_post_title_background":9899,"ocean_post_title_bg_image_position":"","ocean_post_title_bg_image_attachment":"","ocean_post_title_bg_image_repeat":"","ocean_post_title_bg_image_size":"","ocean_post_title_height":0,"ocean_post_title_bg_overlay":0.5,"ocean_post_title_bg_overlay_color":"","ocean_disable_breadcrumbs":"default","ocean_breadcrumbs_color":"","ocean_breadcrumbs_separator_color":"","ocean_breadcrumbs_links_color":"","ocean_breadcrumbs_links_hover_color":"","ocean_display_footer_widgets":"default","ocean_display_footer_bottom":"default","ocean_custom_footer_template":"0","omw_enable_modal_window":"enable","osh_disable_topbar_sticky":"default","osh_disable_header_sticky":"default","osh_sticky_header_style":"default","osh_sticky_header_effect":"","osh_custom_sticky_logo":0,"osh_custom_retina_sticky_logo":0,"osh_custom_sticky_logo_height":0,"osh_background_color":"","osh_links_color":"","osh_links_hover_color":"","osh_links_active_color":"","osh_links_bg_color":"","osh_links_hover_bg_color":"","osh_links_active_bg_color":"","osh_menu_social_links_color":"","osh_menu_social_hover_links_color":""},"ort":[511,522],"sichtbarkeit":[],"templateoption":[176],"product_brand":[],"product_cat":[182],"product_tag":[],"class_list":{"0":"post-9893","1":"product","2":"type-product","3":"status-publish","4":"has-post-thumbnail","6":"ort-agia-napa","7":"ort-protaras","8":"templateoption-ohne-buchungskalender","9":"product_cat-ausfluege","11":"entry","12":"has-media","14":"first","15":"instock","16":"product-type-simple","17":"has-product-nav","18":"col","19":"span_1_of_3","20":"owp-content-center","21":"owp-thumbs-layout-horizontal","22":"owp-btn-normal","23":"owp-tabs-layout-section"},"acf":[],"_links":{"self":[{"href":"https:\/\/www.dertour-reiseleitung.com\/zypern\/wp-json\/wp\/v2\/product\/9893","targetHints":{"allow":["GET"]}}],"collection":[{"href":"https:\/\/www.dertour-reiseleitung.com\/zypern\/wp-json\/wp\/v2\/product"}],"about":[{"href":"https:\/\/www.dertour-reiseleitung.com\/zypern\/wp-json\/wp\/v2\/types\/product"}],"version-history":[{"count":4,"href":"https:\/\/www.dertour-reiseleitung.com\/zypern\/wp-json\/wp\/v2\/product\/9893\/revisions"}],"predecessor-version":[{"id":10462,"href":"https:\/\/www.dertour-reiseleitung.com\/zypern\/wp-json\/wp\/v2\/product\/9893\/revisions\/10462"}],"wp:featuredmedia":[{"embeddable":true,"href":"https:\/\/www.dertour-reiseleitung.com\/zypern\/wp-json\/wp\/v2\/media\/9895"}],"wp:attachment":[{"href":"https:\/\/www.dertour-reiseleitung.com\/zypern\/wp-json\/wp\/v2\/media?parent=9893"}],"wp:term":[{"taxonomy":"ort","embeddable":true,"href":"https:\/\/www.dertour-reiseleitung.com\/zypern\/wp-json\/wp\/v2\/ort?post=9893"},{"taxonomy":"sichtbarkeit","embeddable":true,"href":"https:\/\/www.dertour-reiseleitung.com\/zypern\/wp-json\/wp\/v2\/sichtbarkeit?post=9893"},{"taxonomy":"templateoption","embeddable":true,"href":"https:\/\/www.dertour-reiseleitung.com\/zypern\/wp-json\/wp\/v2\/templateoption?post=9893"},{"taxonomy":"product_brand","embeddable":true,"href":"https:\/\/www.dertour-reiseleitung.com\/zypern\/wp-json\/wp\/v2\/product_brand?post=9893"},{"taxonomy":"product_cat","embeddable":true,"href":"https:\/\/www.dertour-reiseleitung.com\/zypern\/wp-json\/wp\/v2\/product_cat?post=9893"},{"taxonomy":"product_tag","embeddable":true,"href":"https:\/\/www.dertour-reiseleitung.com\/zypern\/wp-json\/wp\/v2\/product_tag?post=9893"}],"curies":[{"name":"wp","href":"https:\/\/api.w.org\/{rel}","templated":true}]}}