{"id":9900,"date":"2025-03-29T20:49:29","date_gmt":"2025-03-29T19:49:29","guid":{"rendered":"https:\/\/www.dertour-reiseleitung.com\/zypern\/aktivitaeten\/bootstour-auf-der-san-antonio-ii-ab-ayia-napa-protaras\/"},"modified":"2025-09-16T11:17:56","modified_gmt":"2025-09-16T08:17:56","slug":"bootstour-auf-der-san-antonio-ii-ab-ayia-napa-protaras","status":"publish","type":"product","link":"https:\/\/www.dertour-reiseleitung.com\/zypern\/aktivitaeten\/bootstour-auf-der-san-antonio-ii-ab-ayia-napa-protaras\/","title":{"rendered":"Bootstour auf der San Antonio II"},"content":{"rendered":"<p>Ein absoluter &#8222;Lieblingsausflug&#8220; zu einem super Preis-\/Leistungsverh\u00e4ltnis ist eine Tour mit der San Antonio II, einem \u00fcber 100 Jahre alten traditionellem Holzschoner.<\/p>\n<p>Sie schippern zur Geisterstadt Varosha, vorbei an der bekannten Feigenbaumbucht zum ber\u00fchmten Cap Greco. Bei zwei Badestopps springen Sie ins glasklare blaue Wasser.<\/p>\n<p>Sie k\u00f6nnen zwischen folgenden Halbtagestouren w\u00e4hlen:<\/p>\n<p><strong>Crystal Sea:<\/strong> 09:00 \u2013 14:00 Uhr<br \/>\n<strong>Ruby Sunset:<\/strong> 16:00 \u2013 20:00 Uhr<\/p>\n<p>Auch als reine Erwachsenentour buchbar. Diese Tour beinhaltet folgende Extras: Glas Sekt<\/p>\n<p><strong>Premier Morning:<\/strong> 09:00 \u2013 14:00 Uhr<br \/>\n<strong>Premier Sunset:<\/strong> 16:00 \u2013 20:00 Uhr<\/p>\n<p><strong>Ausflugsanbieter:<\/strong> Summertimes Travel Ltd.<\/p>\n","protected":false},"excerpt":{"rendered":"<p>Ein absoluter &#8222;Lieblingsausflug&#8220; zu einem super Preis-\/Leistungsverh\u00e4ltnis ist eine Tour mit der San Antonio II, einem \u00fcber 100 Jahre alten traditionellem Holzschoner. Sie schippern zur Geisterstadt Varosha, vorbei an der bekannten Feigenbaumbucht zum ber\u00fchmten Cap Greco. Bei zwei Badestopps springen Sie ins glasklare blaue Wasser. Sie k\u00f6nnen zwischen folgenden Halbtagestouren w\u00e4hlen: Crystal Sea: 09:00 \u2013 [&hellip;]<\/p>\n","protected":false},"featured_media":9902,"template":"","meta":{"_acf_changed":false,"ocean_post_layout":"","ocean_both_sidebars_style":"","ocean_both_sidebars_content_width":0,"ocean_both_sidebars_sidebars_width":0,"ocean_sidebar":"0","ocean_second_sidebar":"0","ocean_disable_margins":"enable","ocean_add_body_class":"","ocean_shortcode_before_top_bar":"","ocean_shortcode_after_top_bar":"","ocean_shortcode_before_header":"","ocean_shortcode_after_header":"","ocean_has_shortcode":"","ocean_shortcode_after_title":"","ocean_shortcode_before_footer_widgets":"","ocean_shortcode_after_footer_widgets":"","ocean_shortcode_before_footer_bottom":"","ocean_shortcode_after_footer_bottom":"","ocean_display_top_bar":"default","ocean_display_header":"default","ocean_header_style":"","ocean_center_header_left_menu":"0","ocean_custom_header_template":"0","ocean_custom_logo":0,"ocean_custom_retina_logo":0,"ocean_custom_logo_max_width":0,"ocean_custom_logo_tablet_max_width":0,"ocean_custom_logo_mobile_max_width":0,"ocean_custom_logo_max_height":0,"ocean_custom_logo_tablet_max_height":0,"ocean_custom_logo_mobile_max_height":0,"ocean_header_custom_menu":"0","ocean_menu_typo_font_family":"0","ocean_menu_typo_font_subset":"","ocean_menu_typo_font_size":0,"ocean_menu_typo_font_size_tablet":0,"ocean_menu_typo_font_size_mobile":0,"ocean_menu_typo_font_size_unit":"px","ocean_menu_typo_font_weight":"","ocean_menu_typo_font_weight_tablet":"","ocean_menu_typo_font_weight_mobile":"","ocean_menu_typo_transform":"","ocean_menu_typo_transform_tablet":"","ocean_menu_typo_transform_mobile":"","ocean_menu_typo_line_height":0,"ocean_menu_typo_line_height_tablet":0,"ocean_menu_typo_line_height_mobile":0,"ocean_menu_typo_line_height_unit":"","ocean_menu_typo_spacing":0,"ocean_menu_typo_spacing_tablet":0,"ocean_menu_typo_spacing_mobile":0,"ocean_menu_typo_spacing_unit":"","ocean_menu_link_color":"","ocean_menu_link_color_hover":"","ocean_menu_link_color_active":"","ocean_menu_link_background":"","ocean_menu_link_hover_background":"","ocean_menu_link_active_background":"","ocean_menu_social_links_bg":"","ocean_menu_social_hover_links_bg":"","ocean_menu_social_links_color":"","ocean_menu_social_hover_links_color":"","ocean_disable_title":"default","ocean_disable_heading":"default","ocean_post_title":"","ocean_post_subheading":"","ocean_post_title_style":"background-image","ocean_post_title_background_color":"","ocean_post_title_background":9902,"ocean_post_title_bg_image_position":"","ocean_post_title_bg_image_attachment":"","ocean_post_title_bg_image_repeat":"","ocean_post_title_bg_image_size":"","ocean_post_title_height":0,"ocean_post_title_bg_overlay":0.5,"ocean_post_title_bg_overlay_color":"","ocean_disable_breadcrumbs":"default","ocean_breadcrumbs_color":"","ocean_breadcrumbs_separator_color":"","ocean_breadcrumbs_links_color":"","ocean_breadcrumbs_links_hover_color":"","ocean_display_footer_widgets":"default","ocean_display_footer_bottom":"default","ocean_custom_footer_template":"0","omw_enable_modal_window":"enable","osh_disable_topbar_sticky":"default","osh_disable_header_sticky":"default","osh_sticky_header_style":"default","osh_sticky_header_effect":"","osh_custom_sticky_logo":0,"osh_custom_retina_sticky_logo":0,"osh_custom_sticky_logo_height":0,"osh_background_color":"","osh_links_color":"","osh_links_hover_color":"","osh_links_active_color":"","osh_links_bg_color":"","osh_links_hover_bg_color":"","osh_links_active_bg_color":"","osh_menu_social_links_color":"","osh_menu_social_hover_links_color":""},"ort":[511,522],"sichtbarkeit":[],"templateoption":[176],"product_brand":[],"product_cat":[182],"product_tag":[],"class_list":{"0":"post-9900","1":"product","2":"type-product","3":"status-publish","4":"has-post-thumbnail","6":"ort-agia-napa","7":"ort-protaras","8":"templateoption-ohne-buchungskalender","9":"product_cat-ausfluege","11":"entry","12":"has-media","14":"first","15":"instock","16":"product-type-simple","17":"has-product-nav","18":"col","19":"span_1_of_3","20":"owp-content-center","21":"owp-thumbs-layout-horizontal","22":"owp-btn-normal","23":"owp-tabs-layout-section"},"acf":[],"_links":{"self":[{"href":"https:\/\/www.dertour-reiseleitung.com\/zypern\/wp-json\/wp\/v2\/product\/9900","targetHints":{"allow":["GET"]}}],"collection":[{"href":"https:\/\/www.dertour-reiseleitung.com\/zypern\/wp-json\/wp\/v2\/product"}],"about":[{"href":"https:\/\/www.dertour-reiseleitung.com\/zypern\/wp-json\/wp\/v2\/types\/product"}],"version-history":[{"count":5,"href":"https:\/\/www.dertour-reiseleitung.com\/zypern\/wp-json\/wp\/v2\/product\/9900\/revisions"}],"predecessor-version":[{"id":10454,"href":"https:\/\/www.dertour-reiseleitung.com\/zypern\/wp-json\/wp\/v2\/product\/9900\/revisions\/10454"}],"wp:featuredmedia":[{"embeddable":true,"href":"https:\/\/www.dertour-reiseleitung.com\/zypern\/wp-json\/wp\/v2\/media\/9902"}],"wp:attachment":[{"href":"https:\/\/www.dertour-reiseleitung.com\/zypern\/wp-json\/wp\/v2\/media?parent=9900"}],"wp:term":[{"taxonomy":"ort","embeddable":true,"href":"https:\/\/www.dertour-reiseleitung.com\/zypern\/wp-json\/wp\/v2\/ort?post=9900"},{"taxonomy":"sichtbarkeit","embeddable":true,"href":"https:\/\/www.dertour-reiseleitung.com\/zypern\/wp-json\/wp\/v2\/sichtbarkeit?post=9900"},{"taxonomy":"templateoption","embeddable":true,"href":"https:\/\/www.dertour-reiseleitung.com\/zypern\/wp-json\/wp\/v2\/templateoption?post=9900"},{"taxonomy":"product_brand","embeddable":true,"href":"https:\/\/www.dertour-reiseleitung.com\/zypern\/wp-json\/wp\/v2\/product_brand?post=9900"},{"taxonomy":"product_cat","embeddable":true,"href":"https:\/\/www.dertour-reiseleitung.com\/zypern\/wp-json\/wp\/v2\/product_cat?post=9900"},{"taxonomy":"product_tag","embeddable":true,"href":"https:\/\/www.dertour-reiseleitung.com\/zypern\/wp-json\/wp\/v2\/product_tag?post=9900"}],"curies":[{"name":"wp","href":"https:\/\/api.w.org\/{rel}","templated":true}]}}